{"id":17693,"date":"2024-08-16T14:06:53","date_gmt":"2024-08-16T12:06:53","guid":{"rendered":"https:\/\/fsi-stumpcutters.com\/?post_type=product&#038;p=17693"},"modified":"2024-09-05T15:52:29","modified_gmt":"2024-09-05T13:52:29","slug":"fsi-b31-980","status":"publish","type":"product","link":"https:\/\/fsi-stumpcutters.com\/de\/produkt\/motor\/fsi-b31-980\/","title":{"rendered":"FSI B31-980"},"content":{"rendered":"<p data-sourcepos=\"5:1-5:111\">&#8222;Der NEUE FSI B31-980 baut auf dem Erfolg des<a href=\"https:\/\/fsi-stumpcutters.com\/de\/produkt\/motor\/fsi-b31\/\"> FSI B31-749<\/a> (ehem. FSI B31) auf und ist mit einem verbesserten 38-PS-Motor ausgestattet, der Ihnen noch mehr Leistung bietet, um St\u00fcmpfe <strong>effizient zu entfernen<\/strong> und anspruchsvolles Gel\u00e4nde <strong>leicht zu bew\u00e4ltigen<\/strong>.<\/p>\n<p data-sourcepos=\"7:1-7:149\">Dieses Modell ist die Antwort auf den Ruf nach mehr Leistung, wobei das kompakte Design und die benutzerfreundlichen Funktionen, die Profis sch\u00e4tzen, erhalten bleiben.<\/p>\n<p data-sourcepos=\"9:1-9:308\">Der FSI B31-980 wurde f\u00fcr diejenigen entwickelt, die mehr von ihren Ger\u00e4ten verlangen. Sein leistungsstarker 38-PS-Motor sorgt daf\u00fcr, dass Sie anspruchsvolle Aufgaben mit Zuversicht angehen k\u00f6nnen. Die intuitive Bedienung und das wartungsarme Design dieses Modells sparen Ihnen Zeit und M\u00fche bei der Arbeit.&#8220;<\/p>\n<p style=\"text-align: left;\">\u00a0<\/p>\n<h3>Sehen Sie sich das Pr\u00e4sentationsvideo des FSI B31-980 an.<\/h3>\n<p>\t\t<iframe src=\"https:\/\/player.vimeo.com\/video\/1004192203?dnt=1&amp;app_id=122963\" width=\"1100\" height=\"619\" frameborder=\"0\" allow=\"autoplay; fullscreen; picture-in-picture; clipboard-write\"><\/iframe><\/p>\n","protected":false},"excerpt":{"rendered":"<ul>\n<li>Keine t\u00e4gliche Wartung und der Wegfall von Keilriemen senken die Betriebskosten und die Werkstattzeiten.<\/li>\n<li>Gute Man\u00f6vrierf\u00e4higkeit und Stabilit\u00e4t durch gegenl\u00e4ufige Raupen und einen niedrigen Gewichtsschwerpunkt.<\/li>\n<li>Vollst\u00e4ndige Steuerung des Betriebs \u00fcber das ausschwenkbare Bedienpult.<\/li>\n<li>Sicherheitsb\u00fcgel, der das Schneidrad beim Loslassen auskuppelt, um die Sicherheit des Bedieners zu erh\u00f6hen.<\/li>\n<li>Leicht zug\u00e4ngliche Zurr- und Hebepunkte f\u00fcr einen schnellen und sicheren Transport.<\/li>\n<\/ul>\n","protected":false},"featured_media":17714,"template":"","meta":[],"product_brand":[],"product_cat":[91],"product_tag":[],"class_list":{"0":"post-17693","1":"product","2":"type-product","3":"status-publish","4":"has-post-thumbnail","6":"product_cat-motor","8":"first","9":"instock","10":"shipping-taxable","11":"product-type-simple"},"acf":[],"yoast_head":"<!-- This site is optimized with the Yoast SEO plugin v27.0 - https:\/\/yoast.com\/product\/yoast-seo-wordpress\/ -->\n<title>FSI B31-980 - Kompakte Stubbenfr\u00e4se ohne t\u00e4gliche Wartung<\/title>\n<meta name=\"description\" content=\"Effizientes und einfaches Stubbenfr\u00e4sen mit dem FSI B31. Schwenkbares Bedienpult und schmale Bauweise f\u00fcr optimale Leistung. \u2022 38 hp Benzinmotor\" \/>\n<meta name=\"robots\" content=\"index, follow, max-snippet:-1, max-image-preview:large, max-video-preview:-1\" \/>\n<link rel=\"canonical\" href=\"https:\/\/fsi-stumpcutters.com\/de\/produkt\/motor\/fsi-b31-980\/\" \/>\n<meta property=\"og:locale\" content=\"de_DE\" \/>\n<meta property=\"og:type\" content=\"article\" \/>\n<meta property=\"og:title\" content=\"FSI B31-980 - Kompakte Stubbenfr\u00e4se ohne t\u00e4gliche Wartung\" \/>\n<meta property=\"og:description\" content=\"Effizientes und einfaches Stubbenfr\u00e4sen mit dem FSI B31. Schwenkbares Bedienpult und schmale Bauweise f\u00fcr optimale Leistung. \u2022 38 hp Benzinmotor\" \/>\n<meta property=\"og:url\" content=\"https:\/\/fsi-stumpcutters.com\/de\/produkt\/motor\/fsi-b31-980\/\" \/>\n<meta property=\"og:site_name\" content=\"FSI\" \/>\n<meta property=\"article:publisher\" content=\"https:\/\/www.facebook.com\/fsi.dk\" \/>\n<meta property=\"article:modified_time\" content=\"2024-09-05T13:52:29+00:00\" \/>\n<meta property=\"og:image\" content=\"https:\/\/fsi-stumpcutters.com\/wp-content\/uploads\/2024\/08\/FSI-B31-980-Angled-Left-1024x683.png\" \/>\n\t<meta property=\"og:image:width\" content=\"1024\" \/>\n\t<meta property=\"og:image:height\" content=\"683\" \/>\n\t<meta property=\"og:image:type\" content=\"image\/png\" \/>\n<meta name=\"twitter:card\" content=\"summary_large_image\" \/>\n<meta name=\"twitter:label1\" content=\"Gesch\u00e4tzte Lesezeit\" \/>\n\t<meta name=\"twitter:data1\" content=\"2\u00a0Minuten\" \/>\n<script type=\"application\/ld+json\" class=\"yoast-schema-graph\">{\"@context\":\"https:\/\/schema.org\",\"@graph\":[{\"@type\":\"WebPage\",\"@id\":\"https:\/\/fsi-stumpcutters.com\/de\/produkt\/motor\/fsi-b31-980\/\",\"url\":\"https:\/\/fsi-stumpcutters.com\/de\/produkt\/motor\/fsi-b31-980\/\",\"name\":\"FSI B31-980 - Kompakte Stubbenfr\u00e4se ohne t\u00e4gliche Wartung\",\"isPartOf\":{\"@id\":\"https:\/\/fsi-stumpcutters.com\/de\/#website\"},\"primaryImageOfPage\":{\"@id\":\"https:\/\/fsi-stumpcutters.com\/de\/produkt\/motor\/fsi-b31-980\/#primaryimage\"},\"image\":{\"@id\":\"https:\/\/fsi-stumpcutters.com\/de\/produkt\/motor\/fsi-b31-980\/#primaryimage\"},\"thumbnailUrl\":\"https:\/\/fsi-stumpcutters.com\/wp-content\/uploads\/2024\/08\/FSI-B31-980-Angled-Left.png\",\"datePublished\":\"2024-08-16T12:06:53+00:00\",\"dateModified\":\"2024-09-05T13:52:29+00:00\",\"description\":\"Effizientes und einfaches Stubbenfr\u00e4sen mit dem FSI B31. Schwenkbares Bedienpult und schmale Bauweise f\u00fcr optimale Leistung. \u2022 38 hp Benzinmotor\",\"breadcrumb\":{\"@id\":\"https:\/\/fsi-stumpcutters.com\/de\/produkt\/motor\/fsi-b31-980\/#breadcrumb\"},\"inLanguage\":\"de\",\"potentialAction\":[{\"@type\":\"ReadAction\",\"target\":[\"https:\/\/fsi-stumpcutters.com\/de\/produkt\/motor\/fsi-b31-980\/\"]}]},{\"@type\":\"ImageObject\",\"inLanguage\":\"de\",\"@id\":\"https:\/\/fsi-stumpcutters.com\/de\/produkt\/motor\/fsi-b31-980\/#primaryimage\",\"url\":\"https:\/\/fsi-stumpcutters.com\/wp-content\/uploads\/2024\/08\/FSI-B31-980-Angled-Left.png\",\"contentUrl\":\"https:\/\/fsi-stumpcutters.com\/wp-content\/uploads\/2024\/08\/FSI-B31-980-Angled-Left.png\",\"width\":1620,\"height\":1080,\"caption\":\"FSI B31-980 - seen from the side\"},{\"@type\":\"BreadcrumbList\",\"@id\":\"https:\/\/fsi-stumpcutters.com\/de\/produkt\/motor\/fsi-b31-980\/#breadcrumb\",\"itemListElement\":[{\"@type\":\"ListItem\",\"position\":1,\"name\":\"Home\",\"item\":\"https:\/\/fsi-stumpcutters.com\/de\/startseite\/\"},{\"@type\":\"ListItem\",\"position\":2,\"name\":\"Produkte\",\"item\":\"https:\/\/fsi-stumpcutters.com\/de\/shop\/\"},{\"@type\":\"ListItem\",\"position\":3,\"name\":\"FSI B31-980\"}]},{\"@type\":\"WebSite\",\"@id\":\"https:\/\/fsi-stumpcutters.com\/de\/#website\",\"url\":\"https:\/\/fsi-stumpcutters.com\/de\/\",\"name\":\"FSI\",\"description\":\"FSI website\",\"publisher\":{\"@id\":\"https:\/\/fsi-stumpcutters.com\/de\/#organization\"},\"potentialAction\":[{\"@type\":\"SearchAction\",\"target\":{\"@type\":\"EntryPoint\",\"urlTemplate\":\"https:\/\/fsi-stumpcutters.com\/de\/?s={search_term_string}\"},\"query-input\":{\"@type\":\"PropertyValueSpecification\",\"valueRequired\":true,\"valueName\":\"search_term_string\"}}],\"inLanguage\":\"de\"},{\"@type\":\"Organization\",\"@id\":\"https:\/\/fsi-stumpcutters.com\/de\/#organization\",\"name\":\"FSI Stump Cutters\",\"url\":\"https:\/\/fsi-stumpcutters.com\/de\/\",\"logo\":{\"@type\":\"ImageObject\",\"inLanguage\":\"de\",\"@id\":\"https:\/\/fsi-stumpcutters.com\/de\/#\/schema\/logo\/image\/\",\"url\":\"https:\/\/fsi-stumpcutters.com\/wp-content\/uploads\/2022\/10\/FSI-LOGO-PRIMAERT-RODT-RGB.png\",\"contentUrl\":\"https:\/\/fsi-stumpcutters.com\/wp-content\/uploads\/2022\/10\/FSI-LOGO-PRIMAERT-RODT-RGB.png\",\"width\":567,\"height\":567,\"caption\":\"FSI Stump Cutters\"},\"image\":{\"@id\":\"https:\/\/fsi-stumpcutters.com\/de\/#\/schema\/logo\/image\/\"},\"sameAs\":[\"https:\/\/www.facebook.com\/fsi.dk\",\"https:\/\/www.instagram.com\/fsi.dk\/\",\"https:\/\/www.youtube.com\/channel\/UC9KnSaA_SwR9fc2PkSpOpwg\",\"https:\/\/www.linkedin.com\/company\/fsistumpcutters\/\"]}]}<\/script>\n<!-- \/ Yoast SEO plugin. -->","yoast_head_json":{"title":"FSI B31-980 - Kompakte Stubbenfr\u00e4se ohne t\u00e4gliche Wartung","description":"Effizientes und einfaches Stubbenfr\u00e4sen mit dem FSI B31. Schwenkbares Bedienpult und schmale Bauweise f\u00fcr optimale Leistung. \u2022 38 hp Benzinmotor","robots":{"index":"index","follow":"follow","max-snippet":"max-snippet:-1","max-image-preview":"max-image-preview:large","max-video-preview":"max-video-preview:-1"},"canonical":"https:\/\/fsi-stumpcutters.com\/de\/produkt\/motor\/fsi-b31-980\/","og_locale":"de_DE","og_type":"article","og_title":"FSI B31-980 - Kompakte Stubbenfr\u00e4se ohne t\u00e4gliche Wartung","og_description":"Effizientes und einfaches Stubbenfr\u00e4sen mit dem FSI B31. Schwenkbares Bedienpult und schmale Bauweise f\u00fcr optimale Leistung. \u2022 38 hp Benzinmotor","og_url":"https:\/\/fsi-stumpcutters.com\/de\/produkt\/motor\/fsi-b31-980\/","og_site_name":"FSI","article_publisher":"https:\/\/www.facebook.com\/fsi.dk","article_modified_time":"2024-09-05T13:52:29+00:00","og_image":[{"width":1024,"height":683,"url":"https:\/\/fsi-stumpcutters.com\/wp-content\/uploads\/2024\/08\/FSI-B31-980-Angled-Left-1024x683.png","type":"image\/png"}],"twitter_card":"summary_large_image","twitter_misc":{"Gesch\u00e4tzte Lesezeit":"2\u00a0Minuten"},"schema":{"@context":"https:\/\/schema.org","@graph":[{"@type":"WebPage","@id":"https:\/\/fsi-stumpcutters.com\/de\/produkt\/motor\/fsi-b31-980\/","url":"https:\/\/fsi-stumpcutters.com\/de\/produkt\/motor\/fsi-b31-980\/","name":"FSI B31-980 - Kompakte Stubbenfr\u00e4se ohne t\u00e4gliche Wartung","isPartOf":{"@id":"https:\/\/fsi-stumpcutters.com\/de\/#website"},"primaryImageOfPage":{"@id":"https:\/\/fsi-stumpcutters.com\/de\/produkt\/motor\/fsi-b31-980\/#primaryimage"},"image":{"@id":"https:\/\/fsi-stumpcutters.com\/de\/produkt\/motor\/fsi-b31-980\/#primaryimage"},"thumbnailUrl":"https:\/\/fsi-stumpcutters.com\/wp-content\/uploads\/2024\/08\/FSI-B31-980-Angled-Left.png","datePublished":"2024-08-16T12:06:53+00:00","dateModified":"2024-09-05T13:52:29+00:00","description":"Effizientes und einfaches Stubbenfr\u00e4sen mit dem FSI B31. Schwenkbares Bedienpult und schmale Bauweise f\u00fcr optimale Leistung. \u2022 38 hp Benzinmotor","breadcrumb":{"@id":"https:\/\/fsi-stumpcutters.com\/de\/produkt\/motor\/fsi-b31-980\/#breadcrumb"},"inLanguage":"de","potentialAction":[{"@type":"ReadAction","target":["https:\/\/fsi-stumpcutters.com\/de\/produkt\/motor\/fsi-b31-980\/"]}]},{"@type":"ImageObject","inLanguage":"de","@id":"https:\/\/fsi-stumpcutters.com\/de\/produkt\/motor\/fsi-b31-980\/#primaryimage","url":"https:\/\/fsi-stumpcutters.com\/wp-content\/uploads\/2024\/08\/FSI-B31-980-Angled-Left.png","contentUrl":"https:\/\/fsi-stumpcutters.com\/wp-content\/uploads\/2024\/08\/FSI-B31-980-Angled-Left.png","width":1620,"height":1080,"caption":"FSI B31-980 - seen from the side"},{"@type":"BreadcrumbList","@id":"https:\/\/fsi-stumpcutters.com\/de\/produkt\/motor\/fsi-b31-980\/#breadcrumb","itemListElement":[{"@type":"ListItem","position":1,"name":"Home","item":"https:\/\/fsi-stumpcutters.com\/de\/startseite\/"},{"@type":"ListItem","position":2,"name":"Produkte","item":"https:\/\/fsi-stumpcutters.com\/de\/shop\/"},{"@type":"ListItem","position":3,"name":"FSI B31-980"}]},{"@type":"WebSite","@id":"https:\/\/fsi-stumpcutters.com\/de\/#website","url":"https:\/\/fsi-stumpcutters.com\/de\/","name":"FSI","description":"FSI website","publisher":{"@id":"https:\/\/fsi-stumpcutters.com\/de\/#organization"},"potentialAction":[{"@type":"SearchAction","target":{"@type":"EntryPoint","urlTemplate":"https:\/\/fsi-stumpcutters.com\/de\/?s={search_term_string}"},"query-input":{"@type":"PropertyValueSpecification","valueRequired":true,"valueName":"search_term_string"}}],"inLanguage":"de"},{"@type":"Organization","@id":"https:\/\/fsi-stumpcutters.com\/de\/#organization","name":"FSI Stump Cutters","url":"https:\/\/fsi-stumpcutters.com\/de\/","logo":{"@type":"ImageObject","inLanguage":"de","@id":"https:\/\/fsi-stumpcutters.com\/de\/#\/schema\/logo\/image\/","url":"https:\/\/fsi-stumpcutters.com\/wp-content\/uploads\/2022\/10\/FSI-LOGO-PRIMAERT-RODT-RGB.png","contentUrl":"https:\/\/fsi-stumpcutters.com\/wp-content\/uploads\/2022\/10\/FSI-LOGO-PRIMAERT-RODT-RGB.png","width":567,"height":567,"caption":"FSI Stump Cutters"},"image":{"@id":"https:\/\/fsi-stumpcutters.com\/de\/#\/schema\/logo\/image\/"},"sameAs":["https:\/\/www.facebook.com\/fsi.dk","https:\/\/www.instagram.com\/fsi.dk\/","https:\/\/www.youtube.com\/channel\/UC9KnSaA_SwR9fc2PkSpOpwg","https:\/\/www.linkedin.com\/company\/fsistumpcutters\/"]}]}},"_links":{"self":[{"href":"https:\/\/fsi-stumpcutters.com\/de\/wp-json\/wp\/v2\/product\/17693","targetHints":{"allow":["GET"]}}],"collection":[{"href":"https:\/\/fsi-stumpcutters.com\/de\/wp-json\/wp\/v2\/product"}],"about":[{"href":"https:\/\/fsi-stumpcutters.com\/de\/wp-json\/wp\/v2\/types\/product"}],"wp:featuredmedia":[{"embeddable":true,"href":"https:\/\/fsi-stumpcutters.com\/de\/wp-json\/wp\/v2\/media\/17714"}],"wp:attachment":[{"href":"https:\/\/fsi-stumpcutters.com\/de\/wp-json\/wp\/v2\/media?parent=17693"}],"wp:term":[{"taxonomy":"product_brand","embeddable":true,"href":"https:\/\/fsi-stumpcutters.com\/de\/wp-json\/wp\/v2\/product_brand?post=17693"},{"taxonomy":"product_cat","embeddable":true,"href":"https:\/\/fsi-stumpcutters.com\/de\/wp-json\/wp\/v2\/product_cat?post=17693"},{"taxonomy":"product_tag","embeddable":true,"href":"https:\/\/fsi-stumpcutters.com\/de\/wp-json\/wp\/v2\/product_tag?post=17693"}],"curies":[{"name":"wp","href":"https:\/\/api.w.org\/{rel}","templated":true}]}}