{"id":15616,"date":"2023-03-03T15:41:59","date_gmt":"2023-03-03T14:41:59","guid":{"rendered":"https:\/\/fsi-stumpcutters.com\/?post_type=product&#038;p=15616"},"modified":"2024-09-05T15:48:51","modified_gmt":"2024-09-05T13:48:51","slug":"fsi-b31-749","status":"publish","type":"product","link":"https:\/\/fsi-stumpcutters.com\/de\/produkt\/motor\/fsi-b31-749\/","title":{"rendered":"FSI B31-749"},"content":{"rendered":"<p style=\"text-align: justify;\">Der FSI B31 ist eine kompakte Maschine mit gro\u00dfer Wendigkeit, einfach zu bedienenden Steuerelementen, einem gro\u00dfen Arbeitsbereich und keinen t\u00e4glichen Wartungsanforderungen.<\/p>\n<p style=\"text-align: justify;\">Mit FSI B31 ist das Stubbenfr\u00e4sen einfach und m\u00fchelos.<\/p>\n<p style=\"text-align: justify;\">Das Bedienpult l\u00e4sst sich in einem 90-Grad-Winkel ausschwenken und gew\u00e4hrleistet eine hervorragende Sicht und einen guten Zugang zu den Bedienelementen. Dank der geringen Breite von nur 74 cm kann die Stubbenfr\u00e4se problemlos durch enge Gartentore und Durchg\u00e4nge fahren.<\/p>\n<p><iframe title=\"FSI B31 Stump Cutter\" src=\"https:\/\/player.vimeo.com\/video\/824764442?dnt=1&amp;app_id=122963\" width=\"1100\" height=\"619\" frameborder=\"0\" allow=\"autoplay; fullscreen; picture-in-picture; clipboard-write\"><\/iframe><\/p>\n","protected":false},"excerpt":{"rendered":"<ul>\n<li>Keine t\u00e4gliche Wartung und der Wegfall von Keilriemen senken die Betriebskosten und die Werkstattzeiten.<\/li>\n<li>Gute Man\u00f6vrierf\u00e4higkeit und Stabilit\u00e4t durch gegenl\u00e4ufige Raupen und einen niedrigen Gewichtsschwerpunkt.<\/li>\n<li>Vollst\u00e4ndige Steuerung des Betriebs \u00fcber das ausschwenkbare Bedienpult.<\/li>\n<li>Sicherheitsb\u00fcgel, der das Schneidrad beim Loslassen auskuppelt, um die Sicherheit des Bedieners zu erh\u00f6hen.<\/li>\n<li>Leicht zug\u00e4ngliche Zurr- und Hebepunkte f\u00fcr einen schnellen und sicheren Transport.<\/li>\n<\/ul>\n","protected":false},"featured_media":15589,"template":"","meta":[],"product_brand":[],"product_cat":[91],"product_tag":[],"class_list":{"0":"post-15616","1":"product","2":"type-product","3":"status-publish","4":"has-post-thumbnail","6":"product_cat-motor","8":"first","9":"instock","10":"shipping-taxable","11":"product-type-simple"},"acf":[],"yoast_head":"<!-- This site is optimized with the Yoast SEO plugin v27.0 - https:\/\/yoast.com\/product\/yoast-seo-wordpress\/ -->\n<title>FSI B31-749 - Kompakte Stubbenfr\u00e4se ohne t\u00e4gliche Wartung<\/title>\n<meta name=\"description\" content=\"Effizientes und einfaches Stubbenfr\u00e4sen mit dem FSI B31. Benzinmotor, schwenkbares Bedienpult und schmale Bauweise f\u00fcr optimale Leistung.\" \/>\n<meta name=\"robots\" content=\"index, follow, max-snippet:-1, max-image-preview:large, max-video-preview:-1\" \/>\n<link rel=\"canonical\" href=\"https:\/\/fsi-stumpcutters.com\/de\/produkt\/motor\/fsi-b31-749\/\" \/>\n<meta property=\"og:locale\" content=\"de_DE\" \/>\n<meta property=\"og:type\" content=\"article\" \/>\n<meta property=\"og:title\" content=\"FSI B31-749 - Kompakte Stubbenfr\u00e4se ohne t\u00e4gliche Wartung\" \/>\n<meta property=\"og:description\" content=\"Effizientes und einfaches Stubbenfr\u00e4sen mit dem FSI B31. Benzinmotor, schwenkbares Bedienpult und schmale Bauweise f\u00fcr optimale Leistung.\" \/>\n<meta property=\"og:url\" content=\"https:\/\/fsi-stumpcutters.com\/de\/produkt\/motor\/fsi-b31-749\/\" \/>\n<meta property=\"og:site_name\" content=\"FSI\" \/>\n<meta property=\"article:publisher\" content=\"https:\/\/www.facebook.com\/fsi.dk\" \/>\n<meta property=\"article:modified_time\" content=\"2024-09-05T13:48:51+00:00\" \/>\n<meta property=\"og:image\" content=\"https:\/\/fsi-stumpcutters.com\/wp-content\/uploads\/2023\/03\/FSI-B31-Angled-Left.jpg\" \/>\n\t<meta property=\"og:image:width\" content=\"1620\" \/>\n\t<meta property=\"og:image:height\" content=\"1080\" \/>\n\t<meta property=\"og:image:type\" content=\"image\/jpeg\" \/>\n<meta name=\"twitter:card\" content=\"summary_large_image\" \/>\n<meta name=\"twitter:label1\" content=\"Gesch\u00e4tzte Lesezeit\" \/>\n\t<meta name=\"twitter:data1\" content=\"1\u00a0Minute\" \/>\n<script type=\"application\/ld+json\" class=\"yoast-schema-graph\">{\"@context\":\"https:\/\/schema.org\",\"@graph\":[{\"@type\":\"WebPage\",\"@id\":\"https:\/\/fsi-stumpcutters.com\/de\/produkt\/motor\/fsi-b31-749\/\",\"url\":\"https:\/\/fsi-stumpcutters.com\/de\/produkt\/motor\/fsi-b31-749\/\",\"name\":\"FSI B31-749 - Kompakte Stubbenfr\u00e4se ohne t\u00e4gliche Wartung\",\"isPartOf\":{\"@id\":\"https:\/\/fsi-stumpcutters.com\/de\/#website\"},\"primaryImageOfPage\":{\"@id\":\"https:\/\/fsi-stumpcutters.com\/de\/produkt\/motor\/fsi-b31-749\/#primaryimage\"},\"image\":{\"@id\":\"https:\/\/fsi-stumpcutters.com\/de\/produkt\/motor\/fsi-b31-749\/#primaryimage\"},\"thumbnailUrl\":\"https:\/\/fsi-stumpcutters.com\/wp-content\/uploads\/2023\/03\/FSI-B31-Angled-Left.jpg\",\"datePublished\":\"2023-03-03T14:41:59+00:00\",\"dateModified\":\"2024-09-05T13:48:51+00:00\",\"description\":\"Effizientes und einfaches Stubbenfr\u00e4sen mit dem FSI B31. Benzinmotor, schwenkbares Bedienpult und schmale Bauweise f\u00fcr optimale Leistung.\",\"breadcrumb\":{\"@id\":\"https:\/\/fsi-stumpcutters.com\/de\/produkt\/motor\/fsi-b31-749\/#breadcrumb\"},\"inLanguage\":\"de\",\"potentialAction\":[{\"@type\":\"ReadAction\",\"target\":[\"https:\/\/fsi-stumpcutters.com\/de\/produkt\/motor\/fsi-b31-749\/\"]}]},{\"@type\":\"ImageObject\",\"inLanguage\":\"de\",\"@id\":\"https:\/\/fsi-stumpcutters.com\/de\/produkt\/motor\/fsi-b31-749\/#primaryimage\",\"url\":\"https:\/\/fsi-stumpcutters.com\/wp-content\/uploads\/2023\/03\/FSI-B31-Angled-Left.jpg\",\"contentUrl\":\"https:\/\/fsi-stumpcutters.com\/wp-content\/uploads\/2023\/03\/FSI-B31-Angled-Left.jpg\",\"width\":1620,\"height\":1080,\"caption\":\"FSI B31\"},{\"@type\":\"BreadcrumbList\",\"@id\":\"https:\/\/fsi-stumpcutters.com\/de\/produkt\/motor\/fsi-b31-749\/#breadcrumb\",\"itemListElement\":[{\"@type\":\"ListItem\",\"position\":1,\"name\":\"Home\",\"item\":\"https:\/\/fsi-stumpcutters.com\/de\/startseite\/\"},{\"@type\":\"ListItem\",\"position\":2,\"name\":\"Produkte\",\"item\":\"https:\/\/fsi-stumpcutters.com\/de\/shop\/\"},{\"@type\":\"ListItem\",\"position\":3,\"name\":\"FSI B31-749\"}]},{\"@type\":\"WebSite\",\"@id\":\"https:\/\/fsi-stumpcutters.com\/de\/#website\",\"url\":\"https:\/\/fsi-stumpcutters.com\/de\/\",\"name\":\"FSI\",\"description\":\"FSI website\",\"publisher\":{\"@id\":\"https:\/\/fsi-stumpcutters.com\/de\/#organization\"},\"potentialAction\":[{\"@type\":\"SearchAction\",\"target\":{\"@type\":\"EntryPoint\",\"urlTemplate\":\"https:\/\/fsi-stumpcutters.com\/de\/?s={search_term_string}\"},\"query-input\":{\"@type\":\"PropertyValueSpecification\",\"valueRequired\":true,\"valueName\":\"search_term_string\"}}],\"inLanguage\":\"de\"},{\"@type\":\"Organization\",\"@id\":\"https:\/\/fsi-stumpcutters.com\/de\/#organization\",\"name\":\"FSI Stump Cutters\",\"url\":\"https:\/\/fsi-stumpcutters.com\/de\/\",\"logo\":{\"@type\":\"ImageObject\",\"inLanguage\":\"de\",\"@id\":\"https:\/\/fsi-stumpcutters.com\/de\/#\/schema\/logo\/image\/\",\"url\":\"https:\/\/fsi-stumpcutters.com\/wp-content\/uploads\/2022\/10\/FSI-LOGO-PRIMAERT-RODT-RGB.png\",\"contentUrl\":\"https:\/\/fsi-stumpcutters.com\/wp-content\/uploads\/2022\/10\/FSI-LOGO-PRIMAERT-RODT-RGB.png\",\"width\":567,\"height\":567,\"caption\":\"FSI Stump Cutters\"},\"image\":{\"@id\":\"https:\/\/fsi-stumpcutters.com\/de\/#\/schema\/logo\/image\/\"},\"sameAs\":[\"https:\/\/www.facebook.com\/fsi.dk\",\"https:\/\/www.instagram.com\/fsi.dk\/\",\"https:\/\/www.youtube.com\/channel\/UC9KnSaA_SwR9fc2PkSpOpwg\",\"https:\/\/www.linkedin.com\/company\/fsistumpcutters\/\"]}]}<\/script>\n<!-- \/ Yoast SEO plugin. -->","yoast_head_json":{"title":"FSI B31-749 - Kompakte Stubbenfr\u00e4se ohne t\u00e4gliche Wartung","description":"Effizientes und einfaches Stubbenfr\u00e4sen mit dem FSI B31. Benzinmotor, schwenkbares Bedienpult und schmale Bauweise f\u00fcr optimale Leistung.","robots":{"index":"index","follow":"follow","max-snippet":"max-snippet:-1","max-image-preview":"max-image-preview:large","max-video-preview":"max-video-preview:-1"},"canonical":"https:\/\/fsi-stumpcutters.com\/de\/produkt\/motor\/fsi-b31-749\/","og_locale":"de_DE","og_type":"article","og_title":"FSI B31-749 - Kompakte Stubbenfr\u00e4se ohne t\u00e4gliche Wartung","og_description":"Effizientes und einfaches Stubbenfr\u00e4sen mit dem FSI B31. Benzinmotor, schwenkbares Bedienpult und schmale Bauweise f\u00fcr optimale Leistung.","og_url":"https:\/\/fsi-stumpcutters.com\/de\/produkt\/motor\/fsi-b31-749\/","og_site_name":"FSI","article_publisher":"https:\/\/www.facebook.com\/fsi.dk","article_modified_time":"2024-09-05T13:48:51+00:00","og_image":[{"width":1620,"height":1080,"url":"https:\/\/fsi-stumpcutters.com\/wp-content\/uploads\/2023\/03\/FSI-B31-Angled-Left.jpg","type":"image\/jpeg"}],"twitter_card":"summary_large_image","twitter_misc":{"Gesch\u00e4tzte Lesezeit":"1\u00a0Minute"},"schema":{"@context":"https:\/\/schema.org","@graph":[{"@type":"WebPage","@id":"https:\/\/fsi-stumpcutters.com\/de\/produkt\/motor\/fsi-b31-749\/","url":"https:\/\/fsi-stumpcutters.com\/de\/produkt\/motor\/fsi-b31-749\/","name":"FSI B31-749 - Kompakte Stubbenfr\u00e4se ohne t\u00e4gliche Wartung","isPartOf":{"@id":"https:\/\/fsi-stumpcutters.com\/de\/#website"},"primaryImageOfPage":{"@id":"https:\/\/fsi-stumpcutters.com\/de\/produkt\/motor\/fsi-b31-749\/#primaryimage"},"image":{"@id":"https:\/\/fsi-stumpcutters.com\/de\/produkt\/motor\/fsi-b31-749\/#primaryimage"},"thumbnailUrl":"https:\/\/fsi-stumpcutters.com\/wp-content\/uploads\/2023\/03\/FSI-B31-Angled-Left.jpg","datePublished":"2023-03-03T14:41:59+00:00","dateModified":"2024-09-05T13:48:51+00:00","description":"Effizientes und einfaches Stubbenfr\u00e4sen mit dem FSI B31. Benzinmotor, schwenkbares Bedienpult und schmale Bauweise f\u00fcr optimale Leistung.","breadcrumb":{"@id":"https:\/\/fsi-stumpcutters.com\/de\/produkt\/motor\/fsi-b31-749\/#breadcrumb"},"inLanguage":"de","potentialAction":[{"@type":"ReadAction","target":["https:\/\/fsi-stumpcutters.com\/de\/produkt\/motor\/fsi-b31-749\/"]}]},{"@type":"ImageObject","inLanguage":"de","@id":"https:\/\/fsi-stumpcutters.com\/de\/produkt\/motor\/fsi-b31-749\/#primaryimage","url":"https:\/\/fsi-stumpcutters.com\/wp-content\/uploads\/2023\/03\/FSI-B31-Angled-Left.jpg","contentUrl":"https:\/\/fsi-stumpcutters.com\/wp-content\/uploads\/2023\/03\/FSI-B31-Angled-Left.jpg","width":1620,"height":1080,"caption":"FSI B31"},{"@type":"BreadcrumbList","@id":"https:\/\/fsi-stumpcutters.com\/de\/produkt\/motor\/fsi-b31-749\/#breadcrumb","itemListElement":[{"@type":"ListItem","position":1,"name":"Home","item":"https:\/\/fsi-stumpcutters.com\/de\/startseite\/"},{"@type":"ListItem","position":2,"name":"Produkte","item":"https:\/\/fsi-stumpcutters.com\/de\/shop\/"},{"@type":"ListItem","position":3,"name":"FSI B31-749"}]},{"@type":"WebSite","@id":"https:\/\/fsi-stumpcutters.com\/de\/#website","url":"https:\/\/fsi-stumpcutters.com\/de\/","name":"FSI","description":"FSI website","publisher":{"@id":"https:\/\/fsi-stumpcutters.com\/de\/#organization"},"potentialAction":[{"@type":"SearchAction","target":{"@type":"EntryPoint","urlTemplate":"https:\/\/fsi-stumpcutters.com\/de\/?s={search_term_string}"},"query-input":{"@type":"PropertyValueSpecification","valueRequired":true,"valueName":"search_term_string"}}],"inLanguage":"de"},{"@type":"Organization","@id":"https:\/\/fsi-stumpcutters.com\/de\/#organization","name":"FSI Stump Cutters","url":"https:\/\/fsi-stumpcutters.com\/de\/","logo":{"@type":"ImageObject","inLanguage":"de","@id":"https:\/\/fsi-stumpcutters.com\/de\/#\/schema\/logo\/image\/","url":"https:\/\/fsi-stumpcutters.com\/wp-content\/uploads\/2022\/10\/FSI-LOGO-PRIMAERT-RODT-RGB.png","contentUrl":"https:\/\/fsi-stumpcutters.com\/wp-content\/uploads\/2022\/10\/FSI-LOGO-PRIMAERT-RODT-RGB.png","width":567,"height":567,"caption":"FSI Stump Cutters"},"image":{"@id":"https:\/\/fsi-stumpcutters.com\/de\/#\/schema\/logo\/image\/"},"sameAs":["https:\/\/www.facebook.com\/fsi.dk","https:\/\/www.instagram.com\/fsi.dk\/","https:\/\/www.youtube.com\/channel\/UC9KnSaA_SwR9fc2PkSpOpwg","https:\/\/www.linkedin.com\/company\/fsistumpcutters\/"]}]}},"_links":{"self":[{"href":"https:\/\/fsi-stumpcutters.com\/de\/wp-json\/wp\/v2\/product\/15616","targetHints":{"allow":["GET"]}}],"collection":[{"href":"https:\/\/fsi-stumpcutters.com\/de\/wp-json\/wp\/v2\/product"}],"about":[{"href":"https:\/\/fsi-stumpcutters.com\/de\/wp-json\/wp\/v2\/types\/product"}],"wp:featuredmedia":[{"embeddable":true,"href":"https:\/\/fsi-stumpcutters.com\/de\/wp-json\/wp\/v2\/media\/15589"}],"wp:attachment":[{"href":"https:\/\/fsi-stumpcutters.com\/de\/wp-json\/wp\/v2\/media?parent=15616"}],"wp:term":[{"taxonomy":"product_brand","embeddable":true,"href":"https:\/\/fsi-stumpcutters.com\/de\/wp-json\/wp\/v2\/product_brand?post=15616"},{"taxonomy":"product_cat","embeddable":true,"href":"https:\/\/fsi-stumpcutters.com\/de\/wp-json\/wp\/v2\/product_cat?post=15616"},{"taxonomy":"product_tag","embeddable":true,"href":"https:\/\/fsi-stumpcutters.com\/de\/wp-json\/wp\/v2\/product_tag?post=15616"}],"curies":[{"name":"wp","href":"https:\/\/api.w.org\/{rel}","templated":true}]}}