{"id":11058,"date":"2022-03-21T11:24:51","date_gmt":"2022-03-21T10:24:51","guid":{"rendered":"http:\/\/fsi.test\/product\/fsi-t65\/"},"modified":"2023-06-21T15:44:07","modified_gmt":"2023-06-21T13:44:07","slug":"fsi-t65","status":"publish","type":"product","link":"https:\/\/fsi-stumpcutters.com\/de\/produkt\/traktor\/fsi-t65\/","title":{"rendered":"FSI T65"},"content":{"rendered":"<p>Die FSI T65 ist eine Stubbenfr\u00e4se f\u00fcr den Anbau an Traktoren und \u00e4hnliche Maschinen mit Zapfwelle (70-120 PS).<\/p>\n<p>Die FSI T65 beseitigt effizient gro\u00dfe B\u00e4ume, z. B. entlang von Wegen, Stra\u00dfen und Z\u00e4unen, mit einer Zufahrt, die das Befahren mit gr\u00f6\u00dferen Traktoren erm\u00f6glicht.<br \/>Der 3-Punkt-Anh\u00e4ngerahmen (Kat. 2) ist mit verstellbaren St\u00fctzbeinen ausgestattet, um die Stabilit\u00e4t bei Fr\u00e4sarbeiten zu gew\u00e4hrleisten.<\/p>\n<p>Die Bewegungen der Stubbenfr\u00e4se werden direkt \u00fcber den Joystick gesteuert, der sich auf dem abnehmbaren Ventilkasten befindet. Die Schwenkgeschwindigkeit kann \u00fcber ein Drosselventil eingestellt werden, das sich ebenfalls im Ventilkasten befindet. Alle notwendigen Funktionen sind somit direkt am Ventilkasten verf\u00fcgbar und erm\u00f6glichen eine komfortable Bedienung.<\/p>\n<p>Durch seitliches Bewegen des Joysticks werden die leistungsstarken Hydraulikzylinder gesteuert, die das M\u00e4hwerk seitlich ausschwenken.\u00a0<\/p>\n<p>Durch Vorw\u00e4rts- oder R\u00fcckw\u00e4rtsbewegen des Joysticks wird der M\u00e4harm angehoben oder abgesenkt. Eine Gruppe von Tasten am Joystick kann zum Anheben oder Absenken des Schneidkopfs verwendet werden, um den Arbeitsbereich und die Schwenkbreite der Stubbenfr\u00e4se zu vergr\u00f6\u00dfern. Mit der letzten Gruppe von Joystick-Tasten kann der leistungsstarke Sp\u00e4nef\u00e4nger an das Gel\u00e4nde und die Umgebung angepasst werden, um die Ausbreitung von Sp\u00e4nen zu minimieren.<\/p>\n<style type=\"text\/css\">\n\t\t\t#gallery-3 {\n\t\t\t\tmargin: auto;\n\t\t\t}\n\t\t\t#gallery-3 .gallery-item {\n\t\t\t\tfloat: left;\n\t\t\t\tmargin-top: 10px;\n\t\t\t\ttext-align: center;\n\t\t\t\twidth: 33%;\n\t\t\t}\n\t\t\t#gallery-3 img {\n\t\t\t\tborder: 2px solid #cfcfcf;\n\t\t\t}\n\t\t\t#gallery-3 .gallery-caption {\n\t\t\t\tmargin-left: 0;\n\t\t\t}\n\t\t\t\/* see gallery_shortcode() in wp-includes\/media.php *\/\n\t\t<\/style>\n<dl class='gallery-item'>\n<dt class='gallery-icon landscape'>\n\t\t\t\t<a data-elementor-open-lightbox=\"yes\" data-elementor-lightbox-slideshow=\"d9f0ae5\" data-elementor-lightbox-title=\"FSI T65 In Action 3\" data-e-action-hash=\"#elementor-action%3Aaction%3Dlightbox%26settings%3DeyJpZCI6MTYyNzIsInVybCI6Imh0dHBzOlwvXC9mc2ktc3R1bXBjdXR0ZXJzLmNvbVwvd3AtY29udGVudFwvdXBsb2Fkc1wvMjAyM1wvMDZcL0lNR18zODg5LmpwZyIsInNsaWRlc2hvdyI6ImQ5ZjBhZTUifQ%3D%3D\" href='https:\/\/fsi-stumpcutters.com\/wp-content\/uploads\/2023\/06\/IMG_3889.jpg'><img width=\"150\" height=\"150\" src=\"https:\/\/fsi-stumpcutters.com\/wp-content\/uploads\/2023\/06\/IMG_3889-150x150.jpg\" alt=\"\" decoding=\"async\" srcset=\"https:\/\/fsi-stumpcutters.com\/wp-content\/uploads\/2023\/06\/IMG_3889-150x150.jpg 150w, https:\/\/fsi-stumpcutters.com\/wp-content\/uploads\/2023\/06\/IMG_3889-300x300.jpg 300w, https:\/\/fsi-stumpcutters.com\/wp-content\/uploads\/2023\/06\/IMG_3889-1024x1024.jpg 1024w, https:\/\/fsi-stumpcutters.com\/wp-content\/uploads\/2023\/06\/IMG_3889-768x767.jpg 768w, https:\/\/fsi-stumpcutters.com\/wp-content\/uploads\/2023\/06\/IMG_3889-650x650.jpg 650w, https:\/\/fsi-stumpcutters.com\/wp-content\/uploads\/2023\/06\/IMG_3889-1300x1300.jpg 1300w, https:\/\/fsi-stumpcutters.com\/wp-content\/uploads\/2023\/06\/IMG_3889-20x20.jpg 20w, https:\/\/fsi-stumpcutters.com\/wp-content\/uploads\/2023\/06\/IMG_3889-600x600.jpg 600w, https:\/\/fsi-stumpcutters.com\/wp-content\/uploads\/2023\/06\/IMG_3889-100x100.jpg 100w, https:\/\/fsi-stumpcutters.com\/wp-content\/uploads\/2023\/06\/IMG_3889.jpg 1496w\" sizes=\"(max-width: 150px) 100vw, 150px\" \/><\/a>\n\t\t\t<\/dt>\n<\/dl>\n<dl class='gallery-item'>\n<dt class='gallery-icon landscape'>\n\t\t\t\t<a data-elementor-open-lightbox=\"yes\" data-elementor-lightbox-slideshow=\"d9f0ae5\" data-elementor-lightbox-title=\"FSI T65 In Action 2\" data-e-action-hash=\"#elementor-action%3Aaction%3Dlightbox%26settings%3DeyJpZCI6MTYyNjksInVybCI6Imh0dHBzOlwvXC9mc2ktc3R1bXBjdXR0ZXJzLmNvbVwvd3AtY29udGVudFwvdXBsb2Fkc1wvMjAyM1wvMDZcL0lNR18zMjMwLmpwZyIsInNsaWRlc2hvdyI6ImQ5ZjBhZTUifQ%3D%3D\" href='https:\/\/fsi-stumpcutters.com\/wp-content\/uploads\/2023\/06\/IMG_3230.jpg'><img width=\"150\" height=\"150\" src=\"https:\/\/fsi-stumpcutters.com\/wp-content\/uploads\/2023\/06\/IMG_3230-150x150.jpg\" alt=\"\" decoding=\"async\" srcset=\"https:\/\/fsi-stumpcutters.com\/wp-content\/uploads\/2023\/06\/IMG_3230-150x150.jpg 150w, https:\/\/fsi-stumpcutters.com\/wp-content\/uploads\/2023\/06\/IMG_3230-300x300.jpg 300w, https:\/\/fsi-stumpcutters.com\/wp-content\/uploads\/2023\/06\/IMG_3230-1024x1024.jpg 1024w, https:\/\/fsi-stumpcutters.com\/wp-content\/uploads\/2023\/06\/IMG_3230-768x768.jpg 768w, https:\/\/fsi-stumpcutters.com\/wp-content\/uploads\/2023\/06\/IMG_3230-650x650.jpg 650w, https:\/\/fsi-stumpcutters.com\/wp-content\/uploads\/2023\/06\/IMG_3230-1300x1300.jpg 1300w, https:\/\/fsi-stumpcutters.com\/wp-content\/uploads\/2023\/06\/IMG_3230-20x20.jpg 20w, https:\/\/fsi-stumpcutters.com\/wp-content\/uploads\/2023\/06\/IMG_3230-600x600.jpg 600w, https:\/\/fsi-stumpcutters.com\/wp-content\/uploads\/2023\/06\/IMG_3230-100x100.jpg 100w, https:\/\/fsi-stumpcutters.com\/wp-content\/uploads\/2023\/06\/IMG_3230.jpg 1500w\" sizes=\"(max-width: 150px) 100vw, 150px\" \/><\/a>\n\t\t\t<\/dt>\n<\/dl>\n<dl class='gallery-item'>\n<dt class='gallery-icon landscape'>\n\t\t\t\t<a data-elementor-open-lightbox=\"yes\" data-elementor-lightbox-slideshow=\"d9f0ae5\" data-elementor-lightbox-title=\"FSI T65 In Action 1\" data-e-action-hash=\"#elementor-action%3Aaction%3Dlightbox%26settings%3DeyJpZCI6MTYyNjMsInVybCI6Imh0dHBzOlwvXC9mc2ktc3R1bXBjdXR0ZXJzLmNvbVwvd3AtY29udGVudFwvdXBsb2Fkc1wvMjAyM1wvMDZcL0ZTSS02NVQuanBnIiwic2xpZGVzaG93IjoiZDlmMGFlNSJ9\" href='https:\/\/fsi-stumpcutters.com\/wp-content\/uploads\/2023\/06\/FSI-65T.jpg'><img width=\"150\" height=\"150\" src=\"https:\/\/fsi-stumpcutters.com\/wp-content\/uploads\/2023\/06\/FSI-65T-150x150.jpg\" alt=\"\" decoding=\"async\" srcset=\"https:\/\/fsi-stumpcutters.com\/wp-content\/uploads\/2023\/06\/FSI-65T-150x150.jpg 150w, https:\/\/fsi-stumpcutters.com\/wp-content\/uploads\/2023\/06\/FSI-65T-300x300.jpg 300w, https:\/\/fsi-stumpcutters.com\/wp-content\/uploads\/2023\/06\/FSI-65T-1024x1024.jpg 1024w, https:\/\/fsi-stumpcutters.com\/wp-content\/uploads\/2023\/06\/FSI-65T-768x768.jpg 768w, https:\/\/fsi-stumpcutters.com\/wp-content\/uploads\/2023\/06\/FSI-65T-650x650.jpg 650w, https:\/\/fsi-stumpcutters.com\/wp-content\/uploads\/2023\/06\/FSI-65T-1300x1300.jpg 1300w, https:\/\/fsi-stumpcutters.com\/wp-content\/uploads\/2023\/06\/FSI-65T-20x20.jpg 20w, https:\/\/fsi-stumpcutters.com\/wp-content\/uploads\/2023\/06\/FSI-65T-600x600.jpg 600w, https:\/\/fsi-stumpcutters.com\/wp-content\/uploads\/2023\/06\/FSI-65T-100x100.jpg 100w, https:\/\/fsi-stumpcutters.com\/wp-content\/uploads\/2023\/06\/FSI-65T.jpg 1500w\" sizes=\"(max-width: 150px) 100vw, 150px\" \/><\/a>\n\t\t\t<\/dt>\n<\/dl>\n<p><br style=\"clear: both\" \/><\/p>\n","protected":false},"excerpt":{"rendered":"<ul>\n<li>3-Punkt-Anbau f\u00fcr Kat. 2<\/li>\n<li>Zapfwelle (540 RPM)<\/li>\n<li>T-Getriebe und beidseitiger Keilriemenantrieb f\u00fcr optimale Kraft\u00fcbertragung<\/li>\n<li>Elektro-hydraulischer Joystick mit voller Funktionskontrolle<\/li>\n<li>Steuerkasten mit extra Halterung f\u00fcr die Montage in der Kabine<\/li>\n<li>Hydraulische Verl\u00e4ngerung des Schneidkopfs am Arm zur Vergr\u00f6\u00dferung des Arbeitsbereichs<\/li>\n<li>Hydraulisch gesteuerter schwerer Sp\u00e4neschutz<\/li>\n<li>Verstellbare St\u00fctzbeine sorgen f\u00fcr Stabilit\u00e4t beim Schneiden<\/li>\n<li>Werkzeugsatz<\/li>\n<\/ul>\n","protected":false},"featured_media":15425,"template":"","meta":[],"product_brand":[],"product_cat":[96],"product_tag":[],"class_list":{"0":"post-11058","1":"product","2":"type-product","3":"status-publish","4":"has-post-thumbnail","6":"product_cat-traktor","8":"first","9":"instock","10":"shipping-taxable","11":"product-type-simple"},"acf":[],"yoast_head":"<!-- This site is optimized with the Yoast SEO plugin v27.0 - https:\/\/yoast.com\/product\/yoast-seo-wordpress\/ -->\n<title>FSI T65 - Stubbenfr\u00e4sen mit Gelenkwelle f\u00fcr 70-120 PS<\/title>\n<meta name=\"description\" content=\"Leistungsstarkes traktormontiert Baumstumpffr\u00e4se Ideal f\u00fcr Alleen, Stra\u00dfen, Z\u00e4une | Zapfwellenausgang und 3-Punkt-Anbau (Kat.2)\" \/>\n<meta name=\"robots\" content=\"index, follow, max-snippet:-1, max-image-preview:large, max-video-preview:-1\" \/>\n<link rel=\"canonical\" href=\"https:\/\/fsi-stumpcutters.com\/de\/produkt\/traktor\/fsi-t65\/\" \/>\n<meta property=\"og:locale\" content=\"de_DE\" \/>\n<meta property=\"og:type\" content=\"article\" \/>\n<meta property=\"og:title\" content=\"FSI T65 - Stubbenfr\u00e4sen mit Gelenkwelle f\u00fcr 70-120 PS\" \/>\n<meta property=\"og:description\" content=\"Leistungsstarkes traktormontiert Baumstumpffr\u00e4se Ideal f\u00fcr Alleen, Stra\u00dfen, Z\u00e4une | Zapfwellenausgang und 3-Punkt-Anbau (Kat.2)\" \/>\n<meta property=\"og:url\" content=\"https:\/\/fsi-stumpcutters.com\/de\/produkt\/traktor\/fsi-t65\/\" \/>\n<meta property=\"og:site_name\" content=\"FSI\" \/>\n<meta property=\"article:publisher\" content=\"https:\/\/www.facebook.com\/fsi.dk\" \/>\n<meta property=\"article:modified_time\" content=\"2023-06-21T13:44:07+00:00\" \/>\n<meta property=\"og:image\" content=\"https:\/\/fsi-stumpcutters.com\/wp-content\/uploads\/2022\/03\/FSI-T65-Angle-Left.jpg\" \/>\n\t<meta property=\"og:image:width\" content=\"1620\" \/>\n\t<meta property=\"og:image:height\" content=\"1080\" \/>\n\t<meta property=\"og:image:type\" content=\"image\/jpeg\" \/>\n<meta name=\"twitter:card\" content=\"summary_large_image\" \/>\n<meta name=\"twitter:label1\" content=\"Gesch\u00e4tzte Lesezeit\" \/>\n\t<meta name=\"twitter:data1\" content=\"2\u00a0Minuten\" \/>\n<script type=\"application\/ld+json\" class=\"yoast-schema-graph\">{\"@context\":\"https:\/\/schema.org\",\"@graph\":[{\"@type\":\"WebPage\",\"@id\":\"https:\/\/fsi-stumpcutters.com\/de\/produkt\/traktor\/fsi-t65\/\",\"url\":\"https:\/\/fsi-stumpcutters.com\/de\/produkt\/traktor\/fsi-t65\/\",\"name\":\"FSI T65 - Stubbenfr\u00e4sen mit Gelenkwelle f\u00fcr 70-120 PS\",\"isPartOf\":{\"@id\":\"https:\/\/fsi-stumpcutters.com\/de\/#website\"},\"primaryImageOfPage\":{\"@id\":\"https:\/\/fsi-stumpcutters.com\/de\/produkt\/traktor\/fsi-t65\/#primaryimage\"},\"image\":{\"@id\":\"https:\/\/fsi-stumpcutters.com\/de\/produkt\/traktor\/fsi-t65\/#primaryimage\"},\"thumbnailUrl\":\"https:\/\/fsi-stumpcutters.com\/wp-content\/uploads\/2022\/03\/FSI-T65-Angle-Left.jpg\",\"datePublished\":\"2022-03-21T10:24:51+00:00\",\"dateModified\":\"2023-06-21T13:44:07+00:00\",\"description\":\"Leistungsstarkes traktormontiert Baumstumpffr\u00e4se Ideal f\u00fcr Alleen, Stra\u00dfen, Z\u00e4une | Zapfwellenausgang und 3-Punkt-Anbau (Kat.2)\",\"breadcrumb\":{\"@id\":\"https:\/\/fsi-stumpcutters.com\/de\/produkt\/traktor\/fsi-t65\/#breadcrumb\"},\"inLanguage\":\"de\",\"potentialAction\":[{\"@type\":\"ReadAction\",\"target\":[\"https:\/\/fsi-stumpcutters.com\/de\/produkt\/traktor\/fsi-t65\/\"]}]},{\"@type\":\"ImageObject\",\"inLanguage\":\"de\",\"@id\":\"https:\/\/fsi-stumpcutters.com\/de\/produkt\/traktor\/fsi-t65\/#primaryimage\",\"url\":\"https:\/\/fsi-stumpcutters.com\/wp-content\/uploads\/2022\/03\/FSI-T65-Angle-Left.jpg\",\"contentUrl\":\"https:\/\/fsi-stumpcutters.com\/wp-content\/uploads\/2022\/03\/FSI-T65-Angle-Left.jpg\",\"width\":1620,\"height\":1080,\"caption\":\"FSI T65\"},{\"@type\":\"BreadcrumbList\",\"@id\":\"https:\/\/fsi-stumpcutters.com\/de\/produkt\/traktor\/fsi-t65\/#breadcrumb\",\"itemListElement\":[{\"@type\":\"ListItem\",\"position\":1,\"name\":\"Home\",\"item\":\"https:\/\/fsi-stumpcutters.com\/de\/startseite\/\"},{\"@type\":\"ListItem\",\"position\":2,\"name\":\"Produkte\",\"item\":\"https:\/\/fsi-stumpcutters.com\/de\/shop\/\"},{\"@type\":\"ListItem\",\"position\":3,\"name\":\"FSI T65\"}]},{\"@type\":\"WebSite\",\"@id\":\"https:\/\/fsi-stumpcutters.com\/de\/#website\",\"url\":\"https:\/\/fsi-stumpcutters.com\/de\/\",\"name\":\"FSI\",\"description\":\"FSI website\",\"publisher\":{\"@id\":\"https:\/\/fsi-stumpcutters.com\/de\/#organization\"},\"potentialAction\":[{\"@type\":\"SearchAction\",\"target\":{\"@type\":\"EntryPoint\",\"urlTemplate\":\"https:\/\/fsi-stumpcutters.com\/de\/?s={search_term_string}\"},\"query-input\":{\"@type\":\"PropertyValueSpecification\",\"valueRequired\":true,\"valueName\":\"search_term_string\"}}],\"inLanguage\":\"de\"},{\"@type\":\"Organization\",\"@id\":\"https:\/\/fsi-stumpcutters.com\/de\/#organization\",\"name\":\"FSI Stump Cutters\",\"url\":\"https:\/\/fsi-stumpcutters.com\/de\/\",\"logo\":{\"@type\":\"ImageObject\",\"inLanguage\":\"de\",\"@id\":\"https:\/\/fsi-stumpcutters.com\/de\/#\/schema\/logo\/image\/\",\"url\":\"https:\/\/fsi-stumpcutters.com\/wp-content\/uploads\/2022\/10\/FSI-LOGO-PRIMAERT-RODT-RGB.png\",\"contentUrl\":\"https:\/\/fsi-stumpcutters.com\/wp-content\/uploads\/2022\/10\/FSI-LOGO-PRIMAERT-RODT-RGB.png\",\"width\":567,\"height\":567,\"caption\":\"FSI Stump Cutters\"},\"image\":{\"@id\":\"https:\/\/fsi-stumpcutters.com\/de\/#\/schema\/logo\/image\/\"},\"sameAs\":[\"https:\/\/www.facebook.com\/fsi.dk\",\"https:\/\/www.instagram.com\/fsi.dk\/\",\"https:\/\/www.youtube.com\/channel\/UC9KnSaA_SwR9fc2PkSpOpwg\",\"https:\/\/www.linkedin.com\/company\/fsistumpcutters\/\"]}]}<\/script>\n<!-- \/ Yoast SEO plugin. -->","yoast_head_json":{"title":"FSI T65 - Stubbenfr\u00e4sen mit Gelenkwelle f\u00fcr 70-120 PS","description":"Leistungsstarkes traktormontiert Baumstumpffr\u00e4se Ideal f\u00fcr Alleen, Stra\u00dfen, Z\u00e4une | Zapfwellenausgang und 3-Punkt-Anbau (Kat.2)","robots":{"index":"index","follow":"follow","max-snippet":"max-snippet:-1","max-image-preview":"max-image-preview:large","max-video-preview":"max-video-preview:-1"},"canonical":"https:\/\/fsi-stumpcutters.com\/de\/produkt\/traktor\/fsi-t65\/","og_locale":"de_DE","og_type":"article","og_title":"FSI T65 - Stubbenfr\u00e4sen mit Gelenkwelle f\u00fcr 70-120 PS","og_description":"Leistungsstarkes traktormontiert Baumstumpffr\u00e4se Ideal f\u00fcr Alleen, Stra\u00dfen, Z\u00e4une | Zapfwellenausgang und 3-Punkt-Anbau (Kat.2)","og_url":"https:\/\/fsi-stumpcutters.com\/de\/produkt\/traktor\/fsi-t65\/","og_site_name":"FSI","article_publisher":"https:\/\/www.facebook.com\/fsi.dk","article_modified_time":"2023-06-21T13:44:07+00:00","og_image":[{"width":1620,"height":1080,"url":"https:\/\/fsi-stumpcutters.com\/wp-content\/uploads\/2022\/03\/FSI-T65-Angle-Left.jpg","type":"image\/jpeg"}],"twitter_card":"summary_large_image","twitter_misc":{"Gesch\u00e4tzte Lesezeit":"2\u00a0Minuten"},"schema":{"@context":"https:\/\/schema.org","@graph":[{"@type":"WebPage","@id":"https:\/\/fsi-stumpcutters.com\/de\/produkt\/traktor\/fsi-t65\/","url":"https:\/\/fsi-stumpcutters.com\/de\/produkt\/traktor\/fsi-t65\/","name":"FSI T65 - Stubbenfr\u00e4sen mit Gelenkwelle f\u00fcr 70-120 PS","isPartOf":{"@id":"https:\/\/fsi-stumpcutters.com\/de\/#website"},"primaryImageOfPage":{"@id":"https:\/\/fsi-stumpcutters.com\/de\/produkt\/traktor\/fsi-t65\/#primaryimage"},"image":{"@id":"https:\/\/fsi-stumpcutters.com\/de\/produkt\/traktor\/fsi-t65\/#primaryimage"},"thumbnailUrl":"https:\/\/fsi-stumpcutters.com\/wp-content\/uploads\/2022\/03\/FSI-T65-Angle-Left.jpg","datePublished":"2022-03-21T10:24:51+00:00","dateModified":"2023-06-21T13:44:07+00:00","description":"Leistungsstarkes traktormontiert Baumstumpffr\u00e4se Ideal f\u00fcr Alleen, Stra\u00dfen, Z\u00e4une | Zapfwellenausgang und 3-Punkt-Anbau (Kat.2)","breadcrumb":{"@id":"https:\/\/fsi-stumpcutters.com\/de\/produkt\/traktor\/fsi-t65\/#breadcrumb"},"inLanguage":"de","potentialAction":[{"@type":"ReadAction","target":["https:\/\/fsi-stumpcutters.com\/de\/produkt\/traktor\/fsi-t65\/"]}]},{"@type":"ImageObject","inLanguage":"de","@id":"https:\/\/fsi-stumpcutters.com\/de\/produkt\/traktor\/fsi-t65\/#primaryimage","url":"https:\/\/fsi-stumpcutters.com\/wp-content\/uploads\/2022\/03\/FSI-T65-Angle-Left.jpg","contentUrl":"https:\/\/fsi-stumpcutters.com\/wp-content\/uploads\/2022\/03\/FSI-T65-Angle-Left.jpg","width":1620,"height":1080,"caption":"FSI T65"},{"@type":"BreadcrumbList","@id":"https:\/\/fsi-stumpcutters.com\/de\/produkt\/traktor\/fsi-t65\/#breadcrumb","itemListElement":[{"@type":"ListItem","position":1,"name":"Home","item":"https:\/\/fsi-stumpcutters.com\/de\/startseite\/"},{"@type":"ListItem","position":2,"name":"Produkte","item":"https:\/\/fsi-stumpcutters.com\/de\/shop\/"},{"@type":"ListItem","position":3,"name":"FSI T65"}]},{"@type":"WebSite","@id":"https:\/\/fsi-stumpcutters.com\/de\/#website","url":"https:\/\/fsi-stumpcutters.com\/de\/","name":"FSI","description":"FSI website","publisher":{"@id":"https:\/\/fsi-stumpcutters.com\/de\/#organization"},"potentialAction":[{"@type":"SearchAction","target":{"@type":"EntryPoint","urlTemplate":"https:\/\/fsi-stumpcutters.com\/de\/?s={search_term_string}"},"query-input":{"@type":"PropertyValueSpecification","valueRequired":true,"valueName":"search_term_string"}}],"inLanguage":"de"},{"@type":"Organization","@id":"https:\/\/fsi-stumpcutters.com\/de\/#organization","name":"FSI Stump Cutters","url":"https:\/\/fsi-stumpcutters.com\/de\/","logo":{"@type":"ImageObject","inLanguage":"de","@id":"https:\/\/fsi-stumpcutters.com\/de\/#\/schema\/logo\/image\/","url":"https:\/\/fsi-stumpcutters.com\/wp-content\/uploads\/2022\/10\/FSI-LOGO-PRIMAERT-RODT-RGB.png","contentUrl":"https:\/\/fsi-stumpcutters.com\/wp-content\/uploads\/2022\/10\/FSI-LOGO-PRIMAERT-RODT-RGB.png","width":567,"height":567,"caption":"FSI Stump Cutters"},"image":{"@id":"https:\/\/fsi-stumpcutters.com\/de\/#\/schema\/logo\/image\/"},"sameAs":["https:\/\/www.facebook.com\/fsi.dk","https:\/\/www.instagram.com\/fsi.dk\/","https:\/\/www.youtube.com\/channel\/UC9KnSaA_SwR9fc2PkSpOpwg","https:\/\/www.linkedin.com\/company\/fsistumpcutters\/"]}]}},"_links":{"self":[{"href":"https:\/\/fsi-stumpcutters.com\/de\/wp-json\/wp\/v2\/product\/11058","targetHints":{"allow":["GET"]}}],"collection":[{"href":"https:\/\/fsi-stumpcutters.com\/de\/wp-json\/wp\/v2\/product"}],"about":[{"href":"https:\/\/fsi-stumpcutters.com\/de\/wp-json\/wp\/v2\/types\/product"}],"wp:featuredmedia":[{"embeddable":true,"href":"https:\/\/fsi-stumpcutters.com\/de\/wp-json\/wp\/v2\/media\/15425"}],"wp:attachment":[{"href":"https:\/\/fsi-stumpcutters.com\/de\/wp-json\/wp\/v2\/media?parent=11058"}],"wp:term":[{"taxonomy":"product_brand","embeddable":true,"href":"https:\/\/fsi-stumpcutters.com\/de\/wp-json\/wp\/v2\/product_brand?post=11058"},{"taxonomy":"product_cat","embeddable":true,"href":"https:\/\/fsi-stumpcutters.com\/de\/wp-json\/wp\/v2\/product_cat?post=11058"},{"taxonomy":"product_tag","embeddable":true,"href":"https:\/\/fsi-stumpcutters.com\/de\/wp-json\/wp\/v2\/product_tag?post=11058"}],"curies":[{"name":"wp","href":"https:\/\/api.w.org\/{rel}","templated":true}]}}