{"id":11053,"date":"2022-03-21T11:22:41","date_gmt":"2022-03-21T10:22:41","guid":{"rendered":"http:\/\/fsi.test\/product\/fsi-t25\/"},"modified":"2023-06-09T08:33:40","modified_gmt":"2023-06-09T06:33:40","slug":"fsi-t25","status":"publish","type":"product","link":"https:\/\/fsi-stumpcutters.com\/de\/produkt\/traktor\/fsi-t25\/","title":{"rendered":"FSI T25"},"content":{"rendered":"<p>FSI T25 ist gut f\u00fcr den Anbau an kleinere Traktoren oder \u00e4hnliche Maschinen mit PTO-Anschluss geeignet.<\/p>\n<p>Der Rahmen mit St\u00fctzfu\u00df und somit Dreipunktaufh\u00e4ngung (Kategorie 1) sorgt beim Fr\u00e4sen f\u00fcr Stabilit\u00e4t.<\/p>\n<p>Alle Bewegungen werden mit dem Joystick gesteuert. Mit der Box kann man auch die Geschwindigkeit der Drehbewegung justieren.<\/p>\n<p>Joystick-Bedienung, PTO-Welle und hydraulischer Oberlenker sind Teil des Lieferumfangs.<\/p>\n","protected":false},"excerpt":{"rendered":"<ul>\n<li>3-Point linkage for cat. 1<\/li>\n<li>PTO Shaft (540\/1000 RPM)<\/li>\n<li>T-Gear and V-belt drive for optimalvpower transmission<\/li>\n<li>Hydraulic joystick with full operational control<\/li>\n<li>Control box supplied with extra bracket for mounting on tractor<\/li>\n<li>Hydraulic top-link<\/li>\n<li>Tool set<\/li>\n<\/ul>\n","protected":false},"featured_media":15050,"template":"","meta":[],"product_brand":[],"product_cat":[96],"product_tag":[],"class_list":{"0":"post-11053","1":"product","2":"type-product","3":"status-publish","4":"has-post-thumbnail","6":"product_cat-traktor","8":"first","9":"instock","10":"shipping-taxable","11":"product-type-simple"},"acf":[],"yoast_head":"<!-- This site is optimized with the Yoast SEO plugin v27.0 - https:\/\/yoast.com\/product\/yoast-seo-wordpress\/ -->\n<title>FSI T25 - Zapfwellenstumpffr\u00e4se f\u00fcr kleinere Traktoren | 25-55 PS<\/title>\n<meta name=\"description\" content=\"Zapfwellenbetriebene Stubbenfr\u00e4se zum direkten Anschluss an die 3-Punkt-Anh\u00e4ngung Ihres Traktors | F\u00fcr Traktor und andere Maschinen mit Zapfwelle\" \/>\n<meta name=\"robots\" content=\"index, follow, max-snippet:-1, max-image-preview:large, max-video-preview:-1\" \/>\n<link rel=\"canonical\" href=\"https:\/\/fsi-stumpcutters.com\/de\/produkt\/traktor\/fsi-t25\/\" \/>\n<meta property=\"og:locale\" content=\"de_DE\" \/>\n<meta property=\"og:type\" content=\"article\" \/>\n<meta property=\"og:title\" content=\"FSI T25 - Zapfwellenstumpffr\u00e4se f\u00fcr kleinere Traktoren | 25-55 PS\" \/>\n<meta property=\"og:description\" content=\"Zapfwellenbetriebene Stubbenfr\u00e4se zum direkten Anschluss an die 3-Punkt-Anh\u00e4ngung Ihres Traktors | F\u00fcr Traktor und andere Maschinen mit Zapfwelle\" \/>\n<meta property=\"og:url\" content=\"https:\/\/fsi-stumpcutters.com\/de\/produkt\/traktor\/fsi-t25\/\" \/>\n<meta property=\"og:site_name\" content=\"FSI\" \/>\n<meta property=\"article:publisher\" content=\"https:\/\/www.facebook.com\/fsi.dk\" \/>\n<meta property=\"article:modified_time\" content=\"2023-06-09T06:33:40+00:00\" \/>\n<meta property=\"og:image\" content=\"https:\/\/fsi-stumpcutters.com\/wp-content\/uploads\/2022\/03\/FSI-T25-Left-Angled-1-1024x683.png\" \/>\n\t<meta property=\"og:image:width\" content=\"1024\" \/>\n\t<meta property=\"og:image:height\" content=\"683\" \/>\n\t<meta property=\"og:image:type\" content=\"image\/png\" \/>\n<meta name=\"twitter:card\" content=\"summary_large_image\" \/>\n<meta name=\"twitter:label1\" content=\"Gesch\u00e4tzte Lesezeit\" \/>\n\t<meta name=\"twitter:data1\" content=\"1\u00a0Minute\" \/>\n<script type=\"application\/ld+json\" class=\"yoast-schema-graph\">{\"@context\":\"https:\/\/schema.org\",\"@graph\":[{\"@type\":\"WebPage\",\"@id\":\"https:\/\/fsi-stumpcutters.com\/de\/produkt\/traktor\/fsi-t25\/\",\"url\":\"https:\/\/fsi-stumpcutters.com\/de\/produkt\/traktor\/fsi-t25\/\",\"name\":\"FSI T25 - Zapfwellenstumpffr\u00e4se f\u00fcr kleinere Traktoren | 25-55 PS\",\"isPartOf\":{\"@id\":\"https:\/\/fsi-stumpcutters.com\/de\/#website\"},\"primaryImageOfPage\":{\"@id\":\"https:\/\/fsi-stumpcutters.com\/de\/produkt\/traktor\/fsi-t25\/#primaryimage\"},\"image\":{\"@id\":\"https:\/\/fsi-stumpcutters.com\/de\/produkt\/traktor\/fsi-t25\/#primaryimage\"},\"thumbnailUrl\":\"https:\/\/fsi-stumpcutters.com\/wp-content\/uploads\/2022\/03\/FSI-T25-Left-Angled-1.png\",\"datePublished\":\"2022-03-21T10:22:41+00:00\",\"dateModified\":\"2023-06-09T06:33:40+00:00\",\"description\":\"Zapfwellenbetriebene Stubbenfr\u00e4se zum direkten Anschluss an die 3-Punkt-Anh\u00e4ngung Ihres Traktors | F\u00fcr Traktor und andere Maschinen mit Zapfwelle\",\"breadcrumb\":{\"@id\":\"https:\/\/fsi-stumpcutters.com\/de\/produkt\/traktor\/fsi-t25\/#breadcrumb\"},\"inLanguage\":\"de\",\"potentialAction\":[{\"@type\":\"ReadAction\",\"target\":[\"https:\/\/fsi-stumpcutters.com\/de\/produkt\/traktor\/fsi-t25\/\"]}]},{\"@type\":\"ImageObject\",\"inLanguage\":\"de\",\"@id\":\"https:\/\/fsi-stumpcutters.com\/de\/produkt\/traktor\/fsi-t25\/#primaryimage\",\"url\":\"https:\/\/fsi-stumpcutters.com\/wp-content\/uploads\/2022\/03\/FSI-T25-Left-Angled-1.png\",\"contentUrl\":\"https:\/\/fsi-stumpcutters.com\/wp-content\/uploads\/2022\/03\/FSI-T25-Left-Angled-1.png\",\"width\":1620,\"height\":1080},{\"@type\":\"BreadcrumbList\",\"@id\":\"https:\/\/fsi-stumpcutters.com\/de\/produkt\/traktor\/fsi-t25\/#breadcrumb\",\"itemListElement\":[{\"@type\":\"ListItem\",\"position\":1,\"name\":\"Home\",\"item\":\"https:\/\/fsi-stumpcutters.com\/de\/startseite\/\"},{\"@type\":\"ListItem\",\"position\":2,\"name\":\"Produkte\",\"item\":\"https:\/\/fsi-stumpcutters.com\/de\/shop\/\"},{\"@type\":\"ListItem\",\"position\":3,\"name\":\"FSI T25\"}]},{\"@type\":\"WebSite\",\"@id\":\"https:\/\/fsi-stumpcutters.com\/de\/#website\",\"url\":\"https:\/\/fsi-stumpcutters.com\/de\/\",\"name\":\"FSI\",\"description\":\"FSI website\",\"publisher\":{\"@id\":\"https:\/\/fsi-stumpcutters.com\/de\/#organization\"},\"potentialAction\":[{\"@type\":\"SearchAction\",\"target\":{\"@type\":\"EntryPoint\",\"urlTemplate\":\"https:\/\/fsi-stumpcutters.com\/de\/?s={search_term_string}\"},\"query-input\":{\"@type\":\"PropertyValueSpecification\",\"valueRequired\":true,\"valueName\":\"search_term_string\"}}],\"inLanguage\":\"de\"},{\"@type\":\"Organization\",\"@id\":\"https:\/\/fsi-stumpcutters.com\/de\/#organization\",\"name\":\"FSI Stump Cutters\",\"url\":\"https:\/\/fsi-stumpcutters.com\/de\/\",\"logo\":{\"@type\":\"ImageObject\",\"inLanguage\":\"de\",\"@id\":\"https:\/\/fsi-stumpcutters.com\/de\/#\/schema\/logo\/image\/\",\"url\":\"https:\/\/fsi-stumpcutters.com\/wp-content\/uploads\/2022\/10\/FSI-LOGO-PRIMAERT-RODT-RGB.png\",\"contentUrl\":\"https:\/\/fsi-stumpcutters.com\/wp-content\/uploads\/2022\/10\/FSI-LOGO-PRIMAERT-RODT-RGB.png\",\"width\":567,\"height\":567,\"caption\":\"FSI Stump Cutters\"},\"image\":{\"@id\":\"https:\/\/fsi-stumpcutters.com\/de\/#\/schema\/logo\/image\/\"},\"sameAs\":[\"https:\/\/www.facebook.com\/fsi.dk\",\"https:\/\/www.instagram.com\/fsi.dk\/\",\"https:\/\/www.youtube.com\/channel\/UC9KnSaA_SwR9fc2PkSpOpwg\",\"https:\/\/www.linkedin.com\/company\/fsistumpcutters\/\"]}]}<\/script>\n<!-- \/ Yoast SEO plugin. -->","yoast_head_json":{"title":"FSI T25 - Zapfwellenstumpffr\u00e4se f\u00fcr kleinere Traktoren | 25-55 PS","description":"Zapfwellenbetriebene Stubbenfr\u00e4se zum direkten Anschluss an die 3-Punkt-Anh\u00e4ngung Ihres Traktors | F\u00fcr Traktor und andere Maschinen mit Zapfwelle","robots":{"index":"index","follow":"follow","max-snippet":"max-snippet:-1","max-image-preview":"max-image-preview:large","max-video-preview":"max-video-preview:-1"},"canonical":"https:\/\/fsi-stumpcutters.com\/de\/produkt\/traktor\/fsi-t25\/","og_locale":"de_DE","og_type":"article","og_title":"FSI T25 - Zapfwellenstumpffr\u00e4se f\u00fcr kleinere Traktoren | 25-55 PS","og_description":"Zapfwellenbetriebene Stubbenfr\u00e4se zum direkten Anschluss an die 3-Punkt-Anh\u00e4ngung Ihres Traktors | F\u00fcr Traktor und andere Maschinen mit Zapfwelle","og_url":"https:\/\/fsi-stumpcutters.com\/de\/produkt\/traktor\/fsi-t25\/","og_site_name":"FSI","article_publisher":"https:\/\/www.facebook.com\/fsi.dk","article_modified_time":"2023-06-09T06:33:40+00:00","og_image":[{"width":1024,"height":683,"url":"https:\/\/fsi-stumpcutters.com\/wp-content\/uploads\/2022\/03\/FSI-T25-Left-Angled-1-1024x683.png","type":"image\/png"}],"twitter_card":"summary_large_image","twitter_misc":{"Gesch\u00e4tzte Lesezeit":"1\u00a0Minute"},"schema":{"@context":"https:\/\/schema.org","@graph":[{"@type":"WebPage","@id":"https:\/\/fsi-stumpcutters.com\/de\/produkt\/traktor\/fsi-t25\/","url":"https:\/\/fsi-stumpcutters.com\/de\/produkt\/traktor\/fsi-t25\/","name":"FSI T25 - Zapfwellenstumpffr\u00e4se f\u00fcr kleinere Traktoren | 25-55 PS","isPartOf":{"@id":"https:\/\/fsi-stumpcutters.com\/de\/#website"},"primaryImageOfPage":{"@id":"https:\/\/fsi-stumpcutters.com\/de\/produkt\/traktor\/fsi-t25\/#primaryimage"},"image":{"@id":"https:\/\/fsi-stumpcutters.com\/de\/produkt\/traktor\/fsi-t25\/#primaryimage"},"thumbnailUrl":"https:\/\/fsi-stumpcutters.com\/wp-content\/uploads\/2022\/03\/FSI-T25-Left-Angled-1.png","datePublished":"2022-03-21T10:22:41+00:00","dateModified":"2023-06-09T06:33:40+00:00","description":"Zapfwellenbetriebene Stubbenfr\u00e4se zum direkten Anschluss an die 3-Punkt-Anh\u00e4ngung Ihres Traktors | F\u00fcr Traktor und andere Maschinen mit Zapfwelle","breadcrumb":{"@id":"https:\/\/fsi-stumpcutters.com\/de\/produkt\/traktor\/fsi-t25\/#breadcrumb"},"inLanguage":"de","potentialAction":[{"@type":"ReadAction","target":["https:\/\/fsi-stumpcutters.com\/de\/produkt\/traktor\/fsi-t25\/"]}]},{"@type":"ImageObject","inLanguage":"de","@id":"https:\/\/fsi-stumpcutters.com\/de\/produkt\/traktor\/fsi-t25\/#primaryimage","url":"https:\/\/fsi-stumpcutters.com\/wp-content\/uploads\/2022\/03\/FSI-T25-Left-Angled-1.png","contentUrl":"https:\/\/fsi-stumpcutters.com\/wp-content\/uploads\/2022\/03\/FSI-T25-Left-Angled-1.png","width":1620,"height":1080},{"@type":"BreadcrumbList","@id":"https:\/\/fsi-stumpcutters.com\/de\/produkt\/traktor\/fsi-t25\/#breadcrumb","itemListElement":[{"@type":"ListItem","position":1,"name":"Home","item":"https:\/\/fsi-stumpcutters.com\/de\/startseite\/"},{"@type":"ListItem","position":2,"name":"Produkte","item":"https:\/\/fsi-stumpcutters.com\/de\/shop\/"},{"@type":"ListItem","position":3,"name":"FSI T25"}]},{"@type":"WebSite","@id":"https:\/\/fsi-stumpcutters.com\/de\/#website","url":"https:\/\/fsi-stumpcutters.com\/de\/","name":"FSI","description":"FSI website","publisher":{"@id":"https:\/\/fsi-stumpcutters.com\/de\/#organization"},"potentialAction":[{"@type":"SearchAction","target":{"@type":"EntryPoint","urlTemplate":"https:\/\/fsi-stumpcutters.com\/de\/?s={search_term_string}"},"query-input":{"@type":"PropertyValueSpecification","valueRequired":true,"valueName":"search_term_string"}}],"inLanguage":"de"},{"@type":"Organization","@id":"https:\/\/fsi-stumpcutters.com\/de\/#organization","name":"FSI Stump Cutters","url":"https:\/\/fsi-stumpcutters.com\/de\/","logo":{"@type":"ImageObject","inLanguage":"de","@id":"https:\/\/fsi-stumpcutters.com\/de\/#\/schema\/logo\/image\/","url":"https:\/\/fsi-stumpcutters.com\/wp-content\/uploads\/2022\/10\/FSI-LOGO-PRIMAERT-RODT-RGB.png","contentUrl":"https:\/\/fsi-stumpcutters.com\/wp-content\/uploads\/2022\/10\/FSI-LOGO-PRIMAERT-RODT-RGB.png","width":567,"height":567,"caption":"FSI Stump Cutters"},"image":{"@id":"https:\/\/fsi-stumpcutters.com\/de\/#\/schema\/logo\/image\/"},"sameAs":["https:\/\/www.facebook.com\/fsi.dk","https:\/\/www.instagram.com\/fsi.dk\/","https:\/\/www.youtube.com\/channel\/UC9KnSaA_SwR9fc2PkSpOpwg","https:\/\/www.linkedin.com\/company\/fsistumpcutters\/"]}]}},"_links":{"self":[{"href":"https:\/\/fsi-stumpcutters.com\/de\/wp-json\/wp\/v2\/product\/11053","targetHints":{"allow":["GET"]}}],"collection":[{"href":"https:\/\/fsi-stumpcutters.com\/de\/wp-json\/wp\/v2\/product"}],"about":[{"href":"https:\/\/fsi-stumpcutters.com\/de\/wp-json\/wp\/v2\/types\/product"}],"wp:featuredmedia":[{"embeddable":true,"href":"https:\/\/fsi-stumpcutters.com\/de\/wp-json\/wp\/v2\/media\/15050"}],"wp:attachment":[{"href":"https:\/\/fsi-stumpcutters.com\/de\/wp-json\/wp\/v2\/media?parent=11053"}],"wp:term":[{"taxonomy":"product_brand","embeddable":true,"href":"https:\/\/fsi-stumpcutters.com\/de\/wp-json\/wp\/v2\/product_brand?post=11053"},{"taxonomy":"product_cat","embeddable":true,"href":"https:\/\/fsi-stumpcutters.com\/de\/wp-json\/wp\/v2\/product_cat?post=11053"},{"taxonomy":"product_tag","embeddable":true,"href":"https:\/\/fsi-stumpcutters.com\/de\/wp-json\/wp\/v2\/product_tag?post=11053"}],"curies":[{"name":"wp","href":"https:\/\/api.w.org\/{rel}","templated":true}]}}