{"id":11044,"date":"2022-03-21T11:17:10","date_gmt":"2022-03-21T10:17:10","guid":{"rendered":"http:\/\/fsi.test\/product\/fsi-h52\/"},"modified":"2022-06-08T12:38:05","modified_gmt":"2022-06-08T10:38:05","slug":"fsi-h52","status":"publish","type":"product","link":"https:\/\/fsi-stumpcutters.com\/de\/produkt\/hydraulisch\/fsi-h52\/","title":{"rendered":"FSI H52"},"content":{"rendered":"<p>FSI H52 ist eine Stubbenfr\u00e4se, die an Bagger, Minilader mit Knicklenkung oder \u00e4hnliche Maschinen angebaut wird.<br \/>\nDie empfohlene Baggergr\u00f6\u00dfe betr\u00e4gt 8 bis 14 Tonnen.<\/p>\n<p>H52 wird mit einem Ger\u00e4tetr\u00e4ger\/einer Kupplung befestigt. Die Fr\u00e4sbewegung wird mithilfe der tragenden Maschine ausgef\u00fchrt.<br \/>\nEine unlackierte Abdeckplatte zum Anschwei\u00dfen des Ger\u00e4tetr\u00e4gers ist Teil des Lieferumfangs.<\/p>\n","protected":false},"excerpt":{"rendered":"<p>Hydraulically driven stump cutter for fitting to an excavator or similar machine, where the machine itself is used to execute sweep and up\/down<br \/>\nmovement. Free choice of cutting direction. The cutting direction can easily be set at 45 degree intervals, in the joint between the unit and the fitting<br \/>\nplate for the tool attachment. The stump cutters are supplied with an uncoated top plate, on which an optional tool attachment can be fitted. We also<br \/>\nprovide a selection of tool attachments. The stump cutters require a free-flow return to the tank (leak oil).<\/p>\n","protected":false},"featured_media":16435,"template":"","meta":[],"product_brand":[],"product_cat":[94],"product_tag":[],"class_list":{"0":"post-11044","1":"product","2":"type-product","3":"status-publish","4":"has-post-thumbnail","6":"product_cat-hydraulisch","8":"first","9":"instock","10":"shipping-taxable","11":"product-type-simple"},"acf":[],"yoast_head":"<!-- This site is optimized with the Yoast SEO plugin v27.0 - https:\/\/yoast.com\/product\/yoast-seo-wordpress\/ -->\n<title>FSI H52 - FSI<\/title>\n<meta name=\"robots\" content=\"index, follow, max-snippet:-1, max-image-preview:large, max-video-preview:-1\" \/>\n<link rel=\"canonical\" href=\"https:\/\/fsi-stumpcutters.com\/de\/produkt\/hydraulisch\/fsi-h52\/\" \/>\n<meta property=\"og:locale\" content=\"de_DE\" \/>\n<meta property=\"og:type\" content=\"article\" \/>\n<meta property=\"og:title\" content=\"FSI H52 - FSI\" \/>\n<meta property=\"og:description\" content=\"Hydraulically driven stump cutter for fitting to an excavator or similar machine, where the machine itself is used to execute sweep and up\/down movement. Free choice of cutting direction. The cutting direction can easily be set at 45 degree intervals, in the joint between the unit and the fitting plate for the tool attachment. The stump cutters are supplied with an uncoated top plate, on which an optional tool attachment can be fitted. We also provide a selection of tool attachments. The stump cutters require a free-flow return to the tank (leak oil).\" \/>\n<meta property=\"og:url\" content=\"https:\/\/fsi-stumpcutters.com\/de\/produkt\/hydraulisch\/fsi-h52\/\" \/>\n<meta property=\"og:site_name\" content=\"FSI\" \/>\n<meta property=\"article:publisher\" content=\"https:\/\/www.facebook.com\/fsi.dk\" \/>\n<meta property=\"article:modified_time\" content=\"2022-06-08T10:38:05+00:00\" \/>\n<meta property=\"og:image\" content=\"https:\/\/fsi-stumpcutters.com\/wp-content\/uploads\/2023\/07\/FSI-H52-Left-Angled-1-1024x683.png\" \/>\n\t<meta property=\"og:image:width\" content=\"1024\" \/>\n\t<meta property=\"og:image:height\" content=\"683\" \/>\n\t<meta property=\"og:image:type\" content=\"image\/png\" \/>\n<meta name=\"twitter:card\" content=\"summary_large_image\" \/>\n<script type=\"application\/ld+json\" class=\"yoast-schema-graph\">{\"@context\":\"https:\/\/schema.org\",\"@graph\":[{\"@type\":\"WebPage\",\"@id\":\"https:\/\/fsi-stumpcutters.com\/de\/produkt\/hydraulisch\/fsi-h52\/\",\"url\":\"https:\/\/fsi-stumpcutters.com\/de\/produkt\/hydraulisch\/fsi-h52\/\",\"name\":\"FSI H52 - FSI\",\"isPartOf\":{\"@id\":\"https:\/\/fsi-stumpcutters.com\/de\/#website\"},\"primaryImageOfPage\":{\"@id\":\"https:\/\/fsi-stumpcutters.com\/de\/produkt\/hydraulisch\/fsi-h52\/#primaryimage\"},\"image\":{\"@id\":\"https:\/\/fsi-stumpcutters.com\/de\/produkt\/hydraulisch\/fsi-h52\/#primaryimage\"},\"thumbnailUrl\":\"https:\/\/fsi-stumpcutters.com\/wp-content\/uploads\/2023\/07\/FSI-H52-Left-Angled-1.png\",\"datePublished\":\"2022-03-21T10:17:10+00:00\",\"dateModified\":\"2022-06-08T10:38:05+00:00\",\"breadcrumb\":{\"@id\":\"https:\/\/fsi-stumpcutters.com\/de\/produkt\/hydraulisch\/fsi-h52\/#breadcrumb\"},\"inLanguage\":\"de\",\"potentialAction\":[{\"@type\":\"ReadAction\",\"target\":[\"https:\/\/fsi-stumpcutters.com\/de\/produkt\/hydraulisch\/fsi-h52\/\"]}]},{\"@type\":\"ImageObject\",\"inLanguage\":\"de\",\"@id\":\"https:\/\/fsi-stumpcutters.com\/de\/produkt\/hydraulisch\/fsi-h52\/#primaryimage\",\"url\":\"https:\/\/fsi-stumpcutters.com\/wp-content\/uploads\/2023\/07\/FSI-H52-Left-Angled-1.png\",\"contentUrl\":\"https:\/\/fsi-stumpcutters.com\/wp-content\/uploads\/2023\/07\/FSI-H52-Left-Angled-1.png\",\"width\":1620,\"height\":1080},{\"@type\":\"BreadcrumbList\",\"@id\":\"https:\/\/fsi-stumpcutters.com\/de\/produkt\/hydraulisch\/fsi-h52\/#breadcrumb\",\"itemListElement\":[{\"@type\":\"ListItem\",\"position\":1,\"name\":\"Home\",\"item\":\"https:\/\/fsi-stumpcutters.com\/de\/startseite\/\"},{\"@type\":\"ListItem\",\"position\":2,\"name\":\"Produkte\",\"item\":\"https:\/\/fsi-stumpcutters.com\/de\/shop\/\"},{\"@type\":\"ListItem\",\"position\":3,\"name\":\"FSI H52\"}]},{\"@type\":\"WebSite\",\"@id\":\"https:\/\/fsi-stumpcutters.com\/de\/#website\",\"url\":\"https:\/\/fsi-stumpcutters.com\/de\/\",\"name\":\"FSI\",\"description\":\"FSI website\",\"publisher\":{\"@id\":\"https:\/\/fsi-stumpcutters.com\/de\/#organization\"},\"potentialAction\":[{\"@type\":\"SearchAction\",\"target\":{\"@type\":\"EntryPoint\",\"urlTemplate\":\"https:\/\/fsi-stumpcutters.com\/de\/?s={search_term_string}\"},\"query-input\":{\"@type\":\"PropertyValueSpecification\",\"valueRequired\":true,\"valueName\":\"search_term_string\"}}],\"inLanguage\":\"de\"},{\"@type\":\"Organization\",\"@id\":\"https:\/\/fsi-stumpcutters.com\/de\/#organization\",\"name\":\"FSI Stump Cutters\",\"url\":\"https:\/\/fsi-stumpcutters.com\/de\/\",\"logo\":{\"@type\":\"ImageObject\",\"inLanguage\":\"de\",\"@id\":\"https:\/\/fsi-stumpcutters.com\/de\/#\/schema\/logo\/image\/\",\"url\":\"https:\/\/fsi-stumpcutters.com\/wp-content\/uploads\/2022\/10\/FSI-LOGO-PRIMAERT-RODT-RGB.png\",\"contentUrl\":\"https:\/\/fsi-stumpcutters.com\/wp-content\/uploads\/2022\/10\/FSI-LOGO-PRIMAERT-RODT-RGB.png\",\"width\":567,\"height\":567,\"caption\":\"FSI Stump Cutters\"},\"image\":{\"@id\":\"https:\/\/fsi-stumpcutters.com\/de\/#\/schema\/logo\/image\/\"},\"sameAs\":[\"https:\/\/www.facebook.com\/fsi.dk\",\"https:\/\/www.instagram.com\/fsi.dk\/\",\"https:\/\/www.youtube.com\/channel\/UC9KnSaA_SwR9fc2PkSpOpwg\",\"https:\/\/www.linkedin.com\/company\/fsistumpcutters\/\"]}]}<\/script>\n<!-- \/ Yoast SEO plugin. -->","yoast_head_json":{"title":"FSI H52 - FSI","robots":{"index":"index","follow":"follow","max-snippet":"max-snippet:-1","max-image-preview":"max-image-preview:large","max-video-preview":"max-video-preview:-1"},"canonical":"https:\/\/fsi-stumpcutters.com\/de\/produkt\/hydraulisch\/fsi-h52\/","og_locale":"de_DE","og_type":"article","og_title":"FSI H52 - FSI","og_description":"Hydraulically driven stump cutter for fitting to an excavator or similar machine, where the machine itself is used to execute sweep and up\/down movement. Free choice of cutting direction. The cutting direction can easily be set at 45 degree intervals, in the joint between the unit and the fitting plate for the tool attachment. The stump cutters are supplied with an uncoated top plate, on which an optional tool attachment can be fitted. We also provide a selection of tool attachments. The stump cutters require a free-flow return to the tank (leak oil).","og_url":"https:\/\/fsi-stumpcutters.com\/de\/produkt\/hydraulisch\/fsi-h52\/","og_site_name":"FSI","article_publisher":"https:\/\/www.facebook.com\/fsi.dk","article_modified_time":"2022-06-08T10:38:05+00:00","og_image":[{"width":1024,"height":683,"url":"https:\/\/fsi-stumpcutters.com\/wp-content\/uploads\/2023\/07\/FSI-H52-Left-Angled-1-1024x683.png","type":"image\/png"}],"twitter_card":"summary_large_image","schema":{"@context":"https:\/\/schema.org","@graph":[{"@type":"WebPage","@id":"https:\/\/fsi-stumpcutters.com\/de\/produkt\/hydraulisch\/fsi-h52\/","url":"https:\/\/fsi-stumpcutters.com\/de\/produkt\/hydraulisch\/fsi-h52\/","name":"FSI H52 - FSI","isPartOf":{"@id":"https:\/\/fsi-stumpcutters.com\/de\/#website"},"primaryImageOfPage":{"@id":"https:\/\/fsi-stumpcutters.com\/de\/produkt\/hydraulisch\/fsi-h52\/#primaryimage"},"image":{"@id":"https:\/\/fsi-stumpcutters.com\/de\/produkt\/hydraulisch\/fsi-h52\/#primaryimage"},"thumbnailUrl":"https:\/\/fsi-stumpcutters.com\/wp-content\/uploads\/2023\/07\/FSI-H52-Left-Angled-1.png","datePublished":"2022-03-21T10:17:10+00:00","dateModified":"2022-06-08T10:38:05+00:00","breadcrumb":{"@id":"https:\/\/fsi-stumpcutters.com\/de\/produkt\/hydraulisch\/fsi-h52\/#breadcrumb"},"inLanguage":"de","potentialAction":[{"@type":"ReadAction","target":["https:\/\/fsi-stumpcutters.com\/de\/produkt\/hydraulisch\/fsi-h52\/"]}]},{"@type":"ImageObject","inLanguage":"de","@id":"https:\/\/fsi-stumpcutters.com\/de\/produkt\/hydraulisch\/fsi-h52\/#primaryimage","url":"https:\/\/fsi-stumpcutters.com\/wp-content\/uploads\/2023\/07\/FSI-H52-Left-Angled-1.png","contentUrl":"https:\/\/fsi-stumpcutters.com\/wp-content\/uploads\/2023\/07\/FSI-H52-Left-Angled-1.png","width":1620,"height":1080},{"@type":"BreadcrumbList","@id":"https:\/\/fsi-stumpcutters.com\/de\/produkt\/hydraulisch\/fsi-h52\/#breadcrumb","itemListElement":[{"@type":"ListItem","position":1,"name":"Home","item":"https:\/\/fsi-stumpcutters.com\/de\/startseite\/"},{"@type":"ListItem","position":2,"name":"Produkte","item":"https:\/\/fsi-stumpcutters.com\/de\/shop\/"},{"@type":"ListItem","position":3,"name":"FSI H52"}]},{"@type":"WebSite","@id":"https:\/\/fsi-stumpcutters.com\/de\/#website","url":"https:\/\/fsi-stumpcutters.com\/de\/","name":"FSI","description":"FSI website","publisher":{"@id":"https:\/\/fsi-stumpcutters.com\/de\/#organization"},"potentialAction":[{"@type":"SearchAction","target":{"@type":"EntryPoint","urlTemplate":"https:\/\/fsi-stumpcutters.com\/de\/?s={search_term_string}"},"query-input":{"@type":"PropertyValueSpecification","valueRequired":true,"valueName":"search_term_string"}}],"inLanguage":"de"},{"@type":"Organization","@id":"https:\/\/fsi-stumpcutters.com\/de\/#organization","name":"FSI Stump Cutters","url":"https:\/\/fsi-stumpcutters.com\/de\/","logo":{"@type":"ImageObject","inLanguage":"de","@id":"https:\/\/fsi-stumpcutters.com\/de\/#\/schema\/logo\/image\/","url":"https:\/\/fsi-stumpcutters.com\/wp-content\/uploads\/2022\/10\/FSI-LOGO-PRIMAERT-RODT-RGB.png","contentUrl":"https:\/\/fsi-stumpcutters.com\/wp-content\/uploads\/2022\/10\/FSI-LOGO-PRIMAERT-RODT-RGB.png","width":567,"height":567,"caption":"FSI Stump Cutters"},"image":{"@id":"https:\/\/fsi-stumpcutters.com\/de\/#\/schema\/logo\/image\/"},"sameAs":["https:\/\/www.facebook.com\/fsi.dk","https:\/\/www.instagram.com\/fsi.dk\/","https:\/\/www.youtube.com\/channel\/UC9KnSaA_SwR9fc2PkSpOpwg","https:\/\/www.linkedin.com\/company\/fsistumpcutters\/"]}]}},"_links":{"self":[{"href":"https:\/\/fsi-stumpcutters.com\/de\/wp-json\/wp\/v2\/product\/11044","targetHints":{"allow":["GET"]}}],"collection":[{"href":"https:\/\/fsi-stumpcutters.com\/de\/wp-json\/wp\/v2\/product"}],"about":[{"href":"https:\/\/fsi-stumpcutters.com\/de\/wp-json\/wp\/v2\/types\/product"}],"wp:featuredmedia":[{"embeddable":true,"href":"https:\/\/fsi-stumpcutters.com\/de\/wp-json\/wp\/v2\/media\/16435"}],"wp:attachment":[{"href":"https:\/\/fsi-stumpcutters.com\/de\/wp-json\/wp\/v2\/media?parent=11044"}],"wp:term":[{"taxonomy":"product_brand","embeddable":true,"href":"https:\/\/fsi-stumpcutters.com\/de\/wp-json\/wp\/v2\/product_brand?post=11044"},{"taxonomy":"product_cat","embeddable":true,"href":"https:\/\/fsi-stumpcutters.com\/de\/wp-json\/wp\/v2\/product_cat?post=11044"},{"taxonomy":"product_tag","embeddable":true,"href":"https:\/\/fsi-stumpcutters.com\/de\/wp-json\/wp\/v2\/product_tag?post=11044"}],"curies":[{"name":"wp","href":"https:\/\/api.w.org\/{rel}","templated":true}]}}