{"id":11023,"date":"2022-03-21T11:11:51","date_gmt":"2022-03-21T10:11:51","guid":{"rendered":"http:\/\/fsi.test\/product\/fsi-h20s\/"},"modified":"2022-06-08T12:42:33","modified_gmt":"2022-06-08T10:42:33","slug":"fsi-h20s","status":"publish","type":"product","link":"https:\/\/fsi-stumpcutters.com\/de\/produkt\/hydraulisch\/fsi-h20s\/","title":{"rendered":"FSI H20S"},"content":{"rendered":"<p>FSI H20S ist eine Stubbenfr\u00e4se mit integrierter Drehfunktion, die an Lader und Ger\u00e4tetr\u00e4ger angebaut wird.<br \/>\nDie empfohlene Maschinengr\u00f6\u00dfe betr\u00e4gt 1,5 bis 2,5 Tonnen.<\/p>\n<p>H20S wird mithilfe eines Ger\u00e4tetr\u00e4gers\/einer Kupplung befestigt. Zwei Zylinder, die vom Schaltkasten aus gelenkt werden oder an einen vorhandenen Joystick angeschlossen werden, sorgen f\u00fcr die Drehbewegung.<br \/>\nDie Maschine hat ein Flansch zur Befestigung eines Ger\u00e4tetr\u00e4gers. Hydraulikschl\u00e4uche sind Teil des Lieferumfangs.<\/p>\n","protected":false},"excerpt":{"rendered":"<p>Hydraulic driven stump cutter with integrated sweep movement for fitting to loaders and tool carriers. The stump cutter is supplied with an uncoated<br \/>\nbackplate to which an attachment can be fitted. FSI provides a range of adaptor brackets suitable for the most common tool carriers and loaders upon<br \/>\nrequest.<br \/>\nTwo hydraulic cylinders ensure a stable sweeping movement in either direction. Control of the sweeping movement can be done either from the tool<br \/>\ncarrier or by an electronic control box depending on the connectors available on the tool carrier or loader.<br \/>\nFSI HxxS stump cutters require a free-flow return to the tank (leak oil).<\/p>\n","protected":false},"featured_media":16533,"template":"","meta":[],"product_brand":[],"product_cat":[94],"product_tag":[],"class_list":{"0":"post-11023","1":"product","2":"type-product","3":"status-publish","4":"has-post-thumbnail","6":"product_cat-hydraulisch","8":"first","9":"instock","10":"shipping-taxable","11":"product-type-simple"},"acf":[],"yoast_head":"<!-- This site is optimized with the Yoast SEO plugin v27.0 - https:\/\/yoast.com\/product\/yoast-seo-wordpress\/ -->\n<title>FSI H20S - FSI<\/title>\n<meta name=\"robots\" content=\"index, follow, max-snippet:-1, max-image-preview:large, max-video-preview:-1\" \/>\n<link rel=\"canonical\" href=\"https:\/\/fsi-stumpcutters.com\/de\/produkt\/hydraulisch\/fsi-h20s\/\" \/>\n<meta property=\"og:locale\" content=\"de_DE\" \/>\n<meta property=\"og:type\" content=\"article\" \/>\n<meta property=\"og:title\" content=\"FSI H20S - FSI\" \/>\n<meta property=\"og:description\" content=\"Hydraulic driven stump cutter with integrated sweep movement for fitting to loaders and tool carriers. The stump cutter is supplied with an uncoated backplate to which an attachment can be fitted. FSI provides a range of adaptor brackets suitable for the most common tool carriers and loaders upon request. Two hydraulic cylinders ensure a stable sweeping movement in either direction. Control of the sweeping movement can be done either from the tool carrier or by an electronic control box depending on the connectors available on the tool carrier or loader. FSI HxxS stump cutters require a free-flow return to the tank (leak oil).\" \/>\n<meta property=\"og:url\" content=\"https:\/\/fsi-stumpcutters.com\/de\/produkt\/hydraulisch\/fsi-h20s\/\" \/>\n<meta property=\"og:site_name\" content=\"FSI\" \/>\n<meta property=\"article:publisher\" content=\"https:\/\/www.facebook.com\/fsi.dk\" \/>\n<meta property=\"article:modified_time\" content=\"2022-06-08T10:42:33+00:00\" \/>\n<meta property=\"og:image\" content=\"https:\/\/fsi-stumpcutters.com\/wp-content\/uploads\/2022\/03\/P1030940-900x750-1.jpg\" \/>\n\t<meta property=\"og:image:width\" content=\"900\" \/>\n\t<meta property=\"og:image:height\" content=\"601\" \/>\n\t<meta property=\"og:image:type\" content=\"image\/jpeg\" \/>\n<meta name=\"twitter:card\" content=\"summary_large_image\" \/>\n<script type=\"application\/ld+json\" class=\"yoast-schema-graph\">{\"@context\":\"https:\/\/schema.org\",\"@graph\":[{\"@type\":\"WebPage\",\"@id\":\"https:\/\/fsi-stumpcutters.com\/de\/produkt\/hydraulisch\/fsi-h20s\/\",\"url\":\"https:\/\/fsi-stumpcutters.com\/de\/produkt\/hydraulisch\/fsi-h20s\/\",\"name\":\"FSI H20S - FSI\",\"isPartOf\":{\"@id\":\"https:\/\/fsi-stumpcutters.com\/de\/#website\"},\"primaryImageOfPage\":{\"@id\":\"https:\/\/fsi-stumpcutters.com\/de\/produkt\/hydraulisch\/fsi-h20s\/#primaryimage\"},\"image\":{\"@id\":\"https:\/\/fsi-stumpcutters.com\/de\/produkt\/hydraulisch\/fsi-h20s\/#primaryimage\"},\"thumbnailUrl\":\"https:\/\/fsi-stumpcutters.com\/wp-content\/uploads\/2023\/07\/FSI-H20S-Right-Angled.png\",\"datePublished\":\"2022-03-21T10:11:51+00:00\",\"dateModified\":\"2022-06-08T10:42:33+00:00\",\"breadcrumb\":{\"@id\":\"https:\/\/fsi-stumpcutters.com\/de\/produkt\/hydraulisch\/fsi-h20s\/#breadcrumb\"},\"inLanguage\":\"de\",\"potentialAction\":[{\"@type\":\"ReadAction\",\"target\":[\"https:\/\/fsi-stumpcutters.com\/de\/produkt\/hydraulisch\/fsi-h20s\/\"]}]},{\"@type\":\"ImageObject\",\"inLanguage\":\"de\",\"@id\":\"https:\/\/fsi-stumpcutters.com\/de\/produkt\/hydraulisch\/fsi-h20s\/#primaryimage\",\"url\":\"https:\/\/fsi-stumpcutters.com\/wp-content\/uploads\/2023\/07\/FSI-H20S-Right-Angled.png\",\"contentUrl\":\"https:\/\/fsi-stumpcutters.com\/wp-content\/uploads\/2023\/07\/FSI-H20S-Right-Angled.png\",\"width\":1620,\"height\":1080},{\"@type\":\"BreadcrumbList\",\"@id\":\"https:\/\/fsi-stumpcutters.com\/de\/produkt\/hydraulisch\/fsi-h20s\/#breadcrumb\",\"itemListElement\":[{\"@type\":\"ListItem\",\"position\":1,\"name\":\"Home\",\"item\":\"https:\/\/fsi-stumpcutters.com\/de\/startseite\/\"},{\"@type\":\"ListItem\",\"position\":2,\"name\":\"Produkte\",\"item\":\"https:\/\/fsi-stumpcutters.com\/de\/shop\/\"},{\"@type\":\"ListItem\",\"position\":3,\"name\":\"FSI H20S\"}]},{\"@type\":\"WebSite\",\"@id\":\"https:\/\/fsi-stumpcutters.com\/de\/#website\",\"url\":\"https:\/\/fsi-stumpcutters.com\/de\/\",\"name\":\"FSI\",\"description\":\"FSI website\",\"publisher\":{\"@id\":\"https:\/\/fsi-stumpcutters.com\/de\/#organization\"},\"potentialAction\":[{\"@type\":\"SearchAction\",\"target\":{\"@type\":\"EntryPoint\",\"urlTemplate\":\"https:\/\/fsi-stumpcutters.com\/de\/?s={search_term_string}\"},\"query-input\":{\"@type\":\"PropertyValueSpecification\",\"valueRequired\":true,\"valueName\":\"search_term_string\"}}],\"inLanguage\":\"de\"},{\"@type\":\"Organization\",\"@id\":\"https:\/\/fsi-stumpcutters.com\/de\/#organization\",\"name\":\"FSI Stump Cutters\",\"url\":\"https:\/\/fsi-stumpcutters.com\/de\/\",\"logo\":{\"@type\":\"ImageObject\",\"inLanguage\":\"de\",\"@id\":\"https:\/\/fsi-stumpcutters.com\/de\/#\/schema\/logo\/image\/\",\"url\":\"https:\/\/fsi-stumpcutters.com\/wp-content\/uploads\/2022\/10\/FSI-LOGO-PRIMAERT-RODT-RGB.png\",\"contentUrl\":\"https:\/\/fsi-stumpcutters.com\/wp-content\/uploads\/2022\/10\/FSI-LOGO-PRIMAERT-RODT-RGB.png\",\"width\":567,\"height\":567,\"caption\":\"FSI Stump Cutters\"},\"image\":{\"@id\":\"https:\/\/fsi-stumpcutters.com\/de\/#\/schema\/logo\/image\/\"},\"sameAs\":[\"https:\/\/www.facebook.com\/fsi.dk\",\"https:\/\/www.instagram.com\/fsi.dk\/\",\"https:\/\/www.youtube.com\/channel\/UC9KnSaA_SwR9fc2PkSpOpwg\",\"https:\/\/www.linkedin.com\/company\/fsistumpcutters\/\"]}]}<\/script>\n<!-- \/ Yoast SEO plugin. -->","yoast_head_json":{"title":"FSI H20S - FSI","robots":{"index":"index","follow":"follow","max-snippet":"max-snippet:-1","max-image-preview":"max-image-preview:large","max-video-preview":"max-video-preview:-1"},"canonical":"https:\/\/fsi-stumpcutters.com\/de\/produkt\/hydraulisch\/fsi-h20s\/","og_locale":"de_DE","og_type":"article","og_title":"FSI H20S - FSI","og_description":"Hydraulic driven stump cutter with integrated sweep movement for fitting to loaders and tool carriers. The stump cutter is supplied with an uncoated backplate to which an attachment can be fitted. FSI provides a range of adaptor brackets suitable for the most common tool carriers and loaders upon request. Two hydraulic cylinders ensure a stable sweeping movement in either direction. Control of the sweeping movement can be done either from the tool carrier or by an electronic control box depending on the connectors available on the tool carrier or loader. FSI HxxS stump cutters require a free-flow return to the tank (leak oil).","og_url":"https:\/\/fsi-stumpcutters.com\/de\/produkt\/hydraulisch\/fsi-h20s\/","og_site_name":"FSI","article_publisher":"https:\/\/www.facebook.com\/fsi.dk","article_modified_time":"2022-06-08T10:42:33+00:00","og_image":[{"width":900,"height":601,"url":"https:\/\/fsi-stumpcutters.com\/wp-content\/uploads\/2022\/03\/P1030940-900x750-1.jpg","type":"image\/jpeg"}],"twitter_card":"summary_large_image","schema":{"@context":"https:\/\/schema.org","@graph":[{"@type":"WebPage","@id":"https:\/\/fsi-stumpcutters.com\/de\/produkt\/hydraulisch\/fsi-h20s\/","url":"https:\/\/fsi-stumpcutters.com\/de\/produkt\/hydraulisch\/fsi-h20s\/","name":"FSI H20S - FSI","isPartOf":{"@id":"https:\/\/fsi-stumpcutters.com\/de\/#website"},"primaryImageOfPage":{"@id":"https:\/\/fsi-stumpcutters.com\/de\/produkt\/hydraulisch\/fsi-h20s\/#primaryimage"},"image":{"@id":"https:\/\/fsi-stumpcutters.com\/de\/produkt\/hydraulisch\/fsi-h20s\/#primaryimage"},"thumbnailUrl":"https:\/\/fsi-stumpcutters.com\/wp-content\/uploads\/2023\/07\/FSI-H20S-Right-Angled.png","datePublished":"2022-03-21T10:11:51+00:00","dateModified":"2022-06-08T10:42:33+00:00","breadcrumb":{"@id":"https:\/\/fsi-stumpcutters.com\/de\/produkt\/hydraulisch\/fsi-h20s\/#breadcrumb"},"inLanguage":"de","potentialAction":[{"@type":"ReadAction","target":["https:\/\/fsi-stumpcutters.com\/de\/produkt\/hydraulisch\/fsi-h20s\/"]}]},{"@type":"ImageObject","inLanguage":"de","@id":"https:\/\/fsi-stumpcutters.com\/de\/produkt\/hydraulisch\/fsi-h20s\/#primaryimage","url":"https:\/\/fsi-stumpcutters.com\/wp-content\/uploads\/2023\/07\/FSI-H20S-Right-Angled.png","contentUrl":"https:\/\/fsi-stumpcutters.com\/wp-content\/uploads\/2023\/07\/FSI-H20S-Right-Angled.png","width":1620,"height":1080},{"@type":"BreadcrumbList","@id":"https:\/\/fsi-stumpcutters.com\/de\/produkt\/hydraulisch\/fsi-h20s\/#breadcrumb","itemListElement":[{"@type":"ListItem","position":1,"name":"Home","item":"https:\/\/fsi-stumpcutters.com\/de\/startseite\/"},{"@type":"ListItem","position":2,"name":"Produkte","item":"https:\/\/fsi-stumpcutters.com\/de\/shop\/"},{"@type":"ListItem","position":3,"name":"FSI H20S"}]},{"@type":"WebSite","@id":"https:\/\/fsi-stumpcutters.com\/de\/#website","url":"https:\/\/fsi-stumpcutters.com\/de\/","name":"FSI","description":"FSI website","publisher":{"@id":"https:\/\/fsi-stumpcutters.com\/de\/#organization"},"potentialAction":[{"@type":"SearchAction","target":{"@type":"EntryPoint","urlTemplate":"https:\/\/fsi-stumpcutters.com\/de\/?s={search_term_string}"},"query-input":{"@type":"PropertyValueSpecification","valueRequired":true,"valueName":"search_term_string"}}],"inLanguage":"de"},{"@type":"Organization","@id":"https:\/\/fsi-stumpcutters.com\/de\/#organization","name":"FSI Stump Cutters","url":"https:\/\/fsi-stumpcutters.com\/de\/","logo":{"@type":"ImageObject","inLanguage":"de","@id":"https:\/\/fsi-stumpcutters.com\/de\/#\/schema\/logo\/image\/","url":"https:\/\/fsi-stumpcutters.com\/wp-content\/uploads\/2022\/10\/FSI-LOGO-PRIMAERT-RODT-RGB.png","contentUrl":"https:\/\/fsi-stumpcutters.com\/wp-content\/uploads\/2022\/10\/FSI-LOGO-PRIMAERT-RODT-RGB.png","width":567,"height":567,"caption":"FSI Stump Cutters"},"image":{"@id":"https:\/\/fsi-stumpcutters.com\/de\/#\/schema\/logo\/image\/"},"sameAs":["https:\/\/www.facebook.com\/fsi.dk","https:\/\/www.instagram.com\/fsi.dk\/","https:\/\/www.youtube.com\/channel\/UC9KnSaA_SwR9fc2PkSpOpwg","https:\/\/www.linkedin.com\/company\/fsistumpcutters\/"]}]}},"_links":{"self":[{"href":"https:\/\/fsi-stumpcutters.com\/de\/wp-json\/wp\/v2\/product\/11023","targetHints":{"allow":["GET"]}}],"collection":[{"href":"https:\/\/fsi-stumpcutters.com\/de\/wp-json\/wp\/v2\/product"}],"about":[{"href":"https:\/\/fsi-stumpcutters.com\/de\/wp-json\/wp\/v2\/types\/product"}],"wp:featuredmedia":[{"embeddable":true,"href":"https:\/\/fsi-stumpcutters.com\/de\/wp-json\/wp\/v2\/media\/16533"}],"wp:attachment":[{"href":"https:\/\/fsi-stumpcutters.com\/de\/wp-json\/wp\/v2\/media?parent=11023"}],"wp:term":[{"taxonomy":"product_brand","embeddable":true,"href":"https:\/\/fsi-stumpcutters.com\/de\/wp-json\/wp\/v2\/product_brand?post=11023"},{"taxonomy":"product_cat","embeddable":true,"href":"https:\/\/fsi-stumpcutters.com\/de\/wp-json\/wp\/v2\/product_cat?post=11023"},{"taxonomy":"product_tag","embeddable":true,"href":"https:\/\/fsi-stumpcutters.com\/de\/wp-json\/wp\/v2\/product_tag?post=11023"}],"curies":[{"name":"wp","href":"https:\/\/api.w.org\/{rel}","templated":true}]}}