{"id":11012,"date":"2022-03-21T10:30:24","date_gmt":"2022-03-21T09:30:24","guid":{"rendered":"http:\/\/fsi.test\/product\/fsi-d60\/"},"modified":"2022-06-08T12:49:06","modified_gmt":"2022-06-08T10:49:06","slug":"fsi-d60","status":"publish","type":"product","link":"https:\/\/fsi-stumpcutters.com\/de\/produkt\/motor\/fsi-d60\/","title":{"rendered":"FSI D60"},"content":{"rendered":"<ul>\n<li><strong>Maschinenbreite 80 cm<\/strong><\/li>\n<li><strong>Schwenkbereich 170 cm<\/strong><\/li>\n<li><strong>Fr\u00e4stiefe 44 cm<\/strong><\/li>\n<li><strong>Fahrantrieb 4WD mit Sperrdif.<\/strong><\/li>\n<li><strong>Hatz 60 PS Diesel Motor<\/strong><\/li>\n<li><strong>Funkfernbedienung<\/strong><\/li>\n<\/ul>\n<p>Serienm\u00e4\u00dfige Ausstattung:<\/p>\n<ul>\n<li>FSI power-drive HI\/LO mit Sperr diferenziale<\/li>\n<li>HI 2-Radantrieb, fahrgeschweindigkeit bis 3,5 km\/t<\/li>\n<li>LO 4-Radantrieb mit sperrdifferential und doppelte Traction und halbe fahrgeschweindigkeit<\/li>\n<li>Automatische Rad-Bremsen<\/li>\n<li>Zwillingebereifung, einfach abnehmbar<\/li>\n<li>Skid-steer reifen vorn, sorgt f\u00fcr aussergew\u00f6hnliche Traction<\/li>\n<li>Elektro-mechanische Kupplung mit Bremse<\/li>\n<li>Bremse f\u00fcr schnelle stop vom Fr\u00e4sscheibe beim abkupplung<\/li>\n<li>FSI power-sweep &#8211; Autopilot af den Schwenkbewegung<\/li>\n<li>Keilriemenantrieb f\u00fcr starke Kraft\u00fcbertragung<\/li>\n<li>3-fach drehbare Fr\u00e4szahn mit FSI Halter<\/li>\n<li>FSI power-cut spezial designed Fr\u00e4sscheibe f\u00fcr optimal Fr\u00e4sleistung<\/li>\n<li>Wartungsfreies Lagergeh\u00e4use f\u00fcr das Fr\u00e4srad<\/li>\n<li>Befestigungsaugen f\u00fcr transport<\/li>\n<li>Hebe\u00f6sen f\u00fcr Kran<\/li>\n<li>Funkfernbedienung mit Ladeger\u00e4t, extra Batteri undKabel-verbindung<\/li>\n<li>Abschlie\u00dfbarer ablegerplatz f\u00fcr Funkfernbedienung<\/li>\n<li>LED-Beleuchtung<\/li>\n<li>Angelenkt 3-seitiger Sicherheitsschuts beim Fr\u00e4srad<\/li>\n<li>Abschlie\u00dfbarer Zugang zu Kraftstoff und Hydraulik\u00f6l Bef\u00fcllung<\/li>\n<li>Werkzeugsatssatz<\/li>\n<li>Integrierte Werkzeugskiste<\/li>\n<\/ul>\n<p>Zubeh\u00f6r: Hydraulische Planierschild<\/p>\n<p>FSI D60 ist auch lieferbar als:<\/p>\n<ul>\n<li>FSI D60 TRACK (Auf Kettenfahrwerk mit Funkfernbedienung)<\/li>\n<\/ul>\n","protected":false},"excerpt":{"rendered":"<ul>\n<li>Fast braking of cutter disc on disengaging<\/li>\n<li>Gear and V-belt drive for optimal power transmission<\/li>\n<li>Hydraulically controlled mechanical clutch<\/li>\n<li>Maintenance-free bearing housing at cutting head<\/li>\n<li>FSI power-sweep \u2013 intelligent sweep controller for top performance<\/li>\n<li>FSI power-cut \u2013 optimised cutting disc<\/li>\n<li>Scanreco radio control with extra battery, battery charger and cable<\/li>\n<li>Lockable storage space for radio remote control<\/li>\n<li>LED work light<\/li>\n<li>Flex chip guard for optimal chip collection<\/li>\n<li>Lockable access to fuel- and hydraulic filling points<\/li>\n<li>Easily accessible lashing &amp; lifting points<\/li>\n<li>Tool set<\/li>\n<\/ul>\n","protected":false},"featured_media":12761,"template":"","meta":[],"product_brand":[],"product_cat":[91],"product_tag":[],"class_list":{"0":"post-11012","1":"product","2":"type-product","3":"status-publish","4":"has-post-thumbnail","6":"product_cat-motor","8":"first","9":"instock","10":"shipping-taxable","11":"product-type-simple"},"acf":[],"yoast_head":"<!-- This site is optimized with the Yoast SEO plugin v27.0 - https:\/\/yoast.com\/product\/yoast-seo-wordpress\/ -->\n<title>FSI D60 - FSI<\/title>\n<meta name=\"robots\" content=\"index, follow, max-snippet:-1, max-image-preview:large, max-video-preview:-1\" \/>\n<link rel=\"canonical\" href=\"https:\/\/fsi-stumpcutters.com\/de\/produkt\/motor\/fsi-d60\/\" \/>\n<meta property=\"og:locale\" content=\"de_DE\" \/>\n<meta property=\"og:type\" content=\"article\" \/>\n<meta property=\"og:title\" content=\"FSI D60 - FSI\" \/>\n<meta property=\"og:description\" content=\"Fast braking of cutter disc on disengaging  Gear and V-belt drive for optimal power transmission  Hydraulically controlled mechanical clutch  Maintenance-free bearing housing at cutting head  FSI power-sweep \u2013 intelligent sweep controller for top performance  FSI power-cut \u2013 optimised cutting disc  Scanreco radio control with extra battery, battery charger and cable  Lockable storage space for radio remote control  LED work light  Flex chip guard for optimal chip collection  Lockable access to fuel- and hydraulic filling points  Easily accessible lashing &amp; lifting points  Tool set\" \/>\n<meta property=\"og:url\" content=\"https:\/\/fsi-stumpcutters.com\/de\/produkt\/motor\/fsi-d60\/\" \/>\n<meta property=\"og:site_name\" content=\"FSI\" \/>\n<meta property=\"article:publisher\" content=\"https:\/\/www.facebook.com\/fsi.dk\" \/>\n<meta property=\"article:modified_time\" content=\"2022-06-08T10:49:06+00:00\" \/>\n<meta property=\"og:image\" content=\"https:\/\/fsi-stumpcutters.com\/wp-content\/uploads\/2022\/03\/FSI-D60-Angle-Right-HI-900x750-1.jpg\" \/>\n\t<meta property=\"og:image:width\" content=\"900\" \/>\n\t<meta property=\"og:image:height\" content=\"600\" \/>\n\t<meta property=\"og:image:type\" content=\"image\/jpeg\" \/>\n<meta name=\"twitter:card\" content=\"summary_large_image\" \/>\n<meta name=\"twitter:label1\" content=\"Gesch\u00e4tzte Lesezeit\" \/>\n\t<meta name=\"twitter:data1\" content=\"1\u00a0Minute\" \/>\n<script type=\"application\/ld+json\" class=\"yoast-schema-graph\">{\"@context\":\"https:\/\/schema.org\",\"@graph\":[{\"@type\":\"WebPage\",\"@id\":\"https:\/\/fsi-stumpcutters.com\/de\/produkt\/motor\/fsi-d60\/\",\"url\":\"https:\/\/fsi-stumpcutters.com\/de\/produkt\/motor\/fsi-d60\/\",\"name\":\"FSI D60 - FSI\",\"isPartOf\":{\"@id\":\"https:\/\/fsi-stumpcutters.com\/de\/#website\"},\"primaryImageOfPage\":{\"@id\":\"https:\/\/fsi-stumpcutters.com\/de\/produkt\/motor\/fsi-d60\/#primaryimage\"},\"image\":{\"@id\":\"https:\/\/fsi-stumpcutters.com\/de\/produkt\/motor\/fsi-d60\/#primaryimage\"},\"thumbnailUrl\":\"https:\/\/fsi-stumpcutters.com\/wp-content\/uploads\/2022\/03\/FSI-D60-Angle-Right-HI-900x750-1.jpg\",\"datePublished\":\"2022-03-21T09:30:24+00:00\",\"dateModified\":\"2022-06-08T10:49:06+00:00\",\"breadcrumb\":{\"@id\":\"https:\/\/fsi-stumpcutters.com\/de\/produkt\/motor\/fsi-d60\/#breadcrumb\"},\"inLanguage\":\"de\",\"potentialAction\":[{\"@type\":\"ReadAction\",\"target\":[\"https:\/\/fsi-stumpcutters.com\/de\/produkt\/motor\/fsi-d60\/\"]}]},{\"@type\":\"ImageObject\",\"inLanguage\":\"de\",\"@id\":\"https:\/\/fsi-stumpcutters.com\/de\/produkt\/motor\/fsi-d60\/#primaryimage\",\"url\":\"https:\/\/fsi-stumpcutters.com\/wp-content\/uploads\/2022\/03\/FSI-D60-Angle-Right-HI-900x750-1.jpg\",\"contentUrl\":\"https:\/\/fsi-stumpcutters.com\/wp-content\/uploads\/2022\/03\/FSI-D60-Angle-Right-HI-900x750-1.jpg\",\"width\":900,\"height\":600},{\"@type\":\"BreadcrumbList\",\"@id\":\"https:\/\/fsi-stumpcutters.com\/de\/produkt\/motor\/fsi-d60\/#breadcrumb\",\"itemListElement\":[{\"@type\":\"ListItem\",\"position\":1,\"name\":\"Home\",\"item\":\"https:\/\/fsi-stumpcutters.com\/de\/startseite\/\"},{\"@type\":\"ListItem\",\"position\":2,\"name\":\"Produkte\",\"item\":\"https:\/\/fsi-stumpcutters.com\/de\/shop\/\"},{\"@type\":\"ListItem\",\"position\":3,\"name\":\"FSI D60\"}]},{\"@type\":\"WebSite\",\"@id\":\"https:\/\/fsi-stumpcutters.com\/de\/#website\",\"url\":\"https:\/\/fsi-stumpcutters.com\/de\/\",\"name\":\"FSI\",\"description\":\"FSI website\",\"publisher\":{\"@id\":\"https:\/\/fsi-stumpcutters.com\/de\/#organization\"},\"potentialAction\":[{\"@type\":\"SearchAction\",\"target\":{\"@type\":\"EntryPoint\",\"urlTemplate\":\"https:\/\/fsi-stumpcutters.com\/de\/?s={search_term_string}\"},\"query-input\":{\"@type\":\"PropertyValueSpecification\",\"valueRequired\":true,\"valueName\":\"search_term_string\"}}],\"inLanguage\":\"de\"},{\"@type\":\"Organization\",\"@id\":\"https:\/\/fsi-stumpcutters.com\/de\/#organization\",\"name\":\"FSI Stump Cutters\",\"url\":\"https:\/\/fsi-stumpcutters.com\/de\/\",\"logo\":{\"@type\":\"ImageObject\",\"inLanguage\":\"de\",\"@id\":\"https:\/\/fsi-stumpcutters.com\/de\/#\/schema\/logo\/image\/\",\"url\":\"https:\/\/fsi-stumpcutters.com\/wp-content\/uploads\/2022\/10\/FSI-LOGO-PRIMAERT-RODT-RGB.png\",\"contentUrl\":\"https:\/\/fsi-stumpcutters.com\/wp-content\/uploads\/2022\/10\/FSI-LOGO-PRIMAERT-RODT-RGB.png\",\"width\":567,\"height\":567,\"caption\":\"FSI Stump Cutters\"},\"image\":{\"@id\":\"https:\/\/fsi-stumpcutters.com\/de\/#\/schema\/logo\/image\/\"},\"sameAs\":[\"https:\/\/www.facebook.com\/fsi.dk\",\"https:\/\/www.instagram.com\/fsi.dk\/\",\"https:\/\/www.youtube.com\/channel\/UC9KnSaA_SwR9fc2PkSpOpwg\",\"https:\/\/www.linkedin.com\/company\/fsistumpcutters\/\"]}]}<\/script>\n<!-- \/ Yoast SEO plugin. -->","yoast_head_json":{"title":"FSI D60 - FSI","robots":{"index":"index","follow":"follow","max-snippet":"max-snippet:-1","max-image-preview":"max-image-preview:large","max-video-preview":"max-video-preview:-1"},"canonical":"https:\/\/fsi-stumpcutters.com\/de\/produkt\/motor\/fsi-d60\/","og_locale":"de_DE","og_type":"article","og_title":"FSI D60 - FSI","og_description":"Fast braking of cutter disc on disengaging  Gear and V-belt drive for optimal power transmission  Hydraulically controlled mechanical clutch  Maintenance-free bearing housing at cutting head  FSI power-sweep \u2013 intelligent sweep controller for top performance  FSI power-cut \u2013 optimised cutting disc  Scanreco radio control with extra battery, battery charger and cable  Lockable storage space for radio remote control  LED work light  Flex chip guard for optimal chip collection  Lockable access to fuel- and hydraulic filling points  Easily accessible lashing &amp; lifting points  Tool set","og_url":"https:\/\/fsi-stumpcutters.com\/de\/produkt\/motor\/fsi-d60\/","og_site_name":"FSI","article_publisher":"https:\/\/www.facebook.com\/fsi.dk","article_modified_time":"2022-06-08T10:49:06+00:00","og_image":[{"width":900,"height":600,"url":"https:\/\/fsi-stumpcutters.com\/wp-content\/uploads\/2022\/03\/FSI-D60-Angle-Right-HI-900x750-1.jpg","type":"image\/jpeg"}],"twitter_card":"summary_large_image","twitter_misc":{"Gesch\u00e4tzte Lesezeit":"1\u00a0Minute"},"schema":{"@context":"https:\/\/schema.org","@graph":[{"@type":"WebPage","@id":"https:\/\/fsi-stumpcutters.com\/de\/produkt\/motor\/fsi-d60\/","url":"https:\/\/fsi-stumpcutters.com\/de\/produkt\/motor\/fsi-d60\/","name":"FSI D60 - FSI","isPartOf":{"@id":"https:\/\/fsi-stumpcutters.com\/de\/#website"},"primaryImageOfPage":{"@id":"https:\/\/fsi-stumpcutters.com\/de\/produkt\/motor\/fsi-d60\/#primaryimage"},"image":{"@id":"https:\/\/fsi-stumpcutters.com\/de\/produkt\/motor\/fsi-d60\/#primaryimage"},"thumbnailUrl":"https:\/\/fsi-stumpcutters.com\/wp-content\/uploads\/2022\/03\/FSI-D60-Angle-Right-HI-900x750-1.jpg","datePublished":"2022-03-21T09:30:24+00:00","dateModified":"2022-06-08T10:49:06+00:00","breadcrumb":{"@id":"https:\/\/fsi-stumpcutters.com\/de\/produkt\/motor\/fsi-d60\/#breadcrumb"},"inLanguage":"de","potentialAction":[{"@type":"ReadAction","target":["https:\/\/fsi-stumpcutters.com\/de\/produkt\/motor\/fsi-d60\/"]}]},{"@type":"ImageObject","inLanguage":"de","@id":"https:\/\/fsi-stumpcutters.com\/de\/produkt\/motor\/fsi-d60\/#primaryimage","url":"https:\/\/fsi-stumpcutters.com\/wp-content\/uploads\/2022\/03\/FSI-D60-Angle-Right-HI-900x750-1.jpg","contentUrl":"https:\/\/fsi-stumpcutters.com\/wp-content\/uploads\/2022\/03\/FSI-D60-Angle-Right-HI-900x750-1.jpg","width":900,"height":600},{"@type":"BreadcrumbList","@id":"https:\/\/fsi-stumpcutters.com\/de\/produkt\/motor\/fsi-d60\/#breadcrumb","itemListElement":[{"@type":"ListItem","position":1,"name":"Home","item":"https:\/\/fsi-stumpcutters.com\/de\/startseite\/"},{"@type":"ListItem","position":2,"name":"Produkte","item":"https:\/\/fsi-stumpcutters.com\/de\/shop\/"},{"@type":"ListItem","position":3,"name":"FSI D60"}]},{"@type":"WebSite","@id":"https:\/\/fsi-stumpcutters.com\/de\/#website","url":"https:\/\/fsi-stumpcutters.com\/de\/","name":"FSI","description":"FSI website","publisher":{"@id":"https:\/\/fsi-stumpcutters.com\/de\/#organization"},"potentialAction":[{"@type":"SearchAction","target":{"@type":"EntryPoint","urlTemplate":"https:\/\/fsi-stumpcutters.com\/de\/?s={search_term_string}"},"query-input":{"@type":"PropertyValueSpecification","valueRequired":true,"valueName":"search_term_string"}}],"inLanguage":"de"},{"@type":"Organization","@id":"https:\/\/fsi-stumpcutters.com\/de\/#organization","name":"FSI Stump Cutters","url":"https:\/\/fsi-stumpcutters.com\/de\/","logo":{"@type":"ImageObject","inLanguage":"de","@id":"https:\/\/fsi-stumpcutters.com\/de\/#\/schema\/logo\/image\/","url":"https:\/\/fsi-stumpcutters.com\/wp-content\/uploads\/2022\/10\/FSI-LOGO-PRIMAERT-RODT-RGB.png","contentUrl":"https:\/\/fsi-stumpcutters.com\/wp-content\/uploads\/2022\/10\/FSI-LOGO-PRIMAERT-RODT-RGB.png","width":567,"height":567,"caption":"FSI Stump Cutters"},"image":{"@id":"https:\/\/fsi-stumpcutters.com\/de\/#\/schema\/logo\/image\/"},"sameAs":["https:\/\/www.facebook.com\/fsi.dk","https:\/\/www.instagram.com\/fsi.dk\/","https:\/\/www.youtube.com\/channel\/UC9KnSaA_SwR9fc2PkSpOpwg","https:\/\/www.linkedin.com\/company\/fsistumpcutters\/"]}]}},"_links":{"self":[{"href":"https:\/\/fsi-stumpcutters.com\/de\/wp-json\/wp\/v2\/product\/11012","targetHints":{"allow":["GET"]}}],"collection":[{"href":"https:\/\/fsi-stumpcutters.com\/de\/wp-json\/wp\/v2\/product"}],"about":[{"href":"https:\/\/fsi-stumpcutters.com\/de\/wp-json\/wp\/v2\/types\/product"}],"wp:featuredmedia":[{"embeddable":true,"href":"https:\/\/fsi-stumpcutters.com\/de\/wp-json\/wp\/v2\/media\/12761"}],"wp:attachment":[{"href":"https:\/\/fsi-stumpcutters.com\/de\/wp-json\/wp\/v2\/media?parent=11012"}],"wp:term":[{"taxonomy":"product_brand","embeddable":true,"href":"https:\/\/fsi-stumpcutters.com\/de\/wp-json\/wp\/v2\/product_brand?post=11012"},{"taxonomy":"product_cat","embeddable":true,"href":"https:\/\/fsi-stumpcutters.com\/de\/wp-json\/wp\/v2\/product_cat?post=11012"},{"taxonomy":"product_tag","embeddable":true,"href":"https:\/\/fsi-stumpcutters.com\/de\/wp-json\/wp\/v2\/product_tag?post=11012"}],"curies":[{"name":"wp","href":"https:\/\/api.w.org\/{rel}","templated":true}]}}