{"id":10985,"date":"2022-03-21T10:05:50","date_gmt":"2022-03-21T09:05:50","guid":{"rendered":"http:\/\/fsi.test\/product\/fsi-b22\/"},"modified":"2026-03-20T12:57:57","modified_gmt":"2026-03-20T11:57:57","slug":"fsi-b22","status":"publish","type":"product","link":"https:\/\/fsi-stumpcutters.com\/de\/produkt\/uncategorized-de\/fsi-b22\/","title":{"rendered":"FSI B22 &#8211; EINGESTELLT"},"content":{"rendered":"<p>Endlich ist es soweit \u2013 werden viele unserer Kunden sicher sagen: FSI power-tech pr\u00e4sentiert seinen Verkaufsschlager, die Stubbenfr\u00e4se ST20B, in einer neuen Version mit Selbstantrieb. Mit dem Selbstantrieb ist nicht nur der Transport zum Baumstumpf ein Kinderspiel, die Fr\u00e4se l\u00e4sst sich nach der Verwendung auch sehr viel einfacher auf den Anh\u00e4nger bzw. die Ladefl\u00e4che zur\u00fcckfahren.<\/p>\n<p>Die H\u00f6chstgeschwindigkeit des hydraulischen Selbstantriebs betr\u00e4gt 3 km\/h.<\/p>\n<p>Beim Fr\u00e4sen wird die Scheibe von Hand seitw\u00e4rts hin- und herbewegt und so der Stumpf St\u00fcck f\u00fcr St\u00fcck abgetragen. Beim Hin- und Herbewegen ist der Kraftaufwand gering, da nur der Fr\u00e4sarm und nicht die R\u00e4der bewegt werden. Alle Bewegungen, seitw\u00e4rts sowie nach oben\/unten, werden ausschlie\u00dflich mit beiden H\u00e4nden am Handgriff gesteuert. Dabei wird die Kraft \u00fcber eine Fliehkraftkupplung und einen Keilriemenzug auf die Fr\u00e4sscheibe \u00fcbertragen.<\/p>\n<p>Die R\u00e4der werden \u00fcber Radmotoren angetrieben, deren Drehzahl am Handgriff gesteuert wird.<\/p>\n<p>Die Fr\u00e4se wird w\u00e4hrend des Transports und beim Fr\u00e4sen ausschlie\u00dflich \u00fcber den Handgriff gesteuert. Die Bediengriffe f\u00fcr die Bremsen und die Sperre des Drehgelenks sind dabei leicht greifbar. Das Ger\u00e4t verf\u00fcgt \u00fcber einen Sicherheitsb\u00fcgel, der zum Schutz des Benutzers w\u00e4hrend des Transports und beim Fr\u00e4sen heruntergedr\u00fcckt sein muss.<\/p>\n","protected":false},"excerpt":{"rendered":"<ul>\n<li>Large wheels with individual oil motors (2WD)<\/li>\n<li>Vibration reduced and height-adjustable handlebar<\/li>\n<li>Safety bar, disengaging the cutter wheel upon release<\/li>\n<li>Manual sweep across pivot joint<\/li>\n<li>Manual brake for each wheel<\/li>\n<li>Bypass valve to disengage drive for freewheeling<\/li>\n<li>Electromagnetic clutch<\/li>\n<li>V-belt drive for optimal power transmission<\/li>\n<li>Braking of cutter disc on disengaging<\/li>\n<li>Electrical start of engine<\/li>\n<li>Easily accessible lashing &amp; lifting points<\/li>\n<li>Tool set<\/li>\n<\/ul>\n","protected":false},"featured_media":13820,"template":"","meta":[],"product_brand":[],"product_cat":[197],"product_tag":[],"class_list":{"0":"post-10985","1":"product","2":"type-product","3":"status-publish","4":"has-post-thumbnail","6":"product_cat-uncategorized-de","8":"first","9":"instock","10":"shipping-taxable","11":"product-type-simple"},"acf":[],"yoast_head":"<!-- This site is optimized with the Yoast SEO plugin v27.0 - https:\/\/yoast.com\/product\/yoast-seo-wordpress\/ -->\n<title>FSI B22 - EINGESTELLT - FSI<\/title>\n<meta name=\"robots\" content=\"index, follow, max-snippet:-1, max-image-preview:large, max-video-preview:-1\" \/>\n<link rel=\"canonical\" href=\"https:\/\/fsi-stumpcutters.com\/de\/produkt\/uncategorized-de\/fsi-b22\/\" \/>\n<meta property=\"og:locale\" content=\"de_DE\" \/>\n<meta property=\"og:type\" content=\"article\" \/>\n<meta property=\"og:title\" content=\"FSI B22 - EINGESTELLT - FSI\" \/>\n<meta property=\"og:description\" content=\"Large wheels with individual oil motors (2WD)  Vibration reduced and height-adjustable handlebar  Safety bar, disengaging the cutter wheel upon release  Manual sweep across pivot joint  Manual brake for each wheel  Bypass valve to disengage drive for freewheeling  Electromagnetic clutch  V-belt drive for optimal power transmission  Braking of cutter disc on disengaging  Electrical start of engine  Easily accessible lashing &amp; lifting points  Tool set\" \/>\n<meta property=\"og:url\" content=\"https:\/\/fsi-stumpcutters.com\/de\/produkt\/uncategorized-de\/fsi-b22\/\" \/>\n<meta property=\"og:site_name\" content=\"FSI\" \/>\n<meta property=\"article:publisher\" content=\"https:\/\/www.facebook.com\/fsi.dk\" \/>\n<meta property=\"article:modified_time\" content=\"2026-03-20T11:57:57+00:00\" \/>\n<meta property=\"og:image\" content=\"https:\/\/fsi-stumpcutters.com\/wp-content\/uploads\/2022\/03\/FSI-B22-Right-Angled-1024x683.png\" \/>\n\t<meta property=\"og:image:width\" content=\"1024\" \/>\n\t<meta property=\"og:image:height\" content=\"683\" \/>\n\t<meta property=\"og:image:type\" content=\"image\/png\" \/>\n<meta name=\"twitter:card\" content=\"summary_large_image\" \/>\n<meta name=\"twitter:label1\" content=\"Gesch\u00e4tzte Lesezeit\" \/>\n\t<meta name=\"twitter:data1\" content=\"2\u00a0Minuten\" \/>\n<script type=\"application\/ld+json\" class=\"yoast-schema-graph\">{\"@context\":\"https:\/\/schema.org\",\"@graph\":[{\"@type\":\"WebPage\",\"@id\":\"https:\/\/fsi-stumpcutters.com\/de\/produkt\/uncategorized-de\/fsi-b22\/\",\"url\":\"https:\/\/fsi-stumpcutters.com\/de\/produkt\/uncategorized-de\/fsi-b22\/\",\"name\":\"FSI B22 - EINGESTELLT - FSI\",\"isPartOf\":{\"@id\":\"https:\/\/fsi-stumpcutters.com\/de\/#website\"},\"primaryImageOfPage\":{\"@id\":\"https:\/\/fsi-stumpcutters.com\/de\/produkt\/uncategorized-de\/fsi-b22\/#primaryimage\"},\"image\":{\"@id\":\"https:\/\/fsi-stumpcutters.com\/de\/produkt\/uncategorized-de\/fsi-b22\/#primaryimage\"},\"thumbnailUrl\":\"https:\/\/fsi-stumpcutters.com\/wp-content\/uploads\/2022\/03\/FSI-B22-Right-Angled.png\",\"datePublished\":\"2022-03-21T09:05:50+00:00\",\"dateModified\":\"2026-03-20T11:57:57+00:00\",\"breadcrumb\":{\"@id\":\"https:\/\/fsi-stumpcutters.com\/de\/produkt\/uncategorized-de\/fsi-b22\/#breadcrumb\"},\"inLanguage\":\"de\",\"potentialAction\":[{\"@type\":\"ReadAction\",\"target\":[\"https:\/\/fsi-stumpcutters.com\/de\/produkt\/uncategorized-de\/fsi-b22\/\"]}]},{\"@type\":\"ImageObject\",\"inLanguage\":\"de\",\"@id\":\"https:\/\/fsi-stumpcutters.com\/de\/produkt\/uncategorized-de\/fsi-b22\/#primaryimage\",\"url\":\"https:\/\/fsi-stumpcutters.com\/wp-content\/uploads\/2022\/03\/FSI-B22-Right-Angled.png\",\"contentUrl\":\"https:\/\/fsi-stumpcutters.com\/wp-content\/uploads\/2022\/03\/FSI-B22-Right-Angled.png\",\"width\":1620,\"height\":1080},{\"@type\":\"BreadcrumbList\",\"@id\":\"https:\/\/fsi-stumpcutters.com\/de\/produkt\/uncategorized-de\/fsi-b22\/#breadcrumb\",\"itemListElement\":[{\"@type\":\"ListItem\",\"position\":1,\"name\":\"Home\",\"item\":\"https:\/\/fsi-stumpcutters.com\/de\/startseite\/\"},{\"@type\":\"ListItem\",\"position\":2,\"name\":\"Produkte\",\"item\":\"https:\/\/fsi-stumpcutters.com\/de\/shop\/\"},{\"@type\":\"ListItem\",\"position\":3,\"name\":\"FSI B22 &#8211; EINGESTELLT\"}]},{\"@type\":\"WebSite\",\"@id\":\"https:\/\/fsi-stumpcutters.com\/de\/#website\",\"url\":\"https:\/\/fsi-stumpcutters.com\/de\/\",\"name\":\"FSI\",\"description\":\"FSI website\",\"publisher\":{\"@id\":\"https:\/\/fsi-stumpcutters.com\/de\/#organization\"},\"potentialAction\":[{\"@type\":\"SearchAction\",\"target\":{\"@type\":\"EntryPoint\",\"urlTemplate\":\"https:\/\/fsi-stumpcutters.com\/de\/?s={search_term_string}\"},\"query-input\":{\"@type\":\"PropertyValueSpecification\",\"valueRequired\":true,\"valueName\":\"search_term_string\"}}],\"inLanguage\":\"de\"},{\"@type\":\"Organization\",\"@id\":\"https:\/\/fsi-stumpcutters.com\/de\/#organization\",\"name\":\"FSI Stump Cutters\",\"url\":\"https:\/\/fsi-stumpcutters.com\/de\/\",\"logo\":{\"@type\":\"ImageObject\",\"inLanguage\":\"de\",\"@id\":\"https:\/\/fsi-stumpcutters.com\/de\/#\/schema\/logo\/image\/\",\"url\":\"https:\/\/fsi-stumpcutters.com\/wp-content\/uploads\/2022\/10\/FSI-LOGO-PRIMAERT-RODT-RGB.png\",\"contentUrl\":\"https:\/\/fsi-stumpcutters.com\/wp-content\/uploads\/2022\/10\/FSI-LOGO-PRIMAERT-RODT-RGB.png\",\"width\":567,\"height\":567,\"caption\":\"FSI Stump Cutters\"},\"image\":{\"@id\":\"https:\/\/fsi-stumpcutters.com\/de\/#\/schema\/logo\/image\/\"},\"sameAs\":[\"https:\/\/www.facebook.com\/fsi.dk\",\"https:\/\/www.instagram.com\/fsi.dk\/\",\"https:\/\/www.youtube.com\/channel\/UC9KnSaA_SwR9fc2PkSpOpwg\",\"https:\/\/www.linkedin.com\/company\/fsistumpcutters\/\"]}]}<\/script>\n<!-- \/ Yoast SEO plugin. -->","yoast_head_json":{"title":"FSI B22 - EINGESTELLT - FSI","robots":{"index":"index","follow":"follow","max-snippet":"max-snippet:-1","max-image-preview":"max-image-preview:large","max-video-preview":"max-video-preview:-1"},"canonical":"https:\/\/fsi-stumpcutters.com\/de\/produkt\/uncategorized-de\/fsi-b22\/","og_locale":"de_DE","og_type":"article","og_title":"FSI B22 - EINGESTELLT - FSI","og_description":"Large wheels with individual oil motors (2WD)  Vibration reduced and height-adjustable handlebar  Safety bar, disengaging the cutter wheel upon release  Manual sweep across pivot joint  Manual brake for each wheel  Bypass valve to disengage drive for freewheeling  Electromagnetic clutch  V-belt drive for optimal power transmission  Braking of cutter disc on disengaging  Electrical start of engine  Easily accessible lashing &amp; lifting points  Tool set","og_url":"https:\/\/fsi-stumpcutters.com\/de\/produkt\/uncategorized-de\/fsi-b22\/","og_site_name":"FSI","article_publisher":"https:\/\/www.facebook.com\/fsi.dk","article_modified_time":"2026-03-20T11:57:57+00:00","og_image":[{"width":1024,"height":683,"url":"https:\/\/fsi-stumpcutters.com\/wp-content\/uploads\/2022\/03\/FSI-B22-Right-Angled-1024x683.png","type":"image\/png"}],"twitter_card":"summary_large_image","twitter_misc":{"Gesch\u00e4tzte Lesezeit":"2\u00a0Minuten"},"schema":{"@context":"https:\/\/schema.org","@graph":[{"@type":"WebPage","@id":"https:\/\/fsi-stumpcutters.com\/de\/produkt\/uncategorized-de\/fsi-b22\/","url":"https:\/\/fsi-stumpcutters.com\/de\/produkt\/uncategorized-de\/fsi-b22\/","name":"FSI B22 - EINGESTELLT - FSI","isPartOf":{"@id":"https:\/\/fsi-stumpcutters.com\/de\/#website"},"primaryImageOfPage":{"@id":"https:\/\/fsi-stumpcutters.com\/de\/produkt\/uncategorized-de\/fsi-b22\/#primaryimage"},"image":{"@id":"https:\/\/fsi-stumpcutters.com\/de\/produkt\/uncategorized-de\/fsi-b22\/#primaryimage"},"thumbnailUrl":"https:\/\/fsi-stumpcutters.com\/wp-content\/uploads\/2022\/03\/FSI-B22-Right-Angled.png","datePublished":"2022-03-21T09:05:50+00:00","dateModified":"2026-03-20T11:57:57+00:00","breadcrumb":{"@id":"https:\/\/fsi-stumpcutters.com\/de\/produkt\/uncategorized-de\/fsi-b22\/#breadcrumb"},"inLanguage":"de","potentialAction":[{"@type":"ReadAction","target":["https:\/\/fsi-stumpcutters.com\/de\/produkt\/uncategorized-de\/fsi-b22\/"]}]},{"@type":"ImageObject","inLanguage":"de","@id":"https:\/\/fsi-stumpcutters.com\/de\/produkt\/uncategorized-de\/fsi-b22\/#primaryimage","url":"https:\/\/fsi-stumpcutters.com\/wp-content\/uploads\/2022\/03\/FSI-B22-Right-Angled.png","contentUrl":"https:\/\/fsi-stumpcutters.com\/wp-content\/uploads\/2022\/03\/FSI-B22-Right-Angled.png","width":1620,"height":1080},{"@type":"BreadcrumbList","@id":"https:\/\/fsi-stumpcutters.com\/de\/produkt\/uncategorized-de\/fsi-b22\/#breadcrumb","itemListElement":[{"@type":"ListItem","position":1,"name":"Home","item":"https:\/\/fsi-stumpcutters.com\/de\/startseite\/"},{"@type":"ListItem","position":2,"name":"Produkte","item":"https:\/\/fsi-stumpcutters.com\/de\/shop\/"},{"@type":"ListItem","position":3,"name":"FSI B22 &#8211; EINGESTELLT"}]},{"@type":"WebSite","@id":"https:\/\/fsi-stumpcutters.com\/de\/#website","url":"https:\/\/fsi-stumpcutters.com\/de\/","name":"FSI","description":"FSI website","publisher":{"@id":"https:\/\/fsi-stumpcutters.com\/de\/#organization"},"potentialAction":[{"@type":"SearchAction","target":{"@type":"EntryPoint","urlTemplate":"https:\/\/fsi-stumpcutters.com\/de\/?s={search_term_string}"},"query-input":{"@type":"PropertyValueSpecification","valueRequired":true,"valueName":"search_term_string"}}],"inLanguage":"de"},{"@type":"Organization","@id":"https:\/\/fsi-stumpcutters.com\/de\/#organization","name":"FSI Stump Cutters","url":"https:\/\/fsi-stumpcutters.com\/de\/","logo":{"@type":"ImageObject","inLanguage":"de","@id":"https:\/\/fsi-stumpcutters.com\/de\/#\/schema\/logo\/image\/","url":"https:\/\/fsi-stumpcutters.com\/wp-content\/uploads\/2022\/10\/FSI-LOGO-PRIMAERT-RODT-RGB.png","contentUrl":"https:\/\/fsi-stumpcutters.com\/wp-content\/uploads\/2022\/10\/FSI-LOGO-PRIMAERT-RODT-RGB.png","width":567,"height":567,"caption":"FSI Stump Cutters"},"image":{"@id":"https:\/\/fsi-stumpcutters.com\/de\/#\/schema\/logo\/image\/"},"sameAs":["https:\/\/www.facebook.com\/fsi.dk","https:\/\/www.instagram.com\/fsi.dk\/","https:\/\/www.youtube.com\/channel\/UC9KnSaA_SwR9fc2PkSpOpwg","https:\/\/www.linkedin.com\/company\/fsistumpcutters\/"]}]}},"_links":{"self":[{"href":"https:\/\/fsi-stumpcutters.com\/de\/wp-json\/wp\/v2\/product\/10985","targetHints":{"allow":["GET"]}}],"collection":[{"href":"https:\/\/fsi-stumpcutters.com\/de\/wp-json\/wp\/v2\/product"}],"about":[{"href":"https:\/\/fsi-stumpcutters.com\/de\/wp-json\/wp\/v2\/types\/product"}],"wp:featuredmedia":[{"embeddable":true,"href":"https:\/\/fsi-stumpcutters.com\/de\/wp-json\/wp\/v2\/media\/13820"}],"wp:attachment":[{"href":"https:\/\/fsi-stumpcutters.com\/de\/wp-json\/wp\/v2\/media?parent=10985"}],"wp:term":[{"taxonomy":"product_brand","embeddable":true,"href":"https:\/\/fsi-stumpcutters.com\/de\/wp-json\/wp\/v2\/product_brand?post=10985"},{"taxonomy":"product_cat","embeddable":true,"href":"https:\/\/fsi-stumpcutters.com\/de\/wp-json\/wp\/v2\/product_cat?post=10985"},{"taxonomy":"product_tag","embeddable":true,"href":"https:\/\/fsi-stumpcutters.com\/de\/wp-json\/wp\/v2\/product_tag?post=10985"}],"curies":[{"name":"wp","href":"https:\/\/api.w.org\/{rel}","templated":true}]}}