{"id":10983,"date":"2022-03-21T10:04:33","date_gmt":"2022-03-21T09:04:33","guid":{"rendered":"http:\/\/fsi.test\/product\/fsi-b21\/"},"modified":"2026-01-26T16:01:05","modified_gmt":"2026-01-26T15:01:05","slug":"fsi-b21","status":"publish","type":"product","link":"https:\/\/fsi-stumpcutters.com\/de\/produkt\/motor\/fsi-b21\/","title":{"rendered":"FSI B21"},"content":{"rendered":"<p>Als Europas gr\u00f6\u00dfter Hersteller von Baumstumpffr\u00e4sen\/Stubbenfr\u00e4sen beobachten wir den Markt genau. FSI B21 wurde in Zusammenarbeit mit unserem Netzwerk von FSI-Partnern und unseren vielen professionellen Anwendern entwickelt, wodurch sichergestellt wird, dass Qualit\u00e4t und Funktionalit\u00e4t erstklassig sind.<\/p>\n<p><strong>Mit der FSI B21 legen wir die Messlatte h\u00f6her und f\u00fcgen einzigartige neue Funktionen, die in diesem Segment bisher nicht zu sehen waren hinzu.<\/strong><\/p>\n<ul>\n<li><strong>Hill-Hold-System<\/strong>\u00a0\u2013 Machen Sie sich keine Sorgen mehr, dass Ihre Stubbenfr\u00e4se auf dem Weg die Rampe hinauf von Ihnen wegrollt. Unser einzigartiges Bremssystem gew\u00e4hrleistet einen sicheren und einfachen Transport auf Rampen, \u00fcber Stufen\/Bordsteine \u200b\u200bund im Gel\u00e4nde. Bei aktiviertem Hill-Hold-System l\u00e4sst sich die Stubbenfr\u00e4se sicher und einfach nach hinten ziehen, ohne dass die R\u00e4der nach vorne rollen.<\/li>\n<li><strong>Keine t\u00e4gliche Wartung<\/strong>\u00a0\u2013 Wir haben ein geschlossenes Lagergeh\u00e4use entwickelt, das ab Werk f\u00fcr mehr als 1000 Stunden normalen Betriebs geschmiert ist. Somit m\u00fcssen Sie sich keine Gedanken mehr \u00fcber das t\u00e4gliche Schmieren der Lager machen.<\/li>\n<li><strong>Einfache Keilriemenspannung<\/strong>\u00a0&#8211; die spezielle FSI power-cut Fr\u00e4sscheibe ist mit einem einseitigen Lagergeh\u00e4use gelagert, was ein sehr einfaches Spannen des Keilriemens erm\u00f6glicht, ohne dass Sie die Parallelit\u00e4t sichern m\u00fcssen.<\/li>\n<\/ul>\n<p>Dar\u00fcber hinaus erhalten Sie auch die vielen bekannten Features aus den FSI B20 und B22<\/p>\n<ul>\n<li>Leistungsstarker 14 PS Motor mit Reversierstarter<\/li>\n<li>Vibrationsged\u00e4mpfter und h\u00f6henverstellbarer Bediengriff<\/li>\n<li>Das Fr\u00e4srad wird \u00fcber einen Sicherheitsb\u00fcgel aktiviert<\/li>\n<li>Leichtg\u00e4ngiges Drehgelenk zwischen Fahrwerk &amp; Fr\u00e4saggregat sorgt f\u00fcr m\u00fcheloses Arbeiten im gro\u00dfen Radius<\/li>\n<li>Einzelradbremsen<\/li>\n<li>Mehrere, leicht zug\u00e4ngliche Zurrpunkte zur einfachen und schnellen Sicherung beim Transport<\/li>\n<li>Hebe\u00f6se<\/li>\n<li>Original FSI-Z\u00e4hne \u2013 mit langer Lebensdauer\u00a0 (3-fach verwendbar)<\/li>\n<li>Betriebsstundenz\u00e4hler mit Alarm f\u00fcr 25 Stunden (Schmierung des Drehgelenks) und 100 Stunden (\u00d6lwechsel)<\/li>\n<li>Anleitungsbeh\u00e4lter<\/li>\n<\/ul>\n<p>Zus\u00e4tzliche Ausr\u00fcstung:<\/p>\n<ul>\n<li><\/li>\n<li>Zugstange f\u00fcr Kugelkopfanh\u00e4nger \u2013 max. Geschwindigkeit 10 km\/h (f\u00fcr den privaten Einsatz)<\/li>\n<li>Sonderfarbe \u2013 heben Sie sich von der Masse ab. Bestellen Sie ihren FSI B21 passend zu ihrem Firmenprofil. Standard-RAL-Farben sind verf\u00fcgbar, andere auf Anfrage<\/li>\n<\/ul>\n","protected":false},"excerpt":{"rendered":"<ul>\n<li>Wegrollsperre (Pat.) \u2013 einzigartiges System von FSI entwickelt, um die Sicherheit zu erh\u00f6hen und volle Kontrolle beim Bewegen auf Rampen, Treppen oder im Gel\u00e4nde zu geben.<\/li>\n<li>Geschlossenes Lagergeh\u00e4use \u2013 keine t\u00e4gliche Wartung erforderlich, da das Fr\u00e4sscheibenlager werkseitig f\u00fcr mehr als 1000 Stunden Normalbetrieb vorgeschmiert ist.<\/li>\n<li>Drehgelenkausf\u00fchrung \u2013 ein gut ausbalancierter Schwenkpunkt und zwei Einzelradbremsen machen das Fr\u00e4sen f\u00fcr den Bediener einfach<\/li>\n<li>Verbesserte Ergonomie \u2013 positionieren Sie den schwingungsged\u00e4mpften Bedienerlenker nach Ihren W\u00fcnschen mit vielen Einstellm\u00f6glichkeiten<\/li>\n<li>Sicherheitsb\u00fcgel \u2013 entkoppelt beim L\u00f6sen die Fr\u00e4sscheibe<\/li>\n<li>Keilriemenantrieb f\u00fcr optimale Kraft\u00fcbertragung<\/li>\n<li>Centrifugal clutch<\/li>\n<li>Fliehkraftkupplung<\/li>\n<\/ul>\n","protected":false},"featured_media":12191,"template":"","meta":[],"product_brand":[],"product_cat":[91],"product_tag":[],"class_list":{"0":"post-10983","1":"product","2":"type-product","3":"status-publish","4":"has-post-thumbnail","6":"product_cat-motor","8":"first","9":"instock","10":"shipping-taxable","11":"product-type-simple"},"acf":[],"yoast_head":"<!-- This site is optimized with the Yoast SEO plugin v27.0 - https:\/\/yoast.com\/product\/yoast-seo-wordpress\/ -->\n<title>FSI B21 - FSI<\/title>\n<meta name=\"robots\" content=\"index, follow, max-snippet:-1, max-image-preview:large, max-video-preview:-1\" \/>\n<link rel=\"canonical\" href=\"https:\/\/fsi-stumpcutters.com\/de\/produkt\/motor\/fsi-b21\/\" \/>\n<meta property=\"og:locale\" content=\"de_DE\" \/>\n<meta property=\"og:type\" content=\"article\" \/>\n<meta property=\"og:title\" content=\"FSI B21 - FSI\" \/>\n<meta property=\"og:description\" content=\"Wegrollsperre (Pat.) \u2013 einzigartiges System von FSI entwickelt, um die Sicherheit zu erh\u00f6hen und volle Kontrolle beim Bewegen auf Rampen, Treppen oder im Gel\u00e4nde zu geben.  Geschlossenes Lagergeh\u00e4use \u2013 keine t\u00e4gliche Wartung erforderlich, da das Fr\u00e4sscheibenlager werkseitig f\u00fcr mehr als 1000 Stunden Normalbetrieb vorgeschmiert ist.  Drehgelenkausf\u00fchrung \u2013 ein gut ausbalancierter Schwenkpunkt und zwei Einzelradbremsen machen das Fr\u00e4sen f\u00fcr den Bediener einfach  Verbesserte Ergonomie \u2013 positionieren Sie den schwingungsged\u00e4mpften Bedienerlenker nach Ihren W\u00fcnschen mit vielen Einstellm\u00f6glichkeiten  Sicherheitsb\u00fcgel \u2013 entkoppelt beim L\u00f6sen die Fr\u00e4sscheibe  Keilriemenantrieb f\u00fcr optimale Kraft\u00fcbertragung  Centrifugal clutch  Fliehkraftkupplung\" \/>\n<meta property=\"og:url\" content=\"https:\/\/fsi-stumpcutters.com\/de\/produkt\/motor\/fsi-b21\/\" \/>\n<meta property=\"og:site_name\" content=\"FSI\" \/>\n<meta property=\"article:publisher\" content=\"https:\/\/www.facebook.com\/fsi.dk\" \/>\n<meta property=\"article:modified_time\" content=\"2026-01-26T15:01:05+00:00\" \/>\n<meta property=\"og:image\" content=\"https:\/\/fsi-stumpcutters.com\/wp-content\/uploads\/2022\/03\/FSI-B21-Angle-Left-900x750-1.jpg\" \/>\n\t<meta property=\"og:image:width\" content=\"900\" \/>\n\t<meta property=\"og:image:height\" content=\"600\" \/>\n\t<meta property=\"og:image:type\" content=\"image\/jpeg\" \/>\n<meta name=\"twitter:card\" content=\"summary_large_image\" \/>\n<meta name=\"twitter:label1\" content=\"Gesch\u00e4tzte Lesezeit\" \/>\n\t<meta name=\"twitter:data1\" content=\"2\u00a0Minuten\" \/>\n<script type=\"application\/ld+json\" class=\"yoast-schema-graph\">{\"@context\":\"https:\/\/schema.org\",\"@graph\":[{\"@type\":\"WebPage\",\"@id\":\"https:\/\/fsi-stumpcutters.com\/de\/produkt\/motor\/fsi-b21\/\",\"url\":\"https:\/\/fsi-stumpcutters.com\/de\/produkt\/motor\/fsi-b21\/\",\"name\":\"FSI B21 - FSI\",\"isPartOf\":{\"@id\":\"https:\/\/fsi-stumpcutters.com\/de\/#website\"},\"primaryImageOfPage\":{\"@id\":\"https:\/\/fsi-stumpcutters.com\/de\/produkt\/motor\/fsi-b21\/#primaryimage\"},\"image\":{\"@id\":\"https:\/\/fsi-stumpcutters.com\/de\/produkt\/motor\/fsi-b21\/#primaryimage\"},\"thumbnailUrl\":\"https:\/\/fsi-stumpcutters.com\/wp-content\/uploads\/2022\/03\/FSI-B21-Angle-Left-900x750-1.jpg\",\"datePublished\":\"2022-03-21T09:04:33+00:00\",\"dateModified\":\"2026-01-26T15:01:05+00:00\",\"breadcrumb\":{\"@id\":\"https:\/\/fsi-stumpcutters.com\/de\/produkt\/motor\/fsi-b21\/#breadcrumb\"},\"inLanguage\":\"de\",\"potentialAction\":[{\"@type\":\"ReadAction\",\"target\":[\"https:\/\/fsi-stumpcutters.com\/de\/produkt\/motor\/fsi-b21\/\"]}]},{\"@type\":\"ImageObject\",\"inLanguage\":\"de\",\"@id\":\"https:\/\/fsi-stumpcutters.com\/de\/produkt\/motor\/fsi-b21\/#primaryimage\",\"url\":\"https:\/\/fsi-stumpcutters.com\/wp-content\/uploads\/2022\/03\/FSI-B21-Angle-Left-900x750-1.jpg\",\"contentUrl\":\"https:\/\/fsi-stumpcutters.com\/wp-content\/uploads\/2022\/03\/FSI-B21-Angle-Left-900x750-1.jpg\",\"width\":900,\"height\":600},{\"@type\":\"BreadcrumbList\",\"@id\":\"https:\/\/fsi-stumpcutters.com\/de\/produkt\/motor\/fsi-b21\/#breadcrumb\",\"itemListElement\":[{\"@type\":\"ListItem\",\"position\":1,\"name\":\"Home\",\"item\":\"https:\/\/fsi-stumpcutters.com\/de\/startseite\/\"},{\"@type\":\"ListItem\",\"position\":2,\"name\":\"Produkte\",\"item\":\"https:\/\/fsi-stumpcutters.com\/de\/shop\/\"},{\"@type\":\"ListItem\",\"position\":3,\"name\":\"FSI B21\"}]},{\"@type\":\"WebSite\",\"@id\":\"https:\/\/fsi-stumpcutters.com\/de\/#website\",\"url\":\"https:\/\/fsi-stumpcutters.com\/de\/\",\"name\":\"FSI\",\"description\":\"FSI website\",\"publisher\":{\"@id\":\"https:\/\/fsi-stumpcutters.com\/de\/#organization\"},\"potentialAction\":[{\"@type\":\"SearchAction\",\"target\":{\"@type\":\"EntryPoint\",\"urlTemplate\":\"https:\/\/fsi-stumpcutters.com\/de\/?s={search_term_string}\"},\"query-input\":{\"@type\":\"PropertyValueSpecification\",\"valueRequired\":true,\"valueName\":\"search_term_string\"}}],\"inLanguage\":\"de\"},{\"@type\":\"Organization\",\"@id\":\"https:\/\/fsi-stumpcutters.com\/de\/#organization\",\"name\":\"FSI Stump Cutters\",\"url\":\"https:\/\/fsi-stumpcutters.com\/de\/\",\"logo\":{\"@type\":\"ImageObject\",\"inLanguage\":\"de\",\"@id\":\"https:\/\/fsi-stumpcutters.com\/de\/#\/schema\/logo\/image\/\",\"url\":\"https:\/\/fsi-stumpcutters.com\/wp-content\/uploads\/2022\/10\/FSI-LOGO-PRIMAERT-RODT-RGB.png\",\"contentUrl\":\"https:\/\/fsi-stumpcutters.com\/wp-content\/uploads\/2022\/10\/FSI-LOGO-PRIMAERT-RODT-RGB.png\",\"width\":567,\"height\":567,\"caption\":\"FSI Stump Cutters\"},\"image\":{\"@id\":\"https:\/\/fsi-stumpcutters.com\/de\/#\/schema\/logo\/image\/\"},\"sameAs\":[\"https:\/\/www.facebook.com\/fsi.dk\",\"https:\/\/www.instagram.com\/fsi.dk\/\",\"https:\/\/www.youtube.com\/channel\/UC9KnSaA_SwR9fc2PkSpOpwg\",\"https:\/\/www.linkedin.com\/company\/fsistumpcutters\/\"]}]}<\/script>\n<!-- \/ Yoast SEO plugin. -->","yoast_head_json":{"title":"FSI B21 - FSI","robots":{"index":"index","follow":"follow","max-snippet":"max-snippet:-1","max-image-preview":"max-image-preview:large","max-video-preview":"max-video-preview:-1"},"canonical":"https:\/\/fsi-stumpcutters.com\/de\/produkt\/motor\/fsi-b21\/","og_locale":"de_DE","og_type":"article","og_title":"FSI B21 - FSI","og_description":"Wegrollsperre (Pat.) \u2013 einzigartiges System von FSI entwickelt, um die Sicherheit zu erh\u00f6hen und volle Kontrolle beim Bewegen auf Rampen, Treppen oder im Gel\u00e4nde zu geben.  Geschlossenes Lagergeh\u00e4use \u2013 keine t\u00e4gliche Wartung erforderlich, da das Fr\u00e4sscheibenlager werkseitig f\u00fcr mehr als 1000 Stunden Normalbetrieb vorgeschmiert ist.  Drehgelenkausf\u00fchrung \u2013 ein gut ausbalancierter Schwenkpunkt und zwei Einzelradbremsen machen das Fr\u00e4sen f\u00fcr den Bediener einfach  Verbesserte Ergonomie \u2013 positionieren Sie den schwingungsged\u00e4mpften Bedienerlenker nach Ihren W\u00fcnschen mit vielen Einstellm\u00f6glichkeiten  Sicherheitsb\u00fcgel \u2013 entkoppelt beim L\u00f6sen die Fr\u00e4sscheibe  Keilriemenantrieb f\u00fcr optimale Kraft\u00fcbertragung  Centrifugal clutch  Fliehkraftkupplung","og_url":"https:\/\/fsi-stumpcutters.com\/de\/produkt\/motor\/fsi-b21\/","og_site_name":"FSI","article_publisher":"https:\/\/www.facebook.com\/fsi.dk","article_modified_time":"2026-01-26T15:01:05+00:00","og_image":[{"width":900,"height":600,"url":"https:\/\/fsi-stumpcutters.com\/wp-content\/uploads\/2022\/03\/FSI-B21-Angle-Left-900x750-1.jpg","type":"image\/jpeg"}],"twitter_card":"summary_large_image","twitter_misc":{"Gesch\u00e4tzte Lesezeit":"2\u00a0Minuten"},"schema":{"@context":"https:\/\/schema.org","@graph":[{"@type":"WebPage","@id":"https:\/\/fsi-stumpcutters.com\/de\/produkt\/motor\/fsi-b21\/","url":"https:\/\/fsi-stumpcutters.com\/de\/produkt\/motor\/fsi-b21\/","name":"FSI B21 - FSI","isPartOf":{"@id":"https:\/\/fsi-stumpcutters.com\/de\/#website"},"primaryImageOfPage":{"@id":"https:\/\/fsi-stumpcutters.com\/de\/produkt\/motor\/fsi-b21\/#primaryimage"},"image":{"@id":"https:\/\/fsi-stumpcutters.com\/de\/produkt\/motor\/fsi-b21\/#primaryimage"},"thumbnailUrl":"https:\/\/fsi-stumpcutters.com\/wp-content\/uploads\/2022\/03\/FSI-B21-Angle-Left-900x750-1.jpg","datePublished":"2022-03-21T09:04:33+00:00","dateModified":"2026-01-26T15:01:05+00:00","breadcrumb":{"@id":"https:\/\/fsi-stumpcutters.com\/de\/produkt\/motor\/fsi-b21\/#breadcrumb"},"inLanguage":"de","potentialAction":[{"@type":"ReadAction","target":["https:\/\/fsi-stumpcutters.com\/de\/produkt\/motor\/fsi-b21\/"]}]},{"@type":"ImageObject","inLanguage":"de","@id":"https:\/\/fsi-stumpcutters.com\/de\/produkt\/motor\/fsi-b21\/#primaryimage","url":"https:\/\/fsi-stumpcutters.com\/wp-content\/uploads\/2022\/03\/FSI-B21-Angle-Left-900x750-1.jpg","contentUrl":"https:\/\/fsi-stumpcutters.com\/wp-content\/uploads\/2022\/03\/FSI-B21-Angle-Left-900x750-1.jpg","width":900,"height":600},{"@type":"BreadcrumbList","@id":"https:\/\/fsi-stumpcutters.com\/de\/produkt\/motor\/fsi-b21\/#breadcrumb","itemListElement":[{"@type":"ListItem","position":1,"name":"Home","item":"https:\/\/fsi-stumpcutters.com\/de\/startseite\/"},{"@type":"ListItem","position":2,"name":"Produkte","item":"https:\/\/fsi-stumpcutters.com\/de\/shop\/"},{"@type":"ListItem","position":3,"name":"FSI B21"}]},{"@type":"WebSite","@id":"https:\/\/fsi-stumpcutters.com\/de\/#website","url":"https:\/\/fsi-stumpcutters.com\/de\/","name":"FSI","description":"FSI website","publisher":{"@id":"https:\/\/fsi-stumpcutters.com\/de\/#organization"},"potentialAction":[{"@type":"SearchAction","target":{"@type":"EntryPoint","urlTemplate":"https:\/\/fsi-stumpcutters.com\/de\/?s={search_term_string}"},"query-input":{"@type":"PropertyValueSpecification","valueRequired":true,"valueName":"search_term_string"}}],"inLanguage":"de"},{"@type":"Organization","@id":"https:\/\/fsi-stumpcutters.com\/de\/#organization","name":"FSI Stump Cutters","url":"https:\/\/fsi-stumpcutters.com\/de\/","logo":{"@type":"ImageObject","inLanguage":"de","@id":"https:\/\/fsi-stumpcutters.com\/de\/#\/schema\/logo\/image\/","url":"https:\/\/fsi-stumpcutters.com\/wp-content\/uploads\/2022\/10\/FSI-LOGO-PRIMAERT-RODT-RGB.png","contentUrl":"https:\/\/fsi-stumpcutters.com\/wp-content\/uploads\/2022\/10\/FSI-LOGO-PRIMAERT-RODT-RGB.png","width":567,"height":567,"caption":"FSI Stump Cutters"},"image":{"@id":"https:\/\/fsi-stumpcutters.com\/de\/#\/schema\/logo\/image\/"},"sameAs":["https:\/\/www.facebook.com\/fsi.dk","https:\/\/www.instagram.com\/fsi.dk\/","https:\/\/www.youtube.com\/channel\/UC9KnSaA_SwR9fc2PkSpOpwg","https:\/\/www.linkedin.com\/company\/fsistumpcutters\/"]}]}},"_links":{"self":[{"href":"https:\/\/fsi-stumpcutters.com\/de\/wp-json\/wp\/v2\/product\/10983","targetHints":{"allow":["GET"]}}],"collection":[{"href":"https:\/\/fsi-stumpcutters.com\/de\/wp-json\/wp\/v2\/product"}],"about":[{"href":"https:\/\/fsi-stumpcutters.com\/de\/wp-json\/wp\/v2\/types\/product"}],"wp:featuredmedia":[{"embeddable":true,"href":"https:\/\/fsi-stumpcutters.com\/de\/wp-json\/wp\/v2\/media\/12191"}],"wp:attachment":[{"href":"https:\/\/fsi-stumpcutters.com\/de\/wp-json\/wp\/v2\/media?parent=10983"}],"wp:term":[{"taxonomy":"product_brand","embeddable":true,"href":"https:\/\/fsi-stumpcutters.com\/de\/wp-json\/wp\/v2\/product_brand?post=10983"},{"taxonomy":"product_cat","embeddable":true,"href":"https:\/\/fsi-stumpcutters.com\/de\/wp-json\/wp\/v2\/product_cat?post=10983"},{"taxonomy":"product_tag","embeddable":true,"href":"https:\/\/fsi-stumpcutters.com\/de\/wp-json\/wp\/v2\/product_tag?post=10983"}],"curies":[{"name":"wp","href":"https:\/\/api.w.org\/{rel}","templated":true}]}}