{"id":12033,"date":"2022-03-17T05:23:01","date_gmt":"2022-03-17T04:23:01","guid":{"rendered":"http:\/\/fsi.test\/?page_id=12033"},"modified":"2023-06-01T16:08:09","modified_gmt":"2023-06-01T14:08:09","slug":"stubbenfrasen","status":"publish","type":"page","link":"https:\/\/fsi-stumpcutters.com\/de\/stubbenfrasen\/","title":{"rendered":"Stubbenfr\u00e4se"},"content":{"rendered":"\t\t<div data-elementor-type=\"wp-page\" data-elementor-id=\"12033\" class=\"elementor elementor-12033 elementor-10363\" data-elementor-post-type=\"page\">\n\t\t\t\t\t\t<section class=\"elementor-section elementor-top-section elementor-element elementor-element-94e413a elementor-section-stretched elementor-section-boxed elementor-section-height-default elementor-section-height-default mkdf-parallax-row-no mkdf-content-aligment-left mkdf-elementor-row-grid-no mkdf-disabled-bg-image-bellow-no mkdf-row-btt-light\" data-id=\"94e413a\" data-element_type=\"section\" data-e-type=\"section\" data-settings=\"{&quot;stretch_section&quot;:&quot;section-stretched&quot;}\">\n\t\t\t\t\t\t<div class=\"elementor-container elementor-column-gap-default\">\n\t\t\t\t\t<div class=\"elementor-column elementor-col-100 elementor-top-column elementor-element elementor-element-cf21225\" data-id=\"cf21225\" data-element_type=\"column\" data-e-type=\"column\">\n\t\t\t<div class=\"elementor-widget-wrap elementor-element-populated\">\n\t\t\t\t\t\t<div class=\"elementor-element elementor-element-b71b4b9 elementor-widget elementor-widget-fsi-product-categories\" data-id=\"b71b4b9\" data-element_type=\"widget\" data-e-type=\"widget\" data-widget_type=\"fsi-product-categories.default\">\n\t\t\t\t<div class=\"elementor-widget-container\">\n\t\t\t\t\t<div class=\"product-category-list\" id=\"product-categoriesb71b4b9\">\n    \n    \n        <div class=\"productcat-list\">\n        <div class=\"item-list odd\"><div class=\"d-flex\"><div class=\"prodcat-img\"><img fetchpriority=\"high\" decoding=\"async\" width=\"588\" height=\"400\" src=\"https:\/\/fsi-stumpcutters.com\/wp-content\/uploads\/2023\/05\/210421-FSI-D60-VOGT-147-smaller-588x400.jpg\" class=\"attachment-image-588x400 size-image-588x400\" alt=\"\" srcset=\"https:\/\/fsi-stumpcutters.com\/wp-content\/uploads\/2023\/05\/210421-FSI-D60-VOGT-147-smaller-588x400.jpg 588w, https:\/\/fsi-stumpcutters.com\/wp-content\/uploads\/2023\/05\/210421-FSI-D60-VOGT-147-smaller-20x13.jpg 20w\" sizes=\"(max-width: 588px) 100vw, 588px\" \/><\/div><div class=\"prodcat-details\"><span>Baumstumpffr\u00e4sen mit eigenem<\/span> <h2 class=\"prodcat-title\">Motor<\/h2> <div class=\"prodcat-desc\">Hier finden Sie unsere gro\u00dfe Auswahl an Baumstumpffr\u00e4sen mit eigenem Motor. W\u00e4hlen Sie zwischen Varianten auf Raupen oder R\u00e4dern, als 2WD oder 4WD, mit schwenkbarem Bedienpult oder Funkfernsteuerung \u2013 die M\u00f6glichkeiten sind vielf\u00e4ltig! Wenn Sie Beratung ben\u00f6tigen, k\u00f6nnen Sie sich jederzeit gerne an uns oder unsere kompetenten FSI-Partner vor Ort wenden.<\/div><div class=\"prodcat-link\"><a class=\"btn-default-black\" href=\"https:\/\/fsi-stumpcutters.com\/da\/stubfraesere\/motor\/\">Siehe Auswahl<\/a><\/div><\/div><\/div><div class=\"bg-overlap-holder\"><\/div><\/div><div class=\"item-list even\"><div class=\"d-flex\"><div class=\"prodcat-img\"><img decoding=\"async\" width=\"588\" height=\"400\" src=\"https:\/\/fsi-stumpcutters.com\/wp-content\/uploads\/2022\/03\/Category-image2-588x400.png\" class=\"attachment-image-588x400 size-image-588x400\" alt=\"Hydraulisk Stubfr\u00e6ser til redskabsb\u00e6rer\" srcset=\"https:\/\/fsi-stumpcutters.com\/wp-content\/uploads\/2022\/03\/Category-image2.png 588w, https:\/\/fsi-stumpcutters.com\/wp-content\/uploads\/2022\/03\/Category-image2-300x204.png 300w, https:\/\/fsi-stumpcutters.com\/wp-content\/uploads\/2022\/03\/Category-image2-20x14.png 20w\" sizes=\"(max-width: 588px) 100vw, 588px\" \/><\/div><div class=\"prodcat-details\"><span>Stubbenfr\u00e4sen angetriebene von<\/span> <h2 class=\"prodcat-title\">hydraulisch<\/h2> <div class=\"prodcat-desc\">Mit einer Baumstumpffr\u00e4se als Werkzeug f\u00fcr Ihren Bagger, knickgelenkten Minilader oder \u00e4hnliche Maschine erhalten Sie ein flexibles Werkzeug, das Baumst\u00fcmpfe an schwer zug\u00e4nglichen Stellen oder an H\u00e4ngen entfernen kann. Mit einer gro\u00dfen Auswahl passenden auf Werkzeugtr\u00e4gern von 2 bis 20 Tonnen, in Varianten mit und ohne Swenkfunktion, sind wir sicher, dass wir einen passenden f\u00fcr Ihre Bed\u00fcrfnisse finden.<\/div><div class=\"prodcat-link\"><a class=\"btn-default-black\" href=\"https:\/\/fsi-stumpcutters.com\/de\/stubbenfrasen\/hydraulisch\/\">Siehe Auswahl<\/a><\/div><\/div><\/div><div class=\"bg-overlap-holder\"><\/div><\/div><div class=\"item-list odd\"><div class=\"d-flex\"><div class=\"prodcat-img\"><img decoding=\"async\" width=\"588\" height=\"400\" src=\"https:\/\/fsi-stumpcutters.com\/wp-content\/uploads\/2023\/05\/FSI-T27-Anwendung-16-edit-smaller-588x400.jpg\" class=\"attachment-image-588x400 size-image-588x400\" alt=\"\" srcset=\"https:\/\/fsi-stumpcutters.com\/wp-content\/uploads\/2023\/05\/FSI-T27-Anwendung-16-edit-smaller-588x400.jpg 588w, https:\/\/fsi-stumpcutters.com\/wp-content\/uploads\/2023\/05\/FSI-T27-Anwendung-16-edit-smaller-20x13.jpg 20w\" sizes=\"(max-width: 588px) 100vw, 588px\" \/><\/div><div class=\"prodcat-details\"><span>Baumstumpffr\u00e4sen zum anbau am<\/span> <h2 class=\"prodcat-title\">Traktor<\/h2> <div class=\"prodcat-desc\">Nutzen Sie die Kraft Ihres Traktors, um Baumst\u00fcmpfe schnell und effizient mit einer unserer Traktor-Stubbenfr\u00e4sen mit Zapfwelle zu entfernen. Diese Baumstumpffr\u00e4sen sind f\u00fcr Traktoren zwischen 25 und 120 PS geeignet und werden an einem Dreipunktaufh\u00e4ngung montiert und mit dem mitgelieferten Joystick bedient.<\/div><div class=\"prodcat-link\"><a class=\"btn-default-black\" href=\"https:\/\/fsi-stumpcutters.com\/da\/stubfraesere\/traktor\/\">Siehe Auswahl<\/a><\/div><\/div><\/div><div class=\"bg-overlap-holder\"><\/div><\/div>    <\/div>\n    <\/div>\n          \t\t\t\t<\/div>\n\t\t\t\t<\/div>\n\t\t\t\t\t<\/div>\n\t\t<\/div>\n\t\t\t\t\t<\/div>\n\t\t<\/section>\n\t\t\t\t<\/div>\n\t\t","protected":false},"excerpt":{"rendered":"<p>Stump grinders with own Engine Here you will find our wide selection of stump grinders with their own engine. Choose between variants on tracks or wheels, as 2WD or 4WD, with swiveling control panel or radio remote control &#8211; the [&hellip;]<\/p>\n","protected":false},"author":1,"featured_media":0,"parent":0,"menu_order":0,"comment_status":"closed","ping_status":"closed","template":"","meta":{"footnotes":""},"class_list":["post-12033","page","type-page","status-publish","hentry"],"acf":[],"yoast_head":"<!-- This site is optimized with the Yoast SEO plugin v27.0 - https:\/\/yoast.com\/product\/yoast-seo-wordpress\/ -->\n<title>FSI Stubbenfr\u00e4se - Motor | Hydraulisch | Traktor - Finden Sie Ihr Modell<\/title>\n<meta name=\"description\" content=\"Unser Programm umfasst eine breite Palette von Stubbenfr\u00e4sen f\u00fcr jede Art von Projekt. | Entwickelt mit Schwerpunkt auf Funktionalit\u00e4t, Effizienz und Bedienerfreundlichkeit.\" \/>\n<meta name=\"robots\" content=\"index, follow, max-snippet:-1, max-image-preview:large, max-video-preview:-1\" \/>\n<link rel=\"canonical\" href=\"https:\/\/fsi-stumpcutters.com\/de\/stubbenfrasen\/\" \/>\n<meta property=\"og:locale\" content=\"de_DE\" \/>\n<meta property=\"og:type\" content=\"article\" \/>\n<meta property=\"og:title\" content=\"FSI Stubbenfr\u00e4se - Motor | Hydraulisch | Traktor - Finden Sie Ihr Modell\" \/>\n<meta property=\"og:url\" content=\"https:\/\/fsi-stumpcutters.com\/de\/stubbenfrasen\/\" \/>\n<meta property=\"og:site_name\" content=\"FSI\" \/>\n<meta property=\"article:publisher\" content=\"https:\/\/www.facebook.com\/fsi.dk\" \/>\n<meta property=\"article:modified_time\" content=\"2023-06-01T14:08:09+00:00\" \/>\n<meta property=\"og:image\" content=\"https:\/\/fsi-stumpcutters.com\/wp-content\/uploads\/2023\/05\/210421-FSI-D60-VOGT-147-smaller-588x400.jpg\" \/>\n<meta name=\"twitter:card\" content=\"summary_large_image\" \/>\n<meta name=\"twitter:label1\" content=\"Gesch\u00e4tzte Lesezeit\" \/>\n\t<meta name=\"twitter:data1\" content=\"2\u00a0Minuten\" \/>\n<script type=\"application\/ld+json\" class=\"yoast-schema-graph\">{\"@context\":\"https:\/\/schema.org\",\"@graph\":[{\"@type\":\"WebPage\",\"@id\":\"https:\/\/fsi-stumpcutters.com\/de\/stubbenfrasen\/\",\"url\":\"https:\/\/fsi-stumpcutters.com\/de\/stubbenfrasen\/\",\"name\":\"FSI Stubbenfr\u00e4se - Motor | Hydraulisch | Traktor - Finden Sie Ihr Modell\",\"isPartOf\":{\"@id\":\"https:\/\/fsi-stumpcutters.com\/de\/#website\"},\"primaryImageOfPage\":{\"@id\":\"https:\/\/fsi-stumpcutters.com\/de\/stubbenfrasen\/#primaryimage\"},\"image\":{\"@id\":\"https:\/\/fsi-stumpcutters.com\/de\/stubbenfrasen\/#primaryimage\"},\"thumbnailUrl\":\"https:\/\/fsi-stumpcutters.com\/wp-content\/uploads\/2023\/05\/210421-FSI-D60-VOGT-147-smaller-588x400.jpg\",\"datePublished\":\"2022-03-17T04:23:01+00:00\",\"dateModified\":\"2023-06-01T14:08:09+00:00\",\"description\":\"Unser Programm umfasst eine breite Palette von Stubbenfr\u00e4sen f\u00fcr jede Art von Projekt. | Entwickelt mit Schwerpunkt auf Funktionalit\u00e4t, Effizienz und Bedienerfreundlichkeit.\",\"breadcrumb\":{\"@id\":\"https:\/\/fsi-stumpcutters.com\/de\/stubbenfrasen\/#breadcrumb\"},\"inLanguage\":\"de\",\"potentialAction\":[{\"@type\":\"ReadAction\",\"target\":[\"https:\/\/fsi-stumpcutters.com\/de\/stubbenfrasen\/\"]}]},{\"@type\":\"ImageObject\",\"inLanguage\":\"de\",\"@id\":\"https:\/\/fsi-stumpcutters.com\/de\/stubbenfrasen\/#primaryimage\",\"url\":\"https:\/\/fsi-stumpcutters.com\/wp-content\/uploads\/2023\/05\/210421-FSI-D60-VOGT-147-smaller-588x400.jpg\",\"contentUrl\":\"https:\/\/fsi-stumpcutters.com\/wp-content\/uploads\/2023\/05\/210421-FSI-D60-VOGT-147-smaller-588x400.jpg\"},{\"@type\":\"BreadcrumbList\",\"@id\":\"https:\/\/fsi-stumpcutters.com\/de\/stubbenfrasen\/#breadcrumb\",\"itemListElement\":[{\"@type\":\"ListItem\",\"position\":1,\"name\":\"Home\",\"item\":\"https:\/\/fsi-stumpcutters.com\/de\/startseite\/\"},{\"@type\":\"ListItem\",\"position\":2,\"name\":\"Stubbenfr\u00e4se\"}]},{\"@type\":\"WebSite\",\"@id\":\"https:\/\/fsi-stumpcutters.com\/de\/#website\",\"url\":\"https:\/\/fsi-stumpcutters.com\/de\/\",\"name\":\"FSI\",\"description\":\"FSI website\",\"publisher\":{\"@id\":\"https:\/\/fsi-stumpcutters.com\/de\/#organization\"},\"potentialAction\":[{\"@type\":\"SearchAction\",\"target\":{\"@type\":\"EntryPoint\",\"urlTemplate\":\"https:\/\/fsi-stumpcutters.com\/de\/?s={search_term_string}\"},\"query-input\":{\"@type\":\"PropertyValueSpecification\",\"valueRequired\":true,\"valueName\":\"search_term_string\"}}],\"inLanguage\":\"de\"},{\"@type\":\"Organization\",\"@id\":\"https:\/\/fsi-stumpcutters.com\/de\/#organization\",\"name\":\"FSI Stump Cutters\",\"url\":\"https:\/\/fsi-stumpcutters.com\/de\/\",\"logo\":{\"@type\":\"ImageObject\",\"inLanguage\":\"de\",\"@id\":\"https:\/\/fsi-stumpcutters.com\/de\/#\/schema\/logo\/image\/\",\"url\":\"https:\/\/fsi-stumpcutters.com\/wp-content\/uploads\/2022\/10\/FSI-LOGO-PRIMAERT-RODT-RGB.png\",\"contentUrl\":\"https:\/\/fsi-stumpcutters.com\/wp-content\/uploads\/2022\/10\/FSI-LOGO-PRIMAERT-RODT-RGB.png\",\"width\":567,\"height\":567,\"caption\":\"FSI Stump Cutters\"},\"image\":{\"@id\":\"https:\/\/fsi-stumpcutters.com\/de\/#\/schema\/logo\/image\/\"},\"sameAs\":[\"https:\/\/www.facebook.com\/fsi.dk\",\"https:\/\/www.instagram.com\/fsi.dk\/\",\"https:\/\/www.youtube.com\/channel\/UC9KnSaA_SwR9fc2PkSpOpwg\",\"https:\/\/www.linkedin.com\/company\/fsistumpcutters\/\"]}]}<\/script>\n<!-- \/ Yoast SEO plugin. -->","yoast_head_json":{"title":"FSI Stubbenfr\u00e4se - Motor | Hydraulisch | Traktor - Finden Sie Ihr Modell","description":"Unser Programm umfasst eine breite Palette von Stubbenfr\u00e4sen f\u00fcr jede Art von Projekt. | Entwickelt mit Schwerpunkt auf Funktionalit\u00e4t, Effizienz und Bedienerfreundlichkeit.","robots":{"index":"index","follow":"follow","max-snippet":"max-snippet:-1","max-image-preview":"max-image-preview:large","max-video-preview":"max-video-preview:-1"},"canonical":"https:\/\/fsi-stumpcutters.com\/de\/stubbenfrasen\/","og_locale":"de_DE","og_type":"article","og_title":"FSI Stubbenfr\u00e4se - Motor | Hydraulisch | Traktor - Finden Sie Ihr Modell","og_url":"https:\/\/fsi-stumpcutters.com\/de\/stubbenfrasen\/","og_site_name":"FSI","article_publisher":"https:\/\/www.facebook.com\/fsi.dk","article_modified_time":"2023-06-01T14:08:09+00:00","og_image":[{"url":"https:\/\/fsi-stumpcutters.com\/wp-content\/uploads\/2023\/05\/210421-FSI-D60-VOGT-147-smaller-588x400.jpg","type":"","width":"","height":""}],"twitter_card":"summary_large_image","twitter_misc":{"Gesch\u00e4tzte Lesezeit":"2\u00a0Minuten"},"schema":{"@context":"https:\/\/schema.org","@graph":[{"@type":"WebPage","@id":"https:\/\/fsi-stumpcutters.com\/de\/stubbenfrasen\/","url":"https:\/\/fsi-stumpcutters.com\/de\/stubbenfrasen\/","name":"FSI Stubbenfr\u00e4se - Motor | Hydraulisch | Traktor - Finden Sie Ihr Modell","isPartOf":{"@id":"https:\/\/fsi-stumpcutters.com\/de\/#website"},"primaryImageOfPage":{"@id":"https:\/\/fsi-stumpcutters.com\/de\/stubbenfrasen\/#primaryimage"},"image":{"@id":"https:\/\/fsi-stumpcutters.com\/de\/stubbenfrasen\/#primaryimage"},"thumbnailUrl":"https:\/\/fsi-stumpcutters.com\/wp-content\/uploads\/2023\/05\/210421-FSI-D60-VOGT-147-smaller-588x400.jpg","datePublished":"2022-03-17T04:23:01+00:00","dateModified":"2023-06-01T14:08:09+00:00","description":"Unser Programm umfasst eine breite Palette von Stubbenfr\u00e4sen f\u00fcr jede Art von Projekt. | Entwickelt mit Schwerpunkt auf Funktionalit\u00e4t, Effizienz und Bedienerfreundlichkeit.","breadcrumb":{"@id":"https:\/\/fsi-stumpcutters.com\/de\/stubbenfrasen\/#breadcrumb"},"inLanguage":"de","potentialAction":[{"@type":"ReadAction","target":["https:\/\/fsi-stumpcutters.com\/de\/stubbenfrasen\/"]}]},{"@type":"ImageObject","inLanguage":"de","@id":"https:\/\/fsi-stumpcutters.com\/de\/stubbenfrasen\/#primaryimage","url":"https:\/\/fsi-stumpcutters.com\/wp-content\/uploads\/2023\/05\/210421-FSI-D60-VOGT-147-smaller-588x400.jpg","contentUrl":"https:\/\/fsi-stumpcutters.com\/wp-content\/uploads\/2023\/05\/210421-FSI-D60-VOGT-147-smaller-588x400.jpg"},{"@type":"BreadcrumbList","@id":"https:\/\/fsi-stumpcutters.com\/de\/stubbenfrasen\/#breadcrumb","itemListElement":[{"@type":"ListItem","position":1,"name":"Home","item":"https:\/\/fsi-stumpcutters.com\/de\/startseite\/"},{"@type":"ListItem","position":2,"name":"Stubbenfr\u00e4se"}]},{"@type":"WebSite","@id":"https:\/\/fsi-stumpcutters.com\/de\/#website","url":"https:\/\/fsi-stumpcutters.com\/de\/","name":"FSI","description":"FSI website","publisher":{"@id":"https:\/\/fsi-stumpcutters.com\/de\/#organization"},"potentialAction":[{"@type":"SearchAction","target":{"@type":"EntryPoint","urlTemplate":"https:\/\/fsi-stumpcutters.com\/de\/?s={search_term_string}"},"query-input":{"@type":"PropertyValueSpecification","valueRequired":true,"valueName":"search_term_string"}}],"inLanguage":"de"},{"@type":"Organization","@id":"https:\/\/fsi-stumpcutters.com\/de\/#organization","name":"FSI Stump Cutters","url":"https:\/\/fsi-stumpcutters.com\/de\/","logo":{"@type":"ImageObject","inLanguage":"de","@id":"https:\/\/fsi-stumpcutters.com\/de\/#\/schema\/logo\/image\/","url":"https:\/\/fsi-stumpcutters.com\/wp-content\/uploads\/2022\/10\/FSI-LOGO-PRIMAERT-RODT-RGB.png","contentUrl":"https:\/\/fsi-stumpcutters.com\/wp-content\/uploads\/2022\/10\/FSI-LOGO-PRIMAERT-RODT-RGB.png","width":567,"height":567,"caption":"FSI Stump Cutters"},"image":{"@id":"https:\/\/fsi-stumpcutters.com\/de\/#\/schema\/logo\/image\/"},"sameAs":["https:\/\/www.facebook.com\/fsi.dk","https:\/\/www.instagram.com\/fsi.dk\/","https:\/\/www.youtube.com\/channel\/UC9KnSaA_SwR9fc2PkSpOpwg","https:\/\/www.linkedin.com\/company\/fsistumpcutters\/"]}]}},"_links":{"self":[{"href":"https:\/\/fsi-stumpcutters.com\/de\/wp-json\/wp\/v2\/pages\/12033","targetHints":{"allow":["GET"]}}],"collection":[{"href":"https:\/\/fsi-stumpcutters.com\/de\/wp-json\/wp\/v2\/pages"}],"about":[{"href":"https:\/\/fsi-stumpcutters.com\/de\/wp-json\/wp\/v2\/types\/page"}],"author":[{"embeddable":true,"href":"https:\/\/fsi-stumpcutters.com\/de\/wp-json\/wp\/v2\/users\/1"}],"replies":[{"embeddable":true,"href":"https:\/\/fsi-stumpcutters.com\/de\/wp-json\/wp\/v2\/comments?post=12033"}],"version-history":[{"count":14,"href":"https:\/\/fsi-stumpcutters.com\/de\/wp-json\/wp\/v2\/pages\/12033\/revisions"}],"predecessor-version":[{"id":16123,"href":"https:\/\/fsi-stumpcutters.com\/de\/wp-json\/wp\/v2\/pages\/12033\/revisions\/16123"}],"wp:attachment":[{"href":"https:\/\/fsi-stumpcutters.com\/de\/wp-json\/wp\/v2\/media?parent=12033"}],"curies":[{"name":"wp","href":"https:\/\/api.w.org\/{rel}","templated":true}]}}