{"id":18647,"date":"2025-09-05T12:31:42","date_gmt":"2025-09-05T10:31:42","guid":{"rendered":"https:\/\/fsi-stumpcutters.com\/?post_type=product&#038;p=18647"},"modified":"2025-09-05T12:47:53","modified_gmt":"2025-09-05T10:47:53","slug":"fsi-b23","status":"publish","type":"product","link":"https:\/\/fsi-stumpcutters.com\/da\/vare\/motor\/fsi-b23\/","title":{"rendered":"FSI B23"},"content":{"rendered":"<p><span class=\"citation-35 citation-end-35\">FSI B23 er en videreudvikling af den popul\u00e6re FSI B22. Med velkendte designelementer fra b\u00e5de FSI B21 og FSI B22 er B23&#8217;eren den perfekte makker til enhver professionel opgave. <\/span><span class=\"citation-35 citation-end-35\">FSI B23 er en 14 hk selvk\u00f8rende stubfr\u00e6ser, der er designet til at g\u00f8re arbejdet nemmere for dig<\/span>. <span class=\"citation-34 citation-end-34\">Den kombinerer kraft med brugervenlighed og g\u00f8r den b\u00e5de let at man\u00f8vrere og transportere<\/span>. <span class=\"citation-33 citation-end-33\">Det vibrationsd\u00e6mpede og h\u00f8jdejusterbare h\u00e5ndtag g\u00f8r det mindre anstrengende at svinge fr\u00e6searmen fra side til side<\/span>.<\/p>\n<p><span class=\"citation-32 citation-end-32\">Maskinen har hydraulisk hjultr\u00e6k, hvilket g\u00f8r det nemt at k\u00f8re i terr\u00e6n og op ad ramper<\/span>. <span class=\"citation-31 citation-end-31\">Du styrer k\u00f8rselsretningen ved at dreje en del af h\u00e5ndtaget frem eller tilbage<\/span>.<\/p>\n<ul>\n<li><b><span class=\"citation-30\">Auto Sweep Release<\/span><\/b><span class=\"citation-30 citation-end-30\"> &#8211; Denne unikke funktion frigiver automatisk sweep-l\u00e5sen, n\u00e5r du aktiverer bremserne under fr\u00e6sning<\/span>. <span class=\"citation-29 citation-end-29\">Det g\u00f8r det let for dig at skifte position ved stubben<\/span>.<\/li>\n<li><b><span class=\"citation-28\">Ingen daglig vedligeholdelse<\/span><\/b><span class=\"citation-28 citation-end-28\"> &#8211; Fr\u00e6seskivens lukkede lejehus er smurt fra fabrikken til mere end 1000 timers normal drift<\/span>. <span class=\"citation-27 citation-end-27\">Dette fjerner risikoen for over- eller undersm\u00f8ring og g\u00f8r daglig vedligeholdelse overfl\u00f8dig<\/span>.<\/li>\n<li><b><span class=\"citation-26\">Nem transport<\/span><\/b><span class=\"citation-26 citation-end-26\"> &#8211; Med flere let tilg\u00e6ngelige surrings- og l\u00f8ftepunkter kan du hurtigt sp\u00e6nde stubfr\u00e6seren fast, s\u00e5 du sikkert kan komme frem til n\u00e6ste arbejdssted<\/span>.<\/li>\n<\/ul>\n<h5>Som standard leveres FSI B23 med:<\/h5>\n<ul>\n<li><span class=\"citation-25 citation-end-25\">Store hjul med individuelle hydrauliske motorer (2WD) <\/span><\/li>\n<li><span class=\"citation-23 citation-end-23\">Fril\u00f8bsventil til man\u00f8vrering uden at starte motoren <\/span><\/li>\n<li><span class=\"citation-22 citation-end-22\">Sikkerhedsb\u00f8jle, der stopper maskinen, n\u00e5r den slippes, for \u00f8get operat\u00f8rsikkerhed <\/span><\/li>\n<li><span class=\"citation-21 citation-end-21\">FSI power-cut fr\u00e6seskive, der sikrer h\u00f8j kapacitet og minimerer slid for l\u00e6ngere levetid <\/span><\/li>\n<li><span class=\"citation-20 citation-end-20\">Originale FSI t\u00e6nder og holdere <\/span><\/li>\n<li><span class=\"citation-19 citation-end-19\">Manualbeholder og timet\u00e6ller <\/span><\/li>\n<li><span class=\"citation-18 citation-end-18\">V\u00e6rkt\u00f8jss\u00e6t<\/span><\/li>\n<\/ul>\n<p><a href=\"https:\/\/fsi-stumpcutters.com\/wp-content\/uploads\/2025\/09\/DK-FSI-B23.pdf\"><strong>Hent databladet<\/strong><\/a> for at se alle specifikationer p\u00e5 FSI B23.<\/p>\n<p><a href=\"https:\/\/fsi-stumpcutters.com\/da\/salg\/\" target=\"_self\" rel=\"noopener\"><br \/>\nFind en forhandler<br \/>\n<\/a><br \/>\n<a href=\"mailto:sales@fsi.dk\" target=\"_self\" rel=\"noopener\"><br \/>\nKontakt os<br \/>\n<\/a><\/p>\n","protected":false},"excerpt":{"rendered":"<ul>\n<li>Store hjul med individuelle oliemotorer (2WD)<\/li>\n<li>Vibrationsd\u00e6mpet og h\u00f8jdejusterbart h\u00e5ndtag<\/li>\n<li>Auto Sweep Release<\/li>\n<li>Kileremstr\u00e6k for optimal kraftoverf\u00f8ring<\/li>\n<li>Lettilg\u00e6ngelige surrings- og l\u00f8fte\u00f8jer<\/li>\n<li>V\u00e6rkt\u00f8jss\u00e6t<\/li>\n<\/ul>\n","protected":false},"featured_media":18802,"template":"","meta":[],"product_brand":[],"product_cat":[34],"product_tag":[603],"class_list":{"0":"post-18647","1":"product","2":"type-product","3":"status-publish","4":"has-post-thumbnail","6":"product_cat-motor","7":"product_tag-fsi-b23","9":"first","10":"instock","11":"shipping-taxable","12":"product-type-simple"},"acf":[],"yoast_head":"<!-- This site is optimized with the Yoast SEO plugin v27.0 - https:\/\/yoast.com\/product\/yoast-seo-wordpress\/ -->\n<title>FSI B23 - Kompakt stubfr\u00e6ser med 2WD | 14 hk motor<\/title>\n<meta name=\"description\" content=\"Kompakt design og en bredde p\u00e5 kun 68 cm g\u00f8r at maskinen kommer frem selv p\u00e5 begr\u00e6nset plads | FSI B23 er let at h\u00e5ndtere og let at transportere fra job til job.\" \/>\n<meta name=\"robots\" content=\"index, follow, max-snippet:-1, max-image-preview:large, max-video-preview:-1\" \/>\n<link rel=\"canonical\" href=\"https:\/\/fsi-stumpcutters.com\/da\/vare\/motor\/fsi-b23\/\" \/>\n<meta property=\"og:locale\" content=\"da_DK\" \/>\n<meta property=\"og:type\" content=\"article\" \/>\n<meta property=\"og:title\" content=\"FSI B23 - Kompakt stubfr\u00e6ser med 2WD | 14 hk motor\" \/>\n<meta property=\"og:description\" content=\"Kompakt design og en bredde p\u00e5 kun 68 cm g\u00f8r at maskinen kommer frem selv p\u00e5 begr\u00e6nset plads | FSI B23 er let at h\u00e5ndtere og let at transportere fra job til job.\" \/>\n<meta property=\"og:url\" content=\"https:\/\/fsi-stumpcutters.com\/da\/vare\/motor\/fsi-b23\/\" \/>\n<meta property=\"og:site_name\" content=\"FSI\" \/>\n<meta property=\"article:publisher\" content=\"https:\/\/www.facebook.com\/fsi.dk\" \/>\n<meta property=\"article:modified_time\" content=\"2025-09-05T10:47:53+00:00\" \/>\n<meta property=\"og:image\" content=\"https:\/\/fsi-stumpcutters.com\/wp-content\/uploads\/2025\/09\/B23_greasing.png\" \/>\n\t<meta property=\"og:image:width\" content=\"1620\" \/>\n\t<meta property=\"og:image:height\" content=\"1080\" \/>\n\t<meta property=\"og:image:type\" content=\"image\/png\" \/>\n<meta name=\"twitter:card\" content=\"summary_large_image\" \/>\n<meta name=\"twitter:label1\" content=\"Estimeret l\u00e6setid\" \/>\n\t<meta name=\"twitter:data1\" content=\"2 minutter\" \/>\n<script type=\"application\/ld+json\" class=\"yoast-schema-graph\">{\"@context\":\"https:\/\/schema.org\",\"@graph\":[{\"@type\":\"WebPage\",\"@id\":\"https:\/\/fsi-stumpcutters.com\/da\/vare\/motor\/fsi-b23\/\",\"url\":\"https:\/\/fsi-stumpcutters.com\/da\/vare\/motor\/fsi-b23\/\",\"name\":\"FSI B23 - Kompakt stubfr\u00e6ser med 2WD | 14 hk motor\",\"isPartOf\":{\"@id\":\"https:\/\/fsi-stumpcutters.com\/da\/#website\"},\"primaryImageOfPage\":{\"@id\":\"https:\/\/fsi-stumpcutters.com\/da\/vare\/motor\/fsi-b23\/#primaryimage\"},\"image\":{\"@id\":\"https:\/\/fsi-stumpcutters.com\/da\/vare\/motor\/fsi-b23\/#primaryimage\"},\"thumbnailUrl\":\"https:\/\/fsi-stumpcutters.com\/wp-content\/uploads\/2025\/09\/B23_greasing.png\",\"datePublished\":\"2025-09-05T10:31:42+00:00\",\"dateModified\":\"2025-09-05T10:47:53+00:00\",\"description\":\"Kompakt design og en bredde p\u00e5 kun 68 cm g\u00f8r at maskinen kommer frem selv p\u00e5 begr\u00e6nset plads | FSI B23 er let at h\u00e5ndtere og let at transportere fra job til job.\",\"breadcrumb\":{\"@id\":\"https:\/\/fsi-stumpcutters.com\/da\/vare\/motor\/fsi-b23\/#breadcrumb\"},\"inLanguage\":\"da-DK\",\"potentialAction\":[{\"@type\":\"ReadAction\",\"target\":[\"https:\/\/fsi-stumpcutters.com\/da\/vare\/motor\/fsi-b23\/\"]}]},{\"@type\":\"ImageObject\",\"inLanguage\":\"da-DK\",\"@id\":\"https:\/\/fsi-stumpcutters.com\/da\/vare\/motor\/fsi-b23\/#primaryimage\",\"url\":\"https:\/\/fsi-stumpcutters.com\/wp-content\/uploads\/2025\/09\/B23_greasing.png\",\"contentUrl\":\"https:\/\/fsi-stumpcutters.com\/wp-content\/uploads\/2025\/09\/B23_greasing.png\",\"width\":1620,\"height\":1080,\"caption\":\"FSI B23 Right adjust\"},{\"@type\":\"BreadcrumbList\",\"@id\":\"https:\/\/fsi-stumpcutters.com\/da\/vare\/motor\/fsi-b23\/#breadcrumb\",\"itemListElement\":[{\"@type\":\"ListItem\",\"position\":1,\"name\":\"Home\",\"item\":\"https:\/\/fsi-stumpcutters.com\/da\/\"},{\"@type\":\"ListItem\",\"position\":2,\"name\":\"Varer\",\"item\":\"https:\/\/fsi-stumpcutters.com\/da\/shop\/\"},{\"@type\":\"ListItem\",\"position\":3,\"name\":\"FSI B23\"}]},{\"@type\":\"WebSite\",\"@id\":\"https:\/\/fsi-stumpcutters.com\/da\/#website\",\"url\":\"https:\/\/fsi-stumpcutters.com\/da\/\",\"name\":\"FSI\",\"description\":\"FSI website\",\"publisher\":{\"@id\":\"https:\/\/fsi-stumpcutters.com\/da\/#organization\"},\"potentialAction\":[{\"@type\":\"SearchAction\",\"target\":{\"@type\":\"EntryPoint\",\"urlTemplate\":\"https:\/\/fsi-stumpcutters.com\/da\/?s={search_term_string}\"},\"query-input\":{\"@type\":\"PropertyValueSpecification\",\"valueRequired\":true,\"valueName\":\"search_term_string\"}}],\"inLanguage\":\"da-DK\"},{\"@type\":\"Organization\",\"@id\":\"https:\/\/fsi-stumpcutters.com\/da\/#organization\",\"name\":\"FSI Stump Cutters\",\"url\":\"https:\/\/fsi-stumpcutters.com\/da\/\",\"logo\":{\"@type\":\"ImageObject\",\"inLanguage\":\"da-DK\",\"@id\":\"https:\/\/fsi-stumpcutters.com\/da\/#\/schema\/logo\/image\/\",\"url\":\"https:\/\/fsi-stumpcutters.com\/wp-content\/uploads\/2022\/10\/FSI-LOGO-PRIMAERT-RODT-RGB.png\",\"contentUrl\":\"https:\/\/fsi-stumpcutters.com\/wp-content\/uploads\/2022\/10\/FSI-LOGO-PRIMAERT-RODT-RGB.png\",\"width\":567,\"height\":567,\"caption\":\"FSI Stump Cutters\"},\"image\":{\"@id\":\"https:\/\/fsi-stumpcutters.com\/da\/#\/schema\/logo\/image\/\"},\"sameAs\":[\"https:\/\/www.facebook.com\/fsi.dk\",\"https:\/\/www.instagram.com\/fsi.dk\/\",\"https:\/\/www.youtube.com\/channel\/UC9KnSaA_SwR9fc2PkSpOpwg\",\"https:\/\/www.linkedin.com\/company\/fsistumpcutters\/\"]}]}<\/script>\n<!-- \/ Yoast SEO plugin. -->","yoast_head_json":{"title":"FSI B23 - Kompakt stubfr\u00e6ser med 2WD | 14 hk motor","description":"Kompakt design og en bredde p\u00e5 kun 68 cm g\u00f8r at maskinen kommer frem selv p\u00e5 begr\u00e6nset plads | FSI B23 er let at h\u00e5ndtere og let at transportere fra job til job.","robots":{"index":"index","follow":"follow","max-snippet":"max-snippet:-1","max-image-preview":"max-image-preview:large","max-video-preview":"max-video-preview:-1"},"canonical":"https:\/\/fsi-stumpcutters.com\/da\/vare\/motor\/fsi-b23\/","og_locale":"da_DK","og_type":"article","og_title":"FSI B23 - Kompakt stubfr\u00e6ser med 2WD | 14 hk motor","og_description":"Kompakt design og en bredde p\u00e5 kun 68 cm g\u00f8r at maskinen kommer frem selv p\u00e5 begr\u00e6nset plads | FSI B23 er let at h\u00e5ndtere og let at transportere fra job til job.","og_url":"https:\/\/fsi-stumpcutters.com\/da\/vare\/motor\/fsi-b23\/","og_site_name":"FSI","article_publisher":"https:\/\/www.facebook.com\/fsi.dk","article_modified_time":"2025-09-05T10:47:53+00:00","og_image":[{"width":1620,"height":1080,"url":"https:\/\/fsi-stumpcutters.com\/wp-content\/uploads\/2025\/09\/B23_greasing.png","type":"image\/png"}],"twitter_card":"summary_large_image","twitter_misc":{"Estimeret l\u00e6setid":"2 minutter"},"schema":{"@context":"https:\/\/schema.org","@graph":[{"@type":"WebPage","@id":"https:\/\/fsi-stumpcutters.com\/da\/vare\/motor\/fsi-b23\/","url":"https:\/\/fsi-stumpcutters.com\/da\/vare\/motor\/fsi-b23\/","name":"FSI B23 - Kompakt stubfr\u00e6ser med 2WD | 14 hk motor","isPartOf":{"@id":"https:\/\/fsi-stumpcutters.com\/da\/#website"},"primaryImageOfPage":{"@id":"https:\/\/fsi-stumpcutters.com\/da\/vare\/motor\/fsi-b23\/#primaryimage"},"image":{"@id":"https:\/\/fsi-stumpcutters.com\/da\/vare\/motor\/fsi-b23\/#primaryimage"},"thumbnailUrl":"https:\/\/fsi-stumpcutters.com\/wp-content\/uploads\/2025\/09\/B23_greasing.png","datePublished":"2025-09-05T10:31:42+00:00","dateModified":"2025-09-05T10:47:53+00:00","description":"Kompakt design og en bredde p\u00e5 kun 68 cm g\u00f8r at maskinen kommer frem selv p\u00e5 begr\u00e6nset plads | FSI B23 er let at h\u00e5ndtere og let at transportere fra job til job.","breadcrumb":{"@id":"https:\/\/fsi-stumpcutters.com\/da\/vare\/motor\/fsi-b23\/#breadcrumb"},"inLanguage":"da-DK","potentialAction":[{"@type":"ReadAction","target":["https:\/\/fsi-stumpcutters.com\/da\/vare\/motor\/fsi-b23\/"]}]},{"@type":"ImageObject","inLanguage":"da-DK","@id":"https:\/\/fsi-stumpcutters.com\/da\/vare\/motor\/fsi-b23\/#primaryimage","url":"https:\/\/fsi-stumpcutters.com\/wp-content\/uploads\/2025\/09\/B23_greasing.png","contentUrl":"https:\/\/fsi-stumpcutters.com\/wp-content\/uploads\/2025\/09\/B23_greasing.png","width":1620,"height":1080,"caption":"FSI B23 Right adjust"},{"@type":"BreadcrumbList","@id":"https:\/\/fsi-stumpcutters.com\/da\/vare\/motor\/fsi-b23\/#breadcrumb","itemListElement":[{"@type":"ListItem","position":1,"name":"Home","item":"https:\/\/fsi-stumpcutters.com\/da\/"},{"@type":"ListItem","position":2,"name":"Varer","item":"https:\/\/fsi-stumpcutters.com\/da\/shop\/"},{"@type":"ListItem","position":3,"name":"FSI B23"}]},{"@type":"WebSite","@id":"https:\/\/fsi-stumpcutters.com\/da\/#website","url":"https:\/\/fsi-stumpcutters.com\/da\/","name":"FSI","description":"FSI website","publisher":{"@id":"https:\/\/fsi-stumpcutters.com\/da\/#organization"},"potentialAction":[{"@type":"SearchAction","target":{"@type":"EntryPoint","urlTemplate":"https:\/\/fsi-stumpcutters.com\/da\/?s={search_term_string}"},"query-input":{"@type":"PropertyValueSpecification","valueRequired":true,"valueName":"search_term_string"}}],"inLanguage":"da-DK"},{"@type":"Organization","@id":"https:\/\/fsi-stumpcutters.com\/da\/#organization","name":"FSI Stump Cutters","url":"https:\/\/fsi-stumpcutters.com\/da\/","logo":{"@type":"ImageObject","inLanguage":"da-DK","@id":"https:\/\/fsi-stumpcutters.com\/da\/#\/schema\/logo\/image\/","url":"https:\/\/fsi-stumpcutters.com\/wp-content\/uploads\/2022\/10\/FSI-LOGO-PRIMAERT-RODT-RGB.png","contentUrl":"https:\/\/fsi-stumpcutters.com\/wp-content\/uploads\/2022\/10\/FSI-LOGO-PRIMAERT-RODT-RGB.png","width":567,"height":567,"caption":"FSI Stump Cutters"},"image":{"@id":"https:\/\/fsi-stumpcutters.com\/da\/#\/schema\/logo\/image\/"},"sameAs":["https:\/\/www.facebook.com\/fsi.dk","https:\/\/www.instagram.com\/fsi.dk\/","https:\/\/www.youtube.com\/channel\/UC9KnSaA_SwR9fc2PkSpOpwg","https:\/\/www.linkedin.com\/company\/fsistumpcutters\/"]}]}},"_links":{"self":[{"href":"https:\/\/fsi-stumpcutters.com\/da\/wp-json\/wp\/v2\/product\/18647","targetHints":{"allow":["GET"]}}],"collection":[{"href":"https:\/\/fsi-stumpcutters.com\/da\/wp-json\/wp\/v2\/product"}],"about":[{"href":"https:\/\/fsi-stumpcutters.com\/da\/wp-json\/wp\/v2\/types\/product"}],"wp:featuredmedia":[{"embeddable":true,"href":"https:\/\/fsi-stumpcutters.com\/da\/wp-json\/wp\/v2\/media\/18802"}],"wp:attachment":[{"href":"https:\/\/fsi-stumpcutters.com\/da\/wp-json\/wp\/v2\/media?parent=18647"}],"wp:term":[{"taxonomy":"product_brand","embeddable":true,"href":"https:\/\/fsi-stumpcutters.com\/da\/wp-json\/wp\/v2\/product_brand?post=18647"},{"taxonomy":"product_cat","embeddable":true,"href":"https:\/\/fsi-stumpcutters.com\/da\/wp-json\/wp\/v2\/product_cat?post=18647"},{"taxonomy":"product_tag","embeddable":true,"href":"https:\/\/fsi-stumpcutters.com\/da\/wp-json\/wp\/v2\/product_tag?post=18647"}],"curies":[{"name":"wp","href":"https:\/\/api.w.org\/{rel}","templated":true}]}}