{"id":18263,"date":"2025-05-09T05:13:53","date_gmt":"2025-05-09T03:13:53","guid":{"rendered":"https:\/\/fsi-stumpcutters.com\/?post_type=product&#038;p=18263"},"modified":"2025-06-25T16:27:59","modified_gmt":"2025-06-25T14:27:59","slug":"fsi-b31-980-remote","status":"publish","type":"product","link":"https:\/\/fsi-stumpcutters.com\/da\/vare\/motor\/fsi-b31-980-remote\/","title":{"rendered":"FSI B31-980 REMOTE"},"content":{"rendered":"<p>FSI B31-980 bygger videre p\u00e5 succesen med FSI B31-749 (tidligere FSI B31). Udstyret med en st\u00f8rre 38 hk motor f\u00e5r du endnu flere kr\u00e6fter til at fr\u00e6se stubbe og h\u00e5ndtere kr\u00e6vende terr\u00e6n med lethed.<\/p>\n<p>FSI B31-980 opfylder brugernes \u00f8nske om mere kraft, samtidig med at den bevarer det smalle 74 cm design, den vedligeholdelsesfri konstruktion og den intuitive betjening, som vi kender og elsker fra FSI B31-749.<\/p>\n<p>FSI B31-980 er udviklet til dem, der kr\u00e6ver mere af deres udstyr. Den kraftfulde 38 hk motor sikrer, at du kan tage fat p\u00e5 udfordrende opgaver med selvtillid.<\/p>\n<h4>INGEN DAGLIGVEDLIGEHOLD<\/h4>\n<p>Den hydraulisk drevne fr\u00e6seskive eliminerer behovet for daglig vedligeholdelse, da maskinen hverken har kileremme eller kobling som skal justeres eller udskiftes. Dette reducerer b\u00e5de driftsomkostningerne og tiden p\u00e5 v\u00e6rksted.<\/p>\n<h4>TAG STYRINGEN<\/h4>\n<p>Det svingbare betjeningspanel giver optimalt udsyn over arbejdsomr\u00e5det, og alle betjeningselementer lige ved h\u00e5nden.<\/p>\n<h4>NEM ADGANG<\/h4>\n<p>Med en bredde p\u00e5 kun 74 cm kan FSI B31-980 f\u00e5 adgang, hvor andre m\u00e5 give op. Det kompakte design, de modsat roterende b\u00e6lter og et lavt tyngdepunkt g\u00f8r maskinen mere stabil og man\u00f8vredygtig i ethvert terr\u00e6n.<\/p>\n<h4>ST\u00c5 FAST<\/h4>\n<p>Uanset om du fr\u00e6ser p\u00e5 skr\u00e5ninger eller navigerer i kr\u00e6vende terr\u00e6n, sikrer FSI B31-980&#8217;s indbyggede hydrauliske motorbremser og overtryksventil ventil, at din stubfr\u00e6ser forbliver stabil.<\/p>\n<p><iframe src=\"https:\/\/player.vimeo.com\/video\/1004856777?dnt=1&amp;app_id=122963\" width=\"1100\" height=\"619\" frameborder=\"0\" allow=\"autoplay; fullscreen; picture-in-picture; clipboard-write; encrypted-media; web-share\"><\/iframe><\/p>\n","protected":false},"excerpt":{"rendered":"<ul>\n<li>Ingen daglig vedligeholdelse og uden kileremme og kobling reduceres driftsomkostninger og behovet for service.<\/li>\n<li>Kompakt design, kun 74 cm bred<\/li>\n<li>Modroterende b\u00e6lter og et lavt tyngdepunkt sikrer stor man\u00f8vredygtighed og stabilitet.<\/li>\n<li>Fuld kontrol over arbejdet fra det svingbare betjeningspanel.<\/li>\n<li>Kraftfuld Kohler-motor p\u00e5 38 hk<\/li>\n<\/ul>\n","protected":false},"featured_media":18288,"template":"","meta":[],"product_brand":[],"product_cat":[34],"product_tag":[],"class_list":{"0":"post-18263","1":"product","2":"type-product","3":"status-publish","4":"has-post-thumbnail","6":"product_cat-motor","8":"first","9":"instock","10":"shipping-taxable","11":"product-type-simple"},"acf":[],"yoast_head":"<!-- This site is optimized with the Yoast SEO plugin v27.0 - https:\/\/yoast.com\/product\/yoast-seo-wordpress\/ -->\n<title>FSI B31-980 | Flere hestekr\u00e6fter, samme kompakte design<\/title>\n<meta name=\"description\" content=\"Byd velkommen til den NYE FSI B31-980, bygge t p\u00e5 de velkendte funktioner fra FSI B31-749 (tidl. FSI B31) \u2022 74 cm bredde \u2022 38 hk \u2022 intuitiv betjening\" \/>\n<meta name=\"robots\" content=\"index, follow, max-snippet:-1, max-image-preview:large, max-video-preview:-1\" \/>\n<link rel=\"canonical\" href=\"https:\/\/fsi-stumpcutters.com\/da\/vare\/motor\/fsi-b31-980-remote\/\" \/>\n<meta property=\"og:locale\" content=\"da_DK\" \/>\n<meta property=\"og:type\" content=\"article\" \/>\n<meta property=\"og:title\" content=\"FSI B31-980 | Flere hestekr\u00e6fter, samme kompakte design\" \/>\n<meta property=\"og:description\" content=\"Byd velkommen til den NYE FSI B31-980, bygge t p\u00e5 de velkendte funktioner fra FSI B31-749 (tidl. FSI B31) \u2022 74 cm bredde \u2022 38 hk \u2022 intuitiv betjening\" \/>\n<meta property=\"og:url\" content=\"https:\/\/fsi-stumpcutters.com\/da\/vare\/motor\/fsi-b31-980-remote\/\" \/>\n<meta property=\"og:site_name\" content=\"FSI\" \/>\n<meta property=\"article:publisher\" content=\"https:\/\/www.facebook.com\/fsi.dk\" \/>\n<meta property=\"article:modified_time\" content=\"2025-06-25T14:27:59+00:00\" \/>\n<meta property=\"og:image\" content=\"https:\/\/fsi-stumpcutters.com\/wp-content\/uploads\/2025\/05\/DSC00329-1024x683.png\" \/>\n\t<meta property=\"og:image:width\" content=\"1024\" \/>\n\t<meta property=\"og:image:height\" content=\"683\" \/>\n\t<meta property=\"og:image:type\" content=\"image\/png\" \/>\n<meta name=\"twitter:card\" content=\"summary_large_image\" \/>\n<meta name=\"twitter:label1\" content=\"Estimeret l\u00e6setid\" \/>\n\t<meta name=\"twitter:data1\" content=\"1 minut\" \/>\n<script type=\"application\/ld+json\" class=\"yoast-schema-graph\">{\"@context\":\"https:\/\/schema.org\",\"@graph\":[{\"@type\":\"WebPage\",\"@id\":\"https:\/\/fsi-stumpcutters.com\/da\/vare\/motor\/fsi-b31-980-remote\/\",\"url\":\"https:\/\/fsi-stumpcutters.com\/da\/vare\/motor\/fsi-b31-980-remote\/\",\"name\":\"FSI B31-980 | Flere hestekr\u00e6fter, samme kompakte design\",\"isPartOf\":{\"@id\":\"https:\/\/fsi-stumpcutters.com\/da\/#website\"},\"primaryImageOfPage\":{\"@id\":\"https:\/\/fsi-stumpcutters.com\/da\/vare\/motor\/fsi-b31-980-remote\/#primaryimage\"},\"image\":{\"@id\":\"https:\/\/fsi-stumpcutters.com\/da\/vare\/motor\/fsi-b31-980-remote\/#primaryimage\"},\"thumbnailUrl\":\"https:\/\/fsi-stumpcutters.com\/wp-content\/uploads\/2025\/05\/DSC00329.png\",\"datePublished\":\"2025-05-09T03:13:53+00:00\",\"dateModified\":\"2025-06-25T14:27:59+00:00\",\"description\":\"Byd velkommen til den NYE FSI B31-980, bygge t p\u00e5 de velkendte funktioner fra FSI B31-749 (tidl. FSI B31) \u2022 74 cm bredde \u2022 38 hk \u2022 intuitiv betjening\",\"breadcrumb\":{\"@id\":\"https:\/\/fsi-stumpcutters.com\/da\/vare\/motor\/fsi-b31-980-remote\/#breadcrumb\"},\"inLanguage\":\"da-DK\",\"potentialAction\":[{\"@type\":\"ReadAction\",\"target\":[\"https:\/\/fsi-stumpcutters.com\/da\/vare\/motor\/fsi-b31-980-remote\/\"]}]},{\"@type\":\"ImageObject\",\"inLanguage\":\"da-DK\",\"@id\":\"https:\/\/fsi-stumpcutters.com\/da\/vare\/motor\/fsi-b31-980-remote\/#primaryimage\",\"url\":\"https:\/\/fsi-stumpcutters.com\/wp-content\/uploads\/2025\/05\/DSC00329.png\",\"contentUrl\":\"https:\/\/fsi-stumpcutters.com\/wp-content\/uploads\/2025\/05\/DSC00329.png\",\"width\":1620,\"height\":1080,\"caption\":\"FSI B31-9801 REMOTE product image\"},{\"@type\":\"BreadcrumbList\",\"@id\":\"https:\/\/fsi-stumpcutters.com\/da\/vare\/motor\/fsi-b31-980-remote\/#breadcrumb\",\"itemListElement\":[{\"@type\":\"ListItem\",\"position\":1,\"name\":\"Home\",\"item\":\"https:\/\/fsi-stumpcutters.com\/da\/\"},{\"@type\":\"ListItem\",\"position\":2,\"name\":\"Varer\",\"item\":\"https:\/\/fsi-stumpcutters.com\/da\/shop\/\"},{\"@type\":\"ListItem\",\"position\":3,\"name\":\"FSI B31-980 REMOTE\"}]},{\"@type\":\"WebSite\",\"@id\":\"https:\/\/fsi-stumpcutters.com\/da\/#website\",\"url\":\"https:\/\/fsi-stumpcutters.com\/da\/\",\"name\":\"FSI\",\"description\":\"FSI website\",\"publisher\":{\"@id\":\"https:\/\/fsi-stumpcutters.com\/da\/#organization\"},\"potentialAction\":[{\"@type\":\"SearchAction\",\"target\":{\"@type\":\"EntryPoint\",\"urlTemplate\":\"https:\/\/fsi-stumpcutters.com\/da\/?s={search_term_string}\"},\"query-input\":{\"@type\":\"PropertyValueSpecification\",\"valueRequired\":true,\"valueName\":\"search_term_string\"}}],\"inLanguage\":\"da-DK\"},{\"@type\":\"Organization\",\"@id\":\"https:\/\/fsi-stumpcutters.com\/da\/#organization\",\"name\":\"FSI Stump Cutters\",\"url\":\"https:\/\/fsi-stumpcutters.com\/da\/\",\"logo\":{\"@type\":\"ImageObject\",\"inLanguage\":\"da-DK\",\"@id\":\"https:\/\/fsi-stumpcutters.com\/da\/#\/schema\/logo\/image\/\",\"url\":\"https:\/\/fsi-stumpcutters.com\/wp-content\/uploads\/2022\/10\/FSI-LOGO-PRIMAERT-RODT-RGB.png\",\"contentUrl\":\"https:\/\/fsi-stumpcutters.com\/wp-content\/uploads\/2022\/10\/FSI-LOGO-PRIMAERT-RODT-RGB.png\",\"width\":567,\"height\":567,\"caption\":\"FSI Stump Cutters\"},\"image\":{\"@id\":\"https:\/\/fsi-stumpcutters.com\/da\/#\/schema\/logo\/image\/\"},\"sameAs\":[\"https:\/\/www.facebook.com\/fsi.dk\",\"https:\/\/www.instagram.com\/fsi.dk\/\",\"https:\/\/www.youtube.com\/channel\/UC9KnSaA_SwR9fc2PkSpOpwg\",\"https:\/\/www.linkedin.com\/company\/fsistumpcutters\/\"]}]}<\/script>\n<!-- \/ Yoast SEO plugin. -->","yoast_head_json":{"title":"FSI B31-980 | Flere hestekr\u00e6fter, samme kompakte design","description":"Byd velkommen til den NYE FSI B31-980, bygge t p\u00e5 de velkendte funktioner fra FSI B31-749 (tidl. FSI B31) \u2022 74 cm bredde \u2022 38 hk \u2022 intuitiv betjening","robots":{"index":"index","follow":"follow","max-snippet":"max-snippet:-1","max-image-preview":"max-image-preview:large","max-video-preview":"max-video-preview:-1"},"canonical":"https:\/\/fsi-stumpcutters.com\/da\/vare\/motor\/fsi-b31-980-remote\/","og_locale":"da_DK","og_type":"article","og_title":"FSI B31-980 | Flere hestekr\u00e6fter, samme kompakte design","og_description":"Byd velkommen til den NYE FSI B31-980, bygge t p\u00e5 de velkendte funktioner fra FSI B31-749 (tidl. FSI B31) \u2022 74 cm bredde \u2022 38 hk \u2022 intuitiv betjening","og_url":"https:\/\/fsi-stumpcutters.com\/da\/vare\/motor\/fsi-b31-980-remote\/","og_site_name":"FSI","article_publisher":"https:\/\/www.facebook.com\/fsi.dk","article_modified_time":"2025-06-25T14:27:59+00:00","og_image":[{"width":1024,"height":683,"url":"https:\/\/fsi-stumpcutters.com\/wp-content\/uploads\/2025\/05\/DSC00329-1024x683.png","type":"image\/png"}],"twitter_card":"summary_large_image","twitter_misc":{"Estimeret l\u00e6setid":"1 minut"},"schema":{"@context":"https:\/\/schema.org","@graph":[{"@type":"WebPage","@id":"https:\/\/fsi-stumpcutters.com\/da\/vare\/motor\/fsi-b31-980-remote\/","url":"https:\/\/fsi-stumpcutters.com\/da\/vare\/motor\/fsi-b31-980-remote\/","name":"FSI B31-980 | Flere hestekr\u00e6fter, samme kompakte design","isPartOf":{"@id":"https:\/\/fsi-stumpcutters.com\/da\/#website"},"primaryImageOfPage":{"@id":"https:\/\/fsi-stumpcutters.com\/da\/vare\/motor\/fsi-b31-980-remote\/#primaryimage"},"image":{"@id":"https:\/\/fsi-stumpcutters.com\/da\/vare\/motor\/fsi-b31-980-remote\/#primaryimage"},"thumbnailUrl":"https:\/\/fsi-stumpcutters.com\/wp-content\/uploads\/2025\/05\/DSC00329.png","datePublished":"2025-05-09T03:13:53+00:00","dateModified":"2025-06-25T14:27:59+00:00","description":"Byd velkommen til den NYE FSI B31-980, bygge t p\u00e5 de velkendte funktioner fra FSI B31-749 (tidl. FSI B31) \u2022 74 cm bredde \u2022 38 hk \u2022 intuitiv betjening","breadcrumb":{"@id":"https:\/\/fsi-stumpcutters.com\/da\/vare\/motor\/fsi-b31-980-remote\/#breadcrumb"},"inLanguage":"da-DK","potentialAction":[{"@type":"ReadAction","target":["https:\/\/fsi-stumpcutters.com\/da\/vare\/motor\/fsi-b31-980-remote\/"]}]},{"@type":"ImageObject","inLanguage":"da-DK","@id":"https:\/\/fsi-stumpcutters.com\/da\/vare\/motor\/fsi-b31-980-remote\/#primaryimage","url":"https:\/\/fsi-stumpcutters.com\/wp-content\/uploads\/2025\/05\/DSC00329.png","contentUrl":"https:\/\/fsi-stumpcutters.com\/wp-content\/uploads\/2025\/05\/DSC00329.png","width":1620,"height":1080,"caption":"FSI B31-9801 REMOTE product image"},{"@type":"BreadcrumbList","@id":"https:\/\/fsi-stumpcutters.com\/da\/vare\/motor\/fsi-b31-980-remote\/#breadcrumb","itemListElement":[{"@type":"ListItem","position":1,"name":"Home","item":"https:\/\/fsi-stumpcutters.com\/da\/"},{"@type":"ListItem","position":2,"name":"Varer","item":"https:\/\/fsi-stumpcutters.com\/da\/shop\/"},{"@type":"ListItem","position":3,"name":"FSI B31-980 REMOTE"}]},{"@type":"WebSite","@id":"https:\/\/fsi-stumpcutters.com\/da\/#website","url":"https:\/\/fsi-stumpcutters.com\/da\/","name":"FSI","description":"FSI website","publisher":{"@id":"https:\/\/fsi-stumpcutters.com\/da\/#organization"},"potentialAction":[{"@type":"SearchAction","target":{"@type":"EntryPoint","urlTemplate":"https:\/\/fsi-stumpcutters.com\/da\/?s={search_term_string}"},"query-input":{"@type":"PropertyValueSpecification","valueRequired":true,"valueName":"search_term_string"}}],"inLanguage":"da-DK"},{"@type":"Organization","@id":"https:\/\/fsi-stumpcutters.com\/da\/#organization","name":"FSI Stump Cutters","url":"https:\/\/fsi-stumpcutters.com\/da\/","logo":{"@type":"ImageObject","inLanguage":"da-DK","@id":"https:\/\/fsi-stumpcutters.com\/da\/#\/schema\/logo\/image\/","url":"https:\/\/fsi-stumpcutters.com\/wp-content\/uploads\/2022\/10\/FSI-LOGO-PRIMAERT-RODT-RGB.png","contentUrl":"https:\/\/fsi-stumpcutters.com\/wp-content\/uploads\/2022\/10\/FSI-LOGO-PRIMAERT-RODT-RGB.png","width":567,"height":567,"caption":"FSI Stump Cutters"},"image":{"@id":"https:\/\/fsi-stumpcutters.com\/da\/#\/schema\/logo\/image\/"},"sameAs":["https:\/\/www.facebook.com\/fsi.dk","https:\/\/www.instagram.com\/fsi.dk\/","https:\/\/www.youtube.com\/channel\/UC9KnSaA_SwR9fc2PkSpOpwg","https:\/\/www.linkedin.com\/company\/fsistumpcutters\/"]}]}},"_links":{"self":[{"href":"https:\/\/fsi-stumpcutters.com\/da\/wp-json\/wp\/v2\/product\/18263","targetHints":{"allow":["GET"]}}],"collection":[{"href":"https:\/\/fsi-stumpcutters.com\/da\/wp-json\/wp\/v2\/product"}],"about":[{"href":"https:\/\/fsi-stumpcutters.com\/da\/wp-json\/wp\/v2\/types\/product"}],"wp:featuredmedia":[{"embeddable":true,"href":"https:\/\/fsi-stumpcutters.com\/da\/wp-json\/wp\/v2\/media\/18288"}],"wp:attachment":[{"href":"https:\/\/fsi-stumpcutters.com\/da\/wp-json\/wp\/v2\/media?parent=18263"}],"wp:term":[{"taxonomy":"product_brand","embeddable":true,"href":"https:\/\/fsi-stumpcutters.com\/da\/wp-json\/wp\/v2\/product_brand?post=18263"},{"taxonomy":"product_cat","embeddable":true,"href":"https:\/\/fsi-stumpcutters.com\/da\/wp-json\/wp\/v2\/product_cat?post=18263"},{"taxonomy":"product_tag","embeddable":true,"href":"https:\/\/fsi-stumpcutters.com\/da\/wp-json\/wp\/v2\/product_tag?post=18263"}],"curies":[{"name":"wp","href":"https:\/\/api.w.org\/{rel}","templated":true}]}}