{"id":15619,"date":"2023-03-03T15:41:59","date_gmt":"2023-03-03T14:41:59","guid":{"rendered":"https:\/\/fsi-stumpcutters.com\/?post_type=product&#038;p=15619"},"modified":"2024-09-04T14:31:29","modified_gmt":"2024-09-04T12:31:29","slug":"fsi-b31-749","status":"publish","type":"product","link":"https:\/\/fsi-stumpcutters.com\/da\/vare\/motor\/fsi-b31-749\/","title":{"rendered":"FSI B31-749"},"content":{"rendered":"<p style=\"text-align: justify;\">FSI B31-749<a href=\"https:\/\/fsi-stumpcutters.com\/da\/vare\/motor\/fsi-b31-749\/\" target=\"_blank\" rel=\"noopener\">&nbsp;<\/a>(Tidligere FSI B31) er en kompakt maskine der er nem at man\u00f8vrer, har brugervenlig betjening, et stort arbejdsomr\u00e5de og er uden behov for daglig vedligeholdelse.<\/p>\n<p style=\"text-align: justify;\">Med FSI B31 er stubfr\u00e6sning nem og simpel.<\/p>\n<p style=\"text-align: justify;\">Betjeningspanelet kan svinges ud i en 90-graders vinkel og sikrer et godt overblik over arbejdsomr\u00e5det og nem betjening, mens det kun 74 cm brede design g\u00f8r det muligt for stubfr\u00e6seren at passere gennem smalle porte og passager uden problemer.<\/p>\n<p style=\"text-align: left;\">\n<p>http:\/\/vimeo.com\/824764442<\/p>\n","protected":false},"excerpt":{"rendered":"<ul>\n<li>Ingen daglig vedligeholdelse og uden kileremme reduceres driftsomkostninger og behovet for service.<\/li>\n<li>Ekstremt man\u00f8vredygtig og stabil med modsat-roterende b\u00e6lter og et meget lavt tyngdepunkt.<\/li>\n<li>Fuld kontrol over arbejdet fra det svingbare betjeningspanel.<\/li>\n<li>Sikkerhedsb\u00f8jle, der standser fr\u00e6serhjulet hurtigt ved frigivelse for at sikre operat\u00f8rens sikkerhed.<\/li>\n<li>Let tilg\u00e6ngelige surrings- og l\u00f8ftepunkter for hurtig og sikker transport.<\/li>\n<\/ul>\n","protected":false},"featured_media":15588,"template":"","meta":[],"product_brand":[],"product_cat":[34],"product_tag":[],"class_list":{"0":"post-15619","1":"product","2":"type-product","3":"status-publish","4":"has-post-thumbnail","6":"product_cat-motor","8":"first","9":"instock","10":"shipping-taxable","11":"product-type-simple"},"acf":[],"yoast_head":"<!-- This site is optimized with the Yoast SEO plugin v27.0 - https:\/\/yoast.com\/product\/yoast-seo-wordpress\/ -->\n<title>FSI B31-749 - Kompakt stubfr\u00e6ser uden daglig vedligeholdelse<\/title>\n<meta name=\"description\" content=\"Effektiv og nem rod- og stubfr\u00e6sning med FSI B31-749. Benzinmotor, svingbart betjeningspanel og smalt design for optimal ydeevne.\" \/>\n<meta name=\"robots\" content=\"index, follow, max-snippet:-1, max-image-preview:large, max-video-preview:-1\" \/>\n<link rel=\"canonical\" href=\"https:\/\/fsi-stumpcutters.com\/da\/vare\/motor\/fsi-b31-749\/\" \/>\n<meta property=\"og:locale\" content=\"da_DK\" \/>\n<meta property=\"og:type\" content=\"article\" \/>\n<meta property=\"og:title\" content=\"FSI B31-749 - Kompakt stubfr\u00e6ser uden daglig vedligeholdelse\" \/>\n<meta property=\"og:description\" content=\"Effektiv og nem rod- og stubfr\u00e6sning med FSI B31-749. Benzinmotor, svingbart betjeningspanel og smalt design for optimal ydeevne.\" \/>\n<meta property=\"og:url\" content=\"https:\/\/fsi-stumpcutters.com\/da\/vare\/motor\/fsi-b31-749\/\" \/>\n<meta property=\"og:site_name\" content=\"FSI\" \/>\n<meta property=\"article:publisher\" content=\"https:\/\/www.facebook.com\/fsi.dk\" \/>\n<meta property=\"article:modified_time\" content=\"2024-09-04T12:31:29+00:00\" \/>\n<meta property=\"og:image\" content=\"https:\/\/fsi-stumpcutters.com\/wp-content\/uploads\/2023\/03\/FSI-B31-Angled-Left.jpg\" \/>\n\t<meta property=\"og:image:width\" content=\"1620\" \/>\n\t<meta property=\"og:image:height\" content=\"1080\" \/>\n\t<meta property=\"og:image:type\" content=\"image\/jpeg\" \/>\n<meta name=\"twitter:card\" content=\"summary_large_image\" \/>\n<meta name=\"twitter:label1\" content=\"Estimeret l\u00e6setid\" \/>\n\t<meta name=\"twitter:data1\" content=\"1 minut\" \/>\n<script type=\"application\/ld+json\" class=\"yoast-schema-graph\">{\"@context\":\"https:\/\/schema.org\",\"@graph\":[{\"@type\":\"WebPage\",\"@id\":\"https:\/\/fsi-stumpcutters.com\/da\/vare\/motor\/fsi-b31-749\/\",\"url\":\"https:\/\/fsi-stumpcutters.com\/da\/vare\/motor\/fsi-b31-749\/\",\"name\":\"FSI B31-749 - Kompakt stubfr\u00e6ser uden daglig vedligeholdelse\",\"isPartOf\":{\"@id\":\"https:\/\/fsi-stumpcutters.com\/da\/#website\"},\"primaryImageOfPage\":{\"@id\":\"https:\/\/fsi-stumpcutters.com\/da\/vare\/motor\/fsi-b31-749\/#primaryimage\"},\"image\":{\"@id\":\"https:\/\/fsi-stumpcutters.com\/da\/vare\/motor\/fsi-b31-749\/#primaryimage\"},\"thumbnailUrl\":\"https:\/\/fsi-stumpcutters.com\/wp-content\/uploads\/2023\/03\/FSI-B31-Angled-Left.jpg\",\"datePublished\":\"2023-03-03T14:41:59+00:00\",\"dateModified\":\"2024-09-04T12:31:29+00:00\",\"description\":\"Effektiv og nem rod- og stubfr\u00e6sning med FSI B31-749. Benzinmotor, svingbart betjeningspanel og smalt design for optimal ydeevne.\",\"breadcrumb\":{\"@id\":\"https:\/\/fsi-stumpcutters.com\/da\/vare\/motor\/fsi-b31-749\/#breadcrumb\"},\"inLanguage\":\"da-DK\",\"potentialAction\":[{\"@type\":\"ReadAction\",\"target\":[\"https:\/\/fsi-stumpcutters.com\/da\/vare\/motor\/fsi-b31-749\/\"]}]},{\"@type\":\"ImageObject\",\"inLanguage\":\"da-DK\",\"@id\":\"https:\/\/fsi-stumpcutters.com\/da\/vare\/motor\/fsi-b31-749\/#primaryimage\",\"url\":\"https:\/\/fsi-stumpcutters.com\/wp-content\/uploads\/2023\/03\/FSI-B31-Angled-Left.jpg\",\"contentUrl\":\"https:\/\/fsi-stumpcutters.com\/wp-content\/uploads\/2023\/03\/FSI-B31-Angled-Left.jpg\",\"width\":1620,\"height\":1080,\"caption\":\"FSI B31\"},{\"@type\":\"BreadcrumbList\",\"@id\":\"https:\/\/fsi-stumpcutters.com\/da\/vare\/motor\/fsi-b31-749\/#breadcrumb\",\"itemListElement\":[{\"@type\":\"ListItem\",\"position\":1,\"name\":\"Home\",\"item\":\"https:\/\/fsi-stumpcutters.com\/da\/\"},{\"@type\":\"ListItem\",\"position\":2,\"name\":\"Varer\",\"item\":\"https:\/\/fsi-stumpcutters.com\/da\/shop\/\"},{\"@type\":\"ListItem\",\"position\":3,\"name\":\"FSI B31-749\"}]},{\"@type\":\"WebSite\",\"@id\":\"https:\/\/fsi-stumpcutters.com\/da\/#website\",\"url\":\"https:\/\/fsi-stumpcutters.com\/da\/\",\"name\":\"FSI\",\"description\":\"FSI website\",\"publisher\":{\"@id\":\"https:\/\/fsi-stumpcutters.com\/da\/#organization\"},\"potentialAction\":[{\"@type\":\"SearchAction\",\"target\":{\"@type\":\"EntryPoint\",\"urlTemplate\":\"https:\/\/fsi-stumpcutters.com\/da\/?s={search_term_string}\"},\"query-input\":{\"@type\":\"PropertyValueSpecification\",\"valueRequired\":true,\"valueName\":\"search_term_string\"}}],\"inLanguage\":\"da-DK\"},{\"@type\":\"Organization\",\"@id\":\"https:\/\/fsi-stumpcutters.com\/da\/#organization\",\"name\":\"FSI Stump Cutters\",\"url\":\"https:\/\/fsi-stumpcutters.com\/da\/\",\"logo\":{\"@type\":\"ImageObject\",\"inLanguage\":\"da-DK\",\"@id\":\"https:\/\/fsi-stumpcutters.com\/da\/#\/schema\/logo\/image\/\",\"url\":\"https:\/\/fsi-stumpcutters.com\/wp-content\/uploads\/2022\/10\/FSI-LOGO-PRIMAERT-RODT-RGB.png\",\"contentUrl\":\"https:\/\/fsi-stumpcutters.com\/wp-content\/uploads\/2022\/10\/FSI-LOGO-PRIMAERT-RODT-RGB.png\",\"width\":567,\"height\":567,\"caption\":\"FSI Stump Cutters\"},\"image\":{\"@id\":\"https:\/\/fsi-stumpcutters.com\/da\/#\/schema\/logo\/image\/\"},\"sameAs\":[\"https:\/\/www.facebook.com\/fsi.dk\",\"https:\/\/www.instagram.com\/fsi.dk\/\",\"https:\/\/www.youtube.com\/channel\/UC9KnSaA_SwR9fc2PkSpOpwg\",\"https:\/\/www.linkedin.com\/company\/fsistumpcutters\/\"]}]}<\/script>\n<!-- \/ Yoast SEO plugin. -->","yoast_head_json":{"title":"FSI B31-749 - Kompakt stubfr\u00e6ser uden daglig vedligeholdelse","description":"Effektiv og nem rod- og stubfr\u00e6sning med FSI B31-749. Benzinmotor, svingbart betjeningspanel og smalt design for optimal ydeevne.","robots":{"index":"index","follow":"follow","max-snippet":"max-snippet:-1","max-image-preview":"max-image-preview:large","max-video-preview":"max-video-preview:-1"},"canonical":"https:\/\/fsi-stumpcutters.com\/da\/vare\/motor\/fsi-b31-749\/","og_locale":"da_DK","og_type":"article","og_title":"FSI B31-749 - Kompakt stubfr\u00e6ser uden daglig vedligeholdelse","og_description":"Effektiv og nem rod- og stubfr\u00e6sning med FSI B31-749. Benzinmotor, svingbart betjeningspanel og smalt design for optimal ydeevne.","og_url":"https:\/\/fsi-stumpcutters.com\/da\/vare\/motor\/fsi-b31-749\/","og_site_name":"FSI","article_publisher":"https:\/\/www.facebook.com\/fsi.dk","article_modified_time":"2024-09-04T12:31:29+00:00","og_image":[{"width":1620,"height":1080,"url":"https:\/\/fsi-stumpcutters.com\/wp-content\/uploads\/2023\/03\/FSI-B31-Angled-Left.jpg","type":"image\/jpeg"}],"twitter_card":"summary_large_image","twitter_misc":{"Estimeret l\u00e6setid":"1 minut"},"schema":{"@context":"https:\/\/schema.org","@graph":[{"@type":"WebPage","@id":"https:\/\/fsi-stumpcutters.com\/da\/vare\/motor\/fsi-b31-749\/","url":"https:\/\/fsi-stumpcutters.com\/da\/vare\/motor\/fsi-b31-749\/","name":"FSI B31-749 - Kompakt stubfr\u00e6ser uden daglig vedligeholdelse","isPartOf":{"@id":"https:\/\/fsi-stumpcutters.com\/da\/#website"},"primaryImageOfPage":{"@id":"https:\/\/fsi-stumpcutters.com\/da\/vare\/motor\/fsi-b31-749\/#primaryimage"},"image":{"@id":"https:\/\/fsi-stumpcutters.com\/da\/vare\/motor\/fsi-b31-749\/#primaryimage"},"thumbnailUrl":"https:\/\/fsi-stumpcutters.com\/wp-content\/uploads\/2023\/03\/FSI-B31-Angled-Left.jpg","datePublished":"2023-03-03T14:41:59+00:00","dateModified":"2024-09-04T12:31:29+00:00","description":"Effektiv og nem rod- og stubfr\u00e6sning med FSI B31-749. Benzinmotor, svingbart betjeningspanel og smalt design for optimal ydeevne.","breadcrumb":{"@id":"https:\/\/fsi-stumpcutters.com\/da\/vare\/motor\/fsi-b31-749\/#breadcrumb"},"inLanguage":"da-DK","potentialAction":[{"@type":"ReadAction","target":["https:\/\/fsi-stumpcutters.com\/da\/vare\/motor\/fsi-b31-749\/"]}]},{"@type":"ImageObject","inLanguage":"da-DK","@id":"https:\/\/fsi-stumpcutters.com\/da\/vare\/motor\/fsi-b31-749\/#primaryimage","url":"https:\/\/fsi-stumpcutters.com\/wp-content\/uploads\/2023\/03\/FSI-B31-Angled-Left.jpg","contentUrl":"https:\/\/fsi-stumpcutters.com\/wp-content\/uploads\/2023\/03\/FSI-B31-Angled-Left.jpg","width":1620,"height":1080,"caption":"FSI B31"},{"@type":"BreadcrumbList","@id":"https:\/\/fsi-stumpcutters.com\/da\/vare\/motor\/fsi-b31-749\/#breadcrumb","itemListElement":[{"@type":"ListItem","position":1,"name":"Home","item":"https:\/\/fsi-stumpcutters.com\/da\/"},{"@type":"ListItem","position":2,"name":"Varer","item":"https:\/\/fsi-stumpcutters.com\/da\/shop\/"},{"@type":"ListItem","position":3,"name":"FSI B31-749"}]},{"@type":"WebSite","@id":"https:\/\/fsi-stumpcutters.com\/da\/#website","url":"https:\/\/fsi-stumpcutters.com\/da\/","name":"FSI","description":"FSI website","publisher":{"@id":"https:\/\/fsi-stumpcutters.com\/da\/#organization"},"potentialAction":[{"@type":"SearchAction","target":{"@type":"EntryPoint","urlTemplate":"https:\/\/fsi-stumpcutters.com\/da\/?s={search_term_string}"},"query-input":{"@type":"PropertyValueSpecification","valueRequired":true,"valueName":"search_term_string"}}],"inLanguage":"da-DK"},{"@type":"Organization","@id":"https:\/\/fsi-stumpcutters.com\/da\/#organization","name":"FSI Stump Cutters","url":"https:\/\/fsi-stumpcutters.com\/da\/","logo":{"@type":"ImageObject","inLanguage":"da-DK","@id":"https:\/\/fsi-stumpcutters.com\/da\/#\/schema\/logo\/image\/","url":"https:\/\/fsi-stumpcutters.com\/wp-content\/uploads\/2022\/10\/FSI-LOGO-PRIMAERT-RODT-RGB.png","contentUrl":"https:\/\/fsi-stumpcutters.com\/wp-content\/uploads\/2022\/10\/FSI-LOGO-PRIMAERT-RODT-RGB.png","width":567,"height":567,"caption":"FSI Stump Cutters"},"image":{"@id":"https:\/\/fsi-stumpcutters.com\/da\/#\/schema\/logo\/image\/"},"sameAs":["https:\/\/www.facebook.com\/fsi.dk","https:\/\/www.instagram.com\/fsi.dk\/","https:\/\/www.youtube.com\/channel\/UC9KnSaA_SwR9fc2PkSpOpwg","https:\/\/www.linkedin.com\/company\/fsistumpcutters\/"]}]}},"_links":{"self":[{"href":"https:\/\/fsi-stumpcutters.com\/da\/wp-json\/wp\/v2\/product\/15619","targetHints":{"allow":["GET"]}}],"collection":[{"href":"https:\/\/fsi-stumpcutters.com\/da\/wp-json\/wp\/v2\/product"}],"about":[{"href":"https:\/\/fsi-stumpcutters.com\/da\/wp-json\/wp\/v2\/types\/product"}],"wp:featuredmedia":[{"embeddable":true,"href":"https:\/\/fsi-stumpcutters.com\/da\/wp-json\/wp\/v2\/media\/15588"}],"wp:attachment":[{"href":"https:\/\/fsi-stumpcutters.com\/da\/wp-json\/wp\/v2\/media?parent=15619"}],"wp:term":[{"taxonomy":"product_brand","embeddable":true,"href":"https:\/\/fsi-stumpcutters.com\/da\/wp-json\/wp\/v2\/product_brand?post=15619"},{"taxonomy":"product_cat","embeddable":true,"href":"https:\/\/fsi-stumpcutters.com\/da\/wp-json\/wp\/v2\/product_cat?post=15619"},{"taxonomy":"product_tag","embeddable":true,"href":"https:\/\/fsi-stumpcutters.com\/da\/wp-json\/wp\/v2\/product_tag?post=15619"}],"curies":[{"name":"wp","href":"https:\/\/api.w.org\/{rel}","templated":true}]}}