{"id":10976,"date":"2022-03-21T11:24:51","date_gmt":"2022-03-21T10:24:51","guid":{"rendered":"http:\/\/fsi.test\/?post_type=product&#038;p=10976"},"modified":"2025-09-03T03:46:36","modified_gmt":"2025-09-03T01:46:36","slug":"fsi-t65","status":"publish","type":"product","link":"https:\/\/fsi-stumpcutters.com\/da\/vare\/traktor\/fsi-t65\/","title":{"rendered":"FSI T65"},"content":{"rendered":"<p>FSI T65 er til montering p\u00e5 traktorer og lignende maskiner med PTO-udtag (70-120 hk). FSI T65 er et effektivt v\u00e6rkt\u00f8j til bortfr\u00e6sning af store tr\u00e6er, fx. langs all\u00e9er, veje og i hegn med en adgangsvej som tillader k\u00f8rsel med st\u00f8rre traktorer.<\/p>\n<p>Rammen til 3-punkts oph\u00e6ng (Kat. 2) er udstyret med justerbare st\u00f8tteben, som sikrer stabilitet under fr\u00e6searbejdet.<\/p>\n<p>Under arbejdet styres stubfr\u00e6serens bev\u00e6gelser direkte fra joysticket, som er placeret p\u00e5 den flytbare ventilkasse. Stubfr\u00e6serens svinghastighed kan justeres med en dr\u00f8vleventil, ligeledes placeret i ventilkassen. Du har derfor alle n\u00f8dvendige funktioner tilg\u00e6ngelige direkte fra ventilkassen for bekvem betjening.<\/p>\n<p>Ved at bev\u00e6ge joysticket sidevejs styres de kraftige hydrauliske cylindre som svinger fr\u00e6seren sidev\u00e6rts. Bev\u00e6ges joysticket frem eller tilbage l\u00f8ftes hhv. s\u00e6nkes fr\u00e6serarmen. Med joystickets ene s\u00e6t knapper kan fr\u00e6serhovedet l\u00f8ftes\/s\u00e6nkes og dermed udvide arbejdsomr\u00e5det og stubfr\u00e6serens svingbredde. Det sidste s\u00e6t knapper p\u00e5 joysticket benyttes til at vinkle det kraftige sp\u00e5nfang s\u00e5 det kan tilpasses terr\u00e6n og omgivelser s\u00e5 spredningen af sp\u00e5ner mindskes mest muligt.<\/p>\n<style type=\"text\/css\">\n\t\t\t#gallery-3 {<br \/>\n\t\t\t\tmargin: auto;<br \/>\n\t\t\t}<br \/>\n\t\t\t#gallery-3 .gallery-item {<br \/>\n\t\t\t\tfloat: left;<br \/>\n\t\t\t\tmargin-top: 10px;<br \/>\n\t\t\t\ttext-align: center;<br \/>\n\t\t\t\twidth: 33%;<br \/>\n\t\t\t}<br \/>\n\t\t\t#gallery-3 img {<br \/>\n\t\t\t\tborder: 2px solid #cfcfcf;<br \/>\n\t\t\t}<br \/>\n\t\t\t#gallery-3 .gallery-caption {<br \/>\n\t\t\t\tmargin-left: 0;<br \/>\n\t\t\t}<br \/>\n\t\t\t\/* see gallery_shortcode() in wp-includes\/media.php *\/<br \/>\n\t\t<\/style>\n<dl class=\"gallery-item\">\n<dt class=\"gallery-icon landscape\"><a href=\"https:\/\/fsi-stumpcutters.com\/wp-content\/uploads\/2023\/06\/IMG_3889.jpg\" data-elementor-open-lightbox=\"yes\" data-elementor-lightbox-slideshow=\"d9f0ae5\" data-elementor-lightbox-title=\"FSI T65 In Action 3\" data-e-action-hash=\"#elementor-action%3Aaction%3Dlightbox%26settings%3DeyJpZCI6MTYyNzEsInVybCI6Imh0dHBzOlwvXC9mc2ktc3R1bXBjdXR0ZXJzLmNvbVwvd3AtY29udGVudFwvdXBsb2Fkc1wvMjAyM1wvMDZcL0lNR18zODg5LmpwZyIsInNsaWRlc2hvdyI6ImQ5ZjBhZTUifQ%3D%3D\"><img decoding=\"async\" src=\"https:\/\/fsi-stumpcutters.com\/wp-content\/uploads\/2023\/06\/IMG_3889-150x150.jpg\" sizes=\"(max-width: 150px) 100vw, 150px\" srcset=\"https:\/\/fsi-stumpcutters.com\/wp-content\/uploads\/2023\/06\/IMG_3889-150x150.jpg 150w, https:\/\/fsi-stumpcutters.com\/wp-content\/uploads\/2023\/06\/IMG_3889-300x300.jpg 300w, https:\/\/fsi-stumpcutters.com\/wp-content\/uploads\/2023\/06\/IMG_3889-1024x1024.jpg 1024w, https:\/\/fsi-stumpcutters.com\/wp-content\/uploads\/2023\/06\/IMG_3889-768x767.jpg 768w, https:\/\/fsi-stumpcutters.com\/wp-content\/uploads\/2023\/06\/IMG_3889-650x650.jpg 650w, https:\/\/fsi-stumpcutters.com\/wp-content\/uploads\/2023\/06\/IMG_3889-1300x1300.jpg 1300w, https:\/\/fsi-stumpcutters.com\/wp-content\/uploads\/2023\/06\/IMG_3889-600x600.jpg 600w, https:\/\/fsi-stumpcutters.com\/wp-content\/uploads\/2023\/06\/IMG_3889-100x100.jpg 100w, https:\/\/fsi-stumpcutters.com\/wp-content\/uploads\/2023\/06\/IMG_3889.jpg 1496w\" alt=\"\" width=\"150\" height=\"150\" \/><\/a><\/dt>\n<\/dl>\n<dl class=\"gallery-item\">\n<dt class=\"gallery-icon landscape\"><a href=\"https:\/\/fsi-stumpcutters.com\/wp-content\/uploads\/2023\/06\/IMG_3230.jpg\" data-elementor-open-lightbox=\"yes\" data-elementor-lightbox-slideshow=\"d9f0ae5\" data-elementor-lightbox-title=\"IMG_3230\" data-e-action-hash=\"#elementor-action%3Aaction%3Dlightbox%26settings%3DeyJpZCI6MTYyNjgsInVybCI6Imh0dHBzOlwvXC9mc2ktc3R1bXBjdXR0ZXJzLmNvbVwvd3AtY29udGVudFwvdXBsb2Fkc1wvMjAyM1wvMDZcL0lNR18zMjMwLmpwZyIsInNsaWRlc2hvdyI6ImQ5ZjBhZTUifQ%3D%3D\"><img decoding=\"async\" src=\"https:\/\/fsi-stumpcutters.com\/wp-content\/uploads\/2023\/06\/IMG_3230-150x150.jpg\" sizes=\"(max-width: 150px) 100vw, 150px\" srcset=\"https:\/\/fsi-stumpcutters.com\/wp-content\/uploads\/2023\/06\/IMG_3230-150x150.jpg 150w, https:\/\/fsi-stumpcutters.com\/wp-content\/uploads\/2023\/06\/IMG_3230-300x300.jpg 300w, https:\/\/fsi-stumpcutters.com\/wp-content\/uploads\/2023\/06\/IMG_3230-1024x1024.jpg 1024w, https:\/\/fsi-stumpcutters.com\/wp-content\/uploads\/2023\/06\/IMG_3230-768x768.jpg 768w, https:\/\/fsi-stumpcutters.com\/wp-content\/uploads\/2023\/06\/IMG_3230-650x650.jpg 650w, https:\/\/fsi-stumpcutters.com\/wp-content\/uploads\/2023\/06\/IMG_3230-1300x1300.jpg 1300w, https:\/\/fsi-stumpcutters.com\/wp-content\/uploads\/2023\/06\/IMG_3230-600x600.jpg 600w, https:\/\/fsi-stumpcutters.com\/wp-content\/uploads\/2023\/06\/IMG_3230-100x100.jpg 100w, https:\/\/fsi-stumpcutters.com\/wp-content\/uploads\/2023\/06\/IMG_3230.jpg 1500w\" alt=\"\" width=\"150\" height=\"150\" \/><\/a><\/dt>\n<\/dl>\n<dl class=\"gallery-item\">\n<dt class=\"gallery-icon landscape\"><a href=\"https:\/\/fsi-stumpcutters.com\/wp-content\/uploads\/2023\/06\/FSI-65T.jpg\" data-elementor-open-lightbox=\"yes\" data-elementor-lightbox-slideshow=\"d9f0ae5\" data-elementor-lightbox-title=\"FSI T65 In Action 1\" data-e-action-hash=\"#elementor-action%3Aaction%3Dlightbox%26settings%3DeyJpZCI6MTYyNjIsInVybCI6Imh0dHBzOlwvXC9mc2ktc3R1bXBjdXR0ZXJzLmNvbVwvd3AtY29udGVudFwvdXBsb2Fkc1wvMjAyM1wvMDZcL0ZTSS02NVQuanBnIiwic2xpZGVzaG93IjoiZDlmMGFlNSJ9\"><img decoding=\"async\" src=\"https:\/\/fsi-stumpcutters.com\/wp-content\/uploads\/2023\/06\/FSI-65T-150x150.jpg\" sizes=\"(max-width: 150px) 100vw, 150px\" srcset=\"https:\/\/fsi-stumpcutters.com\/wp-content\/uploads\/2023\/06\/FSI-65T-150x150.jpg 150w, https:\/\/fsi-stumpcutters.com\/wp-content\/uploads\/2023\/06\/FSI-65T-300x300.jpg 300w, https:\/\/fsi-stumpcutters.com\/wp-content\/uploads\/2023\/06\/FSI-65T-1024x1024.jpg 1024w, https:\/\/fsi-stumpcutters.com\/wp-content\/uploads\/2023\/06\/FSI-65T-768x768.jpg 768w, https:\/\/fsi-stumpcutters.com\/wp-content\/uploads\/2023\/06\/FSI-65T-650x650.jpg 650w, https:\/\/fsi-stumpcutters.com\/wp-content\/uploads\/2023\/06\/FSI-65T-1300x1300.jpg 1300w, https:\/\/fsi-stumpcutters.com\/wp-content\/uploads\/2023\/06\/FSI-65T-600x600.jpg 600w, https:\/\/fsi-stumpcutters.com\/wp-content\/uploads\/2023\/06\/FSI-65T-100x100.jpg 100w, https:\/\/fsi-stumpcutters.com\/wp-content\/uploads\/2023\/06\/FSI-65T.jpg 1500w\" alt=\"\" width=\"150\" height=\"150\" \/><\/a><\/dt>\n<\/dl>\n<p>&nbsp;<\/p>\n","protected":false},"excerpt":{"rendered":"<ul>\n<li>3-punkts oph\u00e6ng (Kat. 2)<\/li>\n<li>PTO kraftoverf\u00f8ring (540 RPM)<\/li>\n<li>T-Gear og dobbeltsidet kileremstr\u00e6k for optimal kraftoverf\u00f8rsel<\/li>\n<li>Elektro-hydraulisk joystick med fuld betjening<\/li>\n<li>Ventilboks med ekstra beslag til montering p\u00e5\/ved traktor<\/li>\n<li>Hydraulisk udskud af fr\u00e6serhovedet<\/li>\n<li>Hydraulisk justerbar heavy-duty sp\u00e5nfang<\/li>\n<li>Justerbare st\u00f8tteben<\/li>\n<li>V\u00e6rkt\u00f8jss\u00e6t<\/li>\n<\/ul>\n","protected":false},"featured_media":15424,"template":"","meta":[],"product_brand":[],"product_cat":[53],"product_tag":[],"class_list":{"0":"post-10976","1":"product","2":"type-product","3":"status-publish","4":"has-post-thumbnail","6":"product_cat-traktor","8":"first","9":"instock","10":"shipping-taxable","11":"product-type-simple"},"acf":[],"yoast_head":"<!-- This site is optimized with the Yoast SEO plugin v27.0 - https:\/\/yoast.com\/product\/yoast-seo-wordpress\/ -->\n<title>FSI T65 - Stubfr\u00e6ser til montering p\u00e5 traktor (70-120 hk)<\/title>\n<meta name=\"description\" content=\"Effektivt v\u00e6rkt\u00f8j til bortfr\u00e6sning af store tr\u00e6er | Ideel til all\u00e9er, veje, i hegn | PTO-udtag og 3-punktsoph\u00e6ng (Kat.2) | Justerbar svingbredde og sp\u00e5nfang\" \/>\n<meta name=\"robots\" content=\"index, follow, max-snippet:-1, max-image-preview:large, max-video-preview:-1\" \/>\n<link rel=\"canonical\" href=\"https:\/\/fsi-stumpcutters.com\/da\/vare\/traktor\/fsi-t65\/\" \/>\n<meta property=\"og:locale\" content=\"da_DK\" \/>\n<meta property=\"og:type\" content=\"article\" \/>\n<meta property=\"og:title\" content=\"FSI T65 - Stubfr\u00e6ser til montering p\u00e5 traktor (70-120 hk)\" \/>\n<meta property=\"og:description\" content=\"Effektivt v\u00e6rkt\u00f8j til bortfr\u00e6sning af store tr\u00e6er | Ideel til all\u00e9er, veje, i hegn | PTO-udtag og 3-punktsoph\u00e6ng (Kat.2) | Justerbar svingbredde og sp\u00e5nfang\" \/>\n<meta property=\"og:url\" content=\"https:\/\/fsi-stumpcutters.com\/da\/vare\/traktor\/fsi-t65\/\" \/>\n<meta property=\"og:site_name\" content=\"FSI\" \/>\n<meta property=\"article:publisher\" content=\"https:\/\/www.facebook.com\/fsi.dk\" \/>\n<meta property=\"article:modified_time\" content=\"2025-09-03T01:46:36+00:00\" \/>\n<meta property=\"og:image\" content=\"https:\/\/fsi-stumpcutters.com\/wp-content\/uploads\/2022\/03\/FSI-T65-Angle-Left.jpg\" \/>\n\t<meta property=\"og:image:width\" content=\"1620\" \/>\n\t<meta property=\"og:image:height\" content=\"1080\" \/>\n\t<meta property=\"og:image:type\" content=\"image\/jpeg\" \/>\n<meta name=\"twitter:card\" content=\"summary_large_image\" \/>\n<meta name=\"twitter:label1\" content=\"Estimeret l\u00e6setid\" \/>\n\t<meta name=\"twitter:data1\" content=\"2 minutter\" \/>\n<script type=\"application\/ld+json\" class=\"yoast-schema-graph\">{\"@context\":\"https:\/\/schema.org\",\"@graph\":[{\"@type\":\"WebPage\",\"@id\":\"https:\/\/fsi-stumpcutters.com\/da\/vare\/traktor\/fsi-t65\/\",\"url\":\"https:\/\/fsi-stumpcutters.com\/da\/vare\/traktor\/fsi-t65\/\",\"name\":\"FSI T65 - Stubfr\u00e6ser til montering p\u00e5 traktor (70-120 hk)\",\"isPartOf\":{\"@id\":\"https:\/\/fsi-stumpcutters.com\/da\/#website\"},\"primaryImageOfPage\":{\"@id\":\"https:\/\/fsi-stumpcutters.com\/da\/vare\/traktor\/fsi-t65\/#primaryimage\"},\"image\":{\"@id\":\"https:\/\/fsi-stumpcutters.com\/da\/vare\/traktor\/fsi-t65\/#primaryimage\"},\"thumbnailUrl\":\"https:\/\/fsi-stumpcutters.com\/wp-content\/uploads\/2022\/03\/FSI-T65-Angle-Left.jpg\",\"datePublished\":\"2022-03-21T10:24:51+00:00\",\"dateModified\":\"2025-09-03T01:46:36+00:00\",\"description\":\"Effektivt v\u00e6rkt\u00f8j til bortfr\u00e6sning af store tr\u00e6er | Ideel til all\u00e9er, veje, i hegn | PTO-udtag og 3-punktsoph\u00e6ng (Kat.2) | Justerbar svingbredde og sp\u00e5nfang\",\"breadcrumb\":{\"@id\":\"https:\/\/fsi-stumpcutters.com\/da\/vare\/traktor\/fsi-t65\/#breadcrumb\"},\"inLanguage\":\"da-DK\",\"potentialAction\":[{\"@type\":\"ReadAction\",\"target\":[\"https:\/\/fsi-stumpcutters.com\/da\/vare\/traktor\/fsi-t65\/\"]}]},{\"@type\":\"ImageObject\",\"inLanguage\":\"da-DK\",\"@id\":\"https:\/\/fsi-stumpcutters.com\/da\/vare\/traktor\/fsi-t65\/#primaryimage\",\"url\":\"https:\/\/fsi-stumpcutters.com\/wp-content\/uploads\/2022\/03\/FSI-T65-Angle-Left.jpg\",\"contentUrl\":\"https:\/\/fsi-stumpcutters.com\/wp-content\/uploads\/2022\/03\/FSI-T65-Angle-Left.jpg\",\"width\":1620,\"height\":1080,\"caption\":\"FSI T65\"},{\"@type\":\"BreadcrumbList\",\"@id\":\"https:\/\/fsi-stumpcutters.com\/da\/vare\/traktor\/fsi-t65\/#breadcrumb\",\"itemListElement\":[{\"@type\":\"ListItem\",\"position\":1,\"name\":\"Home\",\"item\":\"https:\/\/fsi-stumpcutters.com\/da\/\"},{\"@type\":\"ListItem\",\"position\":2,\"name\":\"Varer\",\"item\":\"https:\/\/fsi-stumpcutters.com\/da\/shop\/\"},{\"@type\":\"ListItem\",\"position\":3,\"name\":\"FSI T65\"}]},{\"@type\":\"WebSite\",\"@id\":\"https:\/\/fsi-stumpcutters.com\/da\/#website\",\"url\":\"https:\/\/fsi-stumpcutters.com\/da\/\",\"name\":\"FSI\",\"description\":\"FSI website\",\"publisher\":{\"@id\":\"https:\/\/fsi-stumpcutters.com\/da\/#organization\"},\"potentialAction\":[{\"@type\":\"SearchAction\",\"target\":{\"@type\":\"EntryPoint\",\"urlTemplate\":\"https:\/\/fsi-stumpcutters.com\/da\/?s={search_term_string}\"},\"query-input\":{\"@type\":\"PropertyValueSpecification\",\"valueRequired\":true,\"valueName\":\"search_term_string\"}}],\"inLanguage\":\"da-DK\"},{\"@type\":\"Organization\",\"@id\":\"https:\/\/fsi-stumpcutters.com\/da\/#organization\",\"name\":\"FSI Stump Cutters\",\"url\":\"https:\/\/fsi-stumpcutters.com\/da\/\",\"logo\":{\"@type\":\"ImageObject\",\"inLanguage\":\"da-DK\",\"@id\":\"https:\/\/fsi-stumpcutters.com\/da\/#\/schema\/logo\/image\/\",\"url\":\"https:\/\/fsi-stumpcutters.com\/wp-content\/uploads\/2022\/10\/FSI-LOGO-PRIMAERT-RODT-RGB.png\",\"contentUrl\":\"https:\/\/fsi-stumpcutters.com\/wp-content\/uploads\/2022\/10\/FSI-LOGO-PRIMAERT-RODT-RGB.png\",\"width\":567,\"height\":567,\"caption\":\"FSI Stump Cutters\"},\"image\":{\"@id\":\"https:\/\/fsi-stumpcutters.com\/da\/#\/schema\/logo\/image\/\"},\"sameAs\":[\"https:\/\/www.facebook.com\/fsi.dk\",\"https:\/\/www.instagram.com\/fsi.dk\/\",\"https:\/\/www.youtube.com\/channel\/UC9KnSaA_SwR9fc2PkSpOpwg\",\"https:\/\/www.linkedin.com\/company\/fsistumpcutters\/\"]}]}<\/script>\n<!-- \/ Yoast SEO plugin. -->","yoast_head_json":{"title":"FSI T65 - Stubfr\u00e6ser til montering p\u00e5 traktor (70-120 hk)","description":"Effektivt v\u00e6rkt\u00f8j til bortfr\u00e6sning af store tr\u00e6er | Ideel til all\u00e9er, veje, i hegn | PTO-udtag og 3-punktsoph\u00e6ng (Kat.2) | Justerbar svingbredde og sp\u00e5nfang","robots":{"index":"index","follow":"follow","max-snippet":"max-snippet:-1","max-image-preview":"max-image-preview:large","max-video-preview":"max-video-preview:-1"},"canonical":"https:\/\/fsi-stumpcutters.com\/da\/vare\/traktor\/fsi-t65\/","og_locale":"da_DK","og_type":"article","og_title":"FSI T65 - Stubfr\u00e6ser til montering p\u00e5 traktor (70-120 hk)","og_description":"Effektivt v\u00e6rkt\u00f8j til bortfr\u00e6sning af store tr\u00e6er | Ideel til all\u00e9er, veje, i hegn | PTO-udtag og 3-punktsoph\u00e6ng (Kat.2) | Justerbar svingbredde og sp\u00e5nfang","og_url":"https:\/\/fsi-stumpcutters.com\/da\/vare\/traktor\/fsi-t65\/","og_site_name":"FSI","article_publisher":"https:\/\/www.facebook.com\/fsi.dk","article_modified_time":"2025-09-03T01:46:36+00:00","og_image":[{"width":1620,"height":1080,"url":"https:\/\/fsi-stumpcutters.com\/wp-content\/uploads\/2022\/03\/FSI-T65-Angle-Left.jpg","type":"image\/jpeg"}],"twitter_card":"summary_large_image","twitter_misc":{"Estimeret l\u00e6setid":"2 minutter"},"schema":{"@context":"https:\/\/schema.org","@graph":[{"@type":"WebPage","@id":"https:\/\/fsi-stumpcutters.com\/da\/vare\/traktor\/fsi-t65\/","url":"https:\/\/fsi-stumpcutters.com\/da\/vare\/traktor\/fsi-t65\/","name":"FSI T65 - Stubfr\u00e6ser til montering p\u00e5 traktor (70-120 hk)","isPartOf":{"@id":"https:\/\/fsi-stumpcutters.com\/da\/#website"},"primaryImageOfPage":{"@id":"https:\/\/fsi-stumpcutters.com\/da\/vare\/traktor\/fsi-t65\/#primaryimage"},"image":{"@id":"https:\/\/fsi-stumpcutters.com\/da\/vare\/traktor\/fsi-t65\/#primaryimage"},"thumbnailUrl":"https:\/\/fsi-stumpcutters.com\/wp-content\/uploads\/2022\/03\/FSI-T65-Angle-Left.jpg","datePublished":"2022-03-21T10:24:51+00:00","dateModified":"2025-09-03T01:46:36+00:00","description":"Effektivt v\u00e6rkt\u00f8j til bortfr\u00e6sning af store tr\u00e6er | Ideel til all\u00e9er, veje, i hegn | PTO-udtag og 3-punktsoph\u00e6ng (Kat.2) | Justerbar svingbredde og sp\u00e5nfang","breadcrumb":{"@id":"https:\/\/fsi-stumpcutters.com\/da\/vare\/traktor\/fsi-t65\/#breadcrumb"},"inLanguage":"da-DK","potentialAction":[{"@type":"ReadAction","target":["https:\/\/fsi-stumpcutters.com\/da\/vare\/traktor\/fsi-t65\/"]}]},{"@type":"ImageObject","inLanguage":"da-DK","@id":"https:\/\/fsi-stumpcutters.com\/da\/vare\/traktor\/fsi-t65\/#primaryimage","url":"https:\/\/fsi-stumpcutters.com\/wp-content\/uploads\/2022\/03\/FSI-T65-Angle-Left.jpg","contentUrl":"https:\/\/fsi-stumpcutters.com\/wp-content\/uploads\/2022\/03\/FSI-T65-Angle-Left.jpg","width":1620,"height":1080,"caption":"FSI T65"},{"@type":"BreadcrumbList","@id":"https:\/\/fsi-stumpcutters.com\/da\/vare\/traktor\/fsi-t65\/#breadcrumb","itemListElement":[{"@type":"ListItem","position":1,"name":"Home","item":"https:\/\/fsi-stumpcutters.com\/da\/"},{"@type":"ListItem","position":2,"name":"Varer","item":"https:\/\/fsi-stumpcutters.com\/da\/shop\/"},{"@type":"ListItem","position":3,"name":"FSI T65"}]},{"@type":"WebSite","@id":"https:\/\/fsi-stumpcutters.com\/da\/#website","url":"https:\/\/fsi-stumpcutters.com\/da\/","name":"FSI","description":"FSI website","publisher":{"@id":"https:\/\/fsi-stumpcutters.com\/da\/#organization"},"potentialAction":[{"@type":"SearchAction","target":{"@type":"EntryPoint","urlTemplate":"https:\/\/fsi-stumpcutters.com\/da\/?s={search_term_string}"},"query-input":{"@type":"PropertyValueSpecification","valueRequired":true,"valueName":"search_term_string"}}],"inLanguage":"da-DK"},{"@type":"Organization","@id":"https:\/\/fsi-stumpcutters.com\/da\/#organization","name":"FSI Stump Cutters","url":"https:\/\/fsi-stumpcutters.com\/da\/","logo":{"@type":"ImageObject","inLanguage":"da-DK","@id":"https:\/\/fsi-stumpcutters.com\/da\/#\/schema\/logo\/image\/","url":"https:\/\/fsi-stumpcutters.com\/wp-content\/uploads\/2022\/10\/FSI-LOGO-PRIMAERT-RODT-RGB.png","contentUrl":"https:\/\/fsi-stumpcutters.com\/wp-content\/uploads\/2022\/10\/FSI-LOGO-PRIMAERT-RODT-RGB.png","width":567,"height":567,"caption":"FSI Stump Cutters"},"image":{"@id":"https:\/\/fsi-stumpcutters.com\/da\/#\/schema\/logo\/image\/"},"sameAs":["https:\/\/www.facebook.com\/fsi.dk","https:\/\/www.instagram.com\/fsi.dk\/","https:\/\/www.youtube.com\/channel\/UC9KnSaA_SwR9fc2PkSpOpwg","https:\/\/www.linkedin.com\/company\/fsistumpcutters\/"]}]}},"_links":{"self":[{"href":"https:\/\/fsi-stumpcutters.com\/da\/wp-json\/wp\/v2\/product\/10976","targetHints":{"allow":["GET"]}}],"collection":[{"href":"https:\/\/fsi-stumpcutters.com\/da\/wp-json\/wp\/v2\/product"}],"about":[{"href":"https:\/\/fsi-stumpcutters.com\/da\/wp-json\/wp\/v2\/types\/product"}],"wp:featuredmedia":[{"embeddable":true,"href":"https:\/\/fsi-stumpcutters.com\/da\/wp-json\/wp\/v2\/media\/15424"}],"wp:attachment":[{"href":"https:\/\/fsi-stumpcutters.com\/da\/wp-json\/wp\/v2\/media?parent=10976"}],"wp:term":[{"taxonomy":"product_brand","embeddable":true,"href":"https:\/\/fsi-stumpcutters.com\/da\/wp-json\/wp\/v2\/product_brand?post=10976"},{"taxonomy":"product_cat","embeddable":true,"href":"https:\/\/fsi-stumpcutters.com\/da\/wp-json\/wp\/v2\/product_cat?post=10976"},{"taxonomy":"product_tag","embeddable":true,"href":"https:\/\/fsi-stumpcutters.com\/da\/wp-json\/wp\/v2\/product_tag?post=10976"}],"curies":[{"name":"wp","href":"https:\/\/api.w.org\/{rel}","templated":true}]}}