{"id":10969,"date":"2022-03-21T11:23:45","date_gmt":"2022-03-21T10:23:45","guid":{"rendered":"http:\/\/fsi.test\/?post_type=product&#038;p=10969"},"modified":"2025-09-03T03:47:27","modified_gmt":"2025-09-03T01:47:27","slug":"fsi-t27","status":"publish","type":"product","link":"https:\/\/fsi-stumpcutters.com\/da\/vare\/traktor\/fsi-t27\/","title":{"rendered":"FSI T27"},"content":{"rendered":"<p>FSI T27 er til montering p\u00e5 traktorer og lignende maskiner med PTO-udtag (35-80 hk).<\/p>\n<p>Rammen til 3-punkts oph\u00e6ng (Kat. 1 &amp; 2) er udstyret med justerbare st\u00f8tteben, som sikrer stabilitet under fr\u00e6searbejdet.<\/p>\n<p>Under arbejdet styres stubfr\u00e6serens bev\u00e6gelser direkte fra joysticket, som er placeret p\u00e5 den flytbare ventilkasse. Stubfr\u00e6serens svinghastighed kan justeres med en dr\u00f8vleventil, ligeledes placeret i ventilkassen. Du har derfor alle n\u00f8dvendige funktioner tilg\u00e6ngelige direkte fra ventilkassen for bekvem betjening.<\/p>\n<p>Med joysticket styres fr\u00e6serhovedets bev\u00e6gelser fra side til side, samt op og ned. Knapperne p\u00e5 joysticket bruges til at bev\u00e6ge fr\u00e6serhovedet hhv. frem og tilbage p\u00e5 armen og du kan derved fr\u00e6se st\u00f8rre stubbe uden at skulle flytte din traktor.<\/p>\n<style type=\"text\/css\">\n\t\t\t#gallery-3 {<br \/>\t\t\t\tmargin: auto;<br \/>\t\t\t}<br \/>\t\t\t#gallery-3 .gallery-item {<br \/>\t\t\t\tfloat: left;<br \/>\t\t\t\tmargin-top: 10px;<br \/>\t\t\t\ttext-align: center;<br \/>\t\t\t\twidth: 33%;<br \/>\t\t\t}<br \/>\t\t\t#gallery-3 img {<br \/>\t\t\t\tborder: 2px solid #cfcfcf;<br \/>\t\t\t}<br \/>\t\t\t#gallery-3 .gallery-caption {<br \/>\t\t\t\tmargin-left: 0;<br \/>\t\t\t}<br \/>\t\t\t\/* see gallery_shortcode() in wp-includes\/media.php *\/<br \/>\t\t<\/style>\n<dl class=\"gallery-item\">\n<dt class=\"gallery-icon portrait\"><a href=\"https:\/\/fsi-stumpcutters.com\/wp-content\/uploads\/2022\/03\/T27-joystick-900x750-1.jpg\" data-elementor-open-lightbox=\"yes\" data-elementor-lightbox-slideshow=\"20f59f6\" data-elementor-lightbox-title=\"T27 Joystick &amp; Dr\u00f8vleventil\"><img decoding=\"async\" src=\"https:\/\/fsi-stumpcutters.com\/wp-content\/uploads\/2022\/03\/T27-joystick-900x750-1-150x150.jpg\" sizes=\"(max-width: 150px) 100vw, 150px\" srcset=\"https:\/\/fsi-stumpcutters.com\/wp-content\/uploads\/2022\/03\/T27-joystick-900x750-1-150x150.jpg 150w, https:\/\/fsi-stumpcutters.com\/wp-content\/uploads\/2022\/03\/T27-joystick-900x750-1-300x300.jpg 300w, https:\/\/fsi-stumpcutters.com\/wp-content\/uploads\/2022\/03\/T27-joystick-900x750-1-100x100.jpg 100w\" alt=\"\" width=\"150\" height=\"150\" \/><\/a><\/dt>\n<\/dl>\n<dl class=\"gallery-item\">\n<dt class=\"gallery-icon landscape\"><a href=\"https:\/\/fsi-stumpcutters.com\/wp-content\/uploads\/2022\/03\/FSI-T27-Anwendung-16-edit-900x750-1.jpg\" data-elementor-open-lightbox=\"yes\" data-elementor-lightbox-slideshow=\"20f59f6\" data-elementor-lightbox-title=\"FSI T27 Action\"><img decoding=\"async\" src=\"https:\/\/fsi-stumpcutters.com\/wp-content\/uploads\/2022\/03\/FSI-T27-Anwendung-16-edit-900x750-1-150x150.jpg\" sizes=\"(max-width: 150px) 100vw, 150px\" srcset=\"https:\/\/fsi-stumpcutters.com\/wp-content\/uploads\/2022\/03\/FSI-T27-Anwendung-16-edit-900x750-1-150x150.jpg 150w, https:\/\/fsi-stumpcutters.com\/wp-content\/uploads\/2022\/03\/FSI-T27-Anwendung-16-edit-900x750-1-300x300.jpg 300w, https:\/\/fsi-stumpcutters.com\/wp-content\/uploads\/2022\/03\/FSI-T27-Anwendung-16-edit-900x750-1-100x100.jpg 100w\" alt=\"\" width=\"150\" height=\"150\" \/><\/a><\/dt>\n<\/dl>\n<dl class=\"gallery-item\">\n<dt class=\"gallery-icon landscape\"><a href=\"https:\/\/fsi-stumpcutters.com\/wp-content\/uploads\/2022\/04\/FSI-T27-Anwendung-16-edit-cropresize-1240x540-1.jpg\" data-elementor-open-lightbox=\"yes\" data-elementor-lightbox-slideshow=\"20f59f6\" data-elementor-lightbox-title=\"FSI T27 Action\"><img decoding=\"async\" src=\"https:\/\/fsi-stumpcutters.com\/wp-content\/uploads\/2022\/04\/FSI-T27-Anwendung-16-edit-cropresize-1240x540-1-150x150.jpg\" sizes=\"(max-width: 150px) 100vw, 150px\" srcset=\"https:\/\/fsi-stumpcutters.com\/wp-content\/uploads\/2022\/04\/FSI-T27-Anwendung-16-edit-cropresize-1240x540-1-150x150.jpg 150w, https:\/\/fsi-stumpcutters.com\/wp-content\/uploads\/2022\/04\/FSI-T27-Anwendung-16-edit-cropresize-1240x540-1-300x300.jpg 300w, https:\/\/fsi-stumpcutters.com\/wp-content\/uploads\/2022\/04\/FSI-T27-Anwendung-16-edit-cropresize-1240x540-1-100x100.jpg 100w\" alt=\"\" width=\"150\" height=\"150\" \/><\/a><\/dt>\n<\/dl>\n<p>&nbsp;<\/p>\n<p>Stubfr\u00e6seren leveres med PTO-aksel, joystick og et ekstra beslag til\u00a0 ventilkassen,\u00a0s\u00e5 du kan du placere denne p\u00e5 eller ved traktoren efter \u00f8nske.<\/p>\n<p>FSI T27 leveres til traktorer og redskabsb\u00e6rer med 540 RPM kraftoverf\u00f8ringsaksel.<\/p>\n","protected":false},"excerpt":{"rendered":"<ul>\n<li>3-punkts oph\u00e6ng (Kat. 1 &amp; 2)<\/li>\n<li>PTO kraftoverf\u00f8ring (540 RPM)<\/li>\n<li>T-Gear og kileremstr\u00e6k for optimal kraftoverf\u00f8rsel<\/li>\n<li>Elektro-hydraulisk joystick med fuld betjening<\/li>\n<li>Ventilboks med ekstra beslag til montering p\u00e5\/ved traktor<\/li>\n<li>Hydraulisk udskud af fr\u00e6serhovedet<\/li>\n<li>Justerbare st\u00f8tteben<\/li>\n<li>V\u00e6rkt\u00f8jss\u00e6t<\/li>\n<\/ul>\n","protected":false},"featured_media":15413,"template":"","meta":[],"product_brand":[],"product_cat":[53],"product_tag":[],"class_list":{"0":"post-10969","1":"product","2":"type-product","3":"status-publish","4":"has-post-thumbnail","6":"product_cat-traktor","8":"first","9":"instock","10":"shipping-taxable","11":"product-type-simple"},"acf":[],"yoast_head":"<!-- This site is optimized with the Yoast SEO plugin v27.0 - https:\/\/yoast.com\/product\/yoast-seo-wordpress\/ -->\n<title>FSI T27 - Stub- og Rodfr\u00e6ser til montering p\u00e5 traktor (35-80 hk)<\/title>\n<meta name=\"description\" content=\"Traktormonteret stubfr\u00e6ser med 3-punktsoph\u00e6ng (kat. 1\/ kat. 2) og justerbare st\u00f8tteben for stabilitet under brug | PTO kraftudtag (540 RPM)\" \/>\n<meta name=\"robots\" content=\"index, follow, max-snippet:-1, max-image-preview:large, max-video-preview:-1\" \/>\n<link rel=\"canonical\" href=\"https:\/\/fsi-stumpcutters.com\/da\/vare\/traktor\/fsi-t27\/\" \/>\n<meta property=\"og:locale\" content=\"da_DK\" \/>\n<meta property=\"og:type\" content=\"article\" \/>\n<meta property=\"og:title\" content=\"FSI T27 - Stub- og Rodfr\u00e6ser til montering p\u00e5 traktor (35-80 hk)\" \/>\n<meta property=\"og:description\" content=\"Traktormonteret stubfr\u00e6ser med 3-punktsoph\u00e6ng (kat. 1\/ kat. 2) og justerbare st\u00f8tteben for stabilitet under brug | PTO kraftudtag (540 RPM)\" \/>\n<meta property=\"og:url\" content=\"https:\/\/fsi-stumpcutters.com\/da\/vare\/traktor\/fsi-t27\/\" \/>\n<meta property=\"og:site_name\" content=\"FSI\" \/>\n<meta property=\"article:publisher\" content=\"https:\/\/www.facebook.com\/fsi.dk\" \/>\n<meta property=\"article:modified_time\" content=\"2025-09-03T01:47:27+00:00\" \/>\n<meta property=\"og:image\" content=\"https:\/\/fsi-stumpcutters.com\/wp-content\/uploads\/2022\/03\/FSI-T27-Angle-Left.jpg\" \/>\n\t<meta property=\"og:image:width\" content=\"1620\" \/>\n\t<meta property=\"og:image:height\" content=\"1080\" \/>\n\t<meta property=\"og:image:type\" content=\"image\/jpeg\" \/>\n<meta name=\"twitter:card\" content=\"summary_large_image\" \/>\n<meta name=\"twitter:label1\" content=\"Estimeret l\u00e6setid\" \/>\n\t<meta name=\"twitter:data1\" content=\"2 minutter\" \/>\n<script type=\"application\/ld+json\" class=\"yoast-schema-graph\">{\"@context\":\"https:\/\/schema.org\",\"@graph\":[{\"@type\":\"WebPage\",\"@id\":\"https:\/\/fsi-stumpcutters.com\/da\/vare\/traktor\/fsi-t27\/\",\"url\":\"https:\/\/fsi-stumpcutters.com\/da\/vare\/traktor\/fsi-t27\/\",\"name\":\"FSI T27 - Stub- og Rodfr\u00e6ser til montering p\u00e5 traktor (35-80 hk)\",\"isPartOf\":{\"@id\":\"https:\/\/fsi-stumpcutters.com\/da\/#website\"},\"primaryImageOfPage\":{\"@id\":\"https:\/\/fsi-stumpcutters.com\/da\/vare\/traktor\/fsi-t27\/#primaryimage\"},\"image\":{\"@id\":\"https:\/\/fsi-stumpcutters.com\/da\/vare\/traktor\/fsi-t27\/#primaryimage\"},\"thumbnailUrl\":\"https:\/\/fsi-stumpcutters.com\/wp-content\/uploads\/2022\/03\/FSI-T27-Angle-Left.jpg\",\"datePublished\":\"2022-03-21T10:23:45+00:00\",\"dateModified\":\"2025-09-03T01:47:27+00:00\",\"description\":\"Traktormonteret stubfr\u00e6ser med 3-punktsoph\u00e6ng (kat. 1\/ kat. 2) og justerbare st\u00f8tteben for stabilitet under brug | PTO kraftudtag (540 RPM)\",\"breadcrumb\":{\"@id\":\"https:\/\/fsi-stumpcutters.com\/da\/vare\/traktor\/fsi-t27\/#breadcrumb\"},\"inLanguage\":\"da-DK\",\"potentialAction\":[{\"@type\":\"ReadAction\",\"target\":[\"https:\/\/fsi-stumpcutters.com\/da\/vare\/traktor\/fsi-t27\/\"]}]},{\"@type\":\"ImageObject\",\"inLanguage\":\"da-DK\",\"@id\":\"https:\/\/fsi-stumpcutters.com\/da\/vare\/traktor\/fsi-t27\/#primaryimage\",\"url\":\"https:\/\/fsi-stumpcutters.com\/wp-content\/uploads\/2022\/03\/FSI-T27-Angle-Left.jpg\",\"contentUrl\":\"https:\/\/fsi-stumpcutters.com\/wp-content\/uploads\/2022\/03\/FSI-T27-Angle-Left.jpg\",\"width\":1620,\"height\":1080,\"caption\":\"FSI T27\"},{\"@type\":\"BreadcrumbList\",\"@id\":\"https:\/\/fsi-stumpcutters.com\/da\/vare\/traktor\/fsi-t27\/#breadcrumb\",\"itemListElement\":[{\"@type\":\"ListItem\",\"position\":1,\"name\":\"Home\",\"item\":\"https:\/\/fsi-stumpcutters.com\/da\/\"},{\"@type\":\"ListItem\",\"position\":2,\"name\":\"Varer\",\"item\":\"https:\/\/fsi-stumpcutters.com\/da\/shop\/\"},{\"@type\":\"ListItem\",\"position\":3,\"name\":\"FSI T27\"}]},{\"@type\":\"WebSite\",\"@id\":\"https:\/\/fsi-stumpcutters.com\/da\/#website\",\"url\":\"https:\/\/fsi-stumpcutters.com\/da\/\",\"name\":\"FSI\",\"description\":\"FSI website\",\"publisher\":{\"@id\":\"https:\/\/fsi-stumpcutters.com\/da\/#organization\"},\"potentialAction\":[{\"@type\":\"SearchAction\",\"target\":{\"@type\":\"EntryPoint\",\"urlTemplate\":\"https:\/\/fsi-stumpcutters.com\/da\/?s={search_term_string}\"},\"query-input\":{\"@type\":\"PropertyValueSpecification\",\"valueRequired\":true,\"valueName\":\"search_term_string\"}}],\"inLanguage\":\"da-DK\"},{\"@type\":\"Organization\",\"@id\":\"https:\/\/fsi-stumpcutters.com\/da\/#organization\",\"name\":\"FSI Stump Cutters\",\"url\":\"https:\/\/fsi-stumpcutters.com\/da\/\",\"logo\":{\"@type\":\"ImageObject\",\"inLanguage\":\"da-DK\",\"@id\":\"https:\/\/fsi-stumpcutters.com\/da\/#\/schema\/logo\/image\/\",\"url\":\"https:\/\/fsi-stumpcutters.com\/wp-content\/uploads\/2022\/10\/FSI-LOGO-PRIMAERT-RODT-RGB.png\",\"contentUrl\":\"https:\/\/fsi-stumpcutters.com\/wp-content\/uploads\/2022\/10\/FSI-LOGO-PRIMAERT-RODT-RGB.png\",\"width\":567,\"height\":567,\"caption\":\"FSI Stump Cutters\"},\"image\":{\"@id\":\"https:\/\/fsi-stumpcutters.com\/da\/#\/schema\/logo\/image\/\"},\"sameAs\":[\"https:\/\/www.facebook.com\/fsi.dk\",\"https:\/\/www.instagram.com\/fsi.dk\/\",\"https:\/\/www.youtube.com\/channel\/UC9KnSaA_SwR9fc2PkSpOpwg\",\"https:\/\/www.linkedin.com\/company\/fsistumpcutters\/\"]}]}<\/script>\n<!-- \/ Yoast SEO plugin. -->","yoast_head_json":{"title":"FSI T27 - Stub- og Rodfr\u00e6ser til montering p\u00e5 traktor (35-80 hk)","description":"Traktormonteret stubfr\u00e6ser med 3-punktsoph\u00e6ng (kat. 1\/ kat. 2) og justerbare st\u00f8tteben for stabilitet under brug | PTO kraftudtag (540 RPM)","robots":{"index":"index","follow":"follow","max-snippet":"max-snippet:-1","max-image-preview":"max-image-preview:large","max-video-preview":"max-video-preview:-1"},"canonical":"https:\/\/fsi-stumpcutters.com\/da\/vare\/traktor\/fsi-t27\/","og_locale":"da_DK","og_type":"article","og_title":"FSI T27 - Stub- og Rodfr\u00e6ser til montering p\u00e5 traktor (35-80 hk)","og_description":"Traktormonteret stubfr\u00e6ser med 3-punktsoph\u00e6ng (kat. 1\/ kat. 2) og justerbare st\u00f8tteben for stabilitet under brug | PTO kraftudtag (540 RPM)","og_url":"https:\/\/fsi-stumpcutters.com\/da\/vare\/traktor\/fsi-t27\/","og_site_name":"FSI","article_publisher":"https:\/\/www.facebook.com\/fsi.dk","article_modified_time":"2025-09-03T01:47:27+00:00","og_image":[{"width":1620,"height":1080,"url":"https:\/\/fsi-stumpcutters.com\/wp-content\/uploads\/2022\/03\/FSI-T27-Angle-Left.jpg","type":"image\/jpeg"}],"twitter_card":"summary_large_image","twitter_misc":{"Estimeret l\u00e6setid":"2 minutter"},"schema":{"@context":"https:\/\/schema.org","@graph":[{"@type":"WebPage","@id":"https:\/\/fsi-stumpcutters.com\/da\/vare\/traktor\/fsi-t27\/","url":"https:\/\/fsi-stumpcutters.com\/da\/vare\/traktor\/fsi-t27\/","name":"FSI T27 - Stub- og Rodfr\u00e6ser til montering p\u00e5 traktor (35-80 hk)","isPartOf":{"@id":"https:\/\/fsi-stumpcutters.com\/da\/#website"},"primaryImageOfPage":{"@id":"https:\/\/fsi-stumpcutters.com\/da\/vare\/traktor\/fsi-t27\/#primaryimage"},"image":{"@id":"https:\/\/fsi-stumpcutters.com\/da\/vare\/traktor\/fsi-t27\/#primaryimage"},"thumbnailUrl":"https:\/\/fsi-stumpcutters.com\/wp-content\/uploads\/2022\/03\/FSI-T27-Angle-Left.jpg","datePublished":"2022-03-21T10:23:45+00:00","dateModified":"2025-09-03T01:47:27+00:00","description":"Traktormonteret stubfr\u00e6ser med 3-punktsoph\u00e6ng (kat. 1\/ kat. 2) og justerbare st\u00f8tteben for stabilitet under brug | PTO kraftudtag (540 RPM)","breadcrumb":{"@id":"https:\/\/fsi-stumpcutters.com\/da\/vare\/traktor\/fsi-t27\/#breadcrumb"},"inLanguage":"da-DK","potentialAction":[{"@type":"ReadAction","target":["https:\/\/fsi-stumpcutters.com\/da\/vare\/traktor\/fsi-t27\/"]}]},{"@type":"ImageObject","inLanguage":"da-DK","@id":"https:\/\/fsi-stumpcutters.com\/da\/vare\/traktor\/fsi-t27\/#primaryimage","url":"https:\/\/fsi-stumpcutters.com\/wp-content\/uploads\/2022\/03\/FSI-T27-Angle-Left.jpg","contentUrl":"https:\/\/fsi-stumpcutters.com\/wp-content\/uploads\/2022\/03\/FSI-T27-Angle-Left.jpg","width":1620,"height":1080,"caption":"FSI T27"},{"@type":"BreadcrumbList","@id":"https:\/\/fsi-stumpcutters.com\/da\/vare\/traktor\/fsi-t27\/#breadcrumb","itemListElement":[{"@type":"ListItem","position":1,"name":"Home","item":"https:\/\/fsi-stumpcutters.com\/da\/"},{"@type":"ListItem","position":2,"name":"Varer","item":"https:\/\/fsi-stumpcutters.com\/da\/shop\/"},{"@type":"ListItem","position":3,"name":"FSI T27"}]},{"@type":"WebSite","@id":"https:\/\/fsi-stumpcutters.com\/da\/#website","url":"https:\/\/fsi-stumpcutters.com\/da\/","name":"FSI","description":"FSI website","publisher":{"@id":"https:\/\/fsi-stumpcutters.com\/da\/#organization"},"potentialAction":[{"@type":"SearchAction","target":{"@type":"EntryPoint","urlTemplate":"https:\/\/fsi-stumpcutters.com\/da\/?s={search_term_string}"},"query-input":{"@type":"PropertyValueSpecification","valueRequired":true,"valueName":"search_term_string"}}],"inLanguage":"da-DK"},{"@type":"Organization","@id":"https:\/\/fsi-stumpcutters.com\/da\/#organization","name":"FSI Stump Cutters","url":"https:\/\/fsi-stumpcutters.com\/da\/","logo":{"@type":"ImageObject","inLanguage":"da-DK","@id":"https:\/\/fsi-stumpcutters.com\/da\/#\/schema\/logo\/image\/","url":"https:\/\/fsi-stumpcutters.com\/wp-content\/uploads\/2022\/10\/FSI-LOGO-PRIMAERT-RODT-RGB.png","contentUrl":"https:\/\/fsi-stumpcutters.com\/wp-content\/uploads\/2022\/10\/FSI-LOGO-PRIMAERT-RODT-RGB.png","width":567,"height":567,"caption":"FSI Stump Cutters"},"image":{"@id":"https:\/\/fsi-stumpcutters.com\/da\/#\/schema\/logo\/image\/"},"sameAs":["https:\/\/www.facebook.com\/fsi.dk","https:\/\/www.instagram.com\/fsi.dk\/","https:\/\/www.youtube.com\/channel\/UC9KnSaA_SwR9fc2PkSpOpwg","https:\/\/www.linkedin.com\/company\/fsistumpcutters\/"]}]}},"_links":{"self":[{"href":"https:\/\/fsi-stumpcutters.com\/da\/wp-json\/wp\/v2\/product\/10969","targetHints":{"allow":["GET"]}}],"collection":[{"href":"https:\/\/fsi-stumpcutters.com\/da\/wp-json\/wp\/v2\/product"}],"about":[{"href":"https:\/\/fsi-stumpcutters.com\/da\/wp-json\/wp\/v2\/types\/product"}],"wp:featuredmedia":[{"embeddable":true,"href":"https:\/\/fsi-stumpcutters.com\/da\/wp-json\/wp\/v2\/media\/15413"}],"wp:attachment":[{"href":"https:\/\/fsi-stumpcutters.com\/da\/wp-json\/wp\/v2\/media?parent=10969"}],"wp:term":[{"taxonomy":"product_brand","embeddable":true,"href":"https:\/\/fsi-stumpcutters.com\/da\/wp-json\/wp\/v2\/product_brand?post=10969"},{"taxonomy":"product_cat","embeddable":true,"href":"https:\/\/fsi-stumpcutters.com\/da\/wp-json\/wp\/v2\/product_cat?post=10969"},{"taxonomy":"product_tag","embeddable":true,"href":"https:\/\/fsi-stumpcutters.com\/da\/wp-json\/wp\/v2\/product_tag?post=10969"}],"curies":[{"name":"wp","href":"https:\/\/api.w.org\/{rel}","templated":true}]}}