{"id":10965,"date":"2022-03-21T11:22:41","date_gmt":"2022-03-21T10:22:41","guid":{"rendered":"http:\/\/fsi.test\/?post_type=product&#038;p=10965"},"modified":"2025-09-03T04:10:57","modified_gmt":"2025-09-03T02:10:57","slug":"fsi-t25","status":"publish","type":"product","link":"https:\/\/fsi-stumpcutters.com\/da\/vare\/traktor\/fsi-t25\/","title":{"rendered":"FSI T25"},"content":{"rendered":"<p style=\"color: #000000; background-color: #ffffff;\">FSI T25 er velegnet til montering p\u00e5 mindre traktorer og lignende maskiner med PTO-udtag.\u00a0FSI T25 er udviklet til brug i boligforeninger, plantager eller andre omr\u00e5der hvor adgangsvejen tillader k\u00f8rsel med en mindre traktor.<\/p>\n<p style=\"color: #000000; background-color: #ffffff;\">Rammen til 3-punkts oph\u00e6ng (Kat. 1) er udstyret med st\u00f8tteben, som sikre stabilitet under fr\u00e6searbejdet.<\/p>\n<p style=\"color: #000000; background-color: #ffffff;\">Under arbejdet styres stubfr\u00e6serens bev\u00e6gelser direkte fra joysticket, som er placeret p\u00e5 den flytbare ventilkasse. Stubfr\u00e6serens svinghastighed kan justeres med en dr\u00f8vleventil, ligeledes placeret i ventilkassen. Du har derfor alle n\u00f8dvendige funktioner tilg\u00e6ngelige direkte fra ventilkassen for bekvem betjening.<\/p>\n<style type=\"text\/css\">\n\t\t\t#gallery-7 {<br \/>\t\t\t\tmargin: auto;<br \/>\t\t\t}<br \/>\t\t\t#gallery-7 .gallery-item {<br \/>\t\t\t\tfloat: left;<br \/>\t\t\t\tmargin-top: 10px;<br \/>\t\t\t\ttext-align: center;<br \/>\t\t\t\twidth: 33%;<br \/>\t\t\t}<br \/>\t\t\t#gallery-7 img {<br \/>\t\t\t\tborder: 2px solid #cfcfcf;<br \/>\t\t\t}<br \/>\t\t\t#gallery-7 .gallery-caption {<br \/>\t\t\t\tmargin-left: 0;<br \/>\t\t\t}<br \/>\t\t\t\/* see gallery_shortcode() in wp-includes\/media.php *\/<br \/>\t\t<\/style>\n<dl class=\"gallery-item\">\n<dt class=\"gallery-icon landscape\"><a href=\"https:\/\/fsi-stumpcutters.com\/wp-content\/uploads\/2022\/10\/FSI-T25-Detail-Joystick.png\" data-elementor-open-lightbox=\"yes\" data-elementor-lightbox-slideshow=\"5595eb8\" data-elementor-lightbox-title=\"FSI T25 - Joystick og dr\u00f8vleventil\"><img decoding=\"async\" src=\"https:\/\/fsi-stumpcutters.com\/wp-content\/uploads\/2022\/10\/FSI-T25-Detail-Joystick-150x150.png\" sizes=\"(max-width: 150px) 100vw, 150px\" srcset=\"https:\/\/fsi-stumpcutters.com\/wp-content\/uploads\/2022\/10\/FSI-T25-Detail-Joystick-150x150.png 150w, https:\/\/fsi-stumpcutters.com\/wp-content\/uploads\/2022\/10\/FSI-T25-Detail-Joystick-300x300.png 300w, https:\/\/fsi-stumpcutters.com\/wp-content\/uploads\/2022\/10\/FSI-T25-Detail-Joystick-650x650.png 650w, https:\/\/fsi-stumpcutters.com\/wp-content\/uploads\/2022\/10\/FSI-T25-Detail-Joystick-100x100.png 100w\" alt=\"\" width=\"150\" height=\"150\" \/><\/a><\/dt>\n<\/dl>\n<dl class=\"gallery-item\">\n<dt class=\"gallery-icon landscape\"><a href=\"https:\/\/fsi-stumpcutters.com\/wp-content\/uploads\/2022\/10\/FSI-T25-Detail-Hydraulic-Sweep-Cylinders.png\" data-elementor-open-lightbox=\"yes\" data-elementor-lightbox-slideshow=\"5595eb8\" data-elementor-lightbox-title=\"FSI T25 - Hydrauliske svingcylindre\"><img decoding=\"async\" src=\"https:\/\/fsi-stumpcutters.com\/wp-content\/uploads\/2022\/10\/FSI-T25-Detail-Hydraulic-Sweep-Cylinders-150x150.png\" sizes=\"(max-width: 150px) 100vw, 150px\" srcset=\"https:\/\/fsi-stumpcutters.com\/wp-content\/uploads\/2022\/10\/FSI-T25-Detail-Hydraulic-Sweep-Cylinders-150x150.png 150w, https:\/\/fsi-stumpcutters.com\/wp-content\/uploads\/2022\/10\/FSI-T25-Detail-Hydraulic-Sweep-Cylinders-300x300.png 300w, https:\/\/fsi-stumpcutters.com\/wp-content\/uploads\/2022\/10\/FSI-T25-Detail-Hydraulic-Sweep-Cylinders-650x650.png 650w, https:\/\/fsi-stumpcutters.com\/wp-content\/uploads\/2022\/10\/FSI-T25-Detail-Hydraulic-Sweep-Cylinders-100x100.png 100w\" alt=\"\" width=\"150\" height=\"150\" \/><\/a><\/dt>\n<\/dl>\n<dl class=\"gallery-item\">\n<dt class=\"gallery-icon landscape\"><a href=\"https:\/\/fsi-stumpcutters.com\/wp-content\/uploads\/2022\/10\/FSI-T25-Detail-Flow-Valve.png\" data-elementor-open-lightbox=\"yes\" data-elementor-lightbox-slideshow=\"5595eb8\" data-elementor-lightbox-title=\"FSI T25 - Flow ventil\"><img decoding=\"async\" src=\"https:\/\/fsi-stumpcutters.com\/wp-content\/uploads\/2022\/10\/FSI-T25-Detail-Flow-Valve-150x150.png\" sizes=\"(max-width: 150px) 100vw, 150px\" srcset=\"https:\/\/fsi-stumpcutters.com\/wp-content\/uploads\/2022\/10\/FSI-T25-Detail-Flow-Valve-150x150.png 150w, https:\/\/fsi-stumpcutters.com\/wp-content\/uploads\/2022\/10\/FSI-T25-Detail-Flow-Valve-300x300.png 300w, https:\/\/fsi-stumpcutters.com\/wp-content\/uploads\/2022\/10\/FSI-T25-Detail-Flow-Valve-650x650.png 650w, https:\/\/fsi-stumpcutters.com\/wp-content\/uploads\/2022\/10\/FSI-T25-Detail-Flow-Valve-100x100.png 100w\" alt=\"\" width=\"150\" height=\"150\" \/><\/a><\/dt>\n<\/dl>\n<p>&nbsp;<\/p>\n<p>Der medf\u00f8lger et ekstra beslag til ventilkassen, s\u00e5 du kan du placere denne p\u00e5 eller ved traktoren efter \u00f8nske.<\/p>\n<p>Det h\u00e6ngslede sp\u00e5nfang s\u00f8rger for effektivt at begr\u00e6nse spredningen af sp\u00e5ner men giver ogs\u00e5 mulighed for at fr\u00e6se dybt under jordens overflade.<\/p>\n<style type=\"text\/css\">\n\t\t\t#gallery-8 {<br \/>\t\t\t\tmargin: auto;<br \/>\t\t\t}<br \/>\t\t\t#gallery-8 .gallery-item {<br \/>\t\t\t\tfloat: left;<br \/>\t\t\t\tmargin-top: 10px;<br \/>\t\t\t\ttext-align: center;<br \/>\t\t\t\twidth: 33%;<br \/>\t\t\t}<br \/>\t\t\t#gallery-8 img {<br \/>\t\t\t\tborder: 2px solid #cfcfcf;<br \/>\t\t\t}<br \/>\t\t\t#gallery-8 .gallery-caption {<br \/>\t\t\t\tmargin-left: 0;<br \/>\t\t\t}<br \/>\t\t\t\/* see gallery_shortcode() in wp-includes\/media.php *\/<br \/>\t\t<\/style>\n<dl class=\"gallery-item\">\n<dt class=\"gallery-icon landscape\"><a href=\"https:\/\/fsi-stumpcutters.com\/wp-content\/uploads\/2022\/10\/FSI-T25-Detail-Chipguard-1-1.png\" data-elementor-open-lightbox=\"yes\" data-elementor-lightbox-slideshow=\"fb25192\" data-elementor-lightbox-title=\"FSI T25 - Sp\u00e5nfang nede\"><img loading=\"lazy\" decoding=\"async\" src=\"https:\/\/fsi-stumpcutters.com\/wp-content\/uploads\/2022\/10\/FSI-T25-Detail-Chipguard-1-1-150x150.png\" sizes=\"(max-width: 150px) 100vw, 150px\" srcset=\"https:\/\/fsi-stumpcutters.com\/wp-content\/uploads\/2022\/10\/FSI-T25-Detail-Chipguard-1-1-150x150.png 150w, https:\/\/fsi-stumpcutters.com\/wp-content\/uploads\/2022\/10\/FSI-T25-Detail-Chipguard-1-1-300x300.png 300w, https:\/\/fsi-stumpcutters.com\/wp-content\/uploads\/2022\/10\/FSI-T25-Detail-Chipguard-1-1-1024x1024.png 1024w, https:\/\/fsi-stumpcutters.com\/wp-content\/uploads\/2022\/10\/FSI-T25-Detail-Chipguard-1-1-768x768.png 768w, https:\/\/fsi-stumpcutters.com\/wp-content\/uploads\/2022\/10\/FSI-T25-Detail-Chipguard-1-1-650x650.png 650w, https:\/\/fsi-stumpcutters.com\/wp-content\/uploads\/2022\/10\/FSI-T25-Detail-Chipguard-1-1-600x600.png 600w, https:\/\/fsi-stumpcutters.com\/wp-content\/uploads\/2022\/10\/FSI-T25-Detail-Chipguard-1-1-100x100.png 100w, https:\/\/fsi-stumpcutters.com\/wp-content\/uploads\/2022\/10\/FSI-T25-Detail-Chipguard-1-1.png 1200w\" alt=\"\" width=\"150\" height=\"150\" \/><\/a><\/dt>\n<\/dl>\n<dl class=\"gallery-item\">\n<dt class=\"gallery-icon landscape\"><a href=\"https:\/\/fsi-stumpcutters.com\/wp-content\/uploads\/2022\/10\/FSI-T25-Detail-Chipguard-2-1.png\" data-elementor-open-lightbox=\"yes\" data-elementor-lightbox-slideshow=\"fb25192\" data-elementor-lightbox-title=\"FSI T25 - Sp\u00e5nfang midt\"><img loading=\"lazy\" decoding=\"async\" src=\"https:\/\/fsi-stumpcutters.com\/wp-content\/uploads\/2022\/10\/FSI-T25-Detail-Chipguard-2-1-150x150.png\" sizes=\"(max-width: 150px) 100vw, 150px\" srcset=\"https:\/\/fsi-stumpcutters.com\/wp-content\/uploads\/2022\/10\/FSI-T25-Detail-Chipguard-2-1-150x150.png 150w, https:\/\/fsi-stumpcutters.com\/wp-content\/uploads\/2022\/10\/FSI-T25-Detail-Chipguard-2-1-300x300.png 300w, https:\/\/fsi-stumpcutters.com\/wp-content\/uploads\/2022\/10\/FSI-T25-Detail-Chipguard-2-1-1024x1024.png 1024w, https:\/\/fsi-stumpcutters.com\/wp-content\/uploads\/2022\/10\/FSI-T25-Detail-Chipguard-2-1-768x768.png 768w, https:\/\/fsi-stumpcutters.com\/wp-content\/uploads\/2022\/10\/FSI-T25-Detail-Chipguard-2-1-650x650.png 650w, https:\/\/fsi-stumpcutters.com\/wp-content\/uploads\/2022\/10\/FSI-T25-Detail-Chipguard-2-1-600x600.png 600w, https:\/\/fsi-stumpcutters.com\/wp-content\/uploads\/2022\/10\/FSI-T25-Detail-Chipguard-2-1-100x100.png 100w, https:\/\/fsi-stumpcutters.com\/wp-content\/uploads\/2022\/10\/FSI-T25-Detail-Chipguard-2-1.png 1200w\" alt=\"\" width=\"150\" height=\"150\" \/><\/a><\/dt>\n<\/dl>\n<dl class=\"gallery-item\">\n<dt class=\"gallery-icon landscape\"><a href=\"https:\/\/fsi-stumpcutters.com\/wp-content\/uploads\/2022\/10\/FSI-T25-Detail-Chipguard-3-1.png\" data-elementor-open-lightbox=\"yes\" data-elementor-lightbox-slideshow=\"fb25192\" data-elementor-lightbox-title=\"FSI T25 - Sp\u00e5nfang oppe\"><img loading=\"lazy\" decoding=\"async\" src=\"https:\/\/fsi-stumpcutters.com\/wp-content\/uploads\/2022\/10\/FSI-T25-Detail-Chipguard-3-1-150x150.png\" sizes=\"(max-width: 150px) 100vw, 150px\" srcset=\"https:\/\/fsi-stumpcutters.com\/wp-content\/uploads\/2022\/10\/FSI-T25-Detail-Chipguard-3-1-150x150.png 150w, https:\/\/fsi-stumpcutters.com\/wp-content\/uploads\/2022\/10\/FSI-T25-Detail-Chipguard-3-1-300x300.png 300w, https:\/\/fsi-stumpcutters.com\/wp-content\/uploads\/2022\/10\/FSI-T25-Detail-Chipguard-3-1-1024x1024.png 1024w, https:\/\/fsi-stumpcutters.com\/wp-content\/uploads\/2022\/10\/FSI-T25-Detail-Chipguard-3-1-768x768.png 768w, https:\/\/fsi-stumpcutters.com\/wp-content\/uploads\/2022\/10\/FSI-T25-Detail-Chipguard-3-1-650x650.png 650w, https:\/\/fsi-stumpcutters.com\/wp-content\/uploads\/2022\/10\/FSI-T25-Detail-Chipguard-3-1-600x600.png 600w, https:\/\/fsi-stumpcutters.com\/wp-content\/uploads\/2022\/10\/FSI-T25-Detail-Chipguard-3-1-100x100.png 100w, https:\/\/fsi-stumpcutters.com\/wp-content\/uploads\/2022\/10\/FSI-T25-Detail-Chipguard-3-1.png 1200w\" alt=\"\" width=\"150\" height=\"150\" \/><\/a><\/dt>\n<\/dl>\n<p>&nbsp;<\/p>\n<p style=\"color: #000000; background-color: #ffffff;\">Stubfr\u00e6seren leveres med PTO-aksel, joystick og hydraulisk topstang som standard.<\/p>\n<p style=\"color: #000000; background-color: #ffffff; margin-bottom: 20px;\">FSI T25 kan leveres til traktorer og redskabsb\u00e6rer med 540 eller 1000 RPM kraftoverf\u00f8ringsaksel.<\/p>\n<style type=\"text\/css\">\n\t\t\t#gallery-9 {<br \/>\t\t\t\tmargin: auto;<br \/>\t\t\t}<br \/>\t\t\t#gallery-9 .gallery-item {<br \/>\t\t\t\tfloat: left;<br \/>\t\t\t\tmargin-top: 10px;<br \/>\t\t\t\ttext-align: center;<br \/>\t\t\t\twidth: 33%;<br \/>\t\t\t}<br \/>\t\t\t#gallery-9 img {<br \/>\t\t\t\tborder: 2px solid #cfcfcf;<br \/>\t\t\t}<br \/>\t\t\t#gallery-9 .gallery-caption {<br \/>\t\t\t\tmargin-left: 0;<br \/>\t\t\t}<br \/>\t\t\t\/* see gallery_shortcode() in wp-includes\/media.php *\/<br \/>\t\t<\/style>\n<dl class=\"gallery-item\">\n<dt class=\"gallery-icon landscape\"><a href=\"https:\/\/fsi-stumpcutters.com\/wp-content\/uploads\/2022\/03\/T25-470-2-900x750-1.jpg\" data-elementor-open-lightbox=\"yes\" data-elementor-lightbox-slideshow=\"9d0d603\" data-elementor-lightbox-title=\"FSI T25 - Action 1\"><img loading=\"lazy\" decoding=\"async\" src=\"https:\/\/fsi-stumpcutters.com\/wp-content\/uploads\/2022\/03\/T25-470-2-900x750-1-150x150.jpg\" sizes=\"(max-width: 150px) 100vw, 150px\" srcset=\"https:\/\/fsi-stumpcutters.com\/wp-content\/uploads\/2022\/03\/T25-470-2-900x750-1-150x150.jpg 150w, https:\/\/fsi-stumpcutters.com\/wp-content\/uploads\/2022\/03\/T25-470-2-900x750-1-300x300.jpg 300w, https:\/\/fsi-stumpcutters.com\/wp-content\/uploads\/2022\/03\/T25-470-2-900x750-1-650x650.jpg 650w, https:\/\/fsi-stumpcutters.com\/wp-content\/uploads\/2022\/03\/T25-470-2-900x750-1-600x600.jpg 600w, https:\/\/fsi-stumpcutters.com\/wp-content\/uploads\/2022\/03\/T25-470-2-900x750-1-100x100.jpg 100w, https:\/\/fsi-stumpcutters.com\/wp-content\/uploads\/2022\/03\/T25-470-2-900x750-1.jpg 750w\" alt=\"\" width=\"150\" height=\"150\" \/><\/a><\/dt>\n<\/dl>\n<dl class=\"gallery-item\">\n<dt class=\"gallery-icon landscape\"><a href=\"https:\/\/fsi-stumpcutters.com\/wp-content\/uploads\/2022\/03\/IMG_0731-900x750-1.jpg\" data-elementor-open-lightbox=\"yes\" data-elementor-lightbox-slideshow=\"9d0d603\" data-elementor-lightbox-title=\"FSI T25 - Action 2\"><img loading=\"lazy\" decoding=\"async\" src=\"https:\/\/fsi-stumpcutters.com\/wp-content\/uploads\/2022\/03\/IMG_0731-900x750-1-150x150.jpg\" sizes=\"(max-width: 150px) 100vw, 150px\" srcset=\"https:\/\/fsi-stumpcutters.com\/wp-content\/uploads\/2022\/03\/IMG_0731-900x750-1-150x150.jpg 150w, https:\/\/fsi-stumpcutters.com\/wp-content\/uploads\/2022\/03\/IMG_0731-900x750-1-650x650.jpg 650w, https:\/\/fsi-stumpcutters.com\/wp-content\/uploads\/2022\/03\/IMG_0731-900x750-1-300x300.jpg 300w, https:\/\/fsi-stumpcutters.com\/wp-content\/uploads\/2022\/03\/IMG_0731-900x750-1-100x100.jpg 100w\" alt=\"\" width=\"150\" height=\"150\" \/><\/a><\/dt>\n<\/dl>\n<dl class=\"gallery-item\">\n<dt class=\"gallery-icon landscape\"><a href=\"https:\/\/fsi-stumpcutters.com\/wp-content\/uploads\/2022\/03\/IMG_0729-900x750-1.jpg\" data-elementor-open-lightbox=\"yes\" data-elementor-lightbox-slideshow=\"9d0d603\" data-elementor-lightbox-title=\"FSI T25 - Action 3\"><img loading=\"lazy\" decoding=\"async\" src=\"https:\/\/fsi-stumpcutters.com\/wp-content\/uploads\/2022\/03\/IMG_0729-900x750-1-150x150.jpg\" sizes=\"(max-width: 150px) 100vw, 150px\" srcset=\"https:\/\/fsi-stumpcutters.com\/wp-content\/uploads\/2022\/03\/IMG_0729-900x750-1-150x150.jpg 150w, https:\/\/fsi-stumpcutters.com\/wp-content\/uploads\/2022\/03\/IMG_0729-900x750-1-650x650.jpg 650w, https:\/\/fsi-stumpcutters.com\/wp-content\/uploads\/2022\/03\/IMG_0729-900x750-1-300x300.jpg 300w, https:\/\/fsi-stumpcutters.com\/wp-content\/uploads\/2022\/03\/IMG_0729-900x750-1-100x100.jpg 100w\" alt=\"\" width=\"150\" height=\"150\" \/><\/a><\/dt>\n<\/dl>\n<p>&nbsp;<\/p>\n","protected":false},"excerpt":{"rendered":"<ul>\n<li>3-punkts oph\u00e6ng (Kat. 1)<\/li>\n<li>PTO kraftoverf\u00f8ring (540\/1000 RPM)<\/li>\n<li>T-Gear og Kileremstr\u00e6k for optimal kraftoverf\u00f8rsel<\/li>\n<li>Hydraulisk joystick med fuld betjening<\/li>\n<li>Ventilboks med ekstra beslag til montering p\u00e5\/ved traktor<\/li>\n<li>Hydraulisk topstang<\/li>\n<li>V\u00e6rkt\u00f8jss\u00e6t<\/li>\n<\/ul>\n","protected":false},"featured_media":15048,"template":"","meta":[],"product_brand":[],"product_cat":[53],"product_tag":[],"class_list":{"0":"post-10965","1":"product","2":"type-product","3":"status-publish","4":"has-post-thumbnail","6":"product_cat-traktor","8":"first","9":"instock","10":"shipping-taxable","11":"product-type-simple"},"acf":[],"yoast_head":"<!-- This site is optimized with the Yoast SEO plugin v27.0 - https:\/\/yoast.com\/product\/yoast-seo-wordpress\/ -->\n<title>FSI T25 - Traktormonteret stubfr\u00e6ser | Velegnet til mindre traktorer<\/title>\n<meta name=\"description\" content=\"Stubfr\u00e6ser til traktor | 3-punktsoph\u00e6ng (kat.1) og st\u00f8tteben for stabilitet under fr\u00e6searbejdet | PTO-Kraftudtag 540\/1000 RPM | Til maskiner med 25-55 hk\" \/>\n<meta name=\"robots\" content=\"index, follow, max-snippet:-1, max-image-preview:large, max-video-preview:-1\" \/>\n<link rel=\"canonical\" href=\"https:\/\/fsi-stumpcutters.com\/da\/vare\/traktor\/fsi-t25\/\" \/>\n<meta property=\"og:locale\" content=\"da_DK\" \/>\n<meta property=\"og:type\" content=\"article\" \/>\n<meta property=\"og:title\" content=\"FSI T25 - Traktormonteret stubfr\u00e6ser | Velegnet til mindre traktorer\" \/>\n<meta property=\"og:description\" content=\"Stubfr\u00e6ser til traktor | 3-punktsoph\u00e6ng (kat.1) og st\u00f8tteben for stabilitet under fr\u00e6searbejdet | PTO-Kraftudtag 540\/1000 RPM | Til maskiner med 25-55 hk\" \/>\n<meta property=\"og:url\" content=\"https:\/\/fsi-stumpcutters.com\/da\/vare\/traktor\/fsi-t25\/\" \/>\n<meta property=\"og:site_name\" content=\"FSI\" \/>\n<meta property=\"article:publisher\" content=\"https:\/\/www.facebook.com\/fsi.dk\" \/>\n<meta property=\"article:modified_time\" content=\"2025-09-03T02:10:57+00:00\" \/>\n<meta property=\"og:image\" content=\"https:\/\/fsi-stumpcutters.com\/wp-content\/uploads\/2022\/03\/FSI-T25-Left-Angled-1-1024x683.png\" \/>\n\t<meta property=\"og:image:width\" content=\"1024\" \/>\n\t<meta property=\"og:image:height\" content=\"683\" \/>\n\t<meta property=\"og:image:type\" content=\"image\/png\" \/>\n<meta name=\"twitter:card\" content=\"summary_large_image\" \/>\n<meta name=\"twitter:label1\" content=\"Estimeret l\u00e6setid\" \/>\n\t<meta name=\"twitter:data1\" content=\"3 minutter\" \/>\n<script type=\"application\/ld+json\" class=\"yoast-schema-graph\">{\"@context\":\"https:\/\/schema.org\",\"@graph\":[{\"@type\":\"WebPage\",\"@id\":\"https:\/\/fsi-stumpcutters.com\/da\/vare\/traktor\/fsi-t25\/\",\"url\":\"https:\/\/fsi-stumpcutters.com\/da\/vare\/traktor\/fsi-t25\/\",\"name\":\"FSI T25 - Traktormonteret stubfr\u00e6ser | Velegnet til mindre traktorer\",\"isPartOf\":{\"@id\":\"https:\/\/fsi-stumpcutters.com\/da\/#website\"},\"primaryImageOfPage\":{\"@id\":\"https:\/\/fsi-stumpcutters.com\/da\/vare\/traktor\/fsi-t25\/#primaryimage\"},\"image\":{\"@id\":\"https:\/\/fsi-stumpcutters.com\/da\/vare\/traktor\/fsi-t25\/#primaryimage\"},\"thumbnailUrl\":\"https:\/\/fsi-stumpcutters.com\/wp-content\/uploads\/2022\/03\/FSI-T25-Left-Angled-1.png\",\"datePublished\":\"2022-03-21T10:22:41+00:00\",\"dateModified\":\"2025-09-03T02:10:57+00:00\",\"description\":\"Stubfr\u00e6ser til traktor | 3-punktsoph\u00e6ng (kat.1) og st\u00f8tteben for stabilitet under fr\u00e6searbejdet | PTO-Kraftudtag 540\/1000 RPM | Til maskiner med 25-55 hk\",\"breadcrumb\":{\"@id\":\"https:\/\/fsi-stumpcutters.com\/da\/vare\/traktor\/fsi-t25\/#breadcrumb\"},\"inLanguage\":\"da-DK\",\"potentialAction\":[{\"@type\":\"ReadAction\",\"target\":[\"https:\/\/fsi-stumpcutters.com\/da\/vare\/traktor\/fsi-t25\/\"]}]},{\"@type\":\"ImageObject\",\"inLanguage\":\"da-DK\",\"@id\":\"https:\/\/fsi-stumpcutters.com\/da\/vare\/traktor\/fsi-t25\/#primaryimage\",\"url\":\"https:\/\/fsi-stumpcutters.com\/wp-content\/uploads\/2022\/03\/FSI-T25-Left-Angled-1.png\",\"contentUrl\":\"https:\/\/fsi-stumpcutters.com\/wp-content\/uploads\/2022\/03\/FSI-T25-Left-Angled-1.png\",\"width\":1620,\"height\":1080},{\"@type\":\"BreadcrumbList\",\"@id\":\"https:\/\/fsi-stumpcutters.com\/da\/vare\/traktor\/fsi-t25\/#breadcrumb\",\"itemListElement\":[{\"@type\":\"ListItem\",\"position\":1,\"name\":\"Home\",\"item\":\"https:\/\/fsi-stumpcutters.com\/da\/\"},{\"@type\":\"ListItem\",\"position\":2,\"name\":\"Varer\",\"item\":\"https:\/\/fsi-stumpcutters.com\/da\/shop\/\"},{\"@type\":\"ListItem\",\"position\":3,\"name\":\"FSI T25\"}]},{\"@type\":\"WebSite\",\"@id\":\"https:\/\/fsi-stumpcutters.com\/da\/#website\",\"url\":\"https:\/\/fsi-stumpcutters.com\/da\/\",\"name\":\"FSI\",\"description\":\"FSI website\",\"publisher\":{\"@id\":\"https:\/\/fsi-stumpcutters.com\/da\/#organization\"},\"potentialAction\":[{\"@type\":\"SearchAction\",\"target\":{\"@type\":\"EntryPoint\",\"urlTemplate\":\"https:\/\/fsi-stumpcutters.com\/da\/?s={search_term_string}\"},\"query-input\":{\"@type\":\"PropertyValueSpecification\",\"valueRequired\":true,\"valueName\":\"search_term_string\"}}],\"inLanguage\":\"da-DK\"},{\"@type\":\"Organization\",\"@id\":\"https:\/\/fsi-stumpcutters.com\/da\/#organization\",\"name\":\"FSI Stump Cutters\",\"url\":\"https:\/\/fsi-stumpcutters.com\/da\/\",\"logo\":{\"@type\":\"ImageObject\",\"inLanguage\":\"da-DK\",\"@id\":\"https:\/\/fsi-stumpcutters.com\/da\/#\/schema\/logo\/image\/\",\"url\":\"https:\/\/fsi-stumpcutters.com\/wp-content\/uploads\/2022\/10\/FSI-LOGO-PRIMAERT-RODT-RGB.png\",\"contentUrl\":\"https:\/\/fsi-stumpcutters.com\/wp-content\/uploads\/2022\/10\/FSI-LOGO-PRIMAERT-RODT-RGB.png\",\"width\":567,\"height\":567,\"caption\":\"FSI Stump Cutters\"},\"image\":{\"@id\":\"https:\/\/fsi-stumpcutters.com\/da\/#\/schema\/logo\/image\/\"},\"sameAs\":[\"https:\/\/www.facebook.com\/fsi.dk\",\"https:\/\/www.instagram.com\/fsi.dk\/\",\"https:\/\/www.youtube.com\/channel\/UC9KnSaA_SwR9fc2PkSpOpwg\",\"https:\/\/www.linkedin.com\/company\/fsistumpcutters\/\"]}]}<\/script>\n<!-- \/ Yoast SEO plugin. -->","yoast_head_json":{"title":"FSI T25 - Traktormonteret stubfr\u00e6ser | Velegnet til mindre traktorer","description":"Stubfr\u00e6ser til traktor | 3-punktsoph\u00e6ng (kat.1) og st\u00f8tteben for stabilitet under fr\u00e6searbejdet | PTO-Kraftudtag 540\/1000 RPM | Til maskiner med 25-55 hk","robots":{"index":"index","follow":"follow","max-snippet":"max-snippet:-1","max-image-preview":"max-image-preview:large","max-video-preview":"max-video-preview:-1"},"canonical":"https:\/\/fsi-stumpcutters.com\/da\/vare\/traktor\/fsi-t25\/","og_locale":"da_DK","og_type":"article","og_title":"FSI T25 - Traktormonteret stubfr\u00e6ser | Velegnet til mindre traktorer","og_description":"Stubfr\u00e6ser til traktor | 3-punktsoph\u00e6ng (kat.1) og st\u00f8tteben for stabilitet under fr\u00e6searbejdet | PTO-Kraftudtag 540\/1000 RPM | Til maskiner med 25-55 hk","og_url":"https:\/\/fsi-stumpcutters.com\/da\/vare\/traktor\/fsi-t25\/","og_site_name":"FSI","article_publisher":"https:\/\/www.facebook.com\/fsi.dk","article_modified_time":"2025-09-03T02:10:57+00:00","og_image":[{"width":1024,"height":683,"url":"https:\/\/fsi-stumpcutters.com\/wp-content\/uploads\/2022\/03\/FSI-T25-Left-Angled-1-1024x683.png","type":"image\/png"}],"twitter_card":"summary_large_image","twitter_misc":{"Estimeret l\u00e6setid":"3 minutter"},"schema":{"@context":"https:\/\/schema.org","@graph":[{"@type":"WebPage","@id":"https:\/\/fsi-stumpcutters.com\/da\/vare\/traktor\/fsi-t25\/","url":"https:\/\/fsi-stumpcutters.com\/da\/vare\/traktor\/fsi-t25\/","name":"FSI T25 - Traktormonteret stubfr\u00e6ser | Velegnet til mindre traktorer","isPartOf":{"@id":"https:\/\/fsi-stumpcutters.com\/da\/#website"},"primaryImageOfPage":{"@id":"https:\/\/fsi-stumpcutters.com\/da\/vare\/traktor\/fsi-t25\/#primaryimage"},"image":{"@id":"https:\/\/fsi-stumpcutters.com\/da\/vare\/traktor\/fsi-t25\/#primaryimage"},"thumbnailUrl":"https:\/\/fsi-stumpcutters.com\/wp-content\/uploads\/2022\/03\/FSI-T25-Left-Angled-1.png","datePublished":"2022-03-21T10:22:41+00:00","dateModified":"2025-09-03T02:10:57+00:00","description":"Stubfr\u00e6ser til traktor | 3-punktsoph\u00e6ng (kat.1) og st\u00f8tteben for stabilitet under fr\u00e6searbejdet | PTO-Kraftudtag 540\/1000 RPM | Til maskiner med 25-55 hk","breadcrumb":{"@id":"https:\/\/fsi-stumpcutters.com\/da\/vare\/traktor\/fsi-t25\/#breadcrumb"},"inLanguage":"da-DK","potentialAction":[{"@type":"ReadAction","target":["https:\/\/fsi-stumpcutters.com\/da\/vare\/traktor\/fsi-t25\/"]}]},{"@type":"ImageObject","inLanguage":"da-DK","@id":"https:\/\/fsi-stumpcutters.com\/da\/vare\/traktor\/fsi-t25\/#primaryimage","url":"https:\/\/fsi-stumpcutters.com\/wp-content\/uploads\/2022\/03\/FSI-T25-Left-Angled-1.png","contentUrl":"https:\/\/fsi-stumpcutters.com\/wp-content\/uploads\/2022\/03\/FSI-T25-Left-Angled-1.png","width":1620,"height":1080},{"@type":"BreadcrumbList","@id":"https:\/\/fsi-stumpcutters.com\/da\/vare\/traktor\/fsi-t25\/#breadcrumb","itemListElement":[{"@type":"ListItem","position":1,"name":"Home","item":"https:\/\/fsi-stumpcutters.com\/da\/"},{"@type":"ListItem","position":2,"name":"Varer","item":"https:\/\/fsi-stumpcutters.com\/da\/shop\/"},{"@type":"ListItem","position":3,"name":"FSI T25"}]},{"@type":"WebSite","@id":"https:\/\/fsi-stumpcutters.com\/da\/#website","url":"https:\/\/fsi-stumpcutters.com\/da\/","name":"FSI","description":"FSI website","publisher":{"@id":"https:\/\/fsi-stumpcutters.com\/da\/#organization"},"potentialAction":[{"@type":"SearchAction","target":{"@type":"EntryPoint","urlTemplate":"https:\/\/fsi-stumpcutters.com\/da\/?s={search_term_string}"},"query-input":{"@type":"PropertyValueSpecification","valueRequired":true,"valueName":"search_term_string"}}],"inLanguage":"da-DK"},{"@type":"Organization","@id":"https:\/\/fsi-stumpcutters.com\/da\/#organization","name":"FSI Stump Cutters","url":"https:\/\/fsi-stumpcutters.com\/da\/","logo":{"@type":"ImageObject","inLanguage":"da-DK","@id":"https:\/\/fsi-stumpcutters.com\/da\/#\/schema\/logo\/image\/","url":"https:\/\/fsi-stumpcutters.com\/wp-content\/uploads\/2022\/10\/FSI-LOGO-PRIMAERT-RODT-RGB.png","contentUrl":"https:\/\/fsi-stumpcutters.com\/wp-content\/uploads\/2022\/10\/FSI-LOGO-PRIMAERT-RODT-RGB.png","width":567,"height":567,"caption":"FSI Stump Cutters"},"image":{"@id":"https:\/\/fsi-stumpcutters.com\/da\/#\/schema\/logo\/image\/"},"sameAs":["https:\/\/www.facebook.com\/fsi.dk","https:\/\/www.instagram.com\/fsi.dk\/","https:\/\/www.youtube.com\/channel\/UC9KnSaA_SwR9fc2PkSpOpwg","https:\/\/www.linkedin.com\/company\/fsistumpcutters\/"]}]}},"_links":{"self":[{"href":"https:\/\/fsi-stumpcutters.com\/da\/wp-json\/wp\/v2\/product\/10965","targetHints":{"allow":["GET"]}}],"collection":[{"href":"https:\/\/fsi-stumpcutters.com\/da\/wp-json\/wp\/v2\/product"}],"about":[{"href":"https:\/\/fsi-stumpcutters.com\/da\/wp-json\/wp\/v2\/types\/product"}],"wp:featuredmedia":[{"embeddable":true,"href":"https:\/\/fsi-stumpcutters.com\/da\/wp-json\/wp\/v2\/media\/15048"}],"wp:attachment":[{"href":"https:\/\/fsi-stumpcutters.com\/da\/wp-json\/wp\/v2\/media?parent=10965"}],"wp:term":[{"taxonomy":"product_brand","embeddable":true,"href":"https:\/\/fsi-stumpcutters.com\/da\/wp-json\/wp\/v2\/product_brand?post=10965"},{"taxonomy":"product_cat","embeddable":true,"href":"https:\/\/fsi-stumpcutters.com\/da\/wp-json\/wp\/v2\/product_cat?post=10965"},{"taxonomy":"product_tag","embeddable":true,"href":"https:\/\/fsi-stumpcutters.com\/da\/wp-json\/wp\/v2\/product_tag?post=10965"}],"curies":[{"name":"wp","href":"https:\/\/api.w.org\/{rel}","templated":true}]}}