{"id":10944,"date":"2022-03-21T11:16:07","date_gmt":"2022-03-21T10:16:07","guid":{"rendered":"http:\/\/fsi.test\/?post_type=product&#038;p=10944"},"modified":"2025-09-03T04:00:00","modified_gmt":"2025-09-03T02:00:00","slug":"fsi-h40s-80-110","status":"publish","type":"product","link":"https:\/\/fsi-stumpcutters.com\/da\/vare\/hydraulik\/fsi-h40s-80-110\/","title":{"rendered":"FSI H40S 80-110"},"content":{"rendered":"<p>FSI H40S er en stubfr\u00e6ser med integreret sving til montering p\u00e5 kn\u00e6kstyrede minil\u00e6ssere eller lignende redskabsb\u00e6rer.<br \/>\nH40S monteres med redskabsf\u00e6ste\/kobling. Svingbev\u00e6gelsen sker med to cylindere der styres fra el-boksen.<\/p>\n<p>Maskinen er udstyret med flange for montering af redskabsf\u00e6ste. Der medf\u00f8lger hydraulikslanger uden koblinger.<\/p>\n","protected":false},"excerpt":{"rendered":"<p>Hydrauliskdrevet stubfr\u00e6ser med integreret svingbev\u00e6gelse til montering p\u00e5 l\u00e6ssemaskiner og redskabsb\u00e6rere.<\/p>\n<p>Stubfr\u00e6seren leveres med en ulakeret topplade, hvorp\u00e5 der kan p\u00e5svejses et valgfrit beslag, der passer til redskabsb\u00e6reren.<\/p>\n<p>FSI kan tilbyde et udvalg af f\u00e6steplader og\/eller hydraulik koblinger, der passer til en bestemt redskabsb\u00e6rer.<\/p>\n<p>To hydrauliske cylindere s\u00f8rger for en stabil svingbev\u00e6gelse<\/p>\n<p>Betjening sker fra enten redskabsb\u00e6reren eller fra en el-box med et mini-joystick, afh\u00e6ngigt af tilslutningsmuligheder.<\/p>\n<p>FSI Stubfr\u00e6sere HxxS kr\u00e6ver trykl\u00f8s retur til tanken (l\u00e6kolie)<\/p>\n","protected":false},"featured_media":16625,"template":"","meta":[],"product_brand":[],"product_cat":[39],"product_tag":[],"class_list":{"0":"post-10944","1":"product","2":"type-product","3":"status-publish","4":"has-post-thumbnail","6":"product_cat-hydraulik","8":"first","9":"instock","10":"shipping-taxable","11":"product-type-simple"},"acf":[],"yoast_head":"<!-- This site is optimized with the Yoast SEO plugin v27.0 - https:\/\/yoast.com\/product\/yoast-seo-wordpress\/ -->\n<title>FSI H40S 80-110 l\/min | Integreret sving | Redskab til minil\u00e6ssere el lign.<\/title>\n<meta name=\"description\" content=\"Stubfr\u00e6ser med integreret sving til montering p\u00e5 kn\u00e6kstyrede minil\u00e6ssere og lignende redskabsb\u00e6rere. | Svingbev\u00e6gelse styres fra el-boks | kraftbehov 40-65 hk\" \/>\n<meta name=\"robots\" content=\"index, follow, max-snippet:-1, max-image-preview:large, max-video-preview:-1\" \/>\n<link rel=\"canonical\" href=\"https:\/\/fsi-stumpcutters.com\/da\/vare\/hydraulik\/fsi-h40s-80-110\/\" \/>\n<meta property=\"og:locale\" content=\"da_DK\" \/>\n<meta property=\"og:type\" content=\"article\" \/>\n<meta property=\"og:title\" content=\"FSI H40S 80-110 l\/min | Integreret sving | Redskab til minil\u00e6ssere el lign.\" \/>\n<meta property=\"og:description\" content=\"Stubfr\u00e6ser med integreret sving til montering p\u00e5 kn\u00e6kstyrede minil\u00e6ssere og lignende redskabsb\u00e6rere. | Svingbev\u00e6gelse styres fra el-boks | kraftbehov 40-65 hk\" \/>\n<meta property=\"og:url\" content=\"https:\/\/fsi-stumpcutters.com\/da\/vare\/hydraulik\/fsi-h40s-80-110\/\" \/>\n<meta property=\"og:site_name\" content=\"FSI\" \/>\n<meta property=\"article:publisher\" content=\"https:\/\/www.facebook.com\/fsi.dk\" \/>\n<meta property=\"article:modified_time\" content=\"2025-09-03T02:00:00+00:00\" \/>\n<meta property=\"og:image\" content=\"https:\/\/fsi-stumpcutters.com\/wp-content\/uploads\/2022\/03\/FSI-H40S-Left-1024x683.png\" \/>\n\t<meta property=\"og:image:width\" content=\"1024\" \/>\n\t<meta property=\"og:image:height\" content=\"683\" \/>\n\t<meta property=\"og:image:type\" content=\"image\/png\" \/>\n<meta name=\"twitter:card\" content=\"summary_large_image\" \/>\n<meta name=\"twitter:label1\" content=\"Estimeret l\u00e6setid\" \/>\n\t<meta name=\"twitter:data1\" content=\"1 minut\" \/>\n<script type=\"application\/ld+json\" class=\"yoast-schema-graph\">{\"@context\":\"https:\/\/schema.org\",\"@graph\":[{\"@type\":\"WebPage\",\"@id\":\"https:\/\/fsi-stumpcutters.com\/da\/vare\/hydraulik\/fsi-h40s-80-110\/\",\"url\":\"https:\/\/fsi-stumpcutters.com\/da\/vare\/hydraulik\/fsi-h40s-80-110\/\",\"name\":\"FSI H40S 80-110 l\/min | Integreret sving | Redskab til minil\u00e6ssere el lign.\",\"isPartOf\":{\"@id\":\"https:\/\/fsi-stumpcutters.com\/da\/#website\"},\"primaryImageOfPage\":{\"@id\":\"https:\/\/fsi-stumpcutters.com\/da\/vare\/hydraulik\/fsi-h40s-80-110\/#primaryimage\"},\"image\":{\"@id\":\"https:\/\/fsi-stumpcutters.com\/da\/vare\/hydraulik\/fsi-h40s-80-110\/#primaryimage\"},\"thumbnailUrl\":\"https:\/\/fsi-stumpcutters.com\/wp-content\/uploads\/2022\/03\/FSI-H40S-Left.png\",\"datePublished\":\"2022-03-21T10:16:07+00:00\",\"dateModified\":\"2025-09-03T02:00:00+00:00\",\"description\":\"Stubfr\u00e6ser med integreret sving til montering p\u00e5 kn\u00e6kstyrede minil\u00e6ssere og lignende redskabsb\u00e6rere. | Svingbev\u00e6gelse styres fra el-boks | kraftbehov 40-65 hk\",\"breadcrumb\":{\"@id\":\"https:\/\/fsi-stumpcutters.com\/da\/vare\/hydraulik\/fsi-h40s-80-110\/#breadcrumb\"},\"inLanguage\":\"da-DK\",\"potentialAction\":[{\"@type\":\"ReadAction\",\"target\":[\"https:\/\/fsi-stumpcutters.com\/da\/vare\/hydraulik\/fsi-h40s-80-110\/\"]}]},{\"@type\":\"ImageObject\",\"inLanguage\":\"da-DK\",\"@id\":\"https:\/\/fsi-stumpcutters.com\/da\/vare\/hydraulik\/fsi-h40s-80-110\/#primaryimage\",\"url\":\"https:\/\/fsi-stumpcutters.com\/wp-content\/uploads\/2022\/03\/FSI-H40S-Left.png\",\"contentUrl\":\"https:\/\/fsi-stumpcutters.com\/wp-content\/uploads\/2022\/03\/FSI-H40S-Left.png\",\"width\":1620,\"height\":1080},{\"@type\":\"BreadcrumbList\",\"@id\":\"https:\/\/fsi-stumpcutters.com\/da\/vare\/hydraulik\/fsi-h40s-80-110\/#breadcrumb\",\"itemListElement\":[{\"@type\":\"ListItem\",\"position\":1,\"name\":\"Home\",\"item\":\"https:\/\/fsi-stumpcutters.com\/da\/\"},{\"@type\":\"ListItem\",\"position\":2,\"name\":\"Varer\",\"item\":\"https:\/\/fsi-stumpcutters.com\/da\/shop\/\"},{\"@type\":\"ListItem\",\"position\":3,\"name\":\"FSI H40S 80-110\"}]},{\"@type\":\"WebSite\",\"@id\":\"https:\/\/fsi-stumpcutters.com\/da\/#website\",\"url\":\"https:\/\/fsi-stumpcutters.com\/da\/\",\"name\":\"FSI\",\"description\":\"FSI website\",\"publisher\":{\"@id\":\"https:\/\/fsi-stumpcutters.com\/da\/#organization\"},\"potentialAction\":[{\"@type\":\"SearchAction\",\"target\":{\"@type\":\"EntryPoint\",\"urlTemplate\":\"https:\/\/fsi-stumpcutters.com\/da\/?s={search_term_string}\"},\"query-input\":{\"@type\":\"PropertyValueSpecification\",\"valueRequired\":true,\"valueName\":\"search_term_string\"}}],\"inLanguage\":\"da-DK\"},{\"@type\":\"Organization\",\"@id\":\"https:\/\/fsi-stumpcutters.com\/da\/#organization\",\"name\":\"FSI Stump Cutters\",\"url\":\"https:\/\/fsi-stumpcutters.com\/da\/\",\"logo\":{\"@type\":\"ImageObject\",\"inLanguage\":\"da-DK\",\"@id\":\"https:\/\/fsi-stumpcutters.com\/da\/#\/schema\/logo\/image\/\",\"url\":\"https:\/\/fsi-stumpcutters.com\/wp-content\/uploads\/2022\/10\/FSI-LOGO-PRIMAERT-RODT-RGB.png\",\"contentUrl\":\"https:\/\/fsi-stumpcutters.com\/wp-content\/uploads\/2022\/10\/FSI-LOGO-PRIMAERT-RODT-RGB.png\",\"width\":567,\"height\":567,\"caption\":\"FSI Stump Cutters\"},\"image\":{\"@id\":\"https:\/\/fsi-stumpcutters.com\/da\/#\/schema\/logo\/image\/\"},\"sameAs\":[\"https:\/\/www.facebook.com\/fsi.dk\",\"https:\/\/www.instagram.com\/fsi.dk\/\",\"https:\/\/www.youtube.com\/channel\/UC9KnSaA_SwR9fc2PkSpOpwg\",\"https:\/\/www.linkedin.com\/company\/fsistumpcutters\/\"]}]}<\/script>\n<!-- \/ Yoast SEO plugin. -->","yoast_head_json":{"title":"FSI H40S 80-110 l\/min | Integreret sving | Redskab til minil\u00e6ssere el lign.","description":"Stubfr\u00e6ser med integreret sving til montering p\u00e5 kn\u00e6kstyrede minil\u00e6ssere og lignende redskabsb\u00e6rere. | Svingbev\u00e6gelse styres fra el-boks | kraftbehov 40-65 hk","robots":{"index":"index","follow":"follow","max-snippet":"max-snippet:-1","max-image-preview":"max-image-preview:large","max-video-preview":"max-video-preview:-1"},"canonical":"https:\/\/fsi-stumpcutters.com\/da\/vare\/hydraulik\/fsi-h40s-80-110\/","og_locale":"da_DK","og_type":"article","og_title":"FSI H40S 80-110 l\/min | Integreret sving | Redskab til minil\u00e6ssere el lign.","og_description":"Stubfr\u00e6ser med integreret sving til montering p\u00e5 kn\u00e6kstyrede minil\u00e6ssere og lignende redskabsb\u00e6rere. | Svingbev\u00e6gelse styres fra el-boks | kraftbehov 40-65 hk","og_url":"https:\/\/fsi-stumpcutters.com\/da\/vare\/hydraulik\/fsi-h40s-80-110\/","og_site_name":"FSI","article_publisher":"https:\/\/www.facebook.com\/fsi.dk","article_modified_time":"2025-09-03T02:00:00+00:00","og_image":[{"width":1024,"height":683,"url":"https:\/\/fsi-stumpcutters.com\/wp-content\/uploads\/2022\/03\/FSI-H40S-Left-1024x683.png","type":"image\/png"}],"twitter_card":"summary_large_image","twitter_misc":{"Estimeret l\u00e6setid":"1 minut"},"schema":{"@context":"https:\/\/schema.org","@graph":[{"@type":"WebPage","@id":"https:\/\/fsi-stumpcutters.com\/da\/vare\/hydraulik\/fsi-h40s-80-110\/","url":"https:\/\/fsi-stumpcutters.com\/da\/vare\/hydraulik\/fsi-h40s-80-110\/","name":"FSI H40S 80-110 l\/min | Integreret sving | Redskab til minil\u00e6ssere el lign.","isPartOf":{"@id":"https:\/\/fsi-stumpcutters.com\/da\/#website"},"primaryImageOfPage":{"@id":"https:\/\/fsi-stumpcutters.com\/da\/vare\/hydraulik\/fsi-h40s-80-110\/#primaryimage"},"image":{"@id":"https:\/\/fsi-stumpcutters.com\/da\/vare\/hydraulik\/fsi-h40s-80-110\/#primaryimage"},"thumbnailUrl":"https:\/\/fsi-stumpcutters.com\/wp-content\/uploads\/2022\/03\/FSI-H40S-Left.png","datePublished":"2022-03-21T10:16:07+00:00","dateModified":"2025-09-03T02:00:00+00:00","description":"Stubfr\u00e6ser med integreret sving til montering p\u00e5 kn\u00e6kstyrede minil\u00e6ssere og lignende redskabsb\u00e6rere. | Svingbev\u00e6gelse styres fra el-boks | kraftbehov 40-65 hk","breadcrumb":{"@id":"https:\/\/fsi-stumpcutters.com\/da\/vare\/hydraulik\/fsi-h40s-80-110\/#breadcrumb"},"inLanguage":"da-DK","potentialAction":[{"@type":"ReadAction","target":["https:\/\/fsi-stumpcutters.com\/da\/vare\/hydraulik\/fsi-h40s-80-110\/"]}]},{"@type":"ImageObject","inLanguage":"da-DK","@id":"https:\/\/fsi-stumpcutters.com\/da\/vare\/hydraulik\/fsi-h40s-80-110\/#primaryimage","url":"https:\/\/fsi-stumpcutters.com\/wp-content\/uploads\/2022\/03\/FSI-H40S-Left.png","contentUrl":"https:\/\/fsi-stumpcutters.com\/wp-content\/uploads\/2022\/03\/FSI-H40S-Left.png","width":1620,"height":1080},{"@type":"BreadcrumbList","@id":"https:\/\/fsi-stumpcutters.com\/da\/vare\/hydraulik\/fsi-h40s-80-110\/#breadcrumb","itemListElement":[{"@type":"ListItem","position":1,"name":"Home","item":"https:\/\/fsi-stumpcutters.com\/da\/"},{"@type":"ListItem","position":2,"name":"Varer","item":"https:\/\/fsi-stumpcutters.com\/da\/shop\/"},{"@type":"ListItem","position":3,"name":"FSI H40S 80-110"}]},{"@type":"WebSite","@id":"https:\/\/fsi-stumpcutters.com\/da\/#website","url":"https:\/\/fsi-stumpcutters.com\/da\/","name":"FSI","description":"FSI website","publisher":{"@id":"https:\/\/fsi-stumpcutters.com\/da\/#organization"},"potentialAction":[{"@type":"SearchAction","target":{"@type":"EntryPoint","urlTemplate":"https:\/\/fsi-stumpcutters.com\/da\/?s={search_term_string}"},"query-input":{"@type":"PropertyValueSpecification","valueRequired":true,"valueName":"search_term_string"}}],"inLanguage":"da-DK"},{"@type":"Organization","@id":"https:\/\/fsi-stumpcutters.com\/da\/#organization","name":"FSI Stump Cutters","url":"https:\/\/fsi-stumpcutters.com\/da\/","logo":{"@type":"ImageObject","inLanguage":"da-DK","@id":"https:\/\/fsi-stumpcutters.com\/da\/#\/schema\/logo\/image\/","url":"https:\/\/fsi-stumpcutters.com\/wp-content\/uploads\/2022\/10\/FSI-LOGO-PRIMAERT-RODT-RGB.png","contentUrl":"https:\/\/fsi-stumpcutters.com\/wp-content\/uploads\/2022\/10\/FSI-LOGO-PRIMAERT-RODT-RGB.png","width":567,"height":567,"caption":"FSI Stump Cutters"},"image":{"@id":"https:\/\/fsi-stumpcutters.com\/da\/#\/schema\/logo\/image\/"},"sameAs":["https:\/\/www.facebook.com\/fsi.dk","https:\/\/www.instagram.com\/fsi.dk\/","https:\/\/www.youtube.com\/channel\/UC9KnSaA_SwR9fc2PkSpOpwg","https:\/\/www.linkedin.com\/company\/fsistumpcutters\/"]}]}},"_links":{"self":[{"href":"https:\/\/fsi-stumpcutters.com\/da\/wp-json\/wp\/v2\/product\/10944","targetHints":{"allow":["GET"]}}],"collection":[{"href":"https:\/\/fsi-stumpcutters.com\/da\/wp-json\/wp\/v2\/product"}],"about":[{"href":"https:\/\/fsi-stumpcutters.com\/da\/wp-json\/wp\/v2\/types\/product"}],"wp:featuredmedia":[{"embeddable":true,"href":"https:\/\/fsi-stumpcutters.com\/da\/wp-json\/wp\/v2\/media\/16625"}],"wp:attachment":[{"href":"https:\/\/fsi-stumpcutters.com\/da\/wp-json\/wp\/v2\/media?parent=10944"}],"wp:term":[{"taxonomy":"product_brand","embeddable":true,"href":"https:\/\/fsi-stumpcutters.com\/da\/wp-json\/wp\/v2\/product_brand?post=10944"},{"taxonomy":"product_cat","embeddable":true,"href":"https:\/\/fsi-stumpcutters.com\/da\/wp-json\/wp\/v2\/product_cat?post=10944"},{"taxonomy":"product_tag","embeddable":true,"href":"https:\/\/fsi-stumpcutters.com\/da\/wp-json\/wp\/v2\/product_tag?post=10944"}],"curies":[{"name":"wp","href":"https:\/\/api.w.org\/{rel}","templated":true}]}}