{"id":10922,"date":"2022-03-21T11:10:44","date_gmt":"2022-03-21T10:10:44","guid":{"rendered":"http:\/\/fsi.test\/?post_type=product&#038;p=10922"},"modified":"2025-09-03T04:05:09","modified_gmt":"2025-09-03T02:05:09","slug":"fsi-h20","status":"publish","type":"product","link":"https:\/\/fsi-stumpcutters.com\/da\/vare\/hydraulik\/fsi-h20\/","title":{"rendered":"FSI H20"},"content":{"rendered":"<p>FSI H20 er en stubfr\u00e6ser til montering p\u00e5 gravmaskiner, kn\u00e6kstyrede minil\u00e6ssere eller lignende maskiner.<br \/>\nDen anbefalede gravemaskinst\u00f8rrelse er 2,0 &#8211; 2,5 ton.<\/p>\n<p>H20 monteres med redskabsf\u00e6ste\/kobling og fr\u00e6sebev\u00e6gelsen foretages med den b\u00e6rende maskines funktioner.<br \/>\nDer medf\u00f8lger hydraulikslanger og ulakeret topplade til p\u00e5svejsning af redskabsf\u00e6ste.<\/p>\n","protected":false},"excerpt":{"rendered":"<p>Hydraulisk drevet stubfr\u00e6ser til montering p\u00e5 gravemaskine, minil\u00e6sser eller redskabsb\u00e6rer, hvor selve maskinen anvendes til at udf\u00f8re fr\u00e6sebev\u00e6gelsen, samt op\/ned bev\u00e6gelser.<\/p>\n<p>Frit valg af fr\u00e6seretning, samt mulighed for let at indstille fr\u00e6seretningen ned 45 gr. Interval mellem enheden og monteringspladen til redskabsf\u00e6ste.<\/p>\n<p>Stubfr\u00e6seren leveres med en ulakeret monteringsplade, hvorp\u00e5 der kan p\u00e5svejses et valgfrit beslag, der passer til redskabsb\u00e6reren.<\/p>\n<p>FSI kan tilbyde et udvalg af f\u00e6steplader og\/eller hydraulik koblinger, der passer til en bestemt redskabsb\u00e6rer.<\/p>\n<p>Stubfr\u00e6seren kr\u00e6ver trykl\u00f8s retur til tanken (l\u00e6kolie)<\/p>\n","protected":false},"featured_media":13717,"template":"","meta":[],"product_brand":[],"product_cat":[39],"product_tag":[],"class_list":{"0":"post-10922","1":"product","2":"type-product","3":"status-publish","4":"has-post-thumbnail","6":"product_cat-hydraulik","8":"first","9":"instock","10":"shipping-taxable","11":"product-type-simple"},"acf":[],"yoast_head":"<!-- This site is optimized with the Yoast SEO plugin v27.0 - https:\/\/yoast.com\/product\/yoast-seo-wordpress\/ -->\n<title>FSI H20 - til montering p\u00e5 gravemaskiner, minil\u00e6ssere eller lignende maskiner.<\/title>\n<meta name=\"description\" content=\"Hydraulisk drevet stubfr\u00e6ser til montering p\u00e5 hydraulisk gravearm og minil\u00e6sser | Anbefalet gravemaskinst\u00f8rrelse er 2,0 - 2,5 ton. | Flere informationer\" \/>\n<meta name=\"robots\" content=\"index, follow, max-snippet:-1, max-image-preview:large, max-video-preview:-1\" \/>\n<link rel=\"canonical\" href=\"https:\/\/fsi-stumpcutters.com\/da\/vare\/hydraulik\/fsi-h20\/\" \/>\n<meta property=\"og:locale\" content=\"da_DK\" \/>\n<meta property=\"og:type\" content=\"article\" \/>\n<meta property=\"og:title\" content=\"FSI H20 - til montering p\u00e5 gravemaskiner, minil\u00e6ssere eller lignende maskiner.\" \/>\n<meta property=\"og:description\" content=\"Hydraulisk drevet stubfr\u00e6ser til montering p\u00e5 hydraulisk gravearm og minil\u00e6sser | Anbefalet gravemaskinst\u00f8rrelse er 2,0 - 2,5 ton. | Flere informationer\" \/>\n<meta property=\"og:url\" content=\"https:\/\/fsi-stumpcutters.com\/da\/vare\/hydraulik\/fsi-h20\/\" \/>\n<meta property=\"og:site_name\" content=\"FSI\" \/>\n<meta property=\"article:publisher\" content=\"https:\/\/www.facebook.com\/fsi.dk\" \/>\n<meta property=\"article:modified_time\" content=\"2025-09-03T02:05:09+00:00\" \/>\n<meta property=\"og:image\" content=\"https:\/\/fsi-stumpcutters.com\/wp-content\/uploads\/2022\/03\/FSI-H20-Left-1024x683.png\" \/>\n\t<meta property=\"og:image:width\" content=\"1024\" \/>\n\t<meta property=\"og:image:height\" content=\"683\" \/>\n\t<meta property=\"og:image:type\" content=\"image\/png\" \/>\n<meta name=\"twitter:card\" content=\"summary_large_image\" \/>\n<meta name=\"twitter:label1\" content=\"Estimeret l\u00e6setid\" \/>\n\t<meta name=\"twitter:data1\" content=\"1 minut\" \/>\n<script type=\"application\/ld+json\" class=\"yoast-schema-graph\">{\"@context\":\"https:\/\/schema.org\",\"@graph\":[{\"@type\":\"WebPage\",\"@id\":\"https:\/\/fsi-stumpcutters.com\/da\/vare\/hydraulik\/fsi-h20\/\",\"url\":\"https:\/\/fsi-stumpcutters.com\/da\/vare\/hydraulik\/fsi-h20\/\",\"name\":\"FSI H20 - til montering p\u00e5 gravemaskiner, minil\u00e6ssere eller lignende maskiner.\",\"isPartOf\":{\"@id\":\"https:\/\/fsi-stumpcutters.com\/da\/#website\"},\"primaryImageOfPage\":{\"@id\":\"https:\/\/fsi-stumpcutters.com\/da\/vare\/hydraulik\/fsi-h20\/#primaryimage\"},\"image\":{\"@id\":\"https:\/\/fsi-stumpcutters.com\/da\/vare\/hydraulik\/fsi-h20\/#primaryimage\"},\"thumbnailUrl\":\"https:\/\/fsi-stumpcutters.com\/wp-content\/uploads\/2022\/03\/FSI-H20-Left.png\",\"datePublished\":\"2022-03-21T10:10:44+00:00\",\"dateModified\":\"2025-09-03T02:05:09+00:00\",\"description\":\"Hydraulisk drevet stubfr\u00e6ser til montering p\u00e5 hydraulisk gravearm og minil\u00e6sser | Anbefalet gravemaskinst\u00f8rrelse er 2,0 - 2,5 ton. | Flere informationer\",\"breadcrumb\":{\"@id\":\"https:\/\/fsi-stumpcutters.com\/da\/vare\/hydraulik\/fsi-h20\/#breadcrumb\"},\"inLanguage\":\"da-DK\",\"potentialAction\":[{\"@type\":\"ReadAction\",\"target\":[\"https:\/\/fsi-stumpcutters.com\/da\/vare\/hydraulik\/fsi-h20\/\"]}]},{\"@type\":\"ImageObject\",\"inLanguage\":\"da-DK\",\"@id\":\"https:\/\/fsi-stumpcutters.com\/da\/vare\/hydraulik\/fsi-h20\/#primaryimage\",\"url\":\"https:\/\/fsi-stumpcutters.com\/wp-content\/uploads\/2022\/03\/FSI-H20-Left.png\",\"contentUrl\":\"https:\/\/fsi-stumpcutters.com\/wp-content\/uploads\/2022\/03\/FSI-H20-Left.png\",\"width\":1620,\"height\":1080},{\"@type\":\"BreadcrumbList\",\"@id\":\"https:\/\/fsi-stumpcutters.com\/da\/vare\/hydraulik\/fsi-h20\/#breadcrumb\",\"itemListElement\":[{\"@type\":\"ListItem\",\"position\":1,\"name\":\"Home\",\"item\":\"https:\/\/fsi-stumpcutters.com\/da\/\"},{\"@type\":\"ListItem\",\"position\":2,\"name\":\"Varer\",\"item\":\"https:\/\/fsi-stumpcutters.com\/da\/shop\/\"},{\"@type\":\"ListItem\",\"position\":3,\"name\":\"FSI H20\"}]},{\"@type\":\"WebSite\",\"@id\":\"https:\/\/fsi-stumpcutters.com\/da\/#website\",\"url\":\"https:\/\/fsi-stumpcutters.com\/da\/\",\"name\":\"FSI\",\"description\":\"FSI website\",\"publisher\":{\"@id\":\"https:\/\/fsi-stumpcutters.com\/da\/#organization\"},\"potentialAction\":[{\"@type\":\"SearchAction\",\"target\":{\"@type\":\"EntryPoint\",\"urlTemplate\":\"https:\/\/fsi-stumpcutters.com\/da\/?s={search_term_string}\"},\"query-input\":{\"@type\":\"PropertyValueSpecification\",\"valueRequired\":true,\"valueName\":\"search_term_string\"}}],\"inLanguage\":\"da-DK\"},{\"@type\":\"Organization\",\"@id\":\"https:\/\/fsi-stumpcutters.com\/da\/#organization\",\"name\":\"FSI Stump Cutters\",\"url\":\"https:\/\/fsi-stumpcutters.com\/da\/\",\"logo\":{\"@type\":\"ImageObject\",\"inLanguage\":\"da-DK\",\"@id\":\"https:\/\/fsi-stumpcutters.com\/da\/#\/schema\/logo\/image\/\",\"url\":\"https:\/\/fsi-stumpcutters.com\/wp-content\/uploads\/2022\/10\/FSI-LOGO-PRIMAERT-RODT-RGB.png\",\"contentUrl\":\"https:\/\/fsi-stumpcutters.com\/wp-content\/uploads\/2022\/10\/FSI-LOGO-PRIMAERT-RODT-RGB.png\",\"width\":567,\"height\":567,\"caption\":\"FSI Stump Cutters\"},\"image\":{\"@id\":\"https:\/\/fsi-stumpcutters.com\/da\/#\/schema\/logo\/image\/\"},\"sameAs\":[\"https:\/\/www.facebook.com\/fsi.dk\",\"https:\/\/www.instagram.com\/fsi.dk\/\",\"https:\/\/www.youtube.com\/channel\/UC9KnSaA_SwR9fc2PkSpOpwg\",\"https:\/\/www.linkedin.com\/company\/fsistumpcutters\/\"]}]}<\/script>\n<!-- \/ Yoast SEO plugin. -->","yoast_head_json":{"title":"FSI H20 - til montering p\u00e5 gravemaskiner, minil\u00e6ssere eller lignende maskiner.","description":"Hydraulisk drevet stubfr\u00e6ser til montering p\u00e5 hydraulisk gravearm og minil\u00e6sser | Anbefalet gravemaskinst\u00f8rrelse er 2,0 - 2,5 ton. | Flere informationer","robots":{"index":"index","follow":"follow","max-snippet":"max-snippet:-1","max-image-preview":"max-image-preview:large","max-video-preview":"max-video-preview:-1"},"canonical":"https:\/\/fsi-stumpcutters.com\/da\/vare\/hydraulik\/fsi-h20\/","og_locale":"da_DK","og_type":"article","og_title":"FSI H20 - til montering p\u00e5 gravemaskiner, minil\u00e6ssere eller lignende maskiner.","og_description":"Hydraulisk drevet stubfr\u00e6ser til montering p\u00e5 hydraulisk gravearm og minil\u00e6sser | Anbefalet gravemaskinst\u00f8rrelse er 2,0 - 2,5 ton. | Flere informationer","og_url":"https:\/\/fsi-stumpcutters.com\/da\/vare\/hydraulik\/fsi-h20\/","og_site_name":"FSI","article_publisher":"https:\/\/www.facebook.com\/fsi.dk","article_modified_time":"2025-09-03T02:05:09+00:00","og_image":[{"width":1024,"height":683,"url":"https:\/\/fsi-stumpcutters.com\/wp-content\/uploads\/2022\/03\/FSI-H20-Left-1024x683.png","type":"image\/png"}],"twitter_card":"summary_large_image","twitter_misc":{"Estimeret l\u00e6setid":"1 minut"},"schema":{"@context":"https:\/\/schema.org","@graph":[{"@type":"WebPage","@id":"https:\/\/fsi-stumpcutters.com\/da\/vare\/hydraulik\/fsi-h20\/","url":"https:\/\/fsi-stumpcutters.com\/da\/vare\/hydraulik\/fsi-h20\/","name":"FSI H20 - til montering p\u00e5 gravemaskiner, minil\u00e6ssere eller lignende maskiner.","isPartOf":{"@id":"https:\/\/fsi-stumpcutters.com\/da\/#website"},"primaryImageOfPage":{"@id":"https:\/\/fsi-stumpcutters.com\/da\/vare\/hydraulik\/fsi-h20\/#primaryimage"},"image":{"@id":"https:\/\/fsi-stumpcutters.com\/da\/vare\/hydraulik\/fsi-h20\/#primaryimage"},"thumbnailUrl":"https:\/\/fsi-stumpcutters.com\/wp-content\/uploads\/2022\/03\/FSI-H20-Left.png","datePublished":"2022-03-21T10:10:44+00:00","dateModified":"2025-09-03T02:05:09+00:00","description":"Hydraulisk drevet stubfr\u00e6ser til montering p\u00e5 hydraulisk gravearm og minil\u00e6sser | Anbefalet gravemaskinst\u00f8rrelse er 2,0 - 2,5 ton. | Flere informationer","breadcrumb":{"@id":"https:\/\/fsi-stumpcutters.com\/da\/vare\/hydraulik\/fsi-h20\/#breadcrumb"},"inLanguage":"da-DK","potentialAction":[{"@type":"ReadAction","target":["https:\/\/fsi-stumpcutters.com\/da\/vare\/hydraulik\/fsi-h20\/"]}]},{"@type":"ImageObject","inLanguage":"da-DK","@id":"https:\/\/fsi-stumpcutters.com\/da\/vare\/hydraulik\/fsi-h20\/#primaryimage","url":"https:\/\/fsi-stumpcutters.com\/wp-content\/uploads\/2022\/03\/FSI-H20-Left.png","contentUrl":"https:\/\/fsi-stumpcutters.com\/wp-content\/uploads\/2022\/03\/FSI-H20-Left.png","width":1620,"height":1080},{"@type":"BreadcrumbList","@id":"https:\/\/fsi-stumpcutters.com\/da\/vare\/hydraulik\/fsi-h20\/#breadcrumb","itemListElement":[{"@type":"ListItem","position":1,"name":"Home","item":"https:\/\/fsi-stumpcutters.com\/da\/"},{"@type":"ListItem","position":2,"name":"Varer","item":"https:\/\/fsi-stumpcutters.com\/da\/shop\/"},{"@type":"ListItem","position":3,"name":"FSI H20"}]},{"@type":"WebSite","@id":"https:\/\/fsi-stumpcutters.com\/da\/#website","url":"https:\/\/fsi-stumpcutters.com\/da\/","name":"FSI","description":"FSI website","publisher":{"@id":"https:\/\/fsi-stumpcutters.com\/da\/#organization"},"potentialAction":[{"@type":"SearchAction","target":{"@type":"EntryPoint","urlTemplate":"https:\/\/fsi-stumpcutters.com\/da\/?s={search_term_string}"},"query-input":{"@type":"PropertyValueSpecification","valueRequired":true,"valueName":"search_term_string"}}],"inLanguage":"da-DK"},{"@type":"Organization","@id":"https:\/\/fsi-stumpcutters.com\/da\/#organization","name":"FSI Stump Cutters","url":"https:\/\/fsi-stumpcutters.com\/da\/","logo":{"@type":"ImageObject","inLanguage":"da-DK","@id":"https:\/\/fsi-stumpcutters.com\/da\/#\/schema\/logo\/image\/","url":"https:\/\/fsi-stumpcutters.com\/wp-content\/uploads\/2022\/10\/FSI-LOGO-PRIMAERT-RODT-RGB.png","contentUrl":"https:\/\/fsi-stumpcutters.com\/wp-content\/uploads\/2022\/10\/FSI-LOGO-PRIMAERT-RODT-RGB.png","width":567,"height":567,"caption":"FSI Stump Cutters"},"image":{"@id":"https:\/\/fsi-stumpcutters.com\/da\/#\/schema\/logo\/image\/"},"sameAs":["https:\/\/www.facebook.com\/fsi.dk","https:\/\/www.instagram.com\/fsi.dk\/","https:\/\/www.youtube.com\/channel\/UC9KnSaA_SwR9fc2PkSpOpwg","https:\/\/www.linkedin.com\/company\/fsistumpcutters\/"]}]}},"_links":{"self":[{"href":"https:\/\/fsi-stumpcutters.com\/da\/wp-json\/wp\/v2\/product\/10922","targetHints":{"allow":["GET"]}}],"collection":[{"href":"https:\/\/fsi-stumpcutters.com\/da\/wp-json\/wp\/v2\/product"}],"about":[{"href":"https:\/\/fsi-stumpcutters.com\/da\/wp-json\/wp\/v2\/types\/product"}],"wp:featuredmedia":[{"embeddable":true,"href":"https:\/\/fsi-stumpcutters.com\/da\/wp-json\/wp\/v2\/media\/13717"}],"wp:attachment":[{"href":"https:\/\/fsi-stumpcutters.com\/da\/wp-json\/wp\/v2\/media?parent=10922"}],"wp:term":[{"taxonomy":"product_brand","embeddable":true,"href":"https:\/\/fsi-stumpcutters.com\/da\/wp-json\/wp\/v2\/product_brand?post=10922"},{"taxonomy":"product_cat","embeddable":true,"href":"https:\/\/fsi-stumpcutters.com\/da\/wp-json\/wp\/v2\/product_cat?post=10922"},{"taxonomy":"product_tag","embeddable":true,"href":"https:\/\/fsi-stumpcutters.com\/da\/wp-json\/wp\/v2\/product_tag?post=10922"}],"curies":[{"name":"wp","href":"https:\/\/api.w.org\/{rel}","templated":true}]}}