{"id":10918,"date":"2022-03-21T10:36:43","date_gmt":"2022-03-21T09:36:43","guid":{"rendered":"http:\/\/fsi.test\/?post_type=product&#038;p=10918"},"modified":"2025-09-03T04:29:15","modified_gmt":"2025-09-03T02:29:15","slug":"fsi-d74-track","status":"publish","type":"product","link":"https:\/\/fsi-stumpcutters.com\/da\/vare\/motor\/fsi-d74-track\/","title":{"rendered":"FSI D74 TRACK"},"content":{"rendered":"<p>Radiostyret stub- og rodfr\u00e6ser p\u00e5 b\u00e6lter med en kraftfuld 74 hk Stage V dieselmotor og et stort fr\u00e6seomr\u00e5de.<\/p>\n<ul>\n<li><strong>Stort arbejdsomr\u00e5de<\/strong> &#8211; Med det store arbejdsomr\u00e5de, fjernes de fleste stubbe uden at spilde tid p\u00e5 at flytte maskinen \u2013 Fr\u00e6s op til 12,3 cm med et sving. Fr\u00e6s 94 cm over jorden og 41-46 cm under niveau. Den specialdesignede todelte fr\u00e6seskive sikrer optimal kapacitet.<\/li>\n<li><strong>God stabilitet<\/strong> &#8211; B\u00e6lterne kan skydes ud for at \u00f8ge stabiliteten.\u00a0 FSI D74 er udstyret med FSI power-drive: 2 k\u00f8rehastigheder High til transport og Low med \u00f8get tr\u00e6kkr\u00e6ft til arbejde i terr\u00e6n og under fr\u00e6sning.<\/li>\n<li><strong>Fjernbetjent stubfr\u00e6ser<\/strong> &#8211; Radiostyring med let adgang til alle betjeningsfunktioner fra fjernbetjening samt ekstra batteri, batterioplader og kabel. Maskinen er udstyret med et 12 V udtag til opladning af batteriet.<\/li>\n<\/ul>\n<p><a href=\"https:\/\/www.youtube.com\/watch?v=MLDCX0v_OPo\" target=\"_self\" rel=\"noopener\"><br \/>\nSe den i aktion<br \/>\n<\/a><\/p>\n<figure><img decoding=\"async\" src=\"https:\/\/fsi-stumpcutters.com\/wp-content\/uploads\/2023\/08\/FSI-D74-TRACK-Left-Angled-300x200.jpg\" alt=\"FSI D74 TRACK Left Angled\" \/><\/figure>\n<figure><img decoding=\"async\" src=\"https:\/\/fsi-stumpcutters.com\/wp-content\/uploads\/2023\/08\/FSI-D74-TRACK-Front-Sweep-Width-300x200.jpg\" alt=\"FSI D74 TRACK Front Sweep Width\" \/><\/figure>\n<figure><img decoding=\"async\" src=\"https:\/\/fsi-stumpcutters.com\/wp-content\/uploads\/2023\/08\/FSI-D74-TRACK-Back-Belts-Out-300x200.jpg\" alt=\"FSI D74 TRACK Back - Belts Out\" \/><\/figure>\n<figure><img decoding=\"async\" src=\"https:\/\/fsi-stumpcutters.com\/wp-content\/uploads\/2023\/08\/FSI-D74-TRACK-Back-1-300x200.jpg\" alt=\"FSI D74 TRACK Back\" \/><\/figure>\n<figure><img decoding=\"async\" src=\"https:\/\/fsi-stumpcutters.com\/wp-content\/uploads\/2023\/08\/FSI-D74-TRACK-Remote-1-300x200.jpg\" alt=\"FSI D74 TRACK Remote 1\" \/><\/figure>\n<h3>Som standard leveres FSI D74 Track med:<\/h3>\n<ul>\n<li>12V udtag til opladning af fjernbetjening<\/li>\n<li>Special designet 2-delt fr\u00e6seskive for optimal kapacitet og holdbarhed<\/li>\n<li>2 x LED arbejdslys \u2013 t\u00e6ndes og slukkes fra fjernbetjeningen.<\/li>\n<li>3 x vendbart tandsystem med FSI-holdere.<\/li>\n<li>El-mekanisk kobling med bremse<\/li>\n<li>Sp\u00e5nfang ved fr\u00e6sehoved<\/li>\n<li>2 x svingcylindere til sikring af et stabilt sving<\/li>\n<li>Hurtig nedbremsning af fr\u00e6seskive ved frakobling<\/li>\n<li>Surrings- og l\u00f8fte\u00f8jer for enkel h\u00e5ndtering og sikring under transport<\/li>\n<li>FSI Power-sweep, intelligent autopilot* p\u00e5 svingfunktionen optimerer kapaciteten<\/li>\n<li>V\u00e6rkt\u00f8jss\u00e6t til skift af sliddele<\/li>\n<\/ul>\n<p><em>*Auto-Piloten regulerer svinghastigheden ud fra motorens<\/em><br \/>\n<em>belastning.<\/em><\/p>\n<p><strong>Ekstra udstyr: <\/strong><\/p>\n<p>Dozerblad \u2013 ekstra fr\u00e6sedybde op til 48 cm.<\/p>\n<p><a href=\"https:\/\/fsi-stumpcutters.com\/da\/salg\/\" target=\"_self\" rel=\"noopener\"><br \/>\nFind en forhandler<br \/>\n<\/a><br \/>\n<a href=\"mailto:sales@fsi.dk\" target=\"_self\" rel=\"noopener\"><br \/>\nKontakt os<br \/>\n<\/a><\/p>\n","protected":false},"excerpt":{"rendered":"<ul>\n<li>B\u00e6lter med hydraulisk udskud<\/li>\n<li>T-Gear og dobbeltsidet kileremstr\u00e6k for optimal kraftoverf\u00f8ring<\/li>\n<li>Hurtig nedbremsning af fr\u00e6seskive ved frakobling<\/li>\n<li>Radiostyrings fjernbetjening inkl. Ekstra batteri, oplader og kabel<\/li>\n<li>12V udtag til opladning af fjernbetjening<\/li>\n<li>FSI Power-sweep<\/li>\n<li>El-mekanisk kobling med bremse<\/li>\n<li>Sp\u00e5nfang ved fr\u00e6sehoved<\/li>\n<li>V\u00e6rkt\u00f8jss\u00e6t<\/li>\n<\/ul>\n","protected":false},"featured_media":16901,"template":"","meta":[],"product_brand":[],"product_cat":[34],"product_tag":[],"class_list":{"0":"post-10918","1":"product","2":"type-product","3":"status-publish","4":"has-post-thumbnail","6":"product_cat-motor","8":"first","9":"instock","10":"shipping-taxable","11":"product-type-simple"},"acf":[],"yoast_head":"<!-- This site is optimized with the Yoast SEO plugin v27.0 - https:\/\/yoast.com\/product\/yoast-seo-wordpress\/ -->\n<title>FSI D74 TRACK - Kraftfuld 74 Hk stub- og rodfr\u00e6ser p\u00e5 b\u00e6lter<\/title>\n<meta name=\"description\" content=\"Radiostyret stubfr\u00e6ser med en 74 HK diesel motor og et stort fr\u00e6seomr\u00e5de | Klarer stubbe i alle st\u00f8rrelser | Mere om FSI D74 Track\" \/>\n<meta name=\"robots\" content=\"index, follow, max-snippet:-1, max-image-preview:large, max-video-preview:-1\" \/>\n<link rel=\"canonical\" href=\"https:\/\/fsi-stumpcutters.com\/da\/vare\/motor\/fsi-d74-track\/\" \/>\n<meta property=\"og:locale\" content=\"da_DK\" \/>\n<meta property=\"og:type\" content=\"article\" \/>\n<meta property=\"og:title\" content=\"FSI D74 TRACK - Kraftfuld 74 Hk stub- og rodfr\u00e6ser p\u00e5 b\u00e6lter\" \/>\n<meta property=\"og:description\" content=\"Radiostyret stubfr\u00e6ser med en 74 HK diesel motor og et stort fr\u00e6seomr\u00e5de | Klarer stubbe i alle st\u00f8rrelser | Mere om FSI D74 Track\" \/>\n<meta property=\"og:url\" content=\"https:\/\/fsi-stumpcutters.com\/da\/vare\/motor\/fsi-d74-track\/\" \/>\n<meta property=\"og:site_name\" content=\"FSI\" \/>\n<meta property=\"article:publisher\" content=\"https:\/\/www.facebook.com\/fsi.dk\" \/>\n<meta property=\"article:modified_time\" content=\"2025-09-03T02:29:15+00:00\" \/>\n<meta property=\"og:image\" content=\"https:\/\/fsi-stumpcutters.com\/wp-content\/uploads\/2022\/03\/FSI-D74-TRACK-Left-Angled.jpg\" \/>\n\t<meta property=\"og:image:width\" content=\"1620\" \/>\n\t<meta property=\"og:image:height\" content=\"1080\" \/>\n\t<meta property=\"og:image:type\" content=\"image\/jpeg\" \/>\n<meta name=\"twitter:card\" content=\"summary_large_image\" \/>\n<meta name=\"twitter:label1\" content=\"Estimeret l\u00e6setid\" \/>\n\t<meta name=\"twitter:data1\" content=\"3 minutter\" \/>\n<script type=\"application\/ld+json\" class=\"yoast-schema-graph\">{\"@context\":\"https:\/\/schema.org\",\"@graph\":[{\"@type\":\"WebPage\",\"@id\":\"https:\/\/fsi-stumpcutters.com\/da\/vare\/motor\/fsi-d74-track\/\",\"url\":\"https:\/\/fsi-stumpcutters.com\/da\/vare\/motor\/fsi-d74-track\/\",\"name\":\"FSI D74 TRACK - Kraftfuld 74 Hk stub- og rodfr\u00e6ser p\u00e5 b\u00e6lter\",\"isPartOf\":{\"@id\":\"https:\/\/fsi-stumpcutters.com\/da\/#website\"},\"primaryImageOfPage\":{\"@id\":\"https:\/\/fsi-stumpcutters.com\/da\/vare\/motor\/fsi-d74-track\/#primaryimage\"},\"image\":{\"@id\":\"https:\/\/fsi-stumpcutters.com\/da\/vare\/motor\/fsi-d74-track\/#primaryimage\"},\"thumbnailUrl\":\"https:\/\/fsi-stumpcutters.com\/wp-content\/uploads\/2022\/03\/FSI-D74-TRACK-Left-Angled.jpg\",\"datePublished\":\"2022-03-21T09:36:43+00:00\",\"dateModified\":\"2025-09-03T02:29:15+00:00\",\"description\":\"Radiostyret stubfr\u00e6ser med en 74 HK diesel motor og et stort fr\u00e6seomr\u00e5de | Klarer stubbe i alle st\u00f8rrelser | Mere om FSI D74 Track\",\"breadcrumb\":{\"@id\":\"https:\/\/fsi-stumpcutters.com\/da\/vare\/motor\/fsi-d74-track\/#breadcrumb\"},\"inLanguage\":\"da-DK\",\"potentialAction\":[{\"@type\":\"ReadAction\",\"target\":[\"https:\/\/fsi-stumpcutters.com\/da\/vare\/motor\/fsi-d74-track\/\"]}]},{\"@type\":\"ImageObject\",\"inLanguage\":\"da-DK\",\"@id\":\"https:\/\/fsi-stumpcutters.com\/da\/vare\/motor\/fsi-d74-track\/#primaryimage\",\"url\":\"https:\/\/fsi-stumpcutters.com\/wp-content\/uploads\/2022\/03\/FSI-D74-TRACK-Left-Angled.jpg\",\"contentUrl\":\"https:\/\/fsi-stumpcutters.com\/wp-content\/uploads\/2022\/03\/FSI-D74-TRACK-Left-Angled.jpg\",\"width\":1620,\"height\":1080},{\"@type\":\"BreadcrumbList\",\"@id\":\"https:\/\/fsi-stumpcutters.com\/da\/vare\/motor\/fsi-d74-track\/#breadcrumb\",\"itemListElement\":[{\"@type\":\"ListItem\",\"position\":1,\"name\":\"Home\",\"item\":\"https:\/\/fsi-stumpcutters.com\/da\/\"},{\"@type\":\"ListItem\",\"position\":2,\"name\":\"Varer\",\"item\":\"https:\/\/fsi-stumpcutters.com\/da\/shop\/\"},{\"@type\":\"ListItem\",\"position\":3,\"name\":\"FSI D74 TRACK\"}]},{\"@type\":\"WebSite\",\"@id\":\"https:\/\/fsi-stumpcutters.com\/da\/#website\",\"url\":\"https:\/\/fsi-stumpcutters.com\/da\/\",\"name\":\"FSI\",\"description\":\"FSI website\",\"publisher\":{\"@id\":\"https:\/\/fsi-stumpcutters.com\/da\/#organization\"},\"potentialAction\":[{\"@type\":\"SearchAction\",\"target\":{\"@type\":\"EntryPoint\",\"urlTemplate\":\"https:\/\/fsi-stumpcutters.com\/da\/?s={search_term_string}\"},\"query-input\":{\"@type\":\"PropertyValueSpecification\",\"valueRequired\":true,\"valueName\":\"search_term_string\"}}],\"inLanguage\":\"da-DK\"},{\"@type\":\"Organization\",\"@id\":\"https:\/\/fsi-stumpcutters.com\/da\/#organization\",\"name\":\"FSI Stump Cutters\",\"url\":\"https:\/\/fsi-stumpcutters.com\/da\/\",\"logo\":{\"@type\":\"ImageObject\",\"inLanguage\":\"da-DK\",\"@id\":\"https:\/\/fsi-stumpcutters.com\/da\/#\/schema\/logo\/image\/\",\"url\":\"https:\/\/fsi-stumpcutters.com\/wp-content\/uploads\/2022\/10\/FSI-LOGO-PRIMAERT-RODT-RGB.png\",\"contentUrl\":\"https:\/\/fsi-stumpcutters.com\/wp-content\/uploads\/2022\/10\/FSI-LOGO-PRIMAERT-RODT-RGB.png\",\"width\":567,\"height\":567,\"caption\":\"FSI Stump Cutters\"},\"image\":{\"@id\":\"https:\/\/fsi-stumpcutters.com\/da\/#\/schema\/logo\/image\/\"},\"sameAs\":[\"https:\/\/www.facebook.com\/fsi.dk\",\"https:\/\/www.instagram.com\/fsi.dk\/\",\"https:\/\/www.youtube.com\/channel\/UC9KnSaA_SwR9fc2PkSpOpwg\",\"https:\/\/www.linkedin.com\/company\/fsistumpcutters\/\"]}]}<\/script>\n<!-- \/ Yoast SEO plugin. -->","yoast_head_json":{"title":"FSI D74 TRACK - Kraftfuld 74 Hk stub- og rodfr\u00e6ser p\u00e5 b\u00e6lter","description":"Radiostyret stubfr\u00e6ser med en 74 HK diesel motor og et stort fr\u00e6seomr\u00e5de | Klarer stubbe i alle st\u00f8rrelser | Mere om FSI D74 Track","robots":{"index":"index","follow":"follow","max-snippet":"max-snippet:-1","max-image-preview":"max-image-preview:large","max-video-preview":"max-video-preview:-1"},"canonical":"https:\/\/fsi-stumpcutters.com\/da\/vare\/motor\/fsi-d74-track\/","og_locale":"da_DK","og_type":"article","og_title":"FSI D74 TRACK - Kraftfuld 74 Hk stub- og rodfr\u00e6ser p\u00e5 b\u00e6lter","og_description":"Radiostyret stubfr\u00e6ser med en 74 HK diesel motor og et stort fr\u00e6seomr\u00e5de | Klarer stubbe i alle st\u00f8rrelser | Mere om FSI D74 Track","og_url":"https:\/\/fsi-stumpcutters.com\/da\/vare\/motor\/fsi-d74-track\/","og_site_name":"FSI","article_publisher":"https:\/\/www.facebook.com\/fsi.dk","article_modified_time":"2025-09-03T02:29:15+00:00","og_image":[{"width":1620,"height":1080,"url":"https:\/\/fsi-stumpcutters.com\/wp-content\/uploads\/2022\/03\/FSI-D74-TRACK-Left-Angled.jpg","type":"image\/jpeg"}],"twitter_card":"summary_large_image","twitter_misc":{"Estimeret l\u00e6setid":"3 minutter"},"schema":{"@context":"https:\/\/schema.org","@graph":[{"@type":"WebPage","@id":"https:\/\/fsi-stumpcutters.com\/da\/vare\/motor\/fsi-d74-track\/","url":"https:\/\/fsi-stumpcutters.com\/da\/vare\/motor\/fsi-d74-track\/","name":"FSI D74 TRACK - Kraftfuld 74 Hk stub- og rodfr\u00e6ser p\u00e5 b\u00e6lter","isPartOf":{"@id":"https:\/\/fsi-stumpcutters.com\/da\/#website"},"primaryImageOfPage":{"@id":"https:\/\/fsi-stumpcutters.com\/da\/vare\/motor\/fsi-d74-track\/#primaryimage"},"image":{"@id":"https:\/\/fsi-stumpcutters.com\/da\/vare\/motor\/fsi-d74-track\/#primaryimage"},"thumbnailUrl":"https:\/\/fsi-stumpcutters.com\/wp-content\/uploads\/2022\/03\/FSI-D74-TRACK-Left-Angled.jpg","datePublished":"2022-03-21T09:36:43+00:00","dateModified":"2025-09-03T02:29:15+00:00","description":"Radiostyret stubfr\u00e6ser med en 74 HK diesel motor og et stort fr\u00e6seomr\u00e5de | Klarer stubbe i alle st\u00f8rrelser | Mere om FSI D74 Track","breadcrumb":{"@id":"https:\/\/fsi-stumpcutters.com\/da\/vare\/motor\/fsi-d74-track\/#breadcrumb"},"inLanguage":"da-DK","potentialAction":[{"@type":"ReadAction","target":["https:\/\/fsi-stumpcutters.com\/da\/vare\/motor\/fsi-d74-track\/"]}]},{"@type":"ImageObject","inLanguage":"da-DK","@id":"https:\/\/fsi-stumpcutters.com\/da\/vare\/motor\/fsi-d74-track\/#primaryimage","url":"https:\/\/fsi-stumpcutters.com\/wp-content\/uploads\/2022\/03\/FSI-D74-TRACK-Left-Angled.jpg","contentUrl":"https:\/\/fsi-stumpcutters.com\/wp-content\/uploads\/2022\/03\/FSI-D74-TRACK-Left-Angled.jpg","width":1620,"height":1080},{"@type":"BreadcrumbList","@id":"https:\/\/fsi-stumpcutters.com\/da\/vare\/motor\/fsi-d74-track\/#breadcrumb","itemListElement":[{"@type":"ListItem","position":1,"name":"Home","item":"https:\/\/fsi-stumpcutters.com\/da\/"},{"@type":"ListItem","position":2,"name":"Varer","item":"https:\/\/fsi-stumpcutters.com\/da\/shop\/"},{"@type":"ListItem","position":3,"name":"FSI D74 TRACK"}]},{"@type":"WebSite","@id":"https:\/\/fsi-stumpcutters.com\/da\/#website","url":"https:\/\/fsi-stumpcutters.com\/da\/","name":"FSI","description":"FSI website","publisher":{"@id":"https:\/\/fsi-stumpcutters.com\/da\/#organization"},"potentialAction":[{"@type":"SearchAction","target":{"@type":"EntryPoint","urlTemplate":"https:\/\/fsi-stumpcutters.com\/da\/?s={search_term_string}"},"query-input":{"@type":"PropertyValueSpecification","valueRequired":true,"valueName":"search_term_string"}}],"inLanguage":"da-DK"},{"@type":"Organization","@id":"https:\/\/fsi-stumpcutters.com\/da\/#organization","name":"FSI Stump Cutters","url":"https:\/\/fsi-stumpcutters.com\/da\/","logo":{"@type":"ImageObject","inLanguage":"da-DK","@id":"https:\/\/fsi-stumpcutters.com\/da\/#\/schema\/logo\/image\/","url":"https:\/\/fsi-stumpcutters.com\/wp-content\/uploads\/2022\/10\/FSI-LOGO-PRIMAERT-RODT-RGB.png","contentUrl":"https:\/\/fsi-stumpcutters.com\/wp-content\/uploads\/2022\/10\/FSI-LOGO-PRIMAERT-RODT-RGB.png","width":567,"height":567,"caption":"FSI Stump Cutters"},"image":{"@id":"https:\/\/fsi-stumpcutters.com\/da\/#\/schema\/logo\/image\/"},"sameAs":["https:\/\/www.facebook.com\/fsi.dk","https:\/\/www.instagram.com\/fsi.dk\/","https:\/\/www.youtube.com\/channel\/UC9KnSaA_SwR9fc2PkSpOpwg","https:\/\/www.linkedin.com\/company\/fsistumpcutters\/"]}]}},"_links":{"self":[{"href":"https:\/\/fsi-stumpcutters.com\/da\/wp-json\/wp\/v2\/product\/10918","targetHints":{"allow":["GET"]}}],"collection":[{"href":"https:\/\/fsi-stumpcutters.com\/da\/wp-json\/wp\/v2\/product"}],"about":[{"href":"https:\/\/fsi-stumpcutters.com\/da\/wp-json\/wp\/v2\/types\/product"}],"wp:featuredmedia":[{"embeddable":true,"href":"https:\/\/fsi-stumpcutters.com\/da\/wp-json\/wp\/v2\/media\/16901"}],"wp:attachment":[{"href":"https:\/\/fsi-stumpcutters.com\/da\/wp-json\/wp\/v2\/media?parent=10918"}],"wp:term":[{"taxonomy":"product_brand","embeddable":true,"href":"https:\/\/fsi-stumpcutters.com\/da\/wp-json\/wp\/v2\/product_brand?post=10918"},{"taxonomy":"product_cat","embeddable":true,"href":"https:\/\/fsi-stumpcutters.com\/da\/wp-json\/wp\/v2\/product_cat?post=10918"},{"taxonomy":"product_tag","embeddable":true,"href":"https:\/\/fsi-stumpcutters.com\/da\/wp-json\/wp\/v2\/product_tag?post=10918"}],"curies":[{"name":"wp","href":"https:\/\/api.w.org\/{rel}","templated":true}]}}