{"id":10905,"date":"2022-03-21T10:30:24","date_gmt":"2022-03-21T09:30:24","guid":{"rendered":"http:\/\/fsi.test\/?post_type=product&#038;p=10905"},"modified":"2024-03-08T11:27:15","modified_gmt":"2024-03-08T10:27:15","slug":"fsi-d60","status":"publish","type":"product","link":"https:\/\/fsi-stumpcutters.com\/da\/vare\/motor\/fsi-d60\/","title":{"rendered":"FSI D60"},"content":{"rendered":"<ul>\n<li><strong>Maskinbredde 80 cm<\/strong><\/li>\n<li><strong>Fr\u00e6sebredde 170 cm<\/strong><\/li>\n<li><strong>Fr\u00e6sedybde 44 cm<\/strong><\/li>\n<li><strong>Hydraulisk 4WD med diff. sp\u00e6r<\/strong><\/li>\n<li><strong>Hatz 60 hk dieselmotor<\/strong><\/li>\n<li><strong>Scanreco radiostyring<\/strong><\/li>\n<\/ul>\n<p>Standard udstyr:<\/p>\n<ul>\n<li>FSI power-drive med diff. sp\u00e6r p\u00e5 forreste hjuls\u00e6t<\/li>\n<li>HI 2-hjulstr\u00e6k tr\u00e6k p\u00e5 forreste hjuls\u00e6t.<\/li>\n<li>LO 4-hjulstr\u00e6k, dobbelt tr\u00e6kkraft og halv k\u00f8rehastighed<\/li>\n<li>Automatisk bremse p\u00e5 tr\u00e6khjulene<\/li>\n<li>Tvillingehjul med \u00e9n centerbolt for nem de-\/montering<\/li>\n<li>Terr\u00e6n d\u00e6k for optimal greb og minimalt overfladetryk<\/li>\n<li>Hydraulisk aktiveret mekanisk kobling med bremse<\/li>\n<li>Hurtig nedbremsning af fr\u00e6seskive ved frakobling<\/li>\n<li>FSI power-sweep til sikring af optimal fr\u00e6sekapacitet<\/li>\n<li>Kileremstr\u00e6k for optimal udnyttelse af motorens kapacitet<\/li>\n<li>FSI Tandsystem, 3 x drejbar<\/li>\n<li>FSI power-cut special designet 2-delt fr\u00e6seskive for optimal kapacitet og holdbarhed<\/li>\n<li>Vedligeholdesesfrit lejehus til fr\u00e6sehovedet<\/li>\n<li>Surrings\u00f8jer til sikring und transport<\/li>\n<li>L\u00f8fte\u00f8jer for h\u00e5ndtering med kran<\/li>\n<li>Komplet radiostyringen<\/li>\n<li>Batterioplader, ekstra batteri og kabel til radiostyringen<\/li>\n<li>Afl\u00e5seligt opbevaringsrum til radiofjernbetjeningen<\/li>\n<li>LED arbejdslys<\/li>\n<li>Flex-sp\u00e5nfang for optimal samling af sp\u00e5ner<\/li>\n<li>Afl\u00e5selig adgang til br\u00e6ndstof- og hydraulik p\u00e5fyldning<\/li>\n<li>V\u00e6rkt\u00f8jss\u00e6t til skift af sliddele<\/li>\n<li>Integreret v\u00e6rkt\u00f8jskasse<\/li>\n<\/ul>\n<p>Ekstra udstyr: Bagmonteret Dozerblad<\/p>\n<p>FSI D60 tilbydes ogs\u00e5 som:<\/p>\n<ul>\n<li>FSI D60 TRACK (p\u00e5 b\u00e6lter med radiostyring)<\/li>\n<\/ul>\n","protected":false},"excerpt":{"rendered":"<ul>\n<li>Fast braking of cutter disc on disengaging<\/li>\n<li>Gear and V-belt drive for optimal power transmission<\/li>\n<li>Hydraulically controlled mechanical clutch<\/li>\n<li>Maintenance-free bearing housing at cutting head<\/li>\n<li>FSI power-sweep \u2013 intelligent sweep controller for top performance<\/li>\n<li>FSI power-cut \u2013 optimised cutting disc<\/li>\n<li>Scanreco radio control with extra battery, battery charger and cable<\/li>\n<li>Lockable storage space for radio remote control<\/li>\n<li>LED work light<\/li>\n<li>Flex chip guard for optimal chip collection<\/li>\n<li>Lockable access to fuel- and hydraulic filling points<\/li>\n<li>Easily accessible lashing &amp; lifting points<\/li>\n<li>Tool set<\/li>\n<\/ul>\n","protected":false},"featured_media":12759,"template":"","meta":[],"product_brand":[],"product_cat":[34],"product_tag":[],"class_list":{"0":"post-10905","1":"product","2":"type-product","3":"status-publish","4":"has-post-thumbnail","6":"product_cat-motor","8":"first","9":"instock","10":"shipping-taxable","11":"product-type-simple"},"acf":[],"yoast_head":"<!-- This site is optimized with the Yoast SEO plugin v27.0 - https:\/\/yoast.com\/product\/yoast-seo-wordpress\/ -->\n<title>FSI D60 - FSI<\/title>\n<meta name=\"robots\" content=\"index, follow, max-snippet:-1, max-image-preview:large, max-video-preview:-1\" \/>\n<link rel=\"canonical\" href=\"https:\/\/fsi-stumpcutters.com\/da\/vare\/motor\/fsi-d60\/\" \/>\n<meta property=\"og:locale\" content=\"da_DK\" \/>\n<meta property=\"og:type\" content=\"article\" \/>\n<meta property=\"og:title\" content=\"FSI D60 - FSI\" \/>\n<meta property=\"og:description\" content=\"Fast braking of cutter disc on disengaging  Gear and V-belt drive for optimal power transmission  Hydraulically controlled mechanical clutch  Maintenance-free bearing housing at cutting head  FSI power-sweep \u2013 intelligent sweep controller for top performance  FSI power-cut \u2013 optimised cutting disc  Scanreco radio control with extra battery, battery charger and cable  Lockable storage space for radio remote control  LED work light  Flex chip guard for optimal chip collection  Lockable access to fuel- and hydraulic filling points  Easily accessible lashing &amp; lifting points  Tool set\" \/>\n<meta property=\"og:url\" content=\"https:\/\/fsi-stumpcutters.com\/da\/vare\/motor\/fsi-d60\/\" \/>\n<meta property=\"og:site_name\" content=\"FSI\" \/>\n<meta property=\"article:publisher\" content=\"https:\/\/www.facebook.com\/fsi.dk\" \/>\n<meta property=\"article:modified_time\" content=\"2024-03-08T10:27:15+00:00\" \/>\n<meta property=\"og:image\" content=\"https:\/\/fsi-stumpcutters.com\/wp-content\/uploads\/2022\/03\/FSI-D60-Angle-Right-HI-900x750-1.jpg\" \/>\n\t<meta property=\"og:image:width\" content=\"900\" \/>\n\t<meta property=\"og:image:height\" content=\"600\" \/>\n\t<meta property=\"og:image:type\" content=\"image\/jpeg\" \/>\n<meta name=\"twitter:card\" content=\"summary_large_image\" \/>\n<meta name=\"twitter:label1\" content=\"Estimeret l\u00e6setid\" \/>\n\t<meta name=\"twitter:data1\" content=\"1 minut\" \/>\n<script type=\"application\/ld+json\" class=\"yoast-schema-graph\">{\"@context\":\"https:\/\/schema.org\",\"@graph\":[{\"@type\":\"WebPage\",\"@id\":\"https:\/\/fsi-stumpcutters.com\/da\/vare\/motor\/fsi-d60\/\",\"url\":\"https:\/\/fsi-stumpcutters.com\/da\/vare\/motor\/fsi-d60\/\",\"name\":\"FSI D60 - FSI\",\"isPartOf\":{\"@id\":\"https:\/\/fsi-stumpcutters.com\/da\/#website\"},\"primaryImageOfPage\":{\"@id\":\"https:\/\/fsi-stumpcutters.com\/da\/vare\/motor\/fsi-d60\/#primaryimage\"},\"image\":{\"@id\":\"https:\/\/fsi-stumpcutters.com\/da\/vare\/motor\/fsi-d60\/#primaryimage\"},\"thumbnailUrl\":\"https:\/\/fsi-stumpcutters.com\/wp-content\/uploads\/2022\/03\/FSI-D60-Angle-Right-HI-900x750-1.jpg\",\"datePublished\":\"2022-03-21T09:30:24+00:00\",\"dateModified\":\"2024-03-08T10:27:15+00:00\",\"breadcrumb\":{\"@id\":\"https:\/\/fsi-stumpcutters.com\/da\/vare\/motor\/fsi-d60\/#breadcrumb\"},\"inLanguage\":\"da-DK\",\"potentialAction\":[{\"@type\":\"ReadAction\",\"target\":[\"https:\/\/fsi-stumpcutters.com\/da\/vare\/motor\/fsi-d60\/\"]}]},{\"@type\":\"ImageObject\",\"inLanguage\":\"da-DK\",\"@id\":\"https:\/\/fsi-stumpcutters.com\/da\/vare\/motor\/fsi-d60\/#primaryimage\",\"url\":\"https:\/\/fsi-stumpcutters.com\/wp-content\/uploads\/2022\/03\/FSI-D60-Angle-Right-HI-900x750-1.jpg\",\"contentUrl\":\"https:\/\/fsi-stumpcutters.com\/wp-content\/uploads\/2022\/03\/FSI-D60-Angle-Right-HI-900x750-1.jpg\",\"width\":900,\"height\":600},{\"@type\":\"BreadcrumbList\",\"@id\":\"https:\/\/fsi-stumpcutters.com\/da\/vare\/motor\/fsi-d60\/#breadcrumb\",\"itemListElement\":[{\"@type\":\"ListItem\",\"position\":1,\"name\":\"Home\",\"item\":\"https:\/\/fsi-stumpcutters.com\/da\/\"},{\"@type\":\"ListItem\",\"position\":2,\"name\":\"Varer\",\"item\":\"https:\/\/fsi-stumpcutters.com\/da\/shop\/\"},{\"@type\":\"ListItem\",\"position\":3,\"name\":\"FSI D60\"}]},{\"@type\":\"WebSite\",\"@id\":\"https:\/\/fsi-stumpcutters.com\/da\/#website\",\"url\":\"https:\/\/fsi-stumpcutters.com\/da\/\",\"name\":\"FSI\",\"description\":\"FSI website\",\"publisher\":{\"@id\":\"https:\/\/fsi-stumpcutters.com\/da\/#organization\"},\"potentialAction\":[{\"@type\":\"SearchAction\",\"target\":{\"@type\":\"EntryPoint\",\"urlTemplate\":\"https:\/\/fsi-stumpcutters.com\/da\/?s={search_term_string}\"},\"query-input\":{\"@type\":\"PropertyValueSpecification\",\"valueRequired\":true,\"valueName\":\"search_term_string\"}}],\"inLanguage\":\"da-DK\"},{\"@type\":\"Organization\",\"@id\":\"https:\/\/fsi-stumpcutters.com\/da\/#organization\",\"name\":\"FSI Stump Cutters\",\"url\":\"https:\/\/fsi-stumpcutters.com\/da\/\",\"logo\":{\"@type\":\"ImageObject\",\"inLanguage\":\"da-DK\",\"@id\":\"https:\/\/fsi-stumpcutters.com\/da\/#\/schema\/logo\/image\/\",\"url\":\"https:\/\/fsi-stumpcutters.com\/wp-content\/uploads\/2022\/10\/FSI-LOGO-PRIMAERT-RODT-RGB.png\",\"contentUrl\":\"https:\/\/fsi-stumpcutters.com\/wp-content\/uploads\/2022\/10\/FSI-LOGO-PRIMAERT-RODT-RGB.png\",\"width\":567,\"height\":567,\"caption\":\"FSI Stump Cutters\"},\"image\":{\"@id\":\"https:\/\/fsi-stumpcutters.com\/da\/#\/schema\/logo\/image\/\"},\"sameAs\":[\"https:\/\/www.facebook.com\/fsi.dk\",\"https:\/\/www.instagram.com\/fsi.dk\/\",\"https:\/\/www.youtube.com\/channel\/UC9KnSaA_SwR9fc2PkSpOpwg\",\"https:\/\/www.linkedin.com\/company\/fsistumpcutters\/\"]}]}<\/script>\n<!-- \/ Yoast SEO plugin. -->","yoast_head_json":{"title":"FSI D60 - FSI","robots":{"index":"index","follow":"follow","max-snippet":"max-snippet:-1","max-image-preview":"max-image-preview:large","max-video-preview":"max-video-preview:-1"},"canonical":"https:\/\/fsi-stumpcutters.com\/da\/vare\/motor\/fsi-d60\/","og_locale":"da_DK","og_type":"article","og_title":"FSI D60 - FSI","og_description":"Fast braking of cutter disc on disengaging  Gear and V-belt drive for optimal power transmission  Hydraulically controlled mechanical clutch  Maintenance-free bearing housing at cutting head  FSI power-sweep \u2013 intelligent sweep controller for top performance  FSI power-cut \u2013 optimised cutting disc  Scanreco radio control with extra battery, battery charger and cable  Lockable storage space for radio remote control  LED work light  Flex chip guard for optimal chip collection  Lockable access to fuel- and hydraulic filling points  Easily accessible lashing &amp; lifting points  Tool set","og_url":"https:\/\/fsi-stumpcutters.com\/da\/vare\/motor\/fsi-d60\/","og_site_name":"FSI","article_publisher":"https:\/\/www.facebook.com\/fsi.dk","article_modified_time":"2024-03-08T10:27:15+00:00","og_image":[{"width":900,"height":600,"url":"https:\/\/fsi-stumpcutters.com\/wp-content\/uploads\/2022\/03\/FSI-D60-Angle-Right-HI-900x750-1.jpg","type":"image\/jpeg"}],"twitter_card":"summary_large_image","twitter_misc":{"Estimeret l\u00e6setid":"1 minut"},"schema":{"@context":"https:\/\/schema.org","@graph":[{"@type":"WebPage","@id":"https:\/\/fsi-stumpcutters.com\/da\/vare\/motor\/fsi-d60\/","url":"https:\/\/fsi-stumpcutters.com\/da\/vare\/motor\/fsi-d60\/","name":"FSI D60 - FSI","isPartOf":{"@id":"https:\/\/fsi-stumpcutters.com\/da\/#website"},"primaryImageOfPage":{"@id":"https:\/\/fsi-stumpcutters.com\/da\/vare\/motor\/fsi-d60\/#primaryimage"},"image":{"@id":"https:\/\/fsi-stumpcutters.com\/da\/vare\/motor\/fsi-d60\/#primaryimage"},"thumbnailUrl":"https:\/\/fsi-stumpcutters.com\/wp-content\/uploads\/2022\/03\/FSI-D60-Angle-Right-HI-900x750-1.jpg","datePublished":"2022-03-21T09:30:24+00:00","dateModified":"2024-03-08T10:27:15+00:00","breadcrumb":{"@id":"https:\/\/fsi-stumpcutters.com\/da\/vare\/motor\/fsi-d60\/#breadcrumb"},"inLanguage":"da-DK","potentialAction":[{"@type":"ReadAction","target":["https:\/\/fsi-stumpcutters.com\/da\/vare\/motor\/fsi-d60\/"]}]},{"@type":"ImageObject","inLanguage":"da-DK","@id":"https:\/\/fsi-stumpcutters.com\/da\/vare\/motor\/fsi-d60\/#primaryimage","url":"https:\/\/fsi-stumpcutters.com\/wp-content\/uploads\/2022\/03\/FSI-D60-Angle-Right-HI-900x750-1.jpg","contentUrl":"https:\/\/fsi-stumpcutters.com\/wp-content\/uploads\/2022\/03\/FSI-D60-Angle-Right-HI-900x750-1.jpg","width":900,"height":600},{"@type":"BreadcrumbList","@id":"https:\/\/fsi-stumpcutters.com\/da\/vare\/motor\/fsi-d60\/#breadcrumb","itemListElement":[{"@type":"ListItem","position":1,"name":"Home","item":"https:\/\/fsi-stumpcutters.com\/da\/"},{"@type":"ListItem","position":2,"name":"Varer","item":"https:\/\/fsi-stumpcutters.com\/da\/shop\/"},{"@type":"ListItem","position":3,"name":"FSI D60"}]},{"@type":"WebSite","@id":"https:\/\/fsi-stumpcutters.com\/da\/#website","url":"https:\/\/fsi-stumpcutters.com\/da\/","name":"FSI","description":"FSI website","publisher":{"@id":"https:\/\/fsi-stumpcutters.com\/da\/#organization"},"potentialAction":[{"@type":"SearchAction","target":{"@type":"EntryPoint","urlTemplate":"https:\/\/fsi-stumpcutters.com\/da\/?s={search_term_string}"},"query-input":{"@type":"PropertyValueSpecification","valueRequired":true,"valueName":"search_term_string"}}],"inLanguage":"da-DK"},{"@type":"Organization","@id":"https:\/\/fsi-stumpcutters.com\/da\/#organization","name":"FSI Stump Cutters","url":"https:\/\/fsi-stumpcutters.com\/da\/","logo":{"@type":"ImageObject","inLanguage":"da-DK","@id":"https:\/\/fsi-stumpcutters.com\/da\/#\/schema\/logo\/image\/","url":"https:\/\/fsi-stumpcutters.com\/wp-content\/uploads\/2022\/10\/FSI-LOGO-PRIMAERT-RODT-RGB.png","contentUrl":"https:\/\/fsi-stumpcutters.com\/wp-content\/uploads\/2022\/10\/FSI-LOGO-PRIMAERT-RODT-RGB.png","width":567,"height":567,"caption":"FSI Stump Cutters"},"image":{"@id":"https:\/\/fsi-stumpcutters.com\/da\/#\/schema\/logo\/image\/"},"sameAs":["https:\/\/www.facebook.com\/fsi.dk","https:\/\/www.instagram.com\/fsi.dk\/","https:\/\/www.youtube.com\/channel\/UC9KnSaA_SwR9fc2PkSpOpwg","https:\/\/www.linkedin.com\/company\/fsistumpcutters\/"]}]}},"_links":{"self":[{"href":"https:\/\/fsi-stumpcutters.com\/da\/wp-json\/wp\/v2\/product\/10905","targetHints":{"allow":["GET"]}}],"collection":[{"href":"https:\/\/fsi-stumpcutters.com\/da\/wp-json\/wp\/v2\/product"}],"about":[{"href":"https:\/\/fsi-stumpcutters.com\/da\/wp-json\/wp\/v2\/types\/product"}],"wp:featuredmedia":[{"embeddable":true,"href":"https:\/\/fsi-stumpcutters.com\/da\/wp-json\/wp\/v2\/media\/12759"}],"wp:attachment":[{"href":"https:\/\/fsi-stumpcutters.com\/da\/wp-json\/wp\/v2\/media?parent=10905"}],"wp:term":[{"taxonomy":"product_brand","embeddable":true,"href":"https:\/\/fsi-stumpcutters.com\/da\/wp-json\/wp\/v2\/product_brand?post=10905"},{"taxonomy":"product_cat","embeddable":true,"href":"https:\/\/fsi-stumpcutters.com\/da\/wp-json\/wp\/v2\/product_cat?post=10905"},{"taxonomy":"product_tag","embeddable":true,"href":"https:\/\/fsi-stumpcutters.com\/da\/wp-json\/wp\/v2\/product_tag?post=10905"}],"curies":[{"name":"wp","href":"https:\/\/api.w.org\/{rel}","templated":true}]}}