{"id":10871,"date":"2022-03-21T10:14:55","date_gmt":"2022-03-21T09:14:55","guid":{"rendered":"http:\/\/fsi.test\/?post_type=product&#038;p=10871"},"modified":"2022-10-21T13:23:22","modified_gmt":"2022-10-21T11:23:22","slug":"fsi-b38-4wd","status":"publish","type":"product","link":"https:\/\/fsi-stumpcutters.com\/da\/vare\/motor\/fsi-b38-4wd\/","title":{"rendered":"FSI B38 4WD"},"content":{"rendered":"<ul>\n<li><strong>Maskinbredde 79 cm<\/strong><\/li>\n<li><strong>Fr\u00e6sebredde 170 cm<\/strong><\/li>\n<li><strong>Fr\u00e6sedybde 44 cm<\/strong><\/li>\n<li><strong>Hydraulisk 4-hjulstr\u00e6k med diff. sp\u00e6r<\/strong><\/li>\n<li><strong>Kohler 38 hk benzinmotor<\/strong><\/li>\n<\/ul>\n<p>Standard udstyr:<\/p>\n<ul>\n<li style=\"list-style-type: none\">\n<ul>\n<li>FSI power-drive, HI\/LO med diff. sp\u00e6r p\u00e5 forreste hjuls\u00e6t<\/li>\n<\/ul>\n<\/li>\n<\/ul>\n<p>&#8211; HI 2-hjulstr\u00e6k tr\u00e6k p\u00e5 forreste hjuls\u00e6t. Hastighed op til<br \/>\n3,5 km\/t<br \/>\n&#8211; LO 4-hjulstr\u00e6k, dobbelt tr\u00e6kkraft og halv k\u00f8rehastighed<\/p>\n<ul>\n<li>Automatisk bremse p\u00e5 tr\u00e6khjulene<\/li>\n<li>Tvillingehjul med \u00e9n centerbolt for nem af-\/montering<\/li>\n<li>Skid-steer d\u00e6k p\u00e5 forreste aksel for optimal tr\u00e6k og minimalt overfladetryk<\/li>\n<li>FSI power-clutch, problemfri til\/fra kobling af fr\u00e6sehjul<\/li>\n<li>Hurtig nedbremsning af fr\u00e6sehjul ved frakobling<\/li>\n<li>FSI power-sweep til sikring af optimal fr\u00e6sekapacitet<\/li>\n<li>Justerbar hastighed p\u00e5 svingbev\u00e6gelsen<\/li>\n<li>Kileremstr\u00e6k for optimal udnyttelse af motorens kapacitet<\/li>\n<li>FSI Tandsystem, 3 x drejbar<\/li>\n<li>FSI power-cut special designet 2-delt fr\u00e6serskive for optimal kapacitet og holdbarhed<\/li>\n<li>Vedligeholdelsesfrit lejehus til fr\u00e6serhovedet<\/li>\n<li>Surrings\u00f8jer for enkel sikring under transport<\/li>\n<li>L\u00f8fte\u00f8jer for h\u00e5ndtering med kran<\/li>\n<li>90 gr. svingbart betjeningspanel for optimalt udsyn b\u00e5de under fr\u00e6sning og k\u00f8rsel til og fra fr\u00e6seomr\u00e5det<\/li>\n<li>Al betjening samlet p\u00e5 betjeningspanelet<\/li>\n<li>Sikkerhedsb\u00f8jle, fr\u00e6serskiven frakobles hvis operat\u00f8ren forlader betjeningspanelet<\/li>\n<li>LED arbejdslys. T\u00e6nd og sluk fra betjeningspanelet<\/li>\n<li>H\u00e6ngslet sp\u00e5nfang ved fr\u00e6Aserhovedet sikrer effektiv samling af sp\u00e5ner, uden ophobning i fr\u00e6serhuset<\/li>\n<li>V\u00e6rkt\u00f8jss\u00e6t til skift af sliddele<\/li>\n<li>Integreret v\u00e6rkt\u00f8jskasse<\/li>\n<\/ul>\n","protected":false},"excerpt":{"rendered":"<ul>\n<li>V-belt drive for optimal power transmission<\/li>\n<li>FSI power-clutch \u2013 powerful hydraulic clutch with active brake<\/li>\n<li>FSI power-sweep \u2013 intelligent sweep controller for top performance<\/li>\n<li>FSI power-cut \u2013 optimised cutting disc<\/li>\n<li>Maintenance-free bearing housing at cutting head<\/li>\n<li>Fast braking of cutter disc on disengaging<\/li>\n<li>Flex chip guard for optimal chip collection<\/li>\n<li>LED work light<\/li>\n<li>Easily accessible lashing &amp; lifting points<\/li>\n<li>Tool set<\/li>\n<li>Integrated toolbox<\/li>\n<\/ul>\n","protected":false},"featured_media":12470,"template":"","meta":[],"product_brand":[],"product_cat":[34],"product_tag":[],"class_list":{"0":"post-10871","1":"product","2":"type-product","3":"status-publish","4":"has-post-thumbnail","6":"product_cat-motor","8":"first","9":"instock","10":"shipping-taxable","11":"product-type-simple"},"acf":[],"yoast_head":"<!-- This site is optimized with the Yoast SEO plugin v27.0 - https:\/\/yoast.com\/product\/yoast-seo-wordpress\/ -->\n<title>FSI B38 4WD - FSI<\/title>\n<meta name=\"robots\" content=\"index, follow, max-snippet:-1, max-image-preview:large, max-video-preview:-1\" \/>\n<link rel=\"canonical\" href=\"https:\/\/fsi-stumpcutters.com\/da\/vare\/motor\/fsi-b38-4wd\/\" \/>\n<meta property=\"og:locale\" content=\"da_DK\" \/>\n<meta property=\"og:type\" content=\"article\" \/>\n<meta property=\"og:title\" content=\"FSI B38 4WD - FSI\" \/>\n<meta property=\"og:description\" content=\"V-belt drive for optimal power transmission  FSI power-clutch \u2013 powerful hydraulic clutch with active brake  FSI power-sweep \u2013 intelligent sweep controller for top performance  FSI power-cut \u2013 optimised cutting disc  Maintenance-free bearing housing at cutting head  Fast braking of cutter disc on disengaging  Flex chip guard for optimal chip collection  LED work light  Easily accessible lashing &amp; lifting points  Tool set  Integrated toolbox\" \/>\n<meta property=\"og:url\" content=\"https:\/\/fsi-stumpcutters.com\/da\/vare\/motor\/fsi-b38-4wd\/\" \/>\n<meta property=\"og:site_name\" content=\"FSI\" \/>\n<meta property=\"article:publisher\" content=\"https:\/\/www.facebook.com\/fsi.dk\" \/>\n<meta property=\"article:modified_time\" content=\"2022-10-21T11:23:22+00:00\" \/>\n<meta property=\"og:image\" content=\"https:\/\/fsi-stumpcutters.com\/wp-content\/uploads\/2022\/03\/B38-left-900x750-1.jpg\" \/>\n\t<meta property=\"og:image:width\" content=\"900\" \/>\n\t<meta property=\"og:image:height\" content=\"600\" \/>\n\t<meta property=\"og:image:type\" content=\"image\/jpeg\" \/>\n<meta name=\"twitter:card\" content=\"summary_large_image\" \/>\n<meta name=\"twitter:label1\" content=\"Estimeret l\u00e6setid\" \/>\n\t<meta name=\"twitter:data1\" content=\"2 minutter\" \/>\n<script type=\"application\/ld+json\" class=\"yoast-schema-graph\">{\"@context\":\"https:\/\/schema.org\",\"@graph\":[{\"@type\":\"WebPage\",\"@id\":\"https:\/\/fsi-stumpcutters.com\/da\/vare\/motor\/fsi-b38-4wd\/\",\"url\":\"https:\/\/fsi-stumpcutters.com\/da\/vare\/motor\/fsi-b38-4wd\/\",\"name\":\"FSI B38 4WD - FSI\",\"isPartOf\":{\"@id\":\"https:\/\/fsi-stumpcutters.com\/da\/#website\"},\"primaryImageOfPage\":{\"@id\":\"https:\/\/fsi-stumpcutters.com\/da\/vare\/motor\/fsi-b38-4wd\/#primaryimage\"},\"image\":{\"@id\":\"https:\/\/fsi-stumpcutters.com\/da\/vare\/motor\/fsi-b38-4wd\/#primaryimage\"},\"thumbnailUrl\":\"https:\/\/fsi-stumpcutters.com\/wp-content\/uploads\/2022\/03\/B38-left-900x750-1.jpg\",\"datePublished\":\"2022-03-21T09:14:55+00:00\",\"dateModified\":\"2022-10-21T11:23:22+00:00\",\"breadcrumb\":{\"@id\":\"https:\/\/fsi-stumpcutters.com\/da\/vare\/motor\/fsi-b38-4wd\/#breadcrumb\"},\"inLanguage\":\"da-DK\",\"potentialAction\":[{\"@type\":\"ReadAction\",\"target\":[\"https:\/\/fsi-stumpcutters.com\/da\/vare\/motor\/fsi-b38-4wd\/\"]}]},{\"@type\":\"ImageObject\",\"inLanguage\":\"da-DK\",\"@id\":\"https:\/\/fsi-stumpcutters.com\/da\/vare\/motor\/fsi-b38-4wd\/#primaryimage\",\"url\":\"https:\/\/fsi-stumpcutters.com\/wp-content\/uploads\/2022\/03\/B38-left-900x750-1.jpg\",\"contentUrl\":\"https:\/\/fsi-stumpcutters.com\/wp-content\/uploads\/2022\/03\/B38-left-900x750-1.jpg\",\"width\":900,\"height\":600},{\"@type\":\"BreadcrumbList\",\"@id\":\"https:\/\/fsi-stumpcutters.com\/da\/vare\/motor\/fsi-b38-4wd\/#breadcrumb\",\"itemListElement\":[{\"@type\":\"ListItem\",\"position\":1,\"name\":\"Home\",\"item\":\"https:\/\/fsi-stumpcutters.com\/da\/\"},{\"@type\":\"ListItem\",\"position\":2,\"name\":\"Varer\",\"item\":\"https:\/\/fsi-stumpcutters.com\/da\/shop\/\"},{\"@type\":\"ListItem\",\"position\":3,\"name\":\"FSI B38 4WD\"}]},{\"@type\":\"WebSite\",\"@id\":\"https:\/\/fsi-stumpcutters.com\/da\/#website\",\"url\":\"https:\/\/fsi-stumpcutters.com\/da\/\",\"name\":\"FSI\",\"description\":\"FSI website\",\"publisher\":{\"@id\":\"https:\/\/fsi-stumpcutters.com\/da\/#organization\"},\"potentialAction\":[{\"@type\":\"SearchAction\",\"target\":{\"@type\":\"EntryPoint\",\"urlTemplate\":\"https:\/\/fsi-stumpcutters.com\/da\/?s={search_term_string}\"},\"query-input\":{\"@type\":\"PropertyValueSpecification\",\"valueRequired\":true,\"valueName\":\"search_term_string\"}}],\"inLanguage\":\"da-DK\"},{\"@type\":\"Organization\",\"@id\":\"https:\/\/fsi-stumpcutters.com\/da\/#organization\",\"name\":\"FSI Stump Cutters\",\"url\":\"https:\/\/fsi-stumpcutters.com\/da\/\",\"logo\":{\"@type\":\"ImageObject\",\"inLanguage\":\"da-DK\",\"@id\":\"https:\/\/fsi-stumpcutters.com\/da\/#\/schema\/logo\/image\/\",\"url\":\"https:\/\/fsi-stumpcutters.com\/wp-content\/uploads\/2022\/10\/FSI-LOGO-PRIMAERT-RODT-RGB.png\",\"contentUrl\":\"https:\/\/fsi-stumpcutters.com\/wp-content\/uploads\/2022\/10\/FSI-LOGO-PRIMAERT-RODT-RGB.png\",\"width\":567,\"height\":567,\"caption\":\"FSI Stump Cutters\"},\"image\":{\"@id\":\"https:\/\/fsi-stumpcutters.com\/da\/#\/schema\/logo\/image\/\"},\"sameAs\":[\"https:\/\/www.facebook.com\/fsi.dk\",\"https:\/\/www.instagram.com\/fsi.dk\/\",\"https:\/\/www.youtube.com\/channel\/UC9KnSaA_SwR9fc2PkSpOpwg\",\"https:\/\/www.linkedin.com\/company\/fsistumpcutters\/\"]}]}<\/script>\n<!-- \/ Yoast SEO plugin. -->","yoast_head_json":{"title":"FSI B38 4WD - FSI","robots":{"index":"index","follow":"follow","max-snippet":"max-snippet:-1","max-image-preview":"max-image-preview:large","max-video-preview":"max-video-preview:-1"},"canonical":"https:\/\/fsi-stumpcutters.com\/da\/vare\/motor\/fsi-b38-4wd\/","og_locale":"da_DK","og_type":"article","og_title":"FSI B38 4WD - FSI","og_description":"V-belt drive for optimal power transmission  FSI power-clutch \u2013 powerful hydraulic clutch with active brake  FSI power-sweep \u2013 intelligent sweep controller for top performance  FSI power-cut \u2013 optimised cutting disc  Maintenance-free bearing housing at cutting head  Fast braking of cutter disc on disengaging  Flex chip guard for optimal chip collection  LED work light  Easily accessible lashing &amp; lifting points  Tool set  Integrated toolbox","og_url":"https:\/\/fsi-stumpcutters.com\/da\/vare\/motor\/fsi-b38-4wd\/","og_site_name":"FSI","article_publisher":"https:\/\/www.facebook.com\/fsi.dk","article_modified_time":"2022-10-21T11:23:22+00:00","og_image":[{"width":900,"height":600,"url":"https:\/\/fsi-stumpcutters.com\/wp-content\/uploads\/2022\/03\/B38-left-900x750-1.jpg","type":"image\/jpeg"}],"twitter_card":"summary_large_image","twitter_misc":{"Estimeret l\u00e6setid":"2 minutter"},"schema":{"@context":"https:\/\/schema.org","@graph":[{"@type":"WebPage","@id":"https:\/\/fsi-stumpcutters.com\/da\/vare\/motor\/fsi-b38-4wd\/","url":"https:\/\/fsi-stumpcutters.com\/da\/vare\/motor\/fsi-b38-4wd\/","name":"FSI B38 4WD - FSI","isPartOf":{"@id":"https:\/\/fsi-stumpcutters.com\/da\/#website"},"primaryImageOfPage":{"@id":"https:\/\/fsi-stumpcutters.com\/da\/vare\/motor\/fsi-b38-4wd\/#primaryimage"},"image":{"@id":"https:\/\/fsi-stumpcutters.com\/da\/vare\/motor\/fsi-b38-4wd\/#primaryimage"},"thumbnailUrl":"https:\/\/fsi-stumpcutters.com\/wp-content\/uploads\/2022\/03\/B38-left-900x750-1.jpg","datePublished":"2022-03-21T09:14:55+00:00","dateModified":"2022-10-21T11:23:22+00:00","breadcrumb":{"@id":"https:\/\/fsi-stumpcutters.com\/da\/vare\/motor\/fsi-b38-4wd\/#breadcrumb"},"inLanguage":"da-DK","potentialAction":[{"@type":"ReadAction","target":["https:\/\/fsi-stumpcutters.com\/da\/vare\/motor\/fsi-b38-4wd\/"]}]},{"@type":"ImageObject","inLanguage":"da-DK","@id":"https:\/\/fsi-stumpcutters.com\/da\/vare\/motor\/fsi-b38-4wd\/#primaryimage","url":"https:\/\/fsi-stumpcutters.com\/wp-content\/uploads\/2022\/03\/B38-left-900x750-1.jpg","contentUrl":"https:\/\/fsi-stumpcutters.com\/wp-content\/uploads\/2022\/03\/B38-left-900x750-1.jpg","width":900,"height":600},{"@type":"BreadcrumbList","@id":"https:\/\/fsi-stumpcutters.com\/da\/vare\/motor\/fsi-b38-4wd\/#breadcrumb","itemListElement":[{"@type":"ListItem","position":1,"name":"Home","item":"https:\/\/fsi-stumpcutters.com\/da\/"},{"@type":"ListItem","position":2,"name":"Varer","item":"https:\/\/fsi-stumpcutters.com\/da\/shop\/"},{"@type":"ListItem","position":3,"name":"FSI B38 4WD"}]},{"@type":"WebSite","@id":"https:\/\/fsi-stumpcutters.com\/da\/#website","url":"https:\/\/fsi-stumpcutters.com\/da\/","name":"FSI","description":"FSI website","publisher":{"@id":"https:\/\/fsi-stumpcutters.com\/da\/#organization"},"potentialAction":[{"@type":"SearchAction","target":{"@type":"EntryPoint","urlTemplate":"https:\/\/fsi-stumpcutters.com\/da\/?s={search_term_string}"},"query-input":{"@type":"PropertyValueSpecification","valueRequired":true,"valueName":"search_term_string"}}],"inLanguage":"da-DK"},{"@type":"Organization","@id":"https:\/\/fsi-stumpcutters.com\/da\/#organization","name":"FSI Stump Cutters","url":"https:\/\/fsi-stumpcutters.com\/da\/","logo":{"@type":"ImageObject","inLanguage":"da-DK","@id":"https:\/\/fsi-stumpcutters.com\/da\/#\/schema\/logo\/image\/","url":"https:\/\/fsi-stumpcutters.com\/wp-content\/uploads\/2022\/10\/FSI-LOGO-PRIMAERT-RODT-RGB.png","contentUrl":"https:\/\/fsi-stumpcutters.com\/wp-content\/uploads\/2022\/10\/FSI-LOGO-PRIMAERT-RODT-RGB.png","width":567,"height":567,"caption":"FSI Stump Cutters"},"image":{"@id":"https:\/\/fsi-stumpcutters.com\/da\/#\/schema\/logo\/image\/"},"sameAs":["https:\/\/www.facebook.com\/fsi.dk","https:\/\/www.instagram.com\/fsi.dk\/","https:\/\/www.youtube.com\/channel\/UC9KnSaA_SwR9fc2PkSpOpwg","https:\/\/www.linkedin.com\/company\/fsistumpcutters\/"]}]}},"_links":{"self":[{"href":"https:\/\/fsi-stumpcutters.com\/da\/wp-json\/wp\/v2\/product\/10871","targetHints":{"allow":["GET"]}}],"collection":[{"href":"https:\/\/fsi-stumpcutters.com\/da\/wp-json\/wp\/v2\/product"}],"about":[{"href":"https:\/\/fsi-stumpcutters.com\/da\/wp-json\/wp\/v2\/types\/product"}],"wp:featuredmedia":[{"embeddable":true,"href":"https:\/\/fsi-stumpcutters.com\/da\/wp-json\/wp\/v2\/media\/12470"}],"wp:attachment":[{"href":"https:\/\/fsi-stumpcutters.com\/da\/wp-json\/wp\/v2\/media?parent=10871"}],"wp:term":[{"taxonomy":"product_brand","embeddable":true,"href":"https:\/\/fsi-stumpcutters.com\/da\/wp-json\/wp\/v2\/product_brand?post=10871"},{"taxonomy":"product_cat","embeddable":true,"href":"https:\/\/fsi-stumpcutters.com\/da\/wp-json\/wp\/v2\/product_cat?post=10871"},{"taxonomy":"product_tag","embeddable":true,"href":"https:\/\/fsi-stumpcutters.com\/da\/wp-json\/wp\/v2\/product_tag?post=10871"}],"curies":[{"name":"wp","href":"https:\/\/api.w.org\/{rel}","templated":true}]}}