{"id":10860,"date":"2022-03-21T10:07:13","date_gmt":"2022-03-21T09:07:13","guid":{"rendered":"http:\/\/fsi.test\/?post_type=product&#038;p=10860"},"modified":"2025-08-27T12:08:49","modified_gmt":"2025-08-27T10:08:49","slug":"fsi-b28","status":"publish","type":"product","link":"https:\/\/fsi-stumpcutters.com\/da\/vare\/motor\/fsi-b28\/","title":{"rendered":"FSI B28"},"content":{"rendered":"<p>FSI B28 er til den seri\u00f8se professionelle bruger der har opgaver med fr\u00e6sning af tr\u00e6stubbe.<\/p>\n<p>Al betjening sker fra det integrerede panel hvor b\u00e5de k\u00f8rsel og stubfr\u00e6sningen styres. P\u00e5 panelet kan differentialesp\u00e6r til- og frakobles samt hastigheden p\u00e5 svingbev\u00e6gelsen reguleres.<br \/>\nSikkerheden er i top, sikkerhedsh\u00e5ndtaget p\u00e5 panelet skal aktiveres for at starte fr\u00e6serhovedet.<\/p>\n<p><strong>Ekstra udstyr:<\/strong><\/p>\n<p>Tvillingehjul med gr\u00e6sprofil og en centerbolt for hurtig montage. Bredde + 550 mm\u00a0<a title=\"Tvillingehjul\" href=\"https:\/\/www.fsi.dk\/image\/catalog\/Foto%20af%20tilbeh%C3%B8r\/FSI%20Twin%20wheels.JPG\" target=\"_blank\" rel=\"noopener\">Se foto<\/a><\/p>\n<p>Tvillingehjul med traktorprofil For bedre greb p\u00e5 skr\u00e6nter og lign\u00a0<a title=\"D\u00e6k med traktor profil\" href=\"https:\/\/www.fsi.dk\/image\/catalog\/Foto%20af%20tilbeh%C3%B8r\/Tyres%20with%20tractor%20profile.JPG\" target=\"_blank\" rel=\"noopener\">Se foto<\/a>.<\/p>\n<p>LED arbejdslys. T\u00e6nd\/sluk via betjeningspanelet\u00a0<a title=\"LED arbejdslys\" href=\"https:\/\/www.fsi.dk\/image\/catalog\/Foto%20af%20tilbeh%C3%B8r\/FSI%20LED%20working%20light.JPG\" target=\"_blank\" rel=\"noopener\">Se foto<\/a><\/p>\n<p>Special farve i stedet for original FSI r\u00f8d. Ekstra leveringstid skal p\u00e5regnes<\/p>\n","protected":false},"excerpt":{"rendered":"<ul>\n<li>V-belt drive for optimal power transmission<\/li>\n<li>FSI power-clutch \u2013 powerful hydraulic clutch with active brake<\/li>\n<li>Safety bar, disengaging the cutter wheel upon release<\/li>\n<li>Fast braking of cutter disc on disengaging<\/li>\n<li>Hydraulic 2WD<\/li>\n<li>Mechanical differential lock for better mobility and increased traction<\/li>\n<li>90 degrees swivel control panel, provides excellent visibility of the cutting area<\/li>\n<li>Easily accessible lashing &amp; lifting points<\/li>\n<li>Tool set<\/li>\n<li>Integrated toolbox<\/li>\n<li>OPTION: Twin wheels with centre bolt for easy fitting\/removing<\/li>\n<li>OPTION: FSI power-sweep \u2013 intelligent sweep controller for top performance<\/li>\n<\/ul>\n","protected":false},"featured_media":12290,"template":"","meta":[],"product_brand":[],"product_cat":[34],"product_tag":[],"class_list":{"0":"post-10860","1":"product","2":"type-product","3":"status-publish","4":"has-post-thumbnail","6":"product_cat-motor","8":"first","9":"instock","10":"shipping-taxable","11":"product-type-simple"},"acf":[],"yoast_head":"<!-- This site is optimized with the Yoast SEO plugin v27.0 - https:\/\/yoast.com\/product\/yoast-seo-wordpress\/ -->\n<title>FSI B28 - FSI<\/title>\n<meta name=\"robots\" content=\"index, follow, max-snippet:-1, max-image-preview:large, max-video-preview:-1\" \/>\n<link rel=\"canonical\" href=\"https:\/\/fsi-stumpcutters.com\/da\/vare\/motor\/fsi-b28\/\" \/>\n<meta property=\"og:locale\" content=\"da_DK\" \/>\n<meta property=\"og:type\" content=\"article\" \/>\n<meta property=\"og:title\" content=\"FSI B28 - FSI\" \/>\n<meta property=\"og:description\" content=\"V-belt drive for optimal power transmission  FSI power-clutch \u2013 powerful hydraulic clutch with active brake  Safety bar, disengaging the cutter wheel upon release  Fast braking of cutter disc on disengaging  Hydraulic 2WD  Mechanical differential lock for better mobility and increased traction  90 degrees swivel control panel, provides excellent visibility of the cutting area  Easily accessible lashing &amp; lifting points  Tool set  Integrated toolbox  OPTION: Twin wheels with centre bolt for easy fitting\/removing  OPTION: FSI power-sweep \u2013 intelligent sweep controller for top performance\" \/>\n<meta property=\"og:url\" content=\"https:\/\/fsi-stumpcutters.com\/da\/vare\/motor\/fsi-b28\/\" \/>\n<meta property=\"og:site_name\" content=\"FSI\" \/>\n<meta property=\"article:publisher\" content=\"https:\/\/www.facebook.com\/fsi.dk\" \/>\n<meta property=\"article:modified_time\" content=\"2025-08-27T10:08:49+00:00\" \/>\n<meta property=\"og:image\" content=\"https:\/\/fsi-stumpcutters.com\/wp-content\/uploads\/2022\/03\/FSI-B28-Angle-Right-Sweep-Left-Panel-Out-900x750-1.jpg\" \/>\n\t<meta property=\"og:image:width\" content=\"900\" \/>\n\t<meta property=\"og:image:height\" content=\"600\" \/>\n\t<meta property=\"og:image:type\" content=\"image\/jpeg\" \/>\n<meta name=\"twitter:card\" content=\"summary_large_image\" \/>\n<meta name=\"twitter:label1\" content=\"Estimeret l\u00e6setid\" \/>\n\t<meta name=\"twitter:data1\" content=\"1 minut\" \/>\n<script type=\"application\/ld+json\" class=\"yoast-schema-graph\">{\"@context\":\"https:\/\/schema.org\",\"@graph\":[{\"@type\":\"WebPage\",\"@id\":\"https:\/\/fsi-stumpcutters.com\/da\/vare\/motor\/fsi-b28\/\",\"url\":\"https:\/\/fsi-stumpcutters.com\/da\/vare\/motor\/fsi-b28\/\",\"name\":\"FSI B28 - FSI\",\"isPartOf\":{\"@id\":\"https:\/\/fsi-stumpcutters.com\/da\/#website\"},\"primaryImageOfPage\":{\"@id\":\"https:\/\/fsi-stumpcutters.com\/da\/vare\/motor\/fsi-b28\/#primaryimage\"},\"image\":{\"@id\":\"https:\/\/fsi-stumpcutters.com\/da\/vare\/motor\/fsi-b28\/#primaryimage\"},\"thumbnailUrl\":\"https:\/\/fsi-stumpcutters.com\/wp-content\/uploads\/2022\/03\/FSI-B28-Angle-Right-Sweep-Left-Panel-Out-900x750-1.jpg\",\"datePublished\":\"2022-03-21T09:07:13+00:00\",\"dateModified\":\"2025-08-27T10:08:49+00:00\",\"breadcrumb\":{\"@id\":\"https:\/\/fsi-stumpcutters.com\/da\/vare\/motor\/fsi-b28\/#breadcrumb\"},\"inLanguage\":\"da-DK\",\"potentialAction\":[{\"@type\":\"ReadAction\",\"target\":[\"https:\/\/fsi-stumpcutters.com\/da\/vare\/motor\/fsi-b28\/\"]}]},{\"@type\":\"ImageObject\",\"inLanguage\":\"da-DK\",\"@id\":\"https:\/\/fsi-stumpcutters.com\/da\/vare\/motor\/fsi-b28\/#primaryimage\",\"url\":\"https:\/\/fsi-stumpcutters.com\/wp-content\/uploads\/2022\/03\/FSI-B28-Angle-Right-Sweep-Left-Panel-Out-900x750-1.jpg\",\"contentUrl\":\"https:\/\/fsi-stumpcutters.com\/wp-content\/uploads\/2022\/03\/FSI-B28-Angle-Right-Sweep-Left-Panel-Out-900x750-1.jpg\",\"width\":900,\"height\":600},{\"@type\":\"BreadcrumbList\",\"@id\":\"https:\/\/fsi-stumpcutters.com\/da\/vare\/motor\/fsi-b28\/#breadcrumb\",\"itemListElement\":[{\"@type\":\"ListItem\",\"position\":1,\"name\":\"Home\",\"item\":\"https:\/\/fsi-stumpcutters.com\/da\/\"},{\"@type\":\"ListItem\",\"position\":2,\"name\":\"Varer\",\"item\":\"https:\/\/fsi-stumpcutters.com\/da\/shop\/\"},{\"@type\":\"ListItem\",\"position\":3,\"name\":\"FSI B28\"}]},{\"@type\":\"WebSite\",\"@id\":\"https:\/\/fsi-stumpcutters.com\/da\/#website\",\"url\":\"https:\/\/fsi-stumpcutters.com\/da\/\",\"name\":\"FSI\",\"description\":\"FSI website\",\"publisher\":{\"@id\":\"https:\/\/fsi-stumpcutters.com\/da\/#organization\"},\"potentialAction\":[{\"@type\":\"SearchAction\",\"target\":{\"@type\":\"EntryPoint\",\"urlTemplate\":\"https:\/\/fsi-stumpcutters.com\/da\/?s={search_term_string}\"},\"query-input\":{\"@type\":\"PropertyValueSpecification\",\"valueRequired\":true,\"valueName\":\"search_term_string\"}}],\"inLanguage\":\"da-DK\"},{\"@type\":\"Organization\",\"@id\":\"https:\/\/fsi-stumpcutters.com\/da\/#organization\",\"name\":\"FSI Stump Cutters\",\"url\":\"https:\/\/fsi-stumpcutters.com\/da\/\",\"logo\":{\"@type\":\"ImageObject\",\"inLanguage\":\"da-DK\",\"@id\":\"https:\/\/fsi-stumpcutters.com\/da\/#\/schema\/logo\/image\/\",\"url\":\"https:\/\/fsi-stumpcutters.com\/wp-content\/uploads\/2022\/10\/FSI-LOGO-PRIMAERT-RODT-RGB.png\",\"contentUrl\":\"https:\/\/fsi-stumpcutters.com\/wp-content\/uploads\/2022\/10\/FSI-LOGO-PRIMAERT-RODT-RGB.png\",\"width\":567,\"height\":567,\"caption\":\"FSI Stump Cutters\"},\"image\":{\"@id\":\"https:\/\/fsi-stumpcutters.com\/da\/#\/schema\/logo\/image\/\"},\"sameAs\":[\"https:\/\/www.facebook.com\/fsi.dk\",\"https:\/\/www.instagram.com\/fsi.dk\/\",\"https:\/\/www.youtube.com\/channel\/UC9KnSaA_SwR9fc2PkSpOpwg\",\"https:\/\/www.linkedin.com\/company\/fsistumpcutters\/\"]}]}<\/script>\n<!-- \/ Yoast SEO plugin. -->","yoast_head_json":{"title":"FSI B28 - FSI","robots":{"index":"index","follow":"follow","max-snippet":"max-snippet:-1","max-image-preview":"max-image-preview:large","max-video-preview":"max-video-preview:-1"},"canonical":"https:\/\/fsi-stumpcutters.com\/da\/vare\/motor\/fsi-b28\/","og_locale":"da_DK","og_type":"article","og_title":"FSI B28 - FSI","og_description":"V-belt drive for optimal power transmission  FSI power-clutch \u2013 powerful hydraulic clutch with active brake  Safety bar, disengaging the cutter wheel upon release  Fast braking of cutter disc on disengaging  Hydraulic 2WD  Mechanical differential lock for better mobility and increased traction  90 degrees swivel control panel, provides excellent visibility of the cutting area  Easily accessible lashing &amp; lifting points  Tool set  Integrated toolbox  OPTION: Twin wheels with centre bolt for easy fitting\/removing  OPTION: FSI power-sweep \u2013 intelligent sweep controller for top performance","og_url":"https:\/\/fsi-stumpcutters.com\/da\/vare\/motor\/fsi-b28\/","og_site_name":"FSI","article_publisher":"https:\/\/www.facebook.com\/fsi.dk","article_modified_time":"2025-08-27T10:08:49+00:00","og_image":[{"width":900,"height":600,"url":"https:\/\/fsi-stumpcutters.com\/wp-content\/uploads\/2022\/03\/FSI-B28-Angle-Right-Sweep-Left-Panel-Out-900x750-1.jpg","type":"image\/jpeg"}],"twitter_card":"summary_large_image","twitter_misc":{"Estimeret l\u00e6setid":"1 minut"},"schema":{"@context":"https:\/\/schema.org","@graph":[{"@type":"WebPage","@id":"https:\/\/fsi-stumpcutters.com\/da\/vare\/motor\/fsi-b28\/","url":"https:\/\/fsi-stumpcutters.com\/da\/vare\/motor\/fsi-b28\/","name":"FSI B28 - FSI","isPartOf":{"@id":"https:\/\/fsi-stumpcutters.com\/da\/#website"},"primaryImageOfPage":{"@id":"https:\/\/fsi-stumpcutters.com\/da\/vare\/motor\/fsi-b28\/#primaryimage"},"image":{"@id":"https:\/\/fsi-stumpcutters.com\/da\/vare\/motor\/fsi-b28\/#primaryimage"},"thumbnailUrl":"https:\/\/fsi-stumpcutters.com\/wp-content\/uploads\/2022\/03\/FSI-B28-Angle-Right-Sweep-Left-Panel-Out-900x750-1.jpg","datePublished":"2022-03-21T09:07:13+00:00","dateModified":"2025-08-27T10:08:49+00:00","breadcrumb":{"@id":"https:\/\/fsi-stumpcutters.com\/da\/vare\/motor\/fsi-b28\/#breadcrumb"},"inLanguage":"da-DK","potentialAction":[{"@type":"ReadAction","target":["https:\/\/fsi-stumpcutters.com\/da\/vare\/motor\/fsi-b28\/"]}]},{"@type":"ImageObject","inLanguage":"da-DK","@id":"https:\/\/fsi-stumpcutters.com\/da\/vare\/motor\/fsi-b28\/#primaryimage","url":"https:\/\/fsi-stumpcutters.com\/wp-content\/uploads\/2022\/03\/FSI-B28-Angle-Right-Sweep-Left-Panel-Out-900x750-1.jpg","contentUrl":"https:\/\/fsi-stumpcutters.com\/wp-content\/uploads\/2022\/03\/FSI-B28-Angle-Right-Sweep-Left-Panel-Out-900x750-1.jpg","width":900,"height":600},{"@type":"BreadcrumbList","@id":"https:\/\/fsi-stumpcutters.com\/da\/vare\/motor\/fsi-b28\/#breadcrumb","itemListElement":[{"@type":"ListItem","position":1,"name":"Home","item":"https:\/\/fsi-stumpcutters.com\/da\/"},{"@type":"ListItem","position":2,"name":"Varer","item":"https:\/\/fsi-stumpcutters.com\/da\/shop\/"},{"@type":"ListItem","position":3,"name":"FSI B28"}]},{"@type":"WebSite","@id":"https:\/\/fsi-stumpcutters.com\/da\/#website","url":"https:\/\/fsi-stumpcutters.com\/da\/","name":"FSI","description":"FSI website","publisher":{"@id":"https:\/\/fsi-stumpcutters.com\/da\/#organization"},"potentialAction":[{"@type":"SearchAction","target":{"@type":"EntryPoint","urlTemplate":"https:\/\/fsi-stumpcutters.com\/da\/?s={search_term_string}"},"query-input":{"@type":"PropertyValueSpecification","valueRequired":true,"valueName":"search_term_string"}}],"inLanguage":"da-DK"},{"@type":"Organization","@id":"https:\/\/fsi-stumpcutters.com\/da\/#organization","name":"FSI Stump Cutters","url":"https:\/\/fsi-stumpcutters.com\/da\/","logo":{"@type":"ImageObject","inLanguage":"da-DK","@id":"https:\/\/fsi-stumpcutters.com\/da\/#\/schema\/logo\/image\/","url":"https:\/\/fsi-stumpcutters.com\/wp-content\/uploads\/2022\/10\/FSI-LOGO-PRIMAERT-RODT-RGB.png","contentUrl":"https:\/\/fsi-stumpcutters.com\/wp-content\/uploads\/2022\/10\/FSI-LOGO-PRIMAERT-RODT-RGB.png","width":567,"height":567,"caption":"FSI Stump Cutters"},"image":{"@id":"https:\/\/fsi-stumpcutters.com\/da\/#\/schema\/logo\/image\/"},"sameAs":["https:\/\/www.facebook.com\/fsi.dk","https:\/\/www.instagram.com\/fsi.dk\/","https:\/\/www.youtube.com\/channel\/UC9KnSaA_SwR9fc2PkSpOpwg","https:\/\/www.linkedin.com\/company\/fsistumpcutters\/"]}]}},"_links":{"self":[{"href":"https:\/\/fsi-stumpcutters.com\/da\/wp-json\/wp\/v2\/product\/10860","targetHints":{"allow":["GET"]}}],"collection":[{"href":"https:\/\/fsi-stumpcutters.com\/da\/wp-json\/wp\/v2\/product"}],"about":[{"href":"https:\/\/fsi-stumpcutters.com\/da\/wp-json\/wp\/v2\/types\/product"}],"wp:featuredmedia":[{"embeddable":true,"href":"https:\/\/fsi-stumpcutters.com\/da\/wp-json\/wp\/v2\/media\/12290"}],"wp:attachment":[{"href":"https:\/\/fsi-stumpcutters.com\/da\/wp-json\/wp\/v2\/media?parent=10860"}],"wp:term":[{"taxonomy":"product_brand","embeddable":true,"href":"https:\/\/fsi-stumpcutters.com\/da\/wp-json\/wp\/v2\/product_brand?post=10860"},{"taxonomy":"product_cat","embeddable":true,"href":"https:\/\/fsi-stumpcutters.com\/da\/wp-json\/wp\/v2\/product_cat?post=10860"},{"taxonomy":"product_tag","embeddable":true,"href":"https:\/\/fsi-stumpcutters.com\/da\/wp-json\/wp\/v2\/product_tag?post=10860"}],"curies":[{"name":"wp","href":"https:\/\/api.w.org\/{rel}","templated":true}]}}