{"id":10845,"date":"2022-03-21T10:04:33","date_gmt":"2022-03-21T09:04:33","guid":{"rendered":"http:\/\/fsi.test\/?post_type=product&#038;p=10845"},"modified":"2026-01-26T15:46:11","modified_gmt":"2026-01-26T14:46:11","slug":"fsi-b21","status":"publish","type":"product","link":"https:\/\/fsi-stumpcutters.com\/da\/vare\/motor\/fsi-b21\/","title":{"rendered":"FSI B21"},"content":{"rendered":"<p>Som Europas st\u00f8rste producent af stub- og rodfr\u00e6sere f\u00f8lger vi markedet t\u00e6t. FSI B21 er udviklet i samarbejde med vores netv\u00e6rk af FSI Partnere og vores mange professionelle brugere, hvilket sikre kvalitet og funktionalitet er i top.<\/p>\n<p><strong>Med FSI B21 h\u00e6ver vi niveauet og tilf\u00f8jer unikke nye funktioner, som ikke tidligere er set i dette segment.<\/strong><\/p>\n<ul>\n<li><strong>Hill-hold system<\/strong> \u2013 Ingen grund til at v\u00e6re bekymret n\u00e5r du skal have din stubfr\u00e6ser op ad ramperne. Et unikt bremsesystem s\u00f8rger for sikker og nem transport af stubfr\u00e6seren op af ramper, hen over trin\/kantsten og i terr\u00e6n. N\u00e5r hill-hold systemet er aktivt kan stubfr\u00e6seren sikkert og nemt tr\u00e6kkes bagl\u00e6ns uden risiko for at hjulene triller forl\u00e6ns.<\/li>\n<li><strong>Ingen daglig vedligehold<\/strong> \u2013 Vi har udviklet et lukket lejehus, som er smurt til mere end 1000 timers normal drift fra fabrikken. Du skal derfor ikke l\u00e6ngere t\u00e6nke p\u00e5 daglig sm\u00f8ring af lejer.<\/li>\n<li><strong>Simpel opstramning af kilerem<\/strong> \u2013 den specielle FSI power-cut fr\u00e6serskive er oph\u00e6ngt i et ensidigt lejehus, som muligg\u00f8r simpel opstramning af remme uden at skulle t\u00e6nke p\u00e5 parallelitet.<\/li>\n<\/ul>\n<p><a href=\"https:\/\/vimeo.com\/659008849\" target=\"_self\" rel=\"noopener\"><br \/>\nSe den i aktion<br \/>\n<\/a><\/p>\n<figure><img decoding=\"async\" src=\"https:\/\/fsi-stumpcutters.com\/wp-content\/uploads\/2022\/03\/FSI-B21-Detail-Operator-Handle-2-900x750-1-300x200.jpg\" alt=\"Central og nem betjening af alle funktioner\" \/><\/figure>\n<figure><img decoding=\"async\" src=\"https:\/\/fsi-stumpcutters.com\/wp-content\/uploads\/2022\/03\/FSI-B21-Sweep-Width-900x750-1-300x200.jpg\" alt=\"FSI B21 Sweep Width-900x750\" \/><\/figure>\n<figure><img decoding=\"async\" src=\"https:\/\/fsi-stumpcutters.com\/wp-content\/uploads\/2022\/03\/FSI-B21-Handle-Adjustment-900x750-1-300x200.jpg\" alt=\"Vibrationsd\u00e6mpet og h\u00f8jdejusterbart h\u00e5ndtag\" \/><\/figure>\n<figure><img decoding=\"async\" src=\"https:\/\/fsi-stumpcutters.com\/wp-content\/uploads\/2022\/03\/FSI-B21-Angle-Left-900x750-1-300x200.jpg\" alt=\"FSI B21 Angle Left-900x750\" \/><\/figure>\n<p><b>Derudover f\u00e5r du selvf\u00f8lgelig ogs\u00e5 de mange velkendte funktioner fra forg\u00e6ngeren FSI B20 og B22:<\/b><\/p>\n<ul>\n<li>Kraftfuld 14hk motor med rekylstart<\/li>\n<li>Vibrationsd\u00e6mpet og h\u00f8jdejusterbart betjeningsh\u00e5ndtag<\/li>\n<li>Fr\u00e6serskiven aktiveres af slyngkobling ved brug af sikkerhedsb\u00f8jle<\/li>\n<li>Drejeled \u2013 sikre ubesv\u00e6ret arbejde med at svinge fr\u00e6serarmen fra side til side<\/li>\n<li>Individuelle bremser<\/li>\n<li>Flere, lettilg\u00e6ngelige surringspunkter for nem og hurtig sikring under transport<\/li>\n<li>L\u00f8fte\u00f8je<\/li>\n<li>Originale FSI t\u00e6nder<\/li>\n<li>Timet\u00e6ller m. alarm ved 25 timer (sm\u00f8ring af drejeled) og 100 timer (olieskift)<\/li>\n<li>Manual beholder<\/li>\n<\/ul>\n<p style=\"color: #000000; background-color: #ffffff;\"><b>Ekstra udstyr:<\/b><\/p>\n<ul>\n<li>Tr\u00e6kstang til kuglekobling \u2013 maks. 10 km\/t (Ikke tilladt p\u00e5 offentlig vej)<\/li>\n<li>Special farve \u2013 bestil din FSI B21 i specialfarve s\u00e5 din stubfr\u00e6ser skiller sig ud og matcher din virksomheds profil. Standard RAL farver er tilg\u00e6ngelig, \u00f8vrige p\u00e5 foresp\u00f8rgsel<\/li>\n<\/ul>\n<p><a href=\"https:\/\/fsi-stumpcutters.com\/da\/salg\/\" target=\"_self\" rel=\"noopener\"><br \/>\nFind en forhandler<br \/>\n<\/a><br \/>\n<a href=\"mailto:sales@fsi.dk\" target=\"_self\" rel=\"noopener\"><br \/>\nKontakt os<br \/>\n<\/a><\/p>\n","protected":false},"excerpt":{"rendered":"<ul>\n<li>Hill hold bremse-system (patent anmeldt)<\/li>\n<li>Lukket lejehus v. fr\u00e6serskive<\/li>\n<li>Drejeled &#8211; let sving fra side til side<\/li>\n<li>Ergonomisk &#8211; vibrationsd\u00e6mpet h\u00e5ndtag med mange justeringsmuligheder<\/li>\n<li>Sikkerhedsh\u00e5ndtag &#8211; fr\u00e6serskiven standses n\u00e5r h\u00e5ndtaget slippes<\/li>\n<\/ul>\n","protected":false},"featured_media":12189,"template":"","meta":[],"product_brand":[],"product_cat":[34],"product_tag":[],"class_list":{"0":"post-10845","1":"product","2":"type-product","3":"status-publish","4":"has-post-thumbnail","6":"product_cat-motor","8":"first","9":"instock","10":"shipping-taxable","11":"product-type-simple"},"acf":[],"yoast_head":"<!-- This site is optimized with the Yoast SEO plugin v27.0 - https:\/\/yoast.com\/product\/yoast-seo-wordpress\/ -->\n<title>FSI B21 - Letk\u00f8rende og kompakt stubfr\u00e6ser med 14 HK Motor<\/title>\n<meta name=\"description\" content=\"Mindre walk-behind stubfr\u00e6ser model: FSI B21 | Bredde p\u00e5 kun 68 cm og v\u00e6gt under 150 kg | 14 hk motor med rekylstart | Hill-hold bremsesystem | Intet dagligt vedligehold\" \/>\n<meta name=\"robots\" content=\"index, follow, max-snippet:-1, max-image-preview:large, max-video-preview:-1\" \/>\n<link rel=\"canonical\" href=\"https:\/\/fsi-stumpcutters.com\/da\/vare\/motor\/fsi-b21\/\" \/>\n<meta property=\"og:locale\" content=\"da_DK\" \/>\n<meta property=\"og:type\" content=\"article\" \/>\n<meta property=\"og:title\" content=\"FSI B21 - Letk\u00f8rende og kompakt stubfr\u00e6ser med 14 HK Motor\" \/>\n<meta property=\"og:description\" content=\"Mindre walk-behind stubfr\u00e6ser model: FSI B21 | Bredde p\u00e5 kun 68 cm og v\u00e6gt under 150 kg | 14 hk motor med rekylstart | Hill-hold bremsesystem | Intet dagligt vedligehold\" \/>\n<meta property=\"og:url\" content=\"https:\/\/fsi-stumpcutters.com\/da\/vare\/motor\/fsi-b21\/\" \/>\n<meta property=\"og:site_name\" content=\"FSI\" \/>\n<meta property=\"article:publisher\" content=\"https:\/\/www.facebook.com\/fsi.dk\" \/>\n<meta property=\"article:modified_time\" content=\"2026-01-26T14:46:11+00:00\" \/>\n<meta property=\"og:image\" content=\"https:\/\/fsi-stumpcutters.com\/wp-content\/uploads\/2022\/03\/FSI-B21-Angle-Left-900x750-1.jpg\" \/>\n\t<meta property=\"og:image:width\" content=\"900\" \/>\n\t<meta property=\"og:image:height\" content=\"600\" \/>\n\t<meta property=\"og:image:type\" content=\"image\/jpeg\" \/>\n<meta name=\"twitter:card\" content=\"summary_large_image\" \/>\n<meta name=\"twitter:label1\" content=\"Estimeret l\u00e6setid\" \/>\n\t<meta name=\"twitter:data1\" content=\"3 minutter\" \/>\n<script type=\"application\/ld+json\" class=\"yoast-schema-graph\">{\"@context\":\"https:\/\/schema.org\",\"@graph\":[{\"@type\":\"WebPage\",\"@id\":\"https:\/\/fsi-stumpcutters.com\/da\/vare\/motor\/fsi-b21\/\",\"url\":\"https:\/\/fsi-stumpcutters.com\/da\/vare\/motor\/fsi-b21\/\",\"name\":\"FSI B21 - Letk\u00f8rende og kompakt stubfr\u00e6ser med 14 HK Motor\",\"isPartOf\":{\"@id\":\"https:\/\/fsi-stumpcutters.com\/da\/#website\"},\"primaryImageOfPage\":{\"@id\":\"https:\/\/fsi-stumpcutters.com\/da\/vare\/motor\/fsi-b21\/#primaryimage\"},\"image\":{\"@id\":\"https:\/\/fsi-stumpcutters.com\/da\/vare\/motor\/fsi-b21\/#primaryimage\"},\"thumbnailUrl\":\"https:\/\/fsi-stumpcutters.com\/wp-content\/uploads\/2022\/03\/FSI-B21-Angle-Left-900x750-1.jpg\",\"datePublished\":\"2022-03-21T09:04:33+00:00\",\"dateModified\":\"2026-01-26T14:46:11+00:00\",\"description\":\"Mindre walk-behind stubfr\u00e6ser model: FSI B21 | Bredde p\u00e5 kun 68 cm og v\u00e6gt under 150 kg | 14 hk motor med rekylstart | Hill-hold bremsesystem | Intet dagligt vedligehold\",\"breadcrumb\":{\"@id\":\"https:\/\/fsi-stumpcutters.com\/da\/vare\/motor\/fsi-b21\/#breadcrumb\"},\"inLanguage\":\"da-DK\",\"potentialAction\":[{\"@type\":\"ReadAction\",\"target\":[\"https:\/\/fsi-stumpcutters.com\/da\/vare\/motor\/fsi-b21\/\"]}]},{\"@type\":\"ImageObject\",\"inLanguage\":\"da-DK\",\"@id\":\"https:\/\/fsi-stumpcutters.com\/da\/vare\/motor\/fsi-b21\/#primaryimage\",\"url\":\"https:\/\/fsi-stumpcutters.com\/wp-content\/uploads\/2022\/03\/FSI-B21-Angle-Left-900x750-1.jpg\",\"contentUrl\":\"https:\/\/fsi-stumpcutters.com\/wp-content\/uploads\/2022\/03\/FSI-B21-Angle-Left-900x750-1.jpg\",\"width\":900,\"height\":600},{\"@type\":\"BreadcrumbList\",\"@id\":\"https:\/\/fsi-stumpcutters.com\/da\/vare\/motor\/fsi-b21\/#breadcrumb\",\"itemListElement\":[{\"@type\":\"ListItem\",\"position\":1,\"name\":\"Home\",\"item\":\"https:\/\/fsi-stumpcutters.com\/da\/\"},{\"@type\":\"ListItem\",\"position\":2,\"name\":\"Varer\",\"item\":\"https:\/\/fsi-stumpcutters.com\/da\/shop\/\"},{\"@type\":\"ListItem\",\"position\":3,\"name\":\"FSI B21\"}]},{\"@type\":\"WebSite\",\"@id\":\"https:\/\/fsi-stumpcutters.com\/da\/#website\",\"url\":\"https:\/\/fsi-stumpcutters.com\/da\/\",\"name\":\"FSI\",\"description\":\"FSI website\",\"publisher\":{\"@id\":\"https:\/\/fsi-stumpcutters.com\/da\/#organization\"},\"potentialAction\":[{\"@type\":\"SearchAction\",\"target\":{\"@type\":\"EntryPoint\",\"urlTemplate\":\"https:\/\/fsi-stumpcutters.com\/da\/?s={search_term_string}\"},\"query-input\":{\"@type\":\"PropertyValueSpecification\",\"valueRequired\":true,\"valueName\":\"search_term_string\"}}],\"inLanguage\":\"da-DK\"},{\"@type\":\"Organization\",\"@id\":\"https:\/\/fsi-stumpcutters.com\/da\/#organization\",\"name\":\"FSI Stump Cutters\",\"url\":\"https:\/\/fsi-stumpcutters.com\/da\/\",\"logo\":{\"@type\":\"ImageObject\",\"inLanguage\":\"da-DK\",\"@id\":\"https:\/\/fsi-stumpcutters.com\/da\/#\/schema\/logo\/image\/\",\"url\":\"https:\/\/fsi-stumpcutters.com\/wp-content\/uploads\/2022\/10\/FSI-LOGO-PRIMAERT-RODT-RGB.png\",\"contentUrl\":\"https:\/\/fsi-stumpcutters.com\/wp-content\/uploads\/2022\/10\/FSI-LOGO-PRIMAERT-RODT-RGB.png\",\"width\":567,\"height\":567,\"caption\":\"FSI Stump Cutters\"},\"image\":{\"@id\":\"https:\/\/fsi-stumpcutters.com\/da\/#\/schema\/logo\/image\/\"},\"sameAs\":[\"https:\/\/www.facebook.com\/fsi.dk\",\"https:\/\/www.instagram.com\/fsi.dk\/\",\"https:\/\/www.youtube.com\/channel\/UC9KnSaA_SwR9fc2PkSpOpwg\",\"https:\/\/www.linkedin.com\/company\/fsistumpcutters\/\"]}]}<\/script>\n<!-- \/ Yoast SEO plugin. -->","yoast_head_json":{"title":"FSI B21 - Letk\u00f8rende og kompakt stubfr\u00e6ser med 14 HK Motor","description":"Mindre walk-behind stubfr\u00e6ser model: FSI B21 | Bredde p\u00e5 kun 68 cm og v\u00e6gt under 150 kg | 14 hk motor med rekylstart | Hill-hold bremsesystem | Intet dagligt vedligehold","robots":{"index":"index","follow":"follow","max-snippet":"max-snippet:-1","max-image-preview":"max-image-preview:large","max-video-preview":"max-video-preview:-1"},"canonical":"https:\/\/fsi-stumpcutters.com\/da\/vare\/motor\/fsi-b21\/","og_locale":"da_DK","og_type":"article","og_title":"FSI B21 - Letk\u00f8rende og kompakt stubfr\u00e6ser med 14 HK Motor","og_description":"Mindre walk-behind stubfr\u00e6ser model: FSI B21 | Bredde p\u00e5 kun 68 cm og v\u00e6gt under 150 kg | 14 hk motor med rekylstart | Hill-hold bremsesystem | Intet dagligt vedligehold","og_url":"https:\/\/fsi-stumpcutters.com\/da\/vare\/motor\/fsi-b21\/","og_site_name":"FSI","article_publisher":"https:\/\/www.facebook.com\/fsi.dk","article_modified_time":"2026-01-26T14:46:11+00:00","og_image":[{"width":900,"height":600,"url":"https:\/\/fsi-stumpcutters.com\/wp-content\/uploads\/2022\/03\/FSI-B21-Angle-Left-900x750-1.jpg","type":"image\/jpeg"}],"twitter_card":"summary_large_image","twitter_misc":{"Estimeret l\u00e6setid":"3 minutter"},"schema":{"@context":"https:\/\/schema.org","@graph":[{"@type":"WebPage","@id":"https:\/\/fsi-stumpcutters.com\/da\/vare\/motor\/fsi-b21\/","url":"https:\/\/fsi-stumpcutters.com\/da\/vare\/motor\/fsi-b21\/","name":"FSI B21 - Letk\u00f8rende og kompakt stubfr\u00e6ser med 14 HK Motor","isPartOf":{"@id":"https:\/\/fsi-stumpcutters.com\/da\/#website"},"primaryImageOfPage":{"@id":"https:\/\/fsi-stumpcutters.com\/da\/vare\/motor\/fsi-b21\/#primaryimage"},"image":{"@id":"https:\/\/fsi-stumpcutters.com\/da\/vare\/motor\/fsi-b21\/#primaryimage"},"thumbnailUrl":"https:\/\/fsi-stumpcutters.com\/wp-content\/uploads\/2022\/03\/FSI-B21-Angle-Left-900x750-1.jpg","datePublished":"2022-03-21T09:04:33+00:00","dateModified":"2026-01-26T14:46:11+00:00","description":"Mindre walk-behind stubfr\u00e6ser model: FSI B21 | Bredde p\u00e5 kun 68 cm og v\u00e6gt under 150 kg | 14 hk motor med rekylstart | Hill-hold bremsesystem | Intet dagligt vedligehold","breadcrumb":{"@id":"https:\/\/fsi-stumpcutters.com\/da\/vare\/motor\/fsi-b21\/#breadcrumb"},"inLanguage":"da-DK","potentialAction":[{"@type":"ReadAction","target":["https:\/\/fsi-stumpcutters.com\/da\/vare\/motor\/fsi-b21\/"]}]},{"@type":"ImageObject","inLanguage":"da-DK","@id":"https:\/\/fsi-stumpcutters.com\/da\/vare\/motor\/fsi-b21\/#primaryimage","url":"https:\/\/fsi-stumpcutters.com\/wp-content\/uploads\/2022\/03\/FSI-B21-Angle-Left-900x750-1.jpg","contentUrl":"https:\/\/fsi-stumpcutters.com\/wp-content\/uploads\/2022\/03\/FSI-B21-Angle-Left-900x750-1.jpg","width":900,"height":600},{"@type":"BreadcrumbList","@id":"https:\/\/fsi-stumpcutters.com\/da\/vare\/motor\/fsi-b21\/#breadcrumb","itemListElement":[{"@type":"ListItem","position":1,"name":"Home","item":"https:\/\/fsi-stumpcutters.com\/da\/"},{"@type":"ListItem","position":2,"name":"Varer","item":"https:\/\/fsi-stumpcutters.com\/da\/shop\/"},{"@type":"ListItem","position":3,"name":"FSI B21"}]},{"@type":"WebSite","@id":"https:\/\/fsi-stumpcutters.com\/da\/#website","url":"https:\/\/fsi-stumpcutters.com\/da\/","name":"FSI","description":"FSI website","publisher":{"@id":"https:\/\/fsi-stumpcutters.com\/da\/#organization"},"potentialAction":[{"@type":"SearchAction","target":{"@type":"EntryPoint","urlTemplate":"https:\/\/fsi-stumpcutters.com\/da\/?s={search_term_string}"},"query-input":{"@type":"PropertyValueSpecification","valueRequired":true,"valueName":"search_term_string"}}],"inLanguage":"da-DK"},{"@type":"Organization","@id":"https:\/\/fsi-stumpcutters.com\/da\/#organization","name":"FSI Stump Cutters","url":"https:\/\/fsi-stumpcutters.com\/da\/","logo":{"@type":"ImageObject","inLanguage":"da-DK","@id":"https:\/\/fsi-stumpcutters.com\/da\/#\/schema\/logo\/image\/","url":"https:\/\/fsi-stumpcutters.com\/wp-content\/uploads\/2022\/10\/FSI-LOGO-PRIMAERT-RODT-RGB.png","contentUrl":"https:\/\/fsi-stumpcutters.com\/wp-content\/uploads\/2022\/10\/FSI-LOGO-PRIMAERT-RODT-RGB.png","width":567,"height":567,"caption":"FSI Stump Cutters"},"image":{"@id":"https:\/\/fsi-stumpcutters.com\/da\/#\/schema\/logo\/image\/"},"sameAs":["https:\/\/www.facebook.com\/fsi.dk","https:\/\/www.instagram.com\/fsi.dk\/","https:\/\/www.youtube.com\/channel\/UC9KnSaA_SwR9fc2PkSpOpwg","https:\/\/www.linkedin.com\/company\/fsistumpcutters\/"]}]}},"_links":{"self":[{"href":"https:\/\/fsi-stumpcutters.com\/da\/wp-json\/wp\/v2\/product\/10845","targetHints":{"allow":["GET"]}}],"collection":[{"href":"https:\/\/fsi-stumpcutters.com\/da\/wp-json\/wp\/v2\/product"}],"about":[{"href":"https:\/\/fsi-stumpcutters.com\/da\/wp-json\/wp\/v2\/types\/product"}],"wp:featuredmedia":[{"embeddable":true,"href":"https:\/\/fsi-stumpcutters.com\/da\/wp-json\/wp\/v2\/media\/12189"}],"wp:attachment":[{"href":"https:\/\/fsi-stumpcutters.com\/da\/wp-json\/wp\/v2\/media?parent=10845"}],"wp:term":[{"taxonomy":"product_brand","embeddable":true,"href":"https:\/\/fsi-stumpcutters.com\/da\/wp-json\/wp\/v2\/product_brand?post=10845"},{"taxonomy":"product_cat","embeddable":true,"href":"https:\/\/fsi-stumpcutters.com\/da\/wp-json\/wp\/v2\/product_cat?post=10845"},{"taxonomy":"product_tag","embeddable":true,"href":"https:\/\/fsi-stumpcutters.com\/da\/wp-json\/wp\/v2\/product_tag?post=10845"}],"curies":[{"name":"wp","href":"https:\/\/api.w.org\/{rel}","templated":true}]}}