{"id":10363,"date":"2022-03-17T05:23:01","date_gmt":"2022-03-17T04:23:01","guid":{"rendered":"http:\/\/fsi.test\/?page_id=10363"},"modified":"2023-06-01T16:06:27","modified_gmt":"2023-06-01T14:06:27","slug":"stubfraesere","status":"publish","type":"page","link":"https:\/\/fsi-stumpcutters.com\/da\/stubfraesere\/","title":{"rendered":"Stub- og Rodfr\u00e6sere"},"content":{"rendered":"\t\t<div data-elementor-type=\"wp-page\" data-elementor-id=\"10363\" class=\"elementor elementor-10363\" data-elementor-post-type=\"page\">\n\t\t\t\t\t\t<section class=\"elementor-section elementor-top-section elementor-element elementor-element-94e413a elementor-section-stretched elementor-section-boxed elementor-section-height-default elementor-section-height-default mkdf-parallax-row-no mkdf-content-aligment-left mkdf-elementor-row-grid-no mkdf-disabled-bg-image-bellow-no mkdf-row-btt-light\" data-id=\"94e413a\" data-element_type=\"section\" data-e-type=\"section\" data-settings=\"{&quot;stretch_section&quot;:&quot;section-stretched&quot;}\">\n\t\t\t\t\t\t<div class=\"elementor-container elementor-column-gap-default\">\n\t\t\t\t\t<div class=\"elementor-column elementor-col-100 elementor-top-column elementor-element elementor-element-cf21225\" data-id=\"cf21225\" data-element_type=\"column\" data-e-type=\"column\">\n\t\t\t<div class=\"elementor-widget-wrap elementor-element-populated\">\n\t\t\t\t\t\t<div class=\"elementor-element elementor-element-b71b4b9 elementor-widget elementor-widget-fsi-product-categories\" data-id=\"b71b4b9\" data-element_type=\"widget\" data-e-type=\"widget\" data-widget_type=\"fsi-product-categories.default\">\n\t\t\t\t<div class=\"elementor-widget-container\">\n\t\t\t\t\t<div class=\"product-category-list\" id=\"product-categoriesb71b4b9\">\n    \n    \n        <div class=\"productcat-list\">\n        <div class=\"item-list odd\"><div class=\"d-flex\"><div class=\"prodcat-img\"><img fetchpriority=\"high\" decoding=\"async\" width=\"588\" height=\"400\" src=\"https:\/\/fsi-stumpcutters.com\/wp-content\/uploads\/2023\/05\/210421-FSI-D60-VOGT-147-smaller-1-588x400.jpg\" class=\"attachment-image-588x400 size-image-588x400\" alt=\"\" srcset=\"https:\/\/fsi-stumpcutters.com\/wp-content\/uploads\/2023\/05\/210421-FSI-D60-VOGT-147-smaller-1-588x400.jpg 588w, https:\/\/fsi-stumpcutters.com\/wp-content\/uploads\/2023\/05\/210421-FSI-D60-VOGT-147-smaller-1-20x13.jpg 20w\" sizes=\"(max-width: 588px) 100vw, 588px\" \/><\/div><div class=\"prodcat-details\"><span>Modeller med egen<\/span> <h2 class=\"prodcat-title\">Motor<\/h2> <div class=\"prodcat-desc\">Her finder du vores brede udvalg af stubfr\u00e6sere med egen motor. V\u00e6lg mellem modeller p\u00e5 b\u00e6lter eller med hjul, som 2WD eller 4WD, med svingbart betjeningspanel eller radio fjernbetjening - mulighederne er mange! Har du behov for vejledning er du altid velkommen til at kontakte os.<\/div><div class=\"prodcat-link\"><a class=\"btn-default-black\" href=\"https:\/\/fsi-stumpcutters.com\/da\/stubfraesere\/motor\/\">Se udvalget<\/a><\/div><\/div><\/div><div class=\"bg-overlap-holder\"><\/div><\/div><div class=\"item-list even\"><div class=\"d-flex\"><div class=\"prodcat-img\"><img decoding=\"async\" width=\"588\" height=\"400\" src=\"https:\/\/fsi-stumpcutters.com\/wp-content\/uploads\/2022\/03\/Category-image2.png\" class=\"attachment-image-588x400 size-image-588x400\" alt=\"Hydraulisk Stubfr\u00e6ser til redskabsb\u00e6rer\" srcset=\"https:\/\/fsi-stumpcutters.com\/wp-content\/uploads\/2022\/03\/Category-image2.png 588w, https:\/\/fsi-stumpcutters.com\/wp-content\/uploads\/2022\/03\/Category-image2-300x204.png 300w\" sizes=\"(max-width: 588px) 100vw, 588px\" \/><\/div><div class=\"prodcat-details\"><span>Stubfr\u00e6sere drevet af<\/span> <h2 class=\"prodcat-title\">Hydraulik<\/h2> <div class=\"prodcat-desc\">Med en stubfr\u00e6sere som hydraulisk redskab til din gravemaskine, kn\u00e6kstyrede minil\u00e6sser eller lignende maskine f\u00e5r du et fleksibelt v\u00e6rkt\u00f8j, der kan fr\u00e6se stubbe i udfordrende terr\u00e6n eller p\u00e5 skr\u00e5ninger. Vi tilbyder et bredt sortiment til redskabsb\u00e6rer fra 2-20 tons, i varianter med og uden indbygget svingfunktion. Med et bredt udvalg af f\u00e6ster og adaptorplader finder vi ogs\u00e5 en model til din redskabsb\u00e6rer.<\/div><div class=\"prodcat-link\"><a class=\"btn-default-black\" href=\"https:\/\/fsi-stumpcutters.com\/da\/stubfraesere\/hydraulik\/\">Se udvalget<\/a><\/div><\/div><\/div><div class=\"bg-overlap-holder\"><\/div><\/div><div class=\"item-list odd\"><div class=\"d-flex\"><div class=\"prodcat-img\"><img decoding=\"async\" width=\"588\" height=\"400\" src=\"https:\/\/fsi-stumpcutters.com\/wp-content\/uploads\/2023\/05\/FSI-T27-Anwendung-16-edit-smaller-588x400.jpg\" class=\"attachment-image-588x400 size-image-588x400\" alt=\"\" \/><\/div><div class=\"prodcat-details\"><span>Rodfr\u00e6sere til montering p\u00e5<\/span> <h2 class=\"prodcat-title\">Traktor<\/h2> <div class=\"prodcat-desc\">Udnyt kr\u00e6fterne fra din traktor til hurtig og effektiv bortfr\u00e6sning af tr\u00e6stubbe med en af vores PTO-trukken stubfr\u00e6sere. Passende til traktorer mellem 25-120 hk monteres disse stubfr\u00e6sere i 3-punktsoph\u00e6ng og betjenes ved brug af det medf\u00f8lgende joystick.<\/div><div class=\"prodcat-link\"><a class=\"btn-default-black\" href=\"https:\/\/fsi-stumpcutters.com\/da\/stubfraesere\/traktor\/\">Se udvalget<\/a><\/div><\/div><\/div><div class=\"bg-overlap-holder\"><\/div><\/div>    <\/div>\n    <\/div>\n          \t\t\t\t<\/div>\n\t\t\t\t<\/div>\n\t\t\t\t\t<\/div>\n\t\t<\/div>\n\t\t\t\t\t<\/div>\n\t\t<\/section>\n\t\t\t\t<\/div>\n\t\t","protected":false},"excerpt":{"rendered":"<p>Stump grinders with own Engine Here you will find our wide selection of stump grinders with their own engine. Choose between variants on tracks or wheels, as 2WD or 4WD, with swiveling control panel or radio remote control &#8211; the [&hellip;]<\/p>\n","protected":false},"author":1,"featured_media":0,"parent":0,"menu_order":0,"comment_status":"closed","ping_status":"closed","template":"","meta":{"footnotes":""},"class_list":["post-10363","page","type-page","status-publish","hentry"],"acf":[],"yoast_head":"<!-- This site is optimized with the Yoast SEO plugin v27.0 - https:\/\/yoast.com\/product\/yoast-seo-wordpress\/ -->\n<title>FSI Stub- og Rodfr\u00e6sere - Motor | Hydraulik | Traktor - Find din model<\/title>\n<meta name=\"description\" content=\"Vores program omfatter en bred vifte af stubfr\u00e6sere til enhver type projekt. | Designet med fokus p\u00e5 funktionalitet, effektivitet, operat\u00f8rvenlighed.\" \/>\n<meta name=\"robots\" content=\"index, follow, max-snippet:-1, max-image-preview:large, max-video-preview:-1\" \/>\n<link rel=\"canonical\" href=\"https:\/\/fsi-stumpcutters.com\/da\/stubfraesere\/\" \/>\n<meta property=\"og:locale\" content=\"da_DK\" \/>\n<meta property=\"og:type\" content=\"article\" \/>\n<meta property=\"og:title\" content=\"FSI Stub- og Rodfr\u00e6sere - Motor | Hydraulik | Traktor - Find din model\" \/>\n<meta property=\"og:url\" content=\"https:\/\/fsi-stumpcutters.com\/da\/stubfraesere\/\" \/>\n<meta property=\"og:site_name\" content=\"FSI\" \/>\n<meta property=\"article:publisher\" content=\"https:\/\/www.facebook.com\/fsi.dk\" \/>\n<meta property=\"article:modified_time\" content=\"2023-06-01T14:06:27+00:00\" \/>\n<meta property=\"og:image\" content=\"https:\/\/fsi-stumpcutters.com\/wp-content\/uploads\/2022\/03\/Category-image1.png\" \/>\n<meta name=\"twitter:card\" content=\"summary_large_image\" \/>\n<meta name=\"twitter:label1\" content=\"Estimeret l\u00e6setid\" \/>\n\t<meta name=\"twitter:data1\" content=\"2 minutter\" \/>\n<script type=\"application\/ld+json\" class=\"yoast-schema-graph\">{\"@context\":\"https:\/\/schema.org\",\"@graph\":[{\"@type\":\"WebPage\",\"@id\":\"https:\/\/fsi-stumpcutters.com\/da\/stubfraesere\/\",\"url\":\"https:\/\/fsi-stumpcutters.com\/da\/stubfraesere\/\",\"name\":\"FSI Stub- og Rodfr\u00e6sere - Motor | Hydraulik | Traktor - Find din model\",\"isPartOf\":{\"@id\":\"https:\/\/fsi-stumpcutters.com\/da\/#website\"},\"primaryImageOfPage\":{\"@id\":\"https:\/\/fsi-stumpcutters.com\/da\/stubfraesere\/#primaryimage\"},\"image\":{\"@id\":\"https:\/\/fsi-stumpcutters.com\/da\/stubfraesere\/#primaryimage\"},\"thumbnailUrl\":\"https:\/\/fsi-stumpcutters.com\/wp-content\/uploads\/2022\/03\/Category-image1.png\",\"datePublished\":\"2022-03-17T04:23:01+00:00\",\"dateModified\":\"2023-06-01T14:06:27+00:00\",\"description\":\"Vores program omfatter en bred vifte af stubfr\u00e6sere til enhver type projekt. | Designet med fokus p\u00e5 funktionalitet, effektivitet, operat\u00f8rvenlighed.\",\"breadcrumb\":{\"@id\":\"https:\/\/fsi-stumpcutters.com\/da\/stubfraesere\/#breadcrumb\"},\"inLanguage\":\"da-DK\",\"potentialAction\":[{\"@type\":\"ReadAction\",\"target\":[\"https:\/\/fsi-stumpcutters.com\/da\/stubfraesere\/\"]}]},{\"@type\":\"ImageObject\",\"inLanguage\":\"da-DK\",\"@id\":\"https:\/\/fsi-stumpcutters.com\/da\/stubfraesere\/#primaryimage\",\"url\":\"https:\/\/fsi-stumpcutters.com\/wp-content\/uploads\/2022\/03\/Category-image1.png\",\"contentUrl\":\"https:\/\/fsi-stumpcutters.com\/wp-content\/uploads\/2022\/03\/Category-image1.png\"},{\"@type\":\"BreadcrumbList\",\"@id\":\"https:\/\/fsi-stumpcutters.com\/da\/stubfraesere\/#breadcrumb\",\"itemListElement\":[{\"@type\":\"ListItem\",\"position\":1,\"name\":\"Home\",\"item\":\"https:\/\/fsi-stumpcutters.com\/da\/\"},{\"@type\":\"ListItem\",\"position\":2,\"name\":\"Stub- og Rodfr\u00e6sere\"}]},{\"@type\":\"WebSite\",\"@id\":\"https:\/\/fsi-stumpcutters.com\/da\/#website\",\"url\":\"https:\/\/fsi-stumpcutters.com\/da\/\",\"name\":\"FSI\",\"description\":\"FSI website\",\"publisher\":{\"@id\":\"https:\/\/fsi-stumpcutters.com\/da\/#organization\"},\"potentialAction\":[{\"@type\":\"SearchAction\",\"target\":{\"@type\":\"EntryPoint\",\"urlTemplate\":\"https:\/\/fsi-stumpcutters.com\/da\/?s={search_term_string}\"},\"query-input\":{\"@type\":\"PropertyValueSpecification\",\"valueRequired\":true,\"valueName\":\"search_term_string\"}}],\"inLanguage\":\"da-DK\"},{\"@type\":\"Organization\",\"@id\":\"https:\/\/fsi-stumpcutters.com\/da\/#organization\",\"name\":\"FSI Stump Cutters\",\"url\":\"https:\/\/fsi-stumpcutters.com\/da\/\",\"logo\":{\"@type\":\"ImageObject\",\"inLanguage\":\"da-DK\",\"@id\":\"https:\/\/fsi-stumpcutters.com\/da\/#\/schema\/logo\/image\/\",\"url\":\"https:\/\/fsi-stumpcutters.com\/wp-content\/uploads\/2022\/10\/FSI-LOGO-PRIMAERT-RODT-RGB.png\",\"contentUrl\":\"https:\/\/fsi-stumpcutters.com\/wp-content\/uploads\/2022\/10\/FSI-LOGO-PRIMAERT-RODT-RGB.png\",\"width\":567,\"height\":567,\"caption\":\"FSI Stump Cutters\"},\"image\":{\"@id\":\"https:\/\/fsi-stumpcutters.com\/da\/#\/schema\/logo\/image\/\"},\"sameAs\":[\"https:\/\/www.facebook.com\/fsi.dk\",\"https:\/\/www.instagram.com\/fsi.dk\/\",\"https:\/\/www.youtube.com\/channel\/UC9KnSaA_SwR9fc2PkSpOpwg\",\"https:\/\/www.linkedin.com\/company\/fsistumpcutters\/\"]}]}<\/script>\n<!-- \/ Yoast SEO plugin. -->","yoast_head_json":{"title":"FSI Stub- og Rodfr\u00e6sere - Motor | Hydraulik | Traktor - Find din model","description":"Vores program omfatter en bred vifte af stubfr\u00e6sere til enhver type projekt. | Designet med fokus p\u00e5 funktionalitet, effektivitet, operat\u00f8rvenlighed.","robots":{"index":"index","follow":"follow","max-snippet":"max-snippet:-1","max-image-preview":"max-image-preview:large","max-video-preview":"max-video-preview:-1"},"canonical":"https:\/\/fsi-stumpcutters.com\/da\/stubfraesere\/","og_locale":"da_DK","og_type":"article","og_title":"FSI Stub- og Rodfr\u00e6sere - Motor | Hydraulik | Traktor - Find din model","og_url":"https:\/\/fsi-stumpcutters.com\/da\/stubfraesere\/","og_site_name":"FSI","article_publisher":"https:\/\/www.facebook.com\/fsi.dk","article_modified_time":"2023-06-01T14:06:27+00:00","og_image":[{"url":"https:\/\/fsi-stumpcutters.com\/wp-content\/uploads\/2022\/03\/Category-image1.png","type":"","width":"","height":""}],"twitter_card":"summary_large_image","twitter_misc":{"Estimeret l\u00e6setid":"2 minutter"},"schema":{"@context":"https:\/\/schema.org","@graph":[{"@type":"WebPage","@id":"https:\/\/fsi-stumpcutters.com\/da\/stubfraesere\/","url":"https:\/\/fsi-stumpcutters.com\/da\/stubfraesere\/","name":"FSI Stub- og Rodfr\u00e6sere - Motor | Hydraulik | Traktor - Find din model","isPartOf":{"@id":"https:\/\/fsi-stumpcutters.com\/da\/#website"},"primaryImageOfPage":{"@id":"https:\/\/fsi-stumpcutters.com\/da\/stubfraesere\/#primaryimage"},"image":{"@id":"https:\/\/fsi-stumpcutters.com\/da\/stubfraesere\/#primaryimage"},"thumbnailUrl":"https:\/\/fsi-stumpcutters.com\/wp-content\/uploads\/2022\/03\/Category-image1.png","datePublished":"2022-03-17T04:23:01+00:00","dateModified":"2023-06-01T14:06:27+00:00","description":"Vores program omfatter en bred vifte af stubfr\u00e6sere til enhver type projekt. | Designet med fokus p\u00e5 funktionalitet, effektivitet, operat\u00f8rvenlighed.","breadcrumb":{"@id":"https:\/\/fsi-stumpcutters.com\/da\/stubfraesere\/#breadcrumb"},"inLanguage":"da-DK","potentialAction":[{"@type":"ReadAction","target":["https:\/\/fsi-stumpcutters.com\/da\/stubfraesere\/"]}]},{"@type":"ImageObject","inLanguage":"da-DK","@id":"https:\/\/fsi-stumpcutters.com\/da\/stubfraesere\/#primaryimage","url":"https:\/\/fsi-stumpcutters.com\/wp-content\/uploads\/2022\/03\/Category-image1.png","contentUrl":"https:\/\/fsi-stumpcutters.com\/wp-content\/uploads\/2022\/03\/Category-image1.png"},{"@type":"BreadcrumbList","@id":"https:\/\/fsi-stumpcutters.com\/da\/stubfraesere\/#breadcrumb","itemListElement":[{"@type":"ListItem","position":1,"name":"Home","item":"https:\/\/fsi-stumpcutters.com\/da\/"},{"@type":"ListItem","position":2,"name":"Stub- og Rodfr\u00e6sere"}]},{"@type":"WebSite","@id":"https:\/\/fsi-stumpcutters.com\/da\/#website","url":"https:\/\/fsi-stumpcutters.com\/da\/","name":"FSI","description":"FSI website","publisher":{"@id":"https:\/\/fsi-stumpcutters.com\/da\/#organization"},"potentialAction":[{"@type":"SearchAction","target":{"@type":"EntryPoint","urlTemplate":"https:\/\/fsi-stumpcutters.com\/da\/?s={search_term_string}"},"query-input":{"@type":"PropertyValueSpecification","valueRequired":true,"valueName":"search_term_string"}}],"inLanguage":"da-DK"},{"@type":"Organization","@id":"https:\/\/fsi-stumpcutters.com\/da\/#organization","name":"FSI Stump Cutters","url":"https:\/\/fsi-stumpcutters.com\/da\/","logo":{"@type":"ImageObject","inLanguage":"da-DK","@id":"https:\/\/fsi-stumpcutters.com\/da\/#\/schema\/logo\/image\/","url":"https:\/\/fsi-stumpcutters.com\/wp-content\/uploads\/2022\/10\/FSI-LOGO-PRIMAERT-RODT-RGB.png","contentUrl":"https:\/\/fsi-stumpcutters.com\/wp-content\/uploads\/2022\/10\/FSI-LOGO-PRIMAERT-RODT-RGB.png","width":567,"height":567,"caption":"FSI Stump Cutters"},"image":{"@id":"https:\/\/fsi-stumpcutters.com\/da\/#\/schema\/logo\/image\/"},"sameAs":["https:\/\/www.facebook.com\/fsi.dk","https:\/\/www.instagram.com\/fsi.dk\/","https:\/\/www.youtube.com\/channel\/UC9KnSaA_SwR9fc2PkSpOpwg","https:\/\/www.linkedin.com\/company\/fsistumpcutters\/"]}]}},"_links":{"self":[{"href":"https:\/\/fsi-stumpcutters.com\/da\/wp-json\/wp\/v2\/pages\/10363","targetHints":{"allow":["GET"]}}],"collection":[{"href":"https:\/\/fsi-stumpcutters.com\/da\/wp-json\/wp\/v2\/pages"}],"about":[{"href":"https:\/\/fsi-stumpcutters.com\/da\/wp-json\/wp\/v2\/types\/page"}],"author":[{"embeddable":true,"href":"https:\/\/fsi-stumpcutters.com\/da\/wp-json\/wp\/v2\/users\/1"}],"replies":[{"embeddable":true,"href":"https:\/\/fsi-stumpcutters.com\/da\/wp-json\/wp\/v2\/comments?post=10363"}],"version-history":[{"count":41,"href":"https:\/\/fsi-stumpcutters.com\/da\/wp-json\/wp\/v2\/pages\/10363\/revisions"}],"predecessor-version":[{"id":15166,"href":"https:\/\/fsi-stumpcutters.com\/da\/wp-json\/wp\/v2\/pages\/10363\/revisions\/15166"}],"wp:attachment":[{"href":"https:\/\/fsi-stumpcutters.com\/da\/wp-json\/wp\/v2\/media?parent=10363"}],"curies":[{"name":"wp","href":"https:\/\/api.w.org\/{rel}","templated":true}]}}